{"id":101,"date":"2016-01-08T16:31:26","date_gmt":"2016-01-08T15:31:26","guid":{"rendered":"http:\/\/imaginailes.fr\/onirismes\/?page_id=101"},"modified":"2020-01-31T21:18:42","modified_gmt":"2020-01-31T20:18:42","slug":"felins","status":"publish","type":"page","link":"http:\/\/imaginailes.fr\/automne\/mots-et-images\/sombres-sonnets\/felins\/","title":{"rendered":"F\u00e9lins"},"content":{"rendered":"\n<div class=\"wp-block-columns is-layout-flex wp-container-core-columns-is-layout-9d6595d7 wp-block-columns-is-layout-flex\">\n<div class=\"wp-block-column is-layout-flow wp-block-column-is-layout-flow\">\n<figure class=\"wp-block-image size-large\"><img loading=\"lazy\" decoding=\"async\" width=\"355\" height=\"400\" src=\"http:\/\/imaginailes.fr\/automne\/wp-content\/uploads\/2020\/01\/page5.png\" alt=\"\" class=\"wp-image-1060\" srcset=\"http:\/\/imaginailes.fr\/automne\/wp-content\/uploads\/2020\/01\/page5.png 355w, http:\/\/imaginailes.fr\/automne\/wp-content\/uploads\/2020\/01\/page5-266x300.png 266w, http:\/\/imaginailes.fr\/automne\/wp-content\/uploads\/2020\/01\/page5-133x150.png 133w\" sizes=\"auto, (max-width: 355px) 100vw, 355px\" \/><\/figure>\n<\/div>\n\n\n\n<div class=\"wp-block-column is-layout-flow wp-block-column-is-layout-flow\">\n<p>\nDe tous les pr\u00e9dateurs chassant dans la nuit sombre<br>Nul n&rsquo;est aussi gracieux ni aussi envo\u00fbtant<br>Que ces souples f\u00e9lins, fl\u00e2nant parmi les ombres.<br>Leur fourrure ondulant tel l&rsquo;arbre sous le vent.\n\n<\/p>\n\n\n\n<p>R\u00e9gnant sur les cit\u00e9s, comme au plus pr\u00e8s du ciel,<br>Ils se sont rendus ma\u00eetres des jardins, des toits<br>Tandis que leurs yeux d&rsquo;or charment tous les mortels.<br>Myst\u00e9rieux magiciens que l&rsquo;on nomme les chats.<\/p>\n\n\n\n<p>Et toi, petit enfant, tu marches dans la nuit<br>Mais tu marches sans peur, ils veillent sur ta vie.<br>Tu connais la langue du silence comme eux.<\/p>\n\n\n\n<p>Tu leur ressemble un peu puisqu&rsquo;ils sont tes amis.<br>Cette magie qu&rsquo;ils portent existe en toi aussi.<br>Humains sont tes parents, mais tes fr\u00e8res sont dieux.<\/p>\n<\/div>\n<\/div>\n","protected":false},"excerpt":{"rendered":"<p>De tous les pr\u00e9dateurs chassant dans la nuit sombreNul n&rsquo;est aussi gracieux ni aussi envo\u00fbtantQue ces souples f\u00e9lins, fl\u00e2nant parmi les ombres.Leur fourrure ondulant tel l&rsquo;arbre sous le vent. R\u00e9gnant sur les cit\u00e9s, comme au plus pr\u00e8s du ciel,Ils se sont rendus ma\u00eetres des jardins, des toitsTandis que leurs yeux \u2026 <a class=\"continue-reading-link\" href=\"http:\/\/imaginailes.fr\/automne\/mots-et-images\/sombres-sonnets\/felins\/\"> Continue reading <span class=\"meta-nav\">&rarr; <\/span><\/a><\/p>\n","protected":false},"author":1,"featured_media":0,"parent":69,"menu_order":0,"comment_status":"closed","ping_status":"closed","template":"","meta":{"footnotes":""},"class_list":["post-101","page","type-page","status-publish","hentry"],"_links":{"self":[{"href":"http:\/\/imaginailes.fr\/automne\/wp-json\/wp\/v2\/pages\/101","targetHints":{"allow":["GET"]}}],"collection":[{"href":"http:\/\/imaginailes.fr\/automne\/wp-json\/wp\/v2\/pages"}],"about":[{"href":"http:\/\/imaginailes.fr\/automne\/wp-json\/wp\/v2\/types\/page"}],"author":[{"embeddable":true,"href":"http:\/\/imaginailes.fr\/automne\/wp-json\/wp\/v2\/users\/1"}],"replies":[{"embeddable":true,"href":"http:\/\/imaginailes.fr\/automne\/wp-json\/wp\/v2\/comments?post=101"}],"version-history":[{"count":4,"href":"http:\/\/imaginailes.fr\/automne\/wp-json\/wp\/v2\/pages\/101\/revisions"}],"predecessor-version":[{"id":1061,"href":"http:\/\/imaginailes.fr\/automne\/wp-json\/wp\/v2\/pages\/101\/revisions\/1061"}],"up":[{"embeddable":true,"href":"http:\/\/imaginailes.fr\/automne\/wp-json\/wp\/v2\/pages\/69"}],"wp:attachment":[{"href":"http:\/\/imaginailes.fr\/automne\/wp-json\/wp\/v2\/media?parent=101"}],"curies":[{"name":"wp","href":"https:\/\/api.w.org\/{rel}","templated":true}]}}