{"id":103,"date":"2016-01-08T16:31:42","date_gmt":"2016-01-08T15:31:42","guid":{"rendered":"http:\/\/imaginailes.fr\/onirismes\/?page_id=103"},"modified":"2020-01-31T21:15:20","modified_gmt":"2020-01-31T20:15:20","slug":"fugace","status":"publish","type":"page","link":"http:\/\/imaginailes.fr\/automne\/mots-et-images\/sombres-sonnets\/fugace\/","title":{"rendered":"Fugace"},"content":{"rendered":"\n<div class=\"wp-block-columns is-layout-flex wp-container-core-columns-is-layout-9d6595d7 wp-block-columns-is-layout-flex\">\n<div class=\"wp-block-column is-layout-flow wp-block-column-is-layout-flow\">\n<figure class=\"wp-block-image size-large\"><img loading=\"lazy\" decoding=\"async\" width=\"361\" height=\"400\" src=\"http:\/\/imaginailes.fr\/automne\/wp-content\/uploads\/2020\/01\/page2.png\" alt=\"\" class=\"wp-image-1054\" srcset=\"http:\/\/imaginailes.fr\/automne\/wp-content\/uploads\/2020\/01\/page2.png 361w, http:\/\/imaginailes.fr\/automne\/wp-content\/uploads\/2020\/01\/page2-271x300.png 271w, http:\/\/imaginailes.fr\/automne\/wp-content\/uploads\/2020\/01\/page2-135x150.png 135w\" sizes=\"auto, (max-width: 361px) 100vw, 361px\" \/><\/figure>\n<\/div>\n\n\n\n<div class=\"wp-block-column is-layout-flow wp-block-column-is-layout-flow\">\n<p>\nAppelez donc moi f\u00e9e, car v\u00eatue de lumi\u00e8re,<br>Fugitive lueur, j\u2019apparais sous vos yeux.<br>Ce lieu est mon royaume et de mon corps de feu,<br>Dans la profonde nuit, je r\u00e9chauffe et j\u2019\u00e9claire.\n\n<\/p>\n\n\n\n<p>Mon \u00c9den silencieux, aux portes du hameau,<br>Est un champ de statues et de lierre grimpant<br>O\u00f9 le saule pleureur ondule sous le vent.<br>Mais mon si beau jardin est cern\u00e9 de barreaux.<\/p>\n\n\n\n<p>Ses portes de fer lourd me sont \u00e0 jamais closes.<br>Jamais, jamais mes yeux ne verront autre chose<br>Que le marbre dormant aux pieds d\u2019anges de pierre.<\/p>\n\n\n\n<p>Trop fugace est ma vie pour qu\u2019on m\u2019appelle f\u00e9e.<br>Trop fr\u00eale et chancelant, jamais, moi, feu follet,<br>Ne franchirai la grille us\u00e9e du cimeti\u00e8re.<\/p>\n<\/div>\n<\/div>\n","protected":false},"excerpt":{"rendered":"<p>Appelez donc moi f\u00e9e, car v\u00eatue de lumi\u00e8re,Fugitive lueur, j\u2019apparais sous vos yeux.Ce lieu est mon royaume et de mon corps de feu,Dans la profonde nuit, je r\u00e9chauffe et j\u2019\u00e9claire. Mon \u00c9den silencieux, aux portes du hameau,Est un champ de statues et de lierre grimpantO\u00f9 le saule pleureur ondule sous \u2026 <a class=\"continue-reading-link\" href=\"http:\/\/imaginailes.fr\/automne\/mots-et-images\/sombres-sonnets\/fugace\/\"> Continue reading <span class=\"meta-nav\">&rarr; <\/span><\/a><\/p>\n","protected":false},"author":1,"featured_media":0,"parent":69,"menu_order":0,"comment_status":"closed","ping_status":"closed","template":"","meta":{"footnotes":""},"class_list":["post-103","page","type-page","status-publish","hentry"],"_links":{"self":[{"href":"http:\/\/imaginailes.fr\/automne\/wp-json\/wp\/v2\/pages\/103","targetHints":{"allow":["GET"]}}],"collection":[{"href":"http:\/\/imaginailes.fr\/automne\/wp-json\/wp\/v2\/pages"}],"about":[{"href":"http:\/\/imaginailes.fr\/automne\/wp-json\/wp\/v2\/types\/page"}],"author":[{"embeddable":true,"href":"http:\/\/imaginailes.fr\/automne\/wp-json\/wp\/v2\/users\/1"}],"replies":[{"embeddable":true,"href":"http:\/\/imaginailes.fr\/automne\/wp-json\/wp\/v2\/comments?post=103"}],"version-history":[{"count":5,"href":"http:\/\/imaginailes.fr\/automne\/wp-json\/wp\/v2\/pages\/103\/revisions"}],"predecessor-version":[{"id":1055,"href":"http:\/\/imaginailes.fr\/automne\/wp-json\/wp\/v2\/pages\/103\/revisions\/1055"}],"up":[{"embeddable":true,"href":"http:\/\/imaginailes.fr\/automne\/wp-json\/wp\/v2\/pages\/69"}],"wp:attachment":[{"href":"http:\/\/imaginailes.fr\/automne\/wp-json\/wp\/v2\/media?parent=103"}],"curies":[{"name":"wp","href":"https:\/\/api.w.org\/{rel}","templated":true}]}}