{"id":105,"date":"2016-01-08T16:32:07","date_gmt":"2016-01-08T15:32:07","guid":{"rendered":"http:\/\/imaginailes.fr\/onirismes\/?page_id=105"},"modified":"2020-01-31T21:17:26","modified_gmt":"2020-01-31T20:17:26","slug":"gousset","status":"publish","type":"page","link":"http:\/\/imaginailes.fr\/automne\/mots-et-images\/sombres-sonnets\/gousset\/","title":{"rendered":"Gousset"},"content":{"rendered":"\n<div class=\"wp-block-columns is-layout-flex wp-container-core-columns-is-layout-9d6595d7 wp-block-columns-is-layout-flex\">\n<div class=\"wp-block-column is-layout-flow wp-block-column-is-layout-flow\">\n<figure class=\"wp-block-image size-large\"><img loading=\"lazy\" decoding=\"async\" width=\"361\" height=\"400\" src=\"http:\/\/imaginailes.fr\/automne\/wp-content\/uploads\/2020\/01\/page4.png\" alt=\"\" class=\"wp-image-1058\" srcset=\"http:\/\/imaginailes.fr\/automne\/wp-content\/uploads\/2020\/01\/page4.png 361w, http:\/\/imaginailes.fr\/automne\/wp-content\/uploads\/2020\/01\/page4-271x300.png 271w, http:\/\/imaginailes.fr\/automne\/wp-content\/uploads\/2020\/01\/page4-135x150.png 135w\" sizes=\"auto, (max-width: 361px) 100vw, 361px\" \/><\/figure>\n<\/div>\n\n\n\n<div class=\"wp-block-column is-layout-flow wp-block-column-is-layout-flow\">\n<p>\nPetite qui arbore une montre en collier,<br>Petite t\u00eate en l&rsquo;air, toujours tu r\u00eaves et ris.<br>Et puis tu cours, berc\u00e9e du l\u00e9ger cliquetis<br>De l&rsquo;aiguille ouvrag\u00e9e et des roues du gousset.\n\n<\/p>\n\n\n\n<p>Jeune femme \u00e0 la montre et d&rsquo;une beaut\u00e9 rare<br>Tu tournois \u00e0 l&rsquo;instar du cadran \u00e0 ton cou.<br>Tous les hommes t&rsquo;adorent, mais toi tu danses et joues.<br>Tu dis sans arr\u00eat \u00ab\u00a0Non, l&rsquo;amour plus tard plus tard&#8230;<\/p>\n\n\n\n<p>\u00ab\u00a0Ainsi tourne l&rsquo;aiguille et puis tourne le monde,<br>La trotteuse cognant contre chaque seconde.<br>Tu aurais d\u00fb saisir en passant le bonheur.<\/p>\n\n\n\n<p>Car la meule du temps aura fait ses ravages<br>Bient\u00f4t tu finiras broy\u00e9e dans ses rouages<br>Vielle femme esseul\u00e9e. Compte, compte les heures&#8230;<\/p>\n<\/div>\n<\/div>\n","protected":false},"excerpt":{"rendered":"<p>Petite qui arbore une montre en collier,Petite t\u00eate en l&rsquo;air, toujours tu r\u00eaves et ris.Et puis tu cours, berc\u00e9e du l\u00e9ger cliquetisDe l&rsquo;aiguille ouvrag\u00e9e et des roues du gousset. Jeune femme \u00e0 la montre et d&rsquo;une beaut\u00e9 rareTu tournois \u00e0 l&rsquo;instar du cadran \u00e0 ton cou.Tous les hommes t&rsquo;adorent, mais \u2026 <a class=\"continue-reading-link\" href=\"http:\/\/imaginailes.fr\/automne\/mots-et-images\/sombres-sonnets\/gousset\/\"> Continue reading <span class=\"meta-nav\">&rarr; <\/span><\/a><\/p>\n","protected":false},"author":1,"featured_media":0,"parent":69,"menu_order":0,"comment_status":"closed","ping_status":"closed","template":"","meta":{"footnotes":""},"class_list":["post-105","page","type-page","status-publish","hentry"],"_links":{"self":[{"href":"http:\/\/imaginailes.fr\/automne\/wp-json\/wp\/v2\/pages\/105","targetHints":{"allow":["GET"]}}],"collection":[{"href":"http:\/\/imaginailes.fr\/automne\/wp-json\/wp\/v2\/pages"}],"about":[{"href":"http:\/\/imaginailes.fr\/automne\/wp-json\/wp\/v2\/types\/page"}],"author":[{"embeddable":true,"href":"http:\/\/imaginailes.fr\/automne\/wp-json\/wp\/v2\/users\/1"}],"replies":[{"embeddable":true,"href":"http:\/\/imaginailes.fr\/automne\/wp-json\/wp\/v2\/comments?post=105"}],"version-history":[{"count":6,"href":"http:\/\/imaginailes.fr\/automne\/wp-json\/wp\/v2\/pages\/105\/revisions"}],"predecessor-version":[{"id":1059,"href":"http:\/\/imaginailes.fr\/automne\/wp-json\/wp\/v2\/pages\/105\/revisions\/1059"}],"up":[{"embeddable":true,"href":"http:\/\/imaginailes.fr\/automne\/wp-json\/wp\/v2\/pages\/69"}],"wp:attachment":[{"href":"http:\/\/imaginailes.fr\/automne\/wp-json\/wp\/v2\/media?parent=105"}],"curies":[{"name":"wp","href":"https:\/\/api.w.org\/{rel}","templated":true}]}}