{"id":1151,"date":"2020-07-25T20:38:04","date_gmt":"2020-07-25T19:38:04","guid":{"rendered":"http:\/\/imaginailes.fr\/automne\/?page_id=1151"},"modified":"2021-03-17T08:41:57","modified_gmt":"2021-03-17T07:41:57","slug":"le-chemin-des-damnes","status":"publish","type":"page","link":"http:\/\/imaginailes.fr\/automne\/mots-et-images\/le-chemin-des-damnes\/","title":{"rendered":"Le chemin des Damn\u00e9s"},"content":{"rendered":"\n<p class=\"has-text-align-center\">Roman en cours d&rsquo;\u00e9criture.<\/p>\n\n\n\n<div class=\"wp-block-image\"><figure class=\"aligncenter is-resized\"><img loading=\"lazy\" decoding=\"async\" src=\"http:\/\/imaginailes.fr\/automne\/wp-content\/uploads\/2020\/07\/le-chemin-des-damn\u00e9s-couverture-couleur-693x1024.jpg\" alt=\"\" class=\"wp-image-1153\" width=\"318\" height=\"470\"\/><figcaption><em>(couverture temporaire)<\/em><\/figcaption><\/figure><\/div>\n\n\n\n<blockquote class=\"wp-block-quote is-layout-flow wp-block-quote-is-layout-flow\"><p>Synopsis :<br>Samuel, un jeune homme effac\u00e9 et sans ambitions, aurait voulu mener sa vie solitaire tranquille et sans remous. Mais alors qu&rsquo;il apprend la disparition de sa s\u0153ur, encore adolescente, il se jette \u00e0 corps perdu dans une enqu\u00eate pour la retrouver. Au cours de ses recherches, il apprend qu&rsquo;elle trempait dans des intrigues troublantes de sorcellerie et de satanisme. Malheureusement, en mettant le nez dans cette histoire, il se retrouve lui m\u00eame pris pour cible d&rsquo;\u00e9v\u00e9nements \u00e9tranges.<\/p><\/blockquote>\n","protected":false},"excerpt":{"rendered":"<p>Roman en cours d&rsquo;\u00e9criture. Synopsis :Samuel, un jeune homme effac\u00e9 et sans ambitions, aurait voulu mener sa vie solitaire tranquille et sans remous. Mais alors qu&rsquo;il apprend la disparition de sa s\u0153ur, encore adolescente, il se jette \u00e0 corps perdu dans une enqu\u00eate pour la retrouver. Au cours de ses \u2026 <a class=\"continue-reading-link\" href=\"http:\/\/imaginailes.fr\/automne\/mots-et-images\/le-chemin-des-damnes\/\"> Continue reading <span class=\"meta-nav\">&rarr; <\/span><\/a><\/p>\n","protected":false},"author":1,"featured_media":0,"parent":321,"menu_order":0,"comment_status":"closed","ping_status":"closed","template":"","meta":{"footnotes":""},"class_list":["post-1151","page","type-page","status-publish","hentry"],"_links":{"self":[{"href":"http:\/\/imaginailes.fr\/automne\/wp-json\/wp\/v2\/pages\/1151","targetHints":{"allow":["GET"]}}],"collection":[{"href":"http:\/\/imaginailes.fr\/automne\/wp-json\/wp\/v2\/pages"}],"about":[{"href":"http:\/\/imaginailes.fr\/automne\/wp-json\/wp\/v2\/types\/page"}],"author":[{"embeddable":true,"href":"http:\/\/imaginailes.fr\/automne\/wp-json\/wp\/v2\/users\/1"}],"replies":[{"embeddable":true,"href":"http:\/\/imaginailes.fr\/automne\/wp-json\/wp\/v2\/comments?post=1151"}],"version-history":[{"count":6,"href":"http:\/\/imaginailes.fr\/automne\/wp-json\/wp\/v2\/pages\/1151\/revisions"}],"predecessor-version":[{"id":1235,"href":"http:\/\/imaginailes.fr\/automne\/wp-json\/wp\/v2\/pages\/1151\/revisions\/1235"}],"up":[{"embeddable":true,"href":"http:\/\/imaginailes.fr\/automne\/wp-json\/wp\/v2\/pages\/321"}],"wp:attachment":[{"href":"http:\/\/imaginailes.fr\/automne\/wp-json\/wp\/v2\/media?parent=1151"}],"curies":[{"name":"wp","href":"https:\/\/api.w.org\/{rel}","templated":true}]}}