{"id":23,"date":"2016-01-08T11:31:46","date_gmt":"2016-01-08T10:31:46","guid":{"rendered":"http:\/\/imaginailes.fr\/onirismes\/?page_id=23"},"modified":"2020-09-10T10:32:20","modified_gmt":"2020-09-10T09:32:20","slug":"bande-dessinee","status":"publish","type":"page","link":"http:\/\/imaginailes.fr\/automne\/musee-des-archives\/bande-dessinee\/","title":{"rendered":"Bandes dessin\u00e9es"},"content":{"rendered":"<h2>Quelques BD en lecture libre &#8230;<\/h2>\n<ul>\n<li><a href=\"http:\/\/imaginailes.fr\/automne\/musee-des-archives\/bande-dessinee\/la-peur\/\">La peur<\/a> (2009)<\/li>\n<li><a href=\"http:\/\/imaginailes.fr\/automne\/musee-des-archives\/bande-dessinee\/des-maths\/\">Des maths<\/a> (2008)<\/li>\n<li><a href=\"http:\/\/imaginailes.fr\/automne\/musee-des-archives\/bande-dessinee\/triste-sort\/\">Triste sort<\/a> (2007)<\/li>\n<li><a href=\"http:\/\/imaginailes.fr\/automne\/musee-des-archives\/bande-dessinee\/crime-au-couvent\/\">Crime au couvent<\/a> (2006)<\/li>\n<li><a href=\"http:\/\/imaginailes.fr\/automne\/musee-des-archives\/bande-dessinee\/amiens-dans-100-ans\/\">Amiens dans 100 ans<\/a> (2005)<\/li>\n<\/ul>\n<h2>La BD et moi &#8230;<\/h2>\n<p>C&rsquo;est la bande dessin\u00e9e qui a \u00e9t\u00e9 mon premier contact avec le dessin, et (n&rsquo;en d\u00e9plaise \u00e0 certains puristes) une certaine forme de litt\u00e9rature. La BD \u00e9tait premier amour d&rsquo;adolescente, cette forme d&rsquo;art et d&rsquo;expression qui m&rsquo;a offert mes toutes premi\u00e8res inspirations et qui m&rsquo;a donn\u00e9 envie de cr\u00e9er \u00e0 mon tour, cet univers dans lequel je baignais jour et nuit autrefois et qui aujourd&rsquo;hui me para\u00eet si lointain.Voil\u00e0 donc ce qu&rsquo;\u00e9tait ma vie avant 2010 :<\/p>\n<ul>\n<li>Beaucoup d&rsquo;ann\u00e9e pass\u00e9es en tant que b\u00e9n\u00e9vole de l&rsquo;association <a href=\"http:\/\/bd.amiens.com\/\">\u00ab\u00a0on a march\u00e9 sur la bulle\u00a0\u00bb<\/a>, pendant lesquelles je vivais le festival BD d\u2019Amiens du c\u00f4t\u00e9 des coulisses.<\/li>\n<li>Des amis et \u00a0contacts parmi les nombreux dessinateurs picards que j&rsquo;essaye aujourd&rsquo;hui de ne pas perde de vue.<\/li>\n<li>Plusieurs ann\u00e9es de cours du soir de BD aupr\u00e8s de <a href=\"http:\/\/fracoland.wordpress.com\/\">Fraco<\/a>, dessinateur Ami\u00e9nois, et \u00e0 l&rsquo;universit\u00e9 jules Verne.<\/li>\n<li>Quelques planches maladroites, peu de planches, peu de temps \u00e0 consacrer \u00e0 cette passion, trop d&rsquo;id\u00e9es \u00e0 \u00e9crire trop longues \u00e0 dessiner.<\/li>\n<li>Une timide tentative de fanzine amateur BD\/illustrations avec quelques amies : \u00ab\u00a0<a href=\"http:\/\/imaginailes.fr\/automne\/mots-et-images\/fanzine-le-sanctuaire\/\">Le Sanctuaire<\/a>\u00ab\u00a0<\/li>\n<\/ul>\n<p>Ce fanzine a \u00e9t\u00e9 une aventure d&rsquo;un an qui m&rsquo;a propuls\u00e9e dans l&rsquo;univers de la gestion de publication et donn\u00e9 de l&rsquo;essor \u00e0 mes d\u00e9buts maladroits de design web, les pr\u00e9mices de ce que je r\u00e9alise aujourd&rsquo;hui pour le Projet Transition. Le Projet Transition &#8230; en voil\u00e0 un qui porte si bien son nom. \u00a0L&rsquo;entr\u00e9e dans ce projet collectif m&rsquo;a fait basculer malgr\u00e9 moi d&rsquo;un monde \u00e0 l&rsquo;autre. En m&rsquo;aventurant sur le domaine des fanzines litt\u00e9raires j&rsquo;ai peu \u00e0 peu quitt\u00e9 celui de la bande dessin\u00e9e. Bien sur, au d\u00e9but je dessinais, puis \u00e0 force de c\u00f4toyer des \u00e9crivains, j&rsquo;ai moi aussi voulu \u00e9crire. Frustr\u00e9e du temps qu&rsquo;une BD r\u00e9clamait pour donner vie \u00e0 une histoire (moi qui ai tant d&rsquo;histoires en t\u00eate et si peu de temps libre), j&rsquo;ai vu mes textes crever les petites bulles dans lesquelles ils \u00e9taient tant \u00e0 l&rsquo;\u00e9troit, et se d\u00e9layer longuement sur le papier ou l&rsquo;\u00e9cran. \u00c7a y \u00e9tait, le pas \u00e9tait franchi.\u00a0Aujourd&rsquo;hui, je m&rsquo;\u00e9loigne peu \u00e0 peu du monde de la BD, par manque de temps, parce que j&rsquo;ai d\u00e9couverts de nouveaux moyens d&rsquo;expressions. Mais je continue \u00e0 esp\u00e9rer un jour, peut \u00eatre en tant que sc\u00e9nariste, revenir \u00e0 mes premiers amours.<\/p>\n","protected":false},"excerpt":{"rendered":"<p>Quelques BD en lecture libre &#8230; La peur (2009) Des maths (2008) Triste sort (2007) Crime au couvent (2006) Amiens dans 100 ans (2005) La BD et moi &#8230; C&rsquo;est la bande dessin\u00e9e qui a \u00e9t\u00e9 mon premier contact avec le dessin, et (n&rsquo;en d\u00e9plaise \u00e0 certains puristes) une certaine \u2026 <a class=\"continue-reading-link\" href=\"http:\/\/imaginailes.fr\/automne\/musee-des-archives\/bande-dessinee\/\"> Continue reading <span class=\"meta-nav\">&rarr; <\/span><\/a><\/p>\n","protected":false},"author":1,"featured_media":0,"parent":936,"menu_order":0,"comment_status":"closed","ping_status":"closed","template":"","meta":{"footnotes":""},"class_list":["post-23","page","type-page","status-publish","hentry"],"_links":{"self":[{"href":"http:\/\/imaginailes.fr\/automne\/wp-json\/wp\/v2\/pages\/23","targetHints":{"allow":["GET"]}}],"collection":[{"href":"http:\/\/imaginailes.fr\/automne\/wp-json\/wp\/v2\/pages"}],"about":[{"href":"http:\/\/imaginailes.fr\/automne\/wp-json\/wp\/v2\/types\/page"}],"author":[{"embeddable":true,"href":"http:\/\/imaginailes.fr\/automne\/wp-json\/wp\/v2\/users\/1"}],"replies":[{"embeddable":true,"href":"http:\/\/imaginailes.fr\/automne\/wp-json\/wp\/v2\/comments?post=23"}],"version-history":[{"count":13,"href":"http:\/\/imaginailes.fr\/automne\/wp-json\/wp\/v2\/pages\/23\/revisions"}],"predecessor-version":[{"id":1191,"href":"http:\/\/imaginailes.fr\/automne\/wp-json\/wp\/v2\/pages\/23\/revisions\/1191"}],"up":[{"embeddable":true,"href":"http:\/\/imaginailes.fr\/automne\/wp-json\/wp\/v2\/pages\/936"}],"wp:attachment":[{"href":"http:\/\/imaginailes.fr\/automne\/wp-json\/wp\/v2\/media?parent=23"}],"curies":[{"name":"wp","href":"https:\/\/api.w.org\/{rel}","templated":true}]}}