{"id":25,"date":"2016-01-08T11:32:05","date_gmt":"2016-01-08T10:32:05","guid":{"rendered":"http:\/\/imaginailes.fr\/onirismes\/?page_id=25"},"modified":"2020-02-10T22:12:10","modified_gmt":"2020-02-10T21:12:10","slug":"des-maths","status":"publish","type":"page","link":"http:\/\/imaginailes.fr\/automne\/musee-des-archives\/bande-dessinee\/des-maths\/","title":{"rendered":"Des maths"},"content":{"rendered":"<p>Bande Dessin\u00e9e d&rsquo;une planche r\u00e9alis\u00e9e en 2008.<\/p>\n<p>\u00a0<\/p>\n\n\n<figure class=\"wp-block-image size-large\"><img loading=\"lazy\" decoding=\"async\" width=\"748\" height=\"1024\" src=\"http:\/\/imaginailes.fr\/automne\/wp-content\/uploads\/2016\/01\/maths-748x1024.jpg\" alt=\"\" class=\"wp-image-187\" srcset=\"http:\/\/imaginailes.fr\/automne\/wp-content\/uploads\/2016\/01\/maths-748x1024.jpg 748w, http:\/\/imaginailes.fr\/automne\/wp-content\/uploads\/2016\/01\/maths-219x300.jpg 219w, http:\/\/imaginailes.fr\/automne\/wp-content\/uploads\/2016\/01\/maths-110x150.jpg 110w, http:\/\/imaginailes.fr\/automne\/wp-content\/uploads\/2016\/01\/maths.jpg 764w\" sizes=\"auto, (max-width: 748px) 100vw, 748px\" \/><\/figure>\n","protected":false},"excerpt":{"rendered":"<p>Bande Dessin\u00e9e d&rsquo;une planche r\u00e9alis\u00e9e en 2008. \u00a0<\/p>\n","protected":false},"author":1,"featured_media":0,"parent":23,"menu_order":0,"comment_status":"closed","ping_status":"closed","template":"","meta":{"footnotes":""},"class_list":["post-25","page","type-page","status-publish","hentry"],"_links":{"self":[{"href":"http:\/\/imaginailes.fr\/automne\/wp-json\/wp\/v2\/pages\/25","targetHints":{"allow":["GET"]}}],"collection":[{"href":"http:\/\/imaginailes.fr\/automne\/wp-json\/wp\/v2\/pages"}],"about":[{"href":"http:\/\/imaginailes.fr\/automne\/wp-json\/wp\/v2\/types\/page"}],"author":[{"embeddable":true,"href":"http:\/\/imaginailes.fr\/automne\/wp-json\/wp\/v2\/users\/1"}],"replies":[{"embeddable":true,"href":"http:\/\/imaginailes.fr\/automne\/wp-json\/wp\/v2\/comments?post=25"}],"version-history":[{"count":6,"href":"http:\/\/imaginailes.fr\/automne\/wp-json\/wp\/v2\/pages\/25\/revisions"}],"predecessor-version":[{"id":1099,"href":"http:\/\/imaginailes.fr\/automne\/wp-json\/wp\/v2\/pages\/25\/revisions\/1099"}],"up":[{"embeddable":true,"href":"http:\/\/imaginailes.fr\/automne\/wp-json\/wp\/v2\/pages\/23"}],"wp:attachment":[{"href":"http:\/\/imaginailes.fr\/automne\/wp-json\/wp\/v2\/media?parent=25"}],"curies":[{"name":"wp","href":"https:\/\/api.w.org\/{rel}","templated":true}]}}