{"id":27,"date":"2016-01-08T11:32:37","date_gmt":"2016-01-08T10:32:37","guid":{"rendered":"http:\/\/imaginailes.fr\/onirismes\/?page_id=27"},"modified":"2020-02-10T22:18:23","modified_gmt":"2020-02-10T21:18:23","slug":"la-peur","status":"publish","type":"page","link":"http:\/\/imaginailes.fr\/automne\/musee-des-archives\/bande-dessinee\/la-peur\/","title":{"rendered":"La peur"},"content":{"rendered":"<p>Bande Dessin\u00e9e de trois planches r\u00e9alis\u00e9e en 2009.<\/p>\n\n\n<figure class=\"wp-block-image size-large\"><img loading=\"lazy\" decoding=\"async\" width=\"751\" height=\"1024\" src=\"http:\/\/imaginailes.fr\/automne\/wp-content\/uploads\/2016\/01\/peur-1-751x1024.jpg\" alt=\"\" class=\"wp-image-179\" srcset=\"http:\/\/imaginailes.fr\/automne\/wp-content\/uploads\/2016\/01\/peur-1-751x1024.jpg 751w, http:\/\/imaginailes.fr\/automne\/wp-content\/uploads\/2016\/01\/peur-1-220x300.jpg 220w, http:\/\/imaginailes.fr\/automne\/wp-content\/uploads\/2016\/01\/peur-1-110x150.jpg 110w, http:\/\/imaginailes.fr\/automne\/wp-content\/uploads\/2016\/01\/peur-1.jpg 765w\" sizes=\"auto, (max-width: 751px) 100vw, 751px\" \/><\/figure>\n\n\n\n<figure class=\"wp-block-image size-large\"><img loading=\"lazy\" decoding=\"async\" width=\"750\" height=\"1024\" src=\"http:\/\/imaginailes.fr\/automne\/wp-content\/uploads\/2016\/01\/peur-2-750x1024.jpg\" alt=\"\" class=\"wp-image-180\" srcset=\"http:\/\/imaginailes.fr\/automne\/wp-content\/uploads\/2016\/01\/peur-2-750x1024.jpg 750w, http:\/\/imaginailes.fr\/automne\/wp-content\/uploads\/2016\/01\/peur-2-220x300.jpg 220w, http:\/\/imaginailes.fr\/automne\/wp-content\/uploads\/2016\/01\/peur-2-110x150.jpg 110w, http:\/\/imaginailes.fr\/automne\/wp-content\/uploads\/2016\/01\/peur-2.jpg 765w\" sizes=\"auto, (max-width: 750px) 100vw, 750px\" \/><\/figure>\n\n\n\n<figure class=\"wp-block-image size-large\"><img loading=\"lazy\" decoding=\"async\" width=\"759\" height=\"1024\" src=\"http:\/\/imaginailes.fr\/automne\/wp-content\/uploads\/2016\/01\/peur-3-759x1024.jpg\" alt=\"\" class=\"wp-image-181\" srcset=\"http:\/\/imaginailes.fr\/automne\/wp-content\/uploads\/2016\/01\/peur-3-759x1024.jpg 759w, http:\/\/imaginailes.fr\/automne\/wp-content\/uploads\/2016\/01\/peur-3-222x300.jpg 222w, http:\/\/imaginailes.fr\/automne\/wp-content\/uploads\/2016\/01\/peur-3-768x1037.jpg 768w, http:\/\/imaginailes.fr\/automne\/wp-content\/uploads\/2016\/01\/peur-3-111x150.jpg 111w, http:\/\/imaginailes.fr\/automne\/wp-content\/uploads\/2016\/01\/peur-3.jpg 769w\" sizes=\"auto, (max-width: 759px) 100vw, 759px\" \/><\/figure>\n","protected":false},"excerpt":{"rendered":"<p>Bande Dessin\u00e9e de trois planches r\u00e9alis\u00e9e en 2009.<\/p>\n","protected":false},"author":1,"featured_media":0,"parent":23,"menu_order":0,"comment_status":"closed","ping_status":"closed","template":"","meta":{"footnotes":""},"class_list":["post-27","page","type-page","status-publish","hentry"],"_links":{"self":[{"href":"http:\/\/imaginailes.fr\/automne\/wp-json\/wp\/v2\/pages\/27","targetHints":{"allow":["GET"]}}],"collection":[{"href":"http:\/\/imaginailes.fr\/automne\/wp-json\/wp\/v2\/pages"}],"about":[{"href":"http:\/\/imaginailes.fr\/automne\/wp-json\/wp\/v2\/types\/page"}],"author":[{"embeddable":true,"href":"http:\/\/imaginailes.fr\/automne\/wp-json\/wp\/v2\/users\/1"}],"replies":[{"embeddable":true,"href":"http:\/\/imaginailes.fr\/automne\/wp-json\/wp\/v2\/comments?post=27"}],"version-history":[{"count":6,"href":"http:\/\/imaginailes.fr\/automne\/wp-json\/wp\/v2\/pages\/27\/revisions"}],"predecessor-version":[{"id":1101,"href":"http:\/\/imaginailes.fr\/automne\/wp-json\/wp\/v2\/pages\/27\/revisions\/1101"}],"up":[{"embeddable":true,"href":"http:\/\/imaginailes.fr\/automne\/wp-json\/wp\/v2\/pages\/23"}],"wp:attachment":[{"href":"http:\/\/imaginailes.fr\/automne\/wp-json\/wp\/v2\/media?parent=27"}],"curies":[{"name":"wp","href":"https:\/\/api.w.org\/{rel}","templated":true}]}}