{"id":298,"date":"2017-01-02T11:35:04","date_gmt":"2017-01-02T10:35:04","guid":{"rendered":"http:\/\/imaginailes.fr\/onirismes\/?page_id=298"},"modified":"2023-04-08T14:15:52","modified_gmt":"2023-04-08T13:15:52","slug":"accueil","status":"publish","type":"page","link":"http:\/\/imaginailes.fr\/automne\/","title":{"rendered":""},"content":{"rendered":"<div class=\"wp-block-image\">\n<figure class=\"aligncenter size-full\"><img loading=\"lazy\" decoding=\"async\" width=\"150\" height=\"71\" src=\"http:\/\/imaginailes.fr\/automne\/wp-content\/uploads\/2022\/06\/separateur-oeil2.png\" alt=\"\" class=\"wp-image-1252\"\/><\/figure>\n<\/div>\n\n\n<p class=\"has-text-align-center\">Bienvenu sur ce site, o\u00f9 sont archiv\u00e9es mes cr\u00e9ations en tout genre produite avant 2020. Un joyeux bric \u00e0 brac d&rsquo;Illustrations, sculptures, bricolages, coutures, compositions v\u00e9g\u00e9tales et plus g\u00e9n\u00e9ralement tout ce qui pourra naitre de l&rsquo;union sacril\u00e8ge de mon cerveau malade et de mes dix doigts fous.<br>Du f\u00e9\u00e9rique au gothique, geek, fantastique ou reconstitution historique&#8230;<br>Je suis Automne. Bienvenue dans mon petit mus\u00e9e des curiosit\u00e9s.<\/p>\n\n\n\n<figure class=\"wp-block-gallery has-nested-images columns-5 wp-block-gallery-1 is-layout-flex wp-block-gallery-is-layout-flex\">\n<figure class=\"wp-block-image size-large\"><a href=\"http:\/\/imaginailes.fr\/automne\/matieres-et-vivant\/gravure-et-decoupe-laser\/\"><img loading=\"lazy\" decoding=\"async\" width=\"369\" height=\"412\" data-id=\"985\" src=\"http:\/\/imaginailes.fr\/automne\/wp-content\/uploads\/2020\/01\/medaille-laser.png\" alt=\"\" class=\"wp-image-985\" srcset=\"http:\/\/imaginailes.fr\/automne\/wp-content\/uploads\/2020\/01\/medaille-laser.png 369w, http:\/\/imaginailes.fr\/automne\/wp-content\/uploads\/2020\/01\/medaille-laser-269x300.png 269w, http:\/\/imaginailes.fr\/automne\/wp-content\/uploads\/2020\/01\/medaille-laser-134x150.png 134w\" sizes=\"auto, (max-width: 369px) 100vw, 369px\" \/><\/a><\/figure>\n\n\n\n<figure class=\"wp-block-image size-large\"><a href=\"http:\/\/imaginailes.fr\/automne\/matieres-et-vivant\/poupees-dart\/\"><img loading=\"lazy\" decoding=\"async\" width=\"369\" height=\"412\" data-id=\"988\" src=\"http:\/\/imaginailes.fr\/automne\/wp-content\/uploads\/2020\/01\/medaille-bjd.png\" alt=\"\" class=\"wp-image-988\" srcset=\"http:\/\/imaginailes.fr\/automne\/wp-content\/uploads\/2020\/01\/medaille-bjd.png 369w, http:\/\/imaginailes.fr\/automne\/wp-content\/uploads\/2020\/01\/medaille-bjd-269x300.png 269w, http:\/\/imaginailes.fr\/automne\/wp-content\/uploads\/2020\/01\/medaille-bjd-134x150.png 134w\" sizes=\"auto, (max-width: 369px) 100vw, 369px\" \/><\/a><\/figure>\n\n\n\n<figure class=\"wp-block-image size-large\"><a href=\"http:\/\/imaginailes.fr\/automne\/mots-et-images\/galerie-dillustrations-x\/\"><img loading=\"lazy\" decoding=\"async\" width=\"369\" height=\"412\" data-id=\"989\" src=\"http:\/\/imaginailes.fr\/automne\/wp-content\/uploads\/2020\/01\/medaille-illu.png\" alt=\"\" class=\"wp-image-989\" srcset=\"http:\/\/imaginailes.fr\/automne\/wp-content\/uploads\/2020\/01\/medaille-illu.png 369w, http:\/\/imaginailes.fr\/automne\/wp-content\/uploads\/2020\/01\/medaille-illu-269x300.png 269w, http:\/\/imaginailes.fr\/automne\/wp-content\/uploads\/2020\/01\/medaille-illu-134x150.png 134w\" sizes=\"auto, (max-width: 369px) 100vw, 369px\" \/><\/a><\/figure>\n\n\n\n<figure class=\"wp-block-image size-large\"><a href=\"http:\/\/imaginailes.fr\/automne\/mots-et-images\/le-chemin-des-damnes\/\"><img loading=\"lazy\" decoding=\"async\" width=\"369\" height=\"412\" data-id=\"1170\" src=\"http:\/\/imaginailes.fr\/automne\/wp-content\/uploads\/2020\/08\/medaille-damnes-1.png\" alt=\"\" class=\"wp-image-1170\" srcset=\"http:\/\/imaginailes.fr\/automne\/wp-content\/uploads\/2020\/08\/medaille-damnes-1.png 369w, http:\/\/imaginailes.fr\/automne\/wp-content\/uploads\/2020\/08\/medaille-damnes-1-269x300.png 269w, http:\/\/imaginailes.fr\/automne\/wp-content\/uploads\/2020\/08\/medaille-damnes-1-134x150.png 134w\" sizes=\"auto, (max-width: 369px) 100vw, 369px\" \/><\/a><\/figure>\n\n\n\n<figure class=\"wp-block-image size-large\"><a href=\"http:\/\/imaginailes.fr\/automne\/matieres-et-vivant\/couture-bijoux-et-costumes-2\/\"><img loading=\"lazy\" decoding=\"async\" width=\"369\" height=\"412\" data-id=\"984\" src=\"http:\/\/imaginailes.fr\/automne\/wp-content\/uploads\/2020\/01\/medaille-costume.png\" alt=\"\" class=\"wp-image-984\" srcset=\"http:\/\/imaginailes.fr\/automne\/wp-content\/uploads\/2020\/01\/medaille-costume.png 369w, http:\/\/imaginailes.fr\/automne\/wp-content\/uploads\/2020\/01\/medaille-costume-269x300.png 269w, http:\/\/imaginailes.fr\/automne\/wp-content\/uploads\/2020\/01\/medaille-costume-134x150.png 134w\" sizes=\"auto, (max-width: 369px) 100vw, 369px\" \/><\/a><\/figure>\n\n\n\n<figure class=\"wp-block-image size-large\"><a href=\"http:\/\/imaginailes.fr\/automne\/matieres-et-vivant\/terrariums-et-jardins-miniatures-2\/\"><img loading=\"lazy\" decoding=\"async\" width=\"369\" height=\"412\" data-id=\"990\" src=\"http:\/\/imaginailes.fr\/automne\/wp-content\/uploads\/2020\/01\/medaille-jardin.png\" alt=\"\" class=\"wp-image-990\" srcset=\"http:\/\/imaginailes.fr\/automne\/wp-content\/uploads\/2020\/01\/medaille-jardin.png 369w, http:\/\/imaginailes.fr\/automne\/wp-content\/uploads\/2020\/01\/medaille-jardin-269x300.png 269w, http:\/\/imaginailes.fr\/automne\/wp-content\/uploads\/2020\/01\/medaille-jardin-134x150.png 134w\" sizes=\"auto, (max-width: 369px) 100vw, 369px\" \/><\/a><\/figure>\n\n\n\n<figure class=\"wp-block-image size-large\"><a href=\"http:\/\/imaginailes.fr\/automne\/matieres-et-vivant\/sculpture\/\"><img loading=\"lazy\" decoding=\"async\" width=\"369\" height=\"412\" data-id=\"991\" src=\"http:\/\/imaginailes.fr\/automne\/wp-content\/uploads\/2020\/01\/medaille-sculpture.png\" alt=\"\" class=\"wp-image-991\" srcset=\"http:\/\/imaginailes.fr\/automne\/wp-content\/uploads\/2020\/01\/medaille-sculpture.png 369w, http:\/\/imaginailes.fr\/automne\/wp-content\/uploads\/2020\/01\/medaille-sculpture-269x300.png 269w, http:\/\/imaginailes.fr\/automne\/wp-content\/uploads\/2020\/01\/medaille-sculpture-134x150.png 134w\" sizes=\"auto, (max-width: 369px) 100vw, 369px\" \/><\/a><\/figure>\n\n\n\n<figure class=\"wp-block-image size-large\"><a href=\"http:\/\/imaginailes.fr\/automne\/matieres-et-vivant\/nourriture-et-festivites\/\"><img loading=\"lazy\" decoding=\"async\" width=\"369\" height=\"412\" data-id=\"998\" src=\"http:\/\/imaginailes.fr\/automne\/wp-content\/uploads\/2020\/01\/medaille-nourriture.png\" alt=\"\" class=\"wp-image-998\" srcset=\"http:\/\/imaginailes.fr\/automne\/wp-content\/uploads\/2020\/01\/medaille-nourriture.png 369w, http:\/\/imaginailes.fr\/automne\/wp-content\/uploads\/2020\/01\/medaille-nourriture-269x300.png 269w, http:\/\/imaginailes.fr\/automne\/wp-content\/uploads\/2020\/01\/medaille-nourriture-134x150.png 134w\" sizes=\"auto, (max-width: 369px) 100vw, 369px\" \/><\/a><\/figure>\n\n\n\n<figure class=\"wp-block-image size-large\"><a href=\"http:\/\/imaginailes.fr\/automne\/mots-et-images\/sombres-sonnets\/\"><img loading=\"lazy\" decoding=\"async\" width=\"369\" height=\"412\" data-id=\"1008\" src=\"http:\/\/imaginailes.fr\/automne\/wp-content\/uploads\/2020\/01\/medaille-sonnets.png\" alt=\"\" class=\"wp-image-1008\" srcset=\"http:\/\/imaginailes.fr\/automne\/wp-content\/uploads\/2020\/01\/medaille-sonnets.png 369w, http:\/\/imaginailes.fr\/automne\/wp-content\/uploads\/2020\/01\/medaille-sonnets-269x300.png 269w, http:\/\/imaginailes.fr\/automne\/wp-content\/uploads\/2020\/01\/medaille-sonnets-134x150.png 134w\" sizes=\"auto, (max-width: 369px) 100vw, 369px\" \/><\/a><\/figure>\n\n\n\n<figure class=\"wp-block-image size-large\"><a href=\"http:\/\/imaginailes.fr\/automne\/mots-et-images\/publications\/\"><img loading=\"lazy\" decoding=\"async\" width=\"369\" height=\"412\" data-id=\"1035\" src=\"http:\/\/imaginailes.fr\/automne\/wp-content\/uploads\/2020\/01\/medaille-publications.png\" alt=\"\" class=\"wp-image-1035\" srcset=\"http:\/\/imaginailes.fr\/automne\/wp-content\/uploads\/2020\/01\/medaille-publications.png 369w, http:\/\/imaginailes.fr\/automne\/wp-content\/uploads\/2020\/01\/medaille-publications-269x300.png 269w, http:\/\/imaginailes.fr\/automne\/wp-content\/uploads\/2020\/01\/medaille-publications-134x150.png 134w\" sizes=\"auto, (max-width: 369px) 100vw, 369px\" \/><\/a><\/figure>\n\n\n\n<figure class=\"wp-block-image size-large\"><a href=\"http:\/\/imaginailes.fr\/automne\/mots-et-images\/il-etait-une-fee\/\"><img loading=\"lazy\" decoding=\"async\" width=\"369\" height=\"412\" data-id=\"1009\" src=\"http:\/\/imaginailes.fr\/automne\/wp-content\/uploads\/2020\/01\/medaille-ieuf.png\" alt=\"\" class=\"wp-image-1009\" srcset=\"http:\/\/imaginailes.fr\/automne\/wp-content\/uploads\/2020\/01\/medaille-ieuf.png 369w, http:\/\/imaginailes.fr\/automne\/wp-content\/uploads\/2020\/01\/medaille-ieuf-269x300.png 269w, http:\/\/imaginailes.fr\/automne\/wp-content\/uploads\/2020\/01\/medaille-ieuf-134x150.png 134w\" sizes=\"auto, (max-width: 369px) 100vw, 369px\" \/><\/a><\/figure>\n\n\n\n<figure class=\"wp-block-image size-large\"><a href=\"http:\/\/imaginailes.fr\/automne\/mots-et-images\/la-valse-des-tambours\/\"><img loading=\"lazy\" decoding=\"async\" width=\"369\" height=\"412\" data-id=\"1010\" src=\"http:\/\/imaginailes.fr\/automne\/wp-content\/uploads\/2020\/01\/medaille-tambour.png\" alt=\"\" class=\"wp-image-1010\" srcset=\"http:\/\/imaginailes.fr\/automne\/wp-content\/uploads\/2020\/01\/medaille-tambour.png 369w, http:\/\/imaginailes.fr\/automne\/wp-content\/uploads\/2020\/01\/medaille-tambour-269x300.png 269w, http:\/\/imaginailes.fr\/automne\/wp-content\/uploads\/2020\/01\/medaille-tambour-134x150.png 134w\" sizes=\"auto, (max-width: 369px) 100vw, 369px\" \/><\/a><\/figure>\n\n\n\n<figure class=\"wp-block-image size-large\"><a href=\"http:\/\/imaginailes.fr\/automne\/mots-et-images\/bande-dessinee\/\"><img loading=\"lazy\" decoding=\"async\" width=\"369\" height=\"412\" data-id=\"1031\" src=\"http:\/\/imaginailes.fr\/automne\/wp-content\/uploads\/2020\/01\/medaille-BD.png\" alt=\"\" class=\"wp-image-1031\" srcset=\"http:\/\/imaginailes.fr\/automne\/wp-content\/uploads\/2020\/01\/medaille-BD.png 369w, http:\/\/imaginailes.fr\/automne\/wp-content\/uploads\/2020\/01\/medaille-BD-269x300.png 269w, http:\/\/imaginailes.fr\/automne\/wp-content\/uploads\/2020\/01\/medaille-BD-134x150.png 134w\" sizes=\"auto, (max-width: 369px) 100vw, 369px\" \/><\/a><\/figure>\n\n\n\n<figure class=\"wp-block-image size-large\"><a href=\"http:\/\/imaginailes.fr\/automne\/mots-et-images\/les-etranges\/\"><img loading=\"lazy\" decoding=\"async\" width=\"369\" height=\"412\" data-id=\"1032\" src=\"http:\/\/imaginailes.fr\/automne\/wp-content\/uploads\/2020\/01\/medaille-etranges.png\" alt=\"\" class=\"wp-image-1032\" srcset=\"http:\/\/imaginailes.fr\/automne\/wp-content\/uploads\/2020\/01\/medaille-etranges.png 369w, http:\/\/imaginailes.fr\/automne\/wp-content\/uploads\/2020\/01\/medaille-etranges-269x300.png 269w, http:\/\/imaginailes.fr\/automne\/wp-content\/uploads\/2020\/01\/medaille-etranges-134x150.png 134w\" sizes=\"auto, (max-width: 369px) 100vw, 369px\" \/><\/a><\/figure>\n\n\n\n<figure class=\"wp-block-image size-large\"><a href=\"http:\/\/imaginailes.fr\/automne\/musee-des-archives\/i-comme-icare\/\"><img loading=\"lazy\" decoding=\"async\" width=\"369\" height=\"412\" data-id=\"1033\" src=\"http:\/\/imaginailes.fr\/automne\/wp-content\/uploads\/2020\/01\/medaille-icare.png\" alt=\"\" class=\"wp-image-1033\" srcset=\"http:\/\/imaginailes.fr\/automne\/wp-content\/uploads\/2020\/01\/medaille-icare.png 369w, http:\/\/imaginailes.fr\/automne\/wp-content\/uploads\/2020\/01\/medaille-icare-269x300.png 269w, http:\/\/imaginailes.fr\/automne\/wp-content\/uploads\/2020\/01\/medaille-icare-134x150.png 134w\" sizes=\"auto, (max-width: 369px) 100vw, 369px\" \/><\/a><\/figure>\n\n\n\n<figure class=\"wp-block-image size-large\"><img loading=\"lazy\" decoding=\"async\" width=\"180\" height=\"179\" data-id=\"1265\" src=\"http:\/\/imaginailes.fr\/automne\/wp-content\/uploads\/2023\/02\/noir.jpg\" alt=\"\" class=\"wp-image-1265\" srcset=\"http:\/\/imaginailes.fr\/automne\/wp-content\/uploads\/2023\/02\/noir.jpg 180w, http:\/\/imaginailes.fr\/automne\/wp-content\/uploads\/2023\/02\/noir-150x150.jpg 150w, http:\/\/imaginailes.fr\/automne\/wp-content\/uploads\/2023\/02\/noir-151x150.jpg 151w\" sizes=\"auto, (max-width: 180px) 100vw, 180px\" \/><\/figure>\n\n\n\n<figure class=\"wp-block-image size-large\"><a href=\"http:\/\/imaginailes.fr\/automne\/musee-des-archives\/fanzines\/fanzine-le-sanctuaire\/\"><img loading=\"lazy\" decoding=\"async\" width=\"369\" height=\"412\" data-id=\"1036\" src=\"http:\/\/imaginailes.fr\/automne\/wp-content\/uploads\/2020\/01\/medaille-sanctuaire.png\" alt=\"\" class=\"wp-image-1036\" srcset=\"http:\/\/imaginailes.fr\/automne\/wp-content\/uploads\/2020\/01\/medaille-sanctuaire.png 369w, http:\/\/imaginailes.fr\/automne\/wp-content\/uploads\/2020\/01\/medaille-sanctuaire-269x300.png 269w, http:\/\/imaginailes.fr\/automne\/wp-content\/uploads\/2020\/01\/medaille-sanctuaire-134x150.png 134w\" sizes=\"auto, (max-width: 369px) 100vw, 369px\" \/><\/a><\/figure>\n\n\n\n<figure class=\"wp-block-image size-large\"><img loading=\"lazy\" decoding=\"async\" width=\"180\" height=\"179\" data-id=\"1266\" src=\"http:\/\/imaginailes.fr\/automne\/wp-content\/uploads\/2023\/02\/noir2.jpg\" alt=\"\" class=\"wp-image-1266\" srcset=\"http:\/\/imaginailes.fr\/automne\/wp-content\/uploads\/2023\/02\/noir2.jpg 180w, http:\/\/imaginailes.fr\/automne\/wp-content\/uploads\/2023\/02\/noir2-150x150.jpg 150w, http:\/\/imaginailes.fr\/automne\/wp-content\/uploads\/2023\/02\/noir2-151x150.jpg 151w\" sizes=\"auto, (max-width: 180px) 100vw, 180px\" \/><\/figure>\n\n\n\n<figure class=\"wp-block-image size-large\"><a href=\"http:\/\/imaginailes.fr\/automne\/musee-des-archives\/fanzines\/projet-transition\/\"><img loading=\"lazy\" decoding=\"async\" width=\"369\" height=\"412\" data-id=\"1037\" src=\"http:\/\/imaginailes.fr\/automne\/wp-content\/uploads\/2020\/01\/medaille-transition.png\" alt=\"\" class=\"wp-image-1037\" srcset=\"http:\/\/imaginailes.fr\/automne\/wp-content\/uploads\/2020\/01\/medaille-transition.png 369w, http:\/\/imaginailes.fr\/automne\/wp-content\/uploads\/2020\/01\/medaille-transition-269x300.png 269w, http:\/\/imaginailes.fr\/automne\/wp-content\/uploads\/2020\/01\/medaille-transition-134x150.png 134w\" sizes=\"auto, (max-width: 369px) 100vw, 369px\" \/><\/a><\/figure>\n\n\n\n<figure class=\"wp-block-image size-large\"><img loading=\"lazy\" decoding=\"async\" width=\"180\" height=\"179\" data-id=\"1267\" src=\"http:\/\/imaginailes.fr\/automne\/wp-content\/uploads\/2023\/02\/noir3.jpg\" alt=\"\" class=\"wp-image-1267\" srcset=\"http:\/\/imaginailes.fr\/automne\/wp-content\/uploads\/2023\/02\/noir3.jpg 180w, http:\/\/imaginailes.fr\/automne\/wp-content\/uploads\/2023\/02\/noir3-150x150.jpg 150w, http:\/\/imaginailes.fr\/automne\/wp-content\/uploads\/2023\/02\/noir3-151x150.jpg 151w\" sizes=\"auto, (max-width: 180px) 100vw, 180px\" \/><\/figure>\n<\/figure>\n","protected":false},"excerpt":{"rendered":"<p>Bienvenu sur ce site, o\u00f9 sont archiv\u00e9es mes cr\u00e9ations en tout genre produite avant 2020. Un joyeux bric \u00e0 brac d&rsquo;Illustrations, sculptures, bricolages, coutures, compositions v\u00e9g\u00e9tales et plus g\u00e9n\u00e9ralement tout ce qui pourra naitre de l&rsquo;union sacril\u00e8ge de mon cerveau malade et de mes dix doigts fous.Du f\u00e9\u00e9rique au gothique, \u2026 <a class=\"continue-reading-link\" href=\"http:\/\/imaginailes.fr\/automne\/\"> Continue reading <span class=\"meta-nav\">&rarr; <\/span><\/a><\/p>\n","protected":false},"author":1,"featured_media":0,"parent":0,"menu_order":0,"comment_status":"closed","ping_status":"closed","template":"","meta":{"footnotes":""},"class_list":["post-298","page","type-page","status-publish","hentry"],"_links":{"self":[{"href":"http:\/\/imaginailes.fr\/automne\/wp-json\/wp\/v2\/pages\/298","targetHints":{"allow":["GET"]}}],"collection":[{"href":"http:\/\/imaginailes.fr\/automne\/wp-json\/wp\/v2\/pages"}],"about":[{"href":"http:\/\/imaginailes.fr\/automne\/wp-json\/wp\/v2\/types\/page"}],"author":[{"embeddable":true,"href":"http:\/\/imaginailes.fr\/automne\/wp-json\/wp\/v2\/users\/1"}],"replies":[{"embeddable":true,"href":"http:\/\/imaginailes.fr\/automne\/wp-json\/wp\/v2\/comments?post=298"}],"version-history":[{"count":14,"href":"http:\/\/imaginailes.fr\/automne\/wp-json\/wp\/v2\/pages\/298\/revisions"}],"predecessor-version":[{"id":1275,"href":"http:\/\/imaginailes.fr\/automne\/wp-json\/wp\/v2\/pages\/298\/revisions\/1275"}],"wp:attachment":[{"href":"http:\/\/imaginailes.fr\/automne\/wp-json\/wp\/v2\/media?parent=298"}],"curies":[{"name":"wp","href":"https:\/\/api.w.org\/{rel}","templated":true}]}}