{"id":321,"date":"2017-08-16T15:46:27","date_gmt":"2017-08-16T14:46:27","guid":{"rendered":"http:\/\/imaginailes.fr\/onirismes\/?page_id=321"},"modified":"2020-08-26T08:39:02","modified_gmt":"2020-08-26T07:39:02","slug":"mots-et-images","status":"publish","type":"page","link":"http:\/\/imaginailes.fr\/automne\/mots-et-images\/","title":{"rendered":"Intangibles"},"content":{"rendered":"\n<p> Des projets cr\u00e9atifs litt\u00e9raires et illustr\u00e9s. <\/p>\n\n\n\n<div class=\"wp-block-columns is-layout-flex wp-container-core-columns-is-layout-9d6595d7 wp-block-columns-is-layout-flex\">\n<div class=\"wp-block-column is-layout-flow wp-block-column-is-layout-flow\">\n<figure class=\"wp-block-image size-large is-resized\"><a href=\"http:\/\/imaginailes.fr\/automne\/mots-et-images\/galerie-dillustrations-x\/\"><img decoding=\"async\" src=\"http:\/\/imaginailes.fr\/automne\/wp-content\/uploads\/2020\/01\/medaille-illu.png\" alt=\"\" class=\"wp-image-989\" width=\"200\" srcset=\"http:\/\/imaginailes.fr\/automne\/wp-content\/uploads\/2020\/01\/medaille-illu.png 369w, http:\/\/imaginailes.fr\/automne\/wp-content\/uploads\/2020\/01\/medaille-illu-269x300.png 269w, http:\/\/imaginailes.fr\/automne\/wp-content\/uploads\/2020\/01\/medaille-illu-134x150.png 134w\" sizes=\"(max-width: 369px) 100vw, 369px\" \/><\/a><\/figure>\n<\/div>\n\n\n\n<div class=\"wp-block-column is-layout-flow wp-block-column-is-layout-flow\">\n<div class=\"wp-block-group\"><div class=\"wp-block-group__inner-container is-layout-flow wp-block-group-is-layout-flow\">\n<figure class=\"wp-block-image size-large is-resized\"><a href=\"http:\/\/imaginailes.fr\/automne\/mots-et-images\/sombres-sonnets\/\"><img decoding=\"async\" src=\"http:\/\/imaginailes.fr\/automne\/wp-content\/uploads\/2020\/01\/medaille-sonnets.png\" alt=\"\" class=\"wp-image-1008\" width=\"200\" srcset=\"http:\/\/imaginailes.fr\/automne\/wp-content\/uploads\/2020\/01\/medaille-sonnets.png 369w, http:\/\/imaginailes.fr\/automne\/wp-content\/uploads\/2020\/01\/medaille-sonnets-269x300.png 269w, http:\/\/imaginailes.fr\/automne\/wp-content\/uploads\/2020\/01\/medaille-sonnets-134x150.png 134w\" sizes=\"(max-width: 369px) 100vw, 369px\" \/><\/a><\/figure>\n<\/div><\/div>\n\n\n\n<p class=\"has-text-align-center\">Recueil illustr\u00e9<\/p>\n<\/div>\n\n\n\n<div class=\"wp-block-column is-layout-flow wp-block-column-is-layout-flow\">\n<figure class=\"wp-block-image size-large is-resized\"><a href=\"http:\/\/imaginailes.fr\/automne\/mots-et-images\/il-etait-une-fee\/\"><img decoding=\"async\" src=\"http:\/\/imaginailes.fr\/automne\/wp-content\/uploads\/2020\/01\/medaille-ieuf.png\" alt=\"\" class=\"wp-image-1009\" width=\"200\" srcset=\"http:\/\/imaginailes.fr\/automne\/wp-content\/uploads\/2020\/01\/medaille-ieuf.png 369w, http:\/\/imaginailes.fr\/automne\/wp-content\/uploads\/2020\/01\/medaille-ieuf-269x300.png 269w, http:\/\/imaginailes.fr\/automne\/wp-content\/uploads\/2020\/01\/medaille-ieuf-134x150.png 134w\" sizes=\"(max-width: 369px) 100vw, 369px\" \/><\/a><\/figure>\n\n\n\n<p class=\"has-text-align-center\"> Po\u00e8me illustr\u00e9 <\/p>\n<\/div>\n\n\n\n<div class=\"wp-block-column is-layout-flow wp-block-column-is-layout-flow\">\n<figure class=\"wp-block-image size-large is-resized\"><a href=\"http:\/\/imaginailes.fr\/automne\/mots-et-images\/la-valse-des-tambours\/\"><img decoding=\"async\" src=\"http:\/\/imaginailes.fr\/automne\/wp-content\/uploads\/2020\/01\/medaille-tambour.png\" alt=\"\" class=\"wp-image-1010\" width=\"200\" srcset=\"http:\/\/imaginailes.fr\/automne\/wp-content\/uploads\/2020\/01\/medaille-tambour.png 369w, http:\/\/imaginailes.fr\/automne\/wp-content\/uploads\/2020\/01\/medaille-tambour-269x300.png 269w, http:\/\/imaginailes.fr\/automne\/wp-content\/uploads\/2020\/01\/medaille-tambour-134x150.png 134w\" sizes=\"(max-width: 369px) 100vw, 369px\" \/><\/a><\/figure>\n\n\n\n<p class=\"has-text-align-center\">Nouvelle<\/p>\n<\/div>\n\n\n\n<div class=\"wp-block-column is-layout-flow wp-block-column-is-layout-flow\">\n<div class=\"wp-block-group\"><div class=\"wp-block-group__inner-container is-layout-flow wp-block-group-is-layout-flow\">\n<figure class=\"wp-block-image size-large is-resized\"><a href=\"http:\/\/imaginailes.fr\/automne\/mots-et-images\/le-chemin-des-damnes\/\"><img loading=\"lazy\" decoding=\"async\" src=\"http:\/\/imaginailes.fr\/automne\/wp-content\/uploads\/2020\/08\/medaille-damnes-1.png\" alt=\"\" class=\"wp-image-1170\" width=\"201\" height=\"225\" srcset=\"http:\/\/imaginailes.fr\/automne\/wp-content\/uploads\/2020\/08\/medaille-damnes-1.png 369w, http:\/\/imaginailes.fr\/automne\/wp-content\/uploads\/2020\/08\/medaille-damnes-1-269x300.png 269w, http:\/\/imaginailes.fr\/automne\/wp-content\/uploads\/2020\/08\/medaille-damnes-1-134x150.png 134w\" sizes=\"auto, (max-width: 201px) 100vw, 201px\" \/><\/a><\/figure>\n<\/div><\/div>\n\n\n\n<p class=\"has-text-align-center\">Roman<\/p>\n<\/div>\n<\/div>\n\n\n\n<p><\/p>\n\n\n\n<p><\/p>\n","protected":false},"excerpt":{"rendered":"<p>Des projets cr\u00e9atifs litt\u00e9raires et illustr\u00e9s. Recueil illustr\u00e9 Po\u00e8me illustr\u00e9 Nouvelle Roman<\/p>\n","protected":false},"author":1,"featured_media":0,"parent":0,"menu_order":0,"comment_status":"closed","ping_status":"closed","template":"","meta":{"footnotes":""},"class_list":["post-321","page","type-page","status-publish","hentry"],"_links":{"self":[{"href":"http:\/\/imaginailes.fr\/automne\/wp-json\/wp\/v2\/pages\/321","targetHints":{"allow":["GET"]}}],"collection":[{"href":"http:\/\/imaginailes.fr\/automne\/wp-json\/wp\/v2\/pages"}],"about":[{"href":"http:\/\/imaginailes.fr\/automne\/wp-json\/wp\/v2\/types\/page"}],"author":[{"embeddable":true,"href":"http:\/\/imaginailes.fr\/automne\/wp-json\/wp\/v2\/users\/1"}],"replies":[{"embeddable":true,"href":"http:\/\/imaginailes.fr\/automne\/wp-json\/wp\/v2\/comments?post=321"}],"version-history":[{"count":34,"href":"http:\/\/imaginailes.fr\/automne\/wp-json\/wp\/v2\/pages\/321\/revisions"}],"predecessor-version":[{"id":1261,"href":"http:\/\/imaginailes.fr\/automne\/wp-json\/wp\/v2\/pages\/321\/revisions\/1261"}],"wp:attachment":[{"href":"http:\/\/imaginailes.fr\/automne\/wp-json\/wp\/v2\/media?parent=321"}],"curies":[{"name":"wp","href":"https:\/\/api.w.org\/{rel}","templated":true}]}}