{"id":36,"date":"2016-01-08T12:50:28","date_gmt":"2016-01-08T11:50:28","guid":{"rendered":"http:\/\/imaginailes.fr\/onirismes\/?page_id=36"},"modified":"2020-09-10T10:30:29","modified_gmt":"2020-09-10T09:30:29","slug":"triste-sort","status":"publish","type":"page","link":"http:\/\/imaginailes.fr\/automne\/musee-des-archives\/bande-dessinee\/triste-sort\/","title":{"rendered":"Triste sort"},"content":{"rendered":"<p>Bande Dessin\u00e9e de deux planches r\u00e9alis\u00e9e en 2007.<\/p>\n<p>\u00a0<\/p>\n\n\n<figure class=\"wp-block-image size-large\"><img loading=\"lazy\" decoding=\"async\" width=\"693\" height=\"1024\" src=\"http:\/\/imaginailes.fr\/automne\/wp-content\/uploads\/2016\/01\/mauvais-sort-1-693x1024.jpg\" alt=\"\" class=\"wp-image-177\" srcset=\"http:\/\/imaginailes.fr\/automne\/wp-content\/uploads\/2016\/01\/mauvais-sort-1-693x1024.jpg 693w, http:\/\/imaginailes.fr\/automne\/wp-content\/uploads\/2016\/01\/mauvais-sort-1-203x300.jpg 203w, http:\/\/imaginailes.fr\/automne\/wp-content\/uploads\/2016\/01\/mauvais-sort-1-102x150.jpg 102w, http:\/\/imaginailes.fr\/automne\/wp-content\/uploads\/2016\/01\/mauvais-sort-1.jpg 735w\" sizes=\"auto, (max-width: 693px) 100vw, 693px\" \/><\/figure>\n\n\n\n<figure class=\"wp-block-image size-large\"><img loading=\"lazy\" decoding=\"async\" width=\"693\" height=\"1024\" src=\"http:\/\/imaginailes.fr\/automne\/wp-content\/uploads\/2016\/01\/mauvais-sort-2-693x1024.jpg\" alt=\"\" class=\"wp-image-178\" srcset=\"http:\/\/imaginailes.fr\/automne\/wp-content\/uploads\/2016\/01\/mauvais-sort-2-693x1024.jpg 693w, http:\/\/imaginailes.fr\/automne\/wp-content\/uploads\/2016\/01\/mauvais-sort-2-203x300.jpg 203w, http:\/\/imaginailes.fr\/automne\/wp-content\/uploads\/2016\/01\/mauvais-sort-2-102x150.jpg 102w, http:\/\/imaginailes.fr\/automne\/wp-content\/uploads\/2016\/01\/mauvais-sort-2.jpg 735w\" sizes=\"auto, (max-width: 693px) 100vw, 693px\" \/><\/figure>\n","protected":false},"excerpt":{"rendered":"<p>Bande Dessin\u00e9e de deux planches r\u00e9alis\u00e9e en 2007. \u00a0<\/p>\n","protected":false},"author":1,"featured_media":0,"parent":23,"menu_order":0,"comment_status":"closed","ping_status":"closed","template":"","meta":{"footnotes":""},"class_list":["post-36","page","type-page","status-publish","hentry"],"_links":{"self":[{"href":"http:\/\/imaginailes.fr\/automne\/wp-json\/wp\/v2\/pages\/36","targetHints":{"allow":["GET"]}}],"collection":[{"href":"http:\/\/imaginailes.fr\/automne\/wp-json\/wp\/v2\/pages"}],"about":[{"href":"http:\/\/imaginailes.fr\/automne\/wp-json\/wp\/v2\/types\/page"}],"author":[{"embeddable":true,"href":"http:\/\/imaginailes.fr\/automne\/wp-json\/wp\/v2\/users\/1"}],"replies":[{"embeddable":true,"href":"http:\/\/imaginailes.fr\/automne\/wp-json\/wp\/v2\/comments?post=36"}],"version-history":[{"count":5,"href":"http:\/\/imaginailes.fr\/automne\/wp-json\/wp\/v2\/pages\/36\/revisions"}],"predecessor-version":[{"id":1102,"href":"http:\/\/imaginailes.fr\/automne\/wp-json\/wp\/v2\/pages\/36\/revisions\/1102"}],"up":[{"embeddable":true,"href":"http:\/\/imaginailes.fr\/automne\/wp-json\/wp\/v2\/pages\/23"}],"wp:attachment":[{"href":"http:\/\/imaginailes.fr\/automne\/wp-json\/wp\/v2\/media?parent=36"}],"curies":[{"name":"wp","href":"https:\/\/api.w.org\/{rel}","templated":true}]}}