{"id":38,"date":"2016-01-08T12:51:27","date_gmt":"2016-01-08T11:51:27","guid":{"rendered":"http:\/\/imaginailes.fr\/onirismes\/?page_id=38"},"modified":"2020-02-10T22:24:30","modified_gmt":"2020-02-10T21:24:30","slug":"crime-au-couvent","status":"publish","type":"page","link":"http:\/\/imaginailes.fr\/automne\/musee-des-archives\/bande-dessinee\/crime-au-couvent\/","title":{"rendered":"Crime au couvent"},"content":{"rendered":"<p>Bande Dessin\u00e9e de deux planches r\u00e9alis\u00e9e en 2006.<\/p>\n\n\n<figure class=\"wp-block-image size-large\"><img loading=\"lazy\" decoding=\"async\" width=\"669\" height=\"1024\" src=\"http:\/\/imaginailes.fr\/automne\/wp-content\/uploads\/2016\/01\/polar-1-669x1024.jpg\" alt=\"\" class=\"wp-image-182\" srcset=\"http:\/\/imaginailes.fr\/automne\/wp-content\/uploads\/2016\/01\/polar-1-669x1024.jpg 669w, http:\/\/imaginailes.fr\/automne\/wp-content\/uploads\/2016\/01\/polar-1-196x300.jpg 196w, http:\/\/imaginailes.fr\/automne\/wp-content\/uploads\/2016\/01\/polar-1-768x1175.jpg 768w, http:\/\/imaginailes.fr\/automne\/wp-content\/uploads\/2016\/01\/polar-1-98x150.jpg 98w, http:\/\/imaginailes.fr\/automne\/wp-content\/uploads\/2016\/01\/polar-1.jpg 1000w\" sizes=\"auto, (max-width: 669px) 100vw, 669px\" \/><\/figure>\n\n\n\n<figure class=\"wp-block-image size-large\"><img loading=\"lazy\" decoding=\"async\" width=\"673\" height=\"1024\" src=\"http:\/\/imaginailes.fr\/automne\/wp-content\/uploads\/2016\/01\/polar-2-673x1024.jpg\" alt=\"\" class=\"wp-image-183\" srcset=\"http:\/\/imaginailes.fr\/automne\/wp-content\/uploads\/2016\/01\/polar-2-673x1024.jpg 673w, http:\/\/imaginailes.fr\/automne\/wp-content\/uploads\/2016\/01\/polar-2-197x300.jpg 197w, http:\/\/imaginailes.fr\/automne\/wp-content\/uploads\/2016\/01\/polar-2-768x1168.jpg 768w, http:\/\/imaginailes.fr\/automne\/wp-content\/uploads\/2016\/01\/polar-2-99x150.jpg 99w, http:\/\/imaginailes.fr\/automne\/wp-content\/uploads\/2016\/01\/polar-2.jpg 1000w\" sizes=\"auto, (max-width: 673px) 100vw, 673px\" \/><\/figure>\n","protected":false},"excerpt":{"rendered":"<p>Bande Dessin\u00e9e de deux planches r\u00e9alis\u00e9e en 2006.<\/p>\n","protected":false},"author":1,"featured_media":0,"parent":23,"menu_order":0,"comment_status":"closed","ping_status":"closed","template":"","meta":{"footnotes":""},"class_list":["post-38","page","type-page","status-publish","hentry"],"_links":{"self":[{"href":"http:\/\/imaginailes.fr\/automne\/wp-json\/wp\/v2\/pages\/38","targetHints":{"allow":["GET"]}}],"collection":[{"href":"http:\/\/imaginailes.fr\/automne\/wp-json\/wp\/v2\/pages"}],"about":[{"href":"http:\/\/imaginailes.fr\/automne\/wp-json\/wp\/v2\/types\/page"}],"author":[{"embeddable":true,"href":"http:\/\/imaginailes.fr\/automne\/wp-json\/wp\/v2\/users\/1"}],"replies":[{"embeddable":true,"href":"http:\/\/imaginailes.fr\/automne\/wp-json\/wp\/v2\/comments?post=38"}],"version-history":[{"count":8,"href":"http:\/\/imaginailes.fr\/automne\/wp-json\/wp\/v2\/pages\/38\/revisions"}],"predecessor-version":[{"id":1105,"href":"http:\/\/imaginailes.fr\/automne\/wp-json\/wp\/v2\/pages\/38\/revisions\/1105"}],"up":[{"embeddable":true,"href":"http:\/\/imaginailes.fr\/automne\/wp-json\/wp\/v2\/pages\/23"}],"wp:attachment":[{"href":"http:\/\/imaginailes.fr\/automne\/wp-json\/wp\/v2\/media?parent=38"}],"curies":[{"name":"wp","href":"https:\/\/api.w.org\/{rel}","templated":true}]}}