{"id":390,"date":"2017-08-17T10:27:33","date_gmt":"2017-08-17T09:27:33","guid":{"rendered":"http:\/\/imaginailes.fr\/onirismes\/?page_id=390"},"modified":"2020-08-26T07:59:01","modified_gmt":"2020-08-26T06:59:01","slug":"les-etranges","status":"publish","type":"page","link":"http:\/\/imaginailes.fr\/automne\/musee-des-archives\/les-etranges\/","title":{"rendered":"Les \u00e9tranges"},"content":{"rendered":"<p style=\"text-align: center;\"><strong>Roman abandonn\u00e9 en cours d&rsquo;\u00e9criture.<\/strong><\/p>\n<p><a href=\"http:\/\/imaginailes.fr\/onirismes\/wp-content\/uploads\/2017\/08\/image-nihil.jpg\"><img loading=\"lazy\" decoding=\"async\" class=\"aligncenter wp-image-391 size-full\" src=\"http:\/\/imaginailes.fr\/automne\/wp-content\/uploads\/2017\/08\/image-nihil.jpg\" alt=\"\" width=\"600\" height=\"218\" srcset=\"http:\/\/imaginailes.fr\/automne\/wp-content\/uploads\/2017\/08\/image-nihil.jpg 600w, http:\/\/imaginailes.fr\/automne\/wp-content\/uploads\/2017\/08\/image-nihil-300x109.jpg 300w, http:\/\/imaginailes.fr\/automne\/wp-content\/uploads\/2017\/08\/image-nihil-250x91.jpg 250w, http:\/\/imaginailes.fr\/automne\/wp-content\/uploads\/2017\/08\/image-nihil-150x55.jpg 150w\" sizes=\"auto, (max-width: 600px) 100vw, 600px\" \/><\/a><\/p>\n<blockquote><p><strong>SYNOPSIS :<\/strong><br \/>\n1878. \u00c9l\u00e9onore a seize ans, et elle doit se marier dans quelques jours. La t\u00eate pleine de r\u00eaves et de contes de f\u00e9e, elle id\u00e9alise son futur \u00e9poux qu\u2019elle n\u2019a encore jamais rencontr\u00e9. Elle d\u00e9chante tr\u00e8s vite d\u00e8s leur premier face \u00e0 face, peu avant grand jour. Celui-ci s\u2019av\u00e8re odieux et suffisant. \u00c0 la nuit tomb\u00e9e, elle s\u2019enfuit pour \u00e9chapper au mariage. Errant dans les ruelles sombres de la ville, elle aurait pu tomber sur n\u2019importe qui ; brigands, violeurs, \u00e9gorgeurs \u2026 Mais ceux qui croiseront sa route sont d&rsquo;une toute autre nature.<\/p><\/blockquote>\n","protected":false},"excerpt":{"rendered":"<p>Roman abandonn\u00e9 en cours d&rsquo;\u00e9criture. SYNOPSIS : 1878. \u00c9l\u00e9onore a seize ans, et elle doit se marier dans quelques jours. La t\u00eate pleine de r\u00eaves et de contes de f\u00e9e, elle id\u00e9alise son futur \u00e9poux qu\u2019elle n\u2019a encore jamais rencontr\u00e9. Elle d\u00e9chante tr\u00e8s vite d\u00e8s leur premier face \u00e0 face, \u2026 <a class=\"continue-reading-link\" href=\"http:\/\/imaginailes.fr\/automne\/musee-des-archives\/les-etranges\/\"> Continue reading <span class=\"meta-nav\">&rarr; <\/span><\/a><\/p>\n","protected":false},"author":1,"featured_media":0,"parent":936,"menu_order":0,"comment_status":"closed","ping_status":"closed","template":"","meta":{"footnotes":""},"class_list":["post-390","page","type-page","status-publish","hentry"],"_links":{"self":[{"href":"http:\/\/imaginailes.fr\/automne\/wp-json\/wp\/v2\/pages\/390","targetHints":{"allow":["GET"]}}],"collection":[{"href":"http:\/\/imaginailes.fr\/automne\/wp-json\/wp\/v2\/pages"}],"about":[{"href":"http:\/\/imaginailes.fr\/automne\/wp-json\/wp\/v2\/types\/page"}],"author":[{"embeddable":true,"href":"http:\/\/imaginailes.fr\/automne\/wp-json\/wp\/v2\/users\/1"}],"replies":[{"embeddable":true,"href":"http:\/\/imaginailes.fr\/automne\/wp-json\/wp\/v2\/comments?post=390"}],"version-history":[{"count":6,"href":"http:\/\/imaginailes.fr\/automne\/wp-json\/wp\/v2\/pages\/390\/revisions"}],"predecessor-version":[{"id":1002,"href":"http:\/\/imaginailes.fr\/automne\/wp-json\/wp\/v2\/pages\/390\/revisions\/1002"}],"up":[{"embeddable":true,"href":"http:\/\/imaginailes.fr\/automne\/wp-json\/wp\/v2\/pages\/936"}],"wp:attachment":[{"href":"http:\/\/imaginailes.fr\/automne\/wp-json\/wp\/v2\/media?parent=390"}],"curies":[{"name":"wp","href":"https:\/\/api.w.org\/{rel}","templated":true}]}}