{"id":484,"date":"2018-07-23T14:05:40","date_gmt":"2018-07-23T13:05:40","guid":{"rendered":"http:\/\/imaginailes.fr\/automne\/?page_id=484"},"modified":"2020-09-02T10:25:53","modified_gmt":"2020-09-02T09:25:53","slug":"fanzines","status":"publish","type":"page","link":"http:\/\/imaginailes.fr\/automne\/musee-des-archives\/fanzines\/","title":{"rendered":"Fanzines"},"content":{"rendered":"\n<p> Pendant plusieurs ann\u00e9es je me suis investie dans des activit\u00e9s associatives en rapport avec le Fanzinat. Le principe : participer \u00e0 l&rsquo;\u00e9laboration de publications amateurs autours d&rsquo;un th\u00e8me donn\u00e9. <\/p>\n\n\n\n<div class=\"wp-block-columns is-layout-flex wp-container-core-columns-is-layout-9d6595d7 wp-block-columns-is-layout-flex\">\n<div class=\"wp-block-column is-layout-flow wp-block-column-is-layout-flow\">\n<div class=\"wp-block-image\"><figure class=\"aligncenter size-large is-resized\"><a href=\"http:\/\/imaginailes.fr\/automne\/musee-des-archives\/fanzines\/projet-transition\/\"><img decoding=\"async\" src=\"http:\/\/imaginailes.fr\/automne\/wp-content\/uploads\/2020\/01\/medaille-transition.png\" alt=\"\" class=\"wp-image-1037\" width=\"250\" srcset=\"http:\/\/imaginailes.fr\/automne\/wp-content\/uploads\/2020\/01\/medaille-transition.png 369w, http:\/\/imaginailes.fr\/automne\/wp-content\/uploads\/2020\/01\/medaille-transition-269x300.png 269w, http:\/\/imaginailes.fr\/automne\/wp-content\/uploads\/2020\/01\/medaille-transition-134x150.png 134w\" sizes=\"(max-width: 369px) 100vw, 369px\" \/><\/a><\/figure><\/div>\n\n\n\n<p class=\"has-text-align-center\"> Fanzine litt\u00e9raire <\/p>\n<\/div>\n\n\n\n<div class=\"wp-block-column is-layout-flow wp-block-column-is-layout-flow\">\n<div class=\"wp-block-image\"><figure class=\"aligncenter size-large is-resized\"><a href=\"http:\/\/imaginailes.fr\/automne\/musee-des-archives\/fanzines\/fanzine-le-sanctuaire\/\"><img decoding=\"async\" src=\"http:\/\/imaginailes.fr\/automne\/wp-content\/uploads\/2020\/01\/medaille-sanctuaire.png\" alt=\"\" class=\"wp-image-1036\" width=\"250\" srcset=\"http:\/\/imaginailes.fr\/automne\/wp-content\/uploads\/2020\/01\/medaille-sanctuaire.png 369w, http:\/\/imaginailes.fr\/automne\/wp-content\/uploads\/2020\/01\/medaille-sanctuaire-269x300.png 269w, http:\/\/imaginailes.fr\/automne\/wp-content\/uploads\/2020\/01\/medaille-sanctuaire-134x150.png 134w\" sizes=\"(max-width: 369px) 100vw, 369px\" \/><\/a><\/figure><\/div>\n\n\n\n<p class=\"has-text-align-center\"> Fanzine BD<\/p>\n<\/div>\n<\/div>\n","protected":false},"excerpt":{"rendered":"<p>Pendant plusieurs ann\u00e9es je me suis investie dans des activit\u00e9s associatives en rapport avec le Fanzinat. Le principe : participer \u00e0 l&rsquo;\u00e9laboration de publications amateurs autours d&rsquo;un th\u00e8me donn\u00e9. Fanzine litt\u00e9raire Fanzine BD<\/p>\n","protected":false},"author":1,"featured_media":0,"parent":936,"menu_order":0,"comment_status":"closed","ping_status":"closed","template":"","meta":{"footnotes":""},"class_list":["post-484","page","type-page","status-publish","hentry"],"_links":{"self":[{"href":"http:\/\/imaginailes.fr\/automne\/wp-json\/wp\/v2\/pages\/484","targetHints":{"allow":["GET"]}}],"collection":[{"href":"http:\/\/imaginailes.fr\/automne\/wp-json\/wp\/v2\/pages"}],"about":[{"href":"http:\/\/imaginailes.fr\/automne\/wp-json\/wp\/v2\/types\/page"}],"author":[{"embeddable":true,"href":"http:\/\/imaginailes.fr\/automne\/wp-json\/wp\/v2\/users\/1"}],"replies":[{"embeddable":true,"href":"http:\/\/imaginailes.fr\/automne\/wp-json\/wp\/v2\/comments?post=484"}],"version-history":[{"count":10,"href":"http:\/\/imaginailes.fr\/automne\/wp-json\/wp\/v2\/pages\/484\/revisions"}],"predecessor-version":[{"id":1183,"href":"http:\/\/imaginailes.fr\/automne\/wp-json\/wp\/v2\/pages\/484\/revisions\/1183"}],"up":[{"embeddable":true,"href":"http:\/\/imaginailes.fr\/automne\/wp-json\/wp\/v2\/pages\/936"}],"wp:attachment":[{"href":"http:\/\/imaginailes.fr\/automne\/wp-json\/wp\/v2\/media?parent=484"}],"curies":[{"name":"wp","href":"https:\/\/api.w.org\/{rel}","templated":true}]}}