{"id":507,"date":"2018-07-24T13:37:26","date_gmt":"2018-07-24T12:37:26","guid":{"rendered":"http:\/\/imaginailes.fr\/automne\/?page_id=507"},"modified":"2018-07-30T13:02:17","modified_gmt":"2018-07-30T12:02:17","slug":"terrariums-et-jardins-miniatures-2","status":"publish","type":"page","link":"http:\/\/imaginailes.fr\/automne\/matieres-et-vivant\/terrariums-et-jardins-miniatures-2\/","title":{"rendered":"Terrariums et jardins miniatures"},"content":{"rendered":"<p>Une id\u00e9e de cadeau : le kit jardin miniature (Design et r\u00e9alisation des meubles miniatures en bois \u00e0 la d\u00e9coupe laser en 2017) :<\/p>\n<p><img loading=\"lazy\" decoding=\"async\" class=\"alignnone size-full wp-image-548\" src=\"http:\/\/imaginailes.fr\/automne\/wp-content\/uploads\/2018\/07\/17990695_1038877546244722_9193386434931482401_n.jpg\" alt=\"\" width=\"778\" height=\"960\" srcset=\"http:\/\/imaginailes.fr\/automne\/wp-content\/uploads\/2018\/07\/17990695_1038877546244722_9193386434931482401_n.jpg 778w, http:\/\/imaginailes.fr\/automne\/wp-content\/uploads\/2018\/07\/17990695_1038877546244722_9193386434931482401_n-243x300.jpg 243w, http:\/\/imaginailes.fr\/automne\/wp-content\/uploads\/2018\/07\/17990695_1038877546244722_9193386434931482401_n-768x948.jpg 768w, http:\/\/imaginailes.fr\/automne\/wp-content\/uploads\/2018\/07\/17990695_1038877546244722_9193386434931482401_n-122x150.jpg 122w\" sizes=\"auto, (max-width: 778px) 100vw, 778px\" \/><\/p>\n<p>&nbsp;<\/p>\n<p>Petit terrarium en bonbonni\u00e8re (2016) :<\/p>\n<p><img loading=\"lazy\" decoding=\"async\" class=\"wp-image-528 size-full aligncenter\" src=\"http:\/\/imaginailes.fr\/automne\/wp-content\/uploads\/2018\/07\/18057898_1038329746299502_2157659397931024669_n.jpg\" alt=\"\" width=\"531\" height=\"800\" srcset=\"http:\/\/imaginailes.fr\/automne\/wp-content\/uploads\/2018\/07\/18057898_1038329746299502_2157659397931024669_n.jpg 531w, http:\/\/imaginailes.fr\/automne\/wp-content\/uploads\/2018\/07\/18057898_1038329746299502_2157659397931024669_n-199x300.jpg 199w, http:\/\/imaginailes.fr\/automne\/wp-content\/uploads\/2018\/07\/18057898_1038329746299502_2157659397931024669_n-100x150.jpg 100w\" sizes=\"auto, (max-width: 531px) 100vw, 531px\" \/><\/p>\n<p>Second jardin miniature, r\u00e9alis\u00e9 en 2016. Design et r\u00e9alisation des meubles miniatures en bois \u00e0 la d\u00e9coupe laser :<\/p>\n<p><img loading=\"lazy\" decoding=\"async\" class=\"alignnone wp-image-532 size-full\" src=\"http:\/\/imaginailes.fr\/automne\/wp-content\/uploads\/2018\/07\/18119004_1038327802966363_2237601135128599816_n.jpg\" alt=\"\" width=\"960\" height=\"637\" srcset=\"http:\/\/imaginailes.fr\/automne\/wp-content\/uploads\/2018\/07\/18119004_1038327802966363_2237601135128599816_n.jpg 960w, http:\/\/imaginailes.fr\/automne\/wp-content\/uploads\/2018\/07\/18119004_1038327802966363_2237601135128599816_n-300x199.jpg 300w, http:\/\/imaginailes.fr\/automne\/wp-content\/uploads\/2018\/07\/18119004_1038327802966363_2237601135128599816_n-768x510.jpg 768w, http:\/\/imaginailes.fr\/automne\/wp-content\/uploads\/2018\/07\/18119004_1038327802966363_2237601135128599816_n-150x100.jpg 150w, http:\/\/imaginailes.fr\/automne\/wp-content\/uploads\/2018\/07\/18119004_1038327802966363_2237601135128599816_n-226x150.jpg 226w\" sizes=\"auto, (max-width: 960px) 100vw, 960px\" \/><\/p>\n\n\t\t<style type=\"text\/css\">\n\t\t\t#gallery-1 {\n\t\t\t\tmargin: auto;\n\t\t\t}\n\t\t\t#gallery-1 .gallery-item {\n\t\t\t\tfloat: left;\n\t\t\t\tmargin-top: 10px;\n\t\t\t\ttext-align: center;\n\t\t\t\twidth: 25%;\n\t\t\t}\n\t\t\t#gallery-1 img {\n\t\t\t\tborder: 2px solid #cfcfcf;\n\t\t\t}\n\t\t\t#gallery-1 .gallery-caption {\n\t\t\t\tmargin-left: 0;\n\t\t\t}\n\t\t\t\/* see gallery_shortcode() in wp-includes\/media.php *\/\n\t\t<\/style>\n\t\t<div id='gallery-1' class='gallery galleryid-507 gallery-columns-4 gallery-size-thumbnail'><dl class='gallery-item'>\n\t\t\t<dt class='gallery-icon portrait'>\n\t\t\t\t<a href='http:\/\/imaginailes.fr\/automne\/matieres-et-vivant\/terrariums-et-jardins-miniatures-2\/18157779_1038326226299854_2003503689458679399_n\/'><img loading=\"lazy\" decoding=\"async\" width=\"150\" height=\"150\" src=\"http:\/\/imaginailes.fr\/automne\/wp-content\/uploads\/2018\/07\/18157779_1038326226299854_2003503689458679399_n-150x150.jpg\" class=\"attachment-thumbnail size-thumbnail\" alt=\"\" \/><\/a>\n\t\t\t<\/dt><\/dl><dl class='gallery-item'>\n\t\t\t<dt class='gallery-icon portrait'>\n\t\t\t\t<a href='http:\/\/imaginailes.fr\/automne\/matieres-et-vivant\/terrariums-et-jardins-miniatures-2\/18119601_1038327812966362_2604421108477098611_n\/'><img loading=\"lazy\" decoding=\"async\" width=\"150\" height=\"150\" src=\"http:\/\/imaginailes.fr\/automne\/wp-content\/uploads\/2018\/07\/18119601_1038327812966362_2604421108477098611_n-150x150.jpg\" class=\"attachment-thumbnail size-thumbnail\" alt=\"\" \/><\/a>\n\t\t\t<\/dt><\/dl><dl class='gallery-item'>\n\t\t\t<dt class='gallery-icon landscape'>\n\t\t\t\t<a href='http:\/\/imaginailes.fr\/automne\/matieres-et-vivant\/terrariums-et-jardins-miniatures-2\/18119562_1038327806299696_5637999397533547088_n\/'><img loading=\"lazy\" decoding=\"async\" width=\"150\" height=\"150\" src=\"http:\/\/imaginailes.fr\/automne\/wp-content\/uploads\/2018\/07\/18119562_1038327806299696_5637999397533547088_n-150x150.jpg\" class=\"attachment-thumbnail size-thumbnail\" alt=\"\" \/><\/a>\n\t\t\t<\/dt><\/dl><dl class='gallery-item'>\n\t\t\t<dt class='gallery-icon portrait'>\n\t\t\t\t<a href='http:\/\/imaginailes.fr\/automne\/matieres-et-vivant\/terrariums-et-jardins-miniatures-2\/18057216_1038371456295331_2417911230652705897_n\/'><img loading=\"lazy\" decoding=\"async\" width=\"150\" height=\"150\" src=\"http:\/\/imaginailes.fr\/automne\/wp-content\/uploads\/2018\/07\/18057216_1038371456295331_2417911230652705897_n-150x150.jpg\" class=\"attachment-thumbnail size-thumbnail\" alt=\"\" \/><\/a>\n\t\t\t<\/dt><\/dl><br style=\"clear: both\" \/><dl class='gallery-item'>\n\t\t\t<dt class='gallery-icon landscape'>\n\t\t\t\t<a href='http:\/\/imaginailes.fr\/automne\/matieres-et-vivant\/terrariums-et-jardins-miniatures-2\/17992248_1038872266245250_958836229807006394_n\/'><img loading=\"lazy\" decoding=\"async\" width=\"150\" height=\"150\" src=\"http:\/\/imaginailes.fr\/automne\/wp-content\/uploads\/2018\/07\/17992248_1038872266245250_958836229807006394_n-150x150.jpg\" class=\"attachment-thumbnail size-thumbnail\" alt=\"\" \/><\/a>\n\t\t\t<\/dt><\/dl><dl class='gallery-item'>\n\t\t\t<dt class='gallery-icon portrait'>\n\t\t\t\t<a href='http:\/\/imaginailes.fr\/automne\/matieres-et-vivant\/terrariums-et-jardins-miniatures-2\/18118957_1038872272911916_8499274911077186747_n\/'><img loading=\"lazy\" decoding=\"async\" width=\"150\" height=\"150\" src=\"http:\/\/imaginailes.fr\/automne\/wp-content\/uploads\/2018\/07\/18118957_1038872272911916_8499274911077186747_n-150x150.jpg\" class=\"attachment-thumbnail size-thumbnail\" alt=\"\" \/><\/a>\n\t\t\t<\/dt><\/dl>\n\t\t\t<br style='clear: both' \/>\n\t\t<\/div>\n\n<p>Premier jardin miniature, r\u00e9alis\u00e9 en 2014 :<\/p>\n<p><img loading=\"lazy\" decoding=\"async\" class=\"wp-image-527 size-full aligncenter\" src=\"http:\/\/imaginailes.fr\/automne\/wp-content\/uploads\/2018\/07\/18057832_1038322059633604_255995163105556880_n.jpg\" alt=\"\" width=\"800\" height=\"531\" srcset=\"http:\/\/imaginailes.fr\/automne\/wp-content\/uploads\/2018\/07\/18057832_1038322059633604_255995163105556880_n.jpg 800w, http:\/\/imaginailes.fr\/automne\/wp-content\/uploads\/2018\/07\/18057832_1038322059633604_255995163105556880_n-300x199.jpg 300w, http:\/\/imaginailes.fr\/automne\/wp-content\/uploads\/2018\/07\/18057832_1038322059633604_255995163105556880_n-768x510.jpg 768w, http:\/\/imaginailes.fr\/automne\/wp-content\/uploads\/2018\/07\/18057832_1038322059633604_255995163105556880_n-150x100.jpg 150w, http:\/\/imaginailes.fr\/automne\/wp-content\/uploads\/2018\/07\/18057832_1038322059633604_255995163105556880_n-226x150.jpg 226w\" sizes=\"auto, (max-width: 800px) 100vw, 800px\" \/><\/p>\n\n\t\t<style type=\"text\/css\">\n\t\t\t#gallery-2 {\n\t\t\t\tmargin: auto;\n\t\t\t}\n\t\t\t#gallery-2 .gallery-item {\n\t\t\t\tfloat: left;\n\t\t\t\tmargin-top: 10px;\n\t\t\t\ttext-align: center;\n\t\t\t\twidth: 20%;\n\t\t\t}\n\t\t\t#gallery-2 img {\n\t\t\t\tborder: 2px solid #cfcfcf;\n\t\t\t}\n\t\t\t#gallery-2 .gallery-caption {\n\t\t\t\tmargin-left: 0;\n\t\t\t}\n\t\t\t\/* see gallery_shortcode() in wp-includes\/media.php *\/\n\t\t<\/style>\n\t\t<div id='gallery-2' class='gallery galleryid-507 gallery-columns-5 gallery-size-thumbnail'><dl class='gallery-item'>\n\t\t\t<dt class='gallery-icon landscape'>\n\t\t\t\t<a href='http:\/\/imaginailes.fr\/automne\/matieres-et-vivant\/terrariums-et-jardins-miniatures-2\/18119513_1038322049633605_173513981363039717_n\/'><img loading=\"lazy\" decoding=\"async\" width=\"150\" height=\"150\" src=\"http:\/\/imaginailes.fr\/automne\/wp-content\/uploads\/2018\/07\/18119513_1038322049633605_173513981363039717_n-150x150.jpg\" class=\"attachment-thumbnail size-thumbnail\" alt=\"\" \/><\/a>\n\t\t\t<\/dt><\/dl><dl class='gallery-item'>\n\t\t\t<dt class='gallery-icon landscape'>\n\t\t\t\t<a href='http:\/\/imaginailes.fr\/automne\/matieres-et-vivant\/terrariums-et-jardins-miniatures-2\/18118832_1038322052966938_4222827495753493249_n\/'><img loading=\"lazy\" decoding=\"async\" width=\"150\" height=\"150\" src=\"http:\/\/imaginailes.fr\/automne\/wp-content\/uploads\/2018\/07\/18118832_1038322052966938_4222827495753493249_n-150x150.jpg\" class=\"attachment-thumbnail size-thumbnail\" alt=\"\" \/><\/a>\n\t\t\t<\/dt><\/dl><dl class='gallery-item'>\n\t\t\t<dt class='gallery-icon landscape'>\n\t\t\t\t<a href='http:\/\/imaginailes.fr\/automne\/matieres-et-vivant\/terrariums-et-jardins-miniatures-2\/18118779_1038322056300271_7886769084806135538_n\/'><img loading=\"lazy\" decoding=\"async\" width=\"150\" height=\"150\" src=\"http:\/\/imaginailes.fr\/automne\/wp-content\/uploads\/2018\/07\/18118779_1038322056300271_7886769084806135538_n-150x150.jpg\" class=\"attachment-thumbnail size-thumbnail\" alt=\"\" \/><\/a>\n\t\t\t<\/dt><\/dl><dl class='gallery-item'>\n\t\t\t<dt class='gallery-icon landscape'>\n\t\t\t\t<a href='http:\/\/imaginailes.fr\/automne\/matieres-et-vivant\/terrariums-et-jardins-miniatures-2\/18118758_1038322046300272_5524520823110905540_n\/'><img loading=\"lazy\" decoding=\"async\" width=\"150\" height=\"150\" src=\"http:\/\/imaginailes.fr\/automne\/wp-content\/uploads\/2018\/07\/18118758_1038322046300272_5524520823110905540_n-150x150.jpg\" class=\"attachment-thumbnail size-thumbnail\" alt=\"\" \/><\/a>\n\t\t\t<\/dt><\/dl><dl class='gallery-item'>\n\t\t\t<dt class='gallery-icon portrait'>\n\t\t\t\t<a href='http:\/\/imaginailes.fr\/automne\/matieres-et-vivant\/terrariums-et-jardins-miniatures-2\/17991265_1038322149633595_477688697349131884_n\/'><img loading=\"lazy\" decoding=\"async\" width=\"150\" height=\"150\" src=\"http:\/\/imaginailes.fr\/automne\/wp-content\/uploads\/2018\/07\/17991265_1038322149633595_477688697349131884_n-150x150.jpg\" class=\"attachment-thumbnail size-thumbnail\" alt=\"\" \/><\/a>\n\t\t\t<\/dt><\/dl><br style=\"clear: both\" \/>\n\t\t<\/div>\n\n","protected":false},"excerpt":{"rendered":"<p>Une id\u00e9e de cadeau : le kit jardin miniature (Design et r\u00e9alisation des meubles miniatures en bois \u00e0 la d\u00e9coupe laser en 2017) : &nbsp; Petit terrarium en bonbonni\u00e8re (2016) : Second jardin miniature, r\u00e9alis\u00e9 en 2016. Design et r\u00e9alisation des meubles miniatures en bois \u00e0 la d\u00e9coupe laser : \u2026 <a class=\"continue-reading-link\" href=\"http:\/\/imaginailes.fr\/automne\/matieres-et-vivant\/terrariums-et-jardins-miniatures-2\/\"> Continue reading <span class=\"meta-nav\">&rarr; <\/span><\/a><\/p>\n","protected":false},"author":1,"featured_media":0,"parent":268,"menu_order":0,"comment_status":"closed","ping_status":"closed","template":"","meta":{"footnotes":""},"class_list":["post-507","page","type-page","status-publish","hentry"],"_links":{"self":[{"href":"http:\/\/imaginailes.fr\/automne\/wp-json\/wp\/v2\/pages\/507","targetHints":{"allow":["GET"]}}],"collection":[{"href":"http:\/\/imaginailes.fr\/automne\/wp-json\/wp\/v2\/pages"}],"about":[{"href":"http:\/\/imaginailes.fr\/automne\/wp-json\/wp\/v2\/types\/page"}],"author":[{"embeddable":true,"href":"http:\/\/imaginailes.fr\/automne\/wp-json\/wp\/v2\/users\/1"}],"replies":[{"embeddable":true,"href":"http:\/\/imaginailes.fr\/automne\/wp-json\/wp\/v2\/comments?post=507"}],"version-history":[{"count":4,"href":"http:\/\/imaginailes.fr\/automne\/wp-json\/wp\/v2\/pages\/507\/revisions"}],"predecessor-version":[{"id":551,"href":"http:\/\/imaginailes.fr\/automne\/wp-json\/wp\/v2\/pages\/507\/revisions\/551"}],"up":[{"embeddable":true,"href":"http:\/\/imaginailes.fr\/automne\/wp-json\/wp\/v2\/pages\/268"}],"wp:attachment":[{"href":"http:\/\/imaginailes.fr\/automne\/wp-json\/wp\/v2\/media?parent=507"}],"curies":[{"name":"wp","href":"https:\/\/api.w.org\/{rel}","templated":true}]}}