{"id":509,"date":"2018-07-24T13:37:44","date_gmt":"2018-07-24T12:37:44","guid":{"rendered":"http:\/\/imaginailes.fr\/automne\/?page_id=509"},"modified":"2020-01-24T17:00:21","modified_gmt":"2020-01-24T16:00:21","slug":"couture-bijoux-et-costumes-2","status":"publish","type":"page","link":"http:\/\/imaginailes.fr\/automne\/matieres-et-vivant\/couture-bijoux-et-costumes-2\/","title":{"rendered":"Costumes et bijoux"},"content":{"rendered":"<h3>Reconstitution historique<\/h3>\n<p>Tenue m\u00e9di\u00e9vale du XIIe si\u00e8cle faite main (printemps 2017).<\/p>\n\n\t\t<style type=\"text\/css\">\n\t\t\t#gallery-1 {\n\t\t\t\tmargin: auto;\n\t\t\t}\n\t\t\t#gallery-1 .gallery-item {\n\t\t\t\tfloat: left;\n\t\t\t\tmargin-top: 10px;\n\t\t\t\ttext-align: center;\n\t\t\t\twidth: 16%;\n\t\t\t}\n\t\t\t#gallery-1 img {\n\t\t\t\tborder: 2px solid #cfcfcf;\n\t\t\t}\n\t\t\t#gallery-1 .gallery-caption {\n\t\t\t\tmargin-left: 0;\n\t\t\t}\n\t\t\t\/* see gallery_shortcode() in wp-includes\/media.php *\/\n\t\t<\/style>\n\t\t<div id='gallery-1' class='gallery galleryid-509 gallery-columns-6 gallery-size-thumbnail'><dl class='gallery-item'>\n\t\t\t<dt class='gallery-icon portrait'>\n\t\t\t\t<a href='http:\/\/imaginailes.fr\/automne\/matieres-et-vivant\/couture-bijoux-et-costumes-2\/reconstitution-historique-xiie-siecle-1\/'><img loading=\"lazy\" decoding=\"async\" width=\"150\" height=\"150\" src=\"http:\/\/imaginailes.fr\/automne\/wp-content\/uploads\/2018\/08\/reconstitution-historique-XIIe-siecle-1-150x150.jpg\" class=\"attachment-thumbnail size-thumbnail\" alt=\"\" aria-describedby=\"gallery-1-608\" \/><\/a>\n\t\t\t<\/dt>\n\t\t\t\t<dd class='wp-caption-text gallery-caption' id='gallery-1-608'>\n\t\t\t\tHabillage : premi\u00e8re \u00e9tape.\nRobe en lin gris, cousue main\n\t\t\t\t<\/dd><\/dl><dl class='gallery-item'>\n\t\t\t<dt class='gallery-icon portrait'>\n\t\t\t\t<a href='http:\/\/imaginailes.fr\/automne\/matieres-et-vivant\/couture-bijoux-et-costumes-2\/reconstitution-historique-xiie-siecle-2\/'><img loading=\"lazy\" decoding=\"async\" width=\"150\" height=\"150\" src=\"http:\/\/imaginailes.fr\/automne\/wp-content\/uploads\/2018\/08\/reconstitution-historique-XIIe-siecle-2-150x150.jpg\" class=\"attachment-thumbnail size-thumbnail\" alt=\"\" aria-describedby=\"gallery-1-609\" \/><\/a>\n\t\t\t<\/dt>\n\t\t\t\t<dd class='wp-caption-text gallery-caption' id='gallery-1-609'>\n\t\t\t\tHabillage : seconde \u00e9tape \u00e9tape.\nRobe en lin teinte en bleu et cousue main\n\t\t\t\t<\/dd><\/dl><dl class='gallery-item'>\n\t\t\t<dt class='gallery-icon portrait'>\n\t\t\t\t<a href='http:\/\/imaginailes.fr\/automne\/matieres-et-vivant\/couture-bijoux-et-costumes-2\/reconstitution-historique-xiie-siecle-3\/'><img loading=\"lazy\" decoding=\"async\" width=\"150\" height=\"150\" src=\"http:\/\/imaginailes.fr\/automne\/wp-content\/uploads\/2018\/08\/reconstitution-historique-XIIe-siecle-3-150x150.jpg\" class=\"attachment-thumbnail size-thumbnail\" alt=\"\" aria-describedby=\"gallery-1-610\" \/><\/a>\n\t\t\t<\/dt>\n\t\t\t\t<dd class='wp-caption-text gallery-caption' id='gallery-1-610'>\n\t\t\t\tHabillage : troisi\u00e8me \u00e9tape.\nCeinture, bourse et voile faits main. Et une couronne en laiton pour parfaire le tout.\n\t\t\t\t<\/dd><\/dl><dl class='gallery-item'>\n\t\t\t<dt class='gallery-icon portrait'>\n\t\t\t\t<a href='http:\/\/imaginailes.fr\/automne\/matieres-et-vivant\/couture-bijoux-et-costumes-2\/reconstitution-historique-xiie-siecle-4\/'><img loading=\"lazy\" decoding=\"async\" width=\"150\" height=\"150\" src=\"http:\/\/imaginailes.fr\/automne\/wp-content\/uploads\/2018\/08\/reconstitution-historique-XIIe-siecle-4-150x150.jpg\" class=\"attachment-thumbnail size-thumbnail\" alt=\"\" aria-describedby=\"gallery-1-611\" \/><\/a>\n\t\t\t<\/dt>\n\t\t\t\t<dd class='wp-caption-text gallery-caption' id='gallery-1-611'>\n\t\t\t\tHabillage : derni\u00e8re \u00e9tape.\nCape \u00e0 capuche en laine grise, cousue main\n\t\t\t\t<\/dd><\/dl><dl class='gallery-item'>\n\t\t\t<dt class='gallery-icon portrait'>\n\t\t\t\t<a href='http:\/\/imaginailes.fr\/automne\/matieres-et-vivant\/couture-bijoux-et-costumes-2\/reconstitution-historique-xiie-siecle-5\/'><img loading=\"lazy\" decoding=\"async\" width=\"150\" height=\"150\" src=\"http:\/\/imaginailes.fr\/automne\/wp-content\/uploads\/2018\/08\/reconstitution-historique-XIIe-siecle-5-150x150.jpg\" class=\"attachment-thumbnail size-thumbnail\" alt=\"\" aria-describedby=\"gallery-1-612\" \/><\/a>\n\t\t\t<\/dt>\n\t\t\t\t<dd class='wp-caption-text gallery-caption' id='gallery-1-612'>\n\t\t\t\tTenue compl\u00e8te avec la cape ouverte. Et un joli d\u00e9cor en arri\u00e8re plan. Photo prise \u00e0 la coll\u00e9giale de Picquigny.\n\t\t\t\t<\/dd><\/dl><dl class='gallery-item'>\n\t\t\t<dt class='gallery-icon portrait'>\n\t\t\t\t<a href='http:\/\/imaginailes.fr\/automne\/matieres-et-vivant\/couture-bijoux-et-costumes-2\/reconstitution-historique-xiie-siecle-6\/'><img loading=\"lazy\" decoding=\"async\" width=\"150\" height=\"150\" src=\"http:\/\/imaginailes.fr\/automne\/wp-content\/uploads\/2018\/08\/reconstitution-historique-XIIe-siecle-6-150x150.jpg\" class=\"attachment-thumbnail size-thumbnail\" alt=\"\" aria-describedby=\"gallery-1-613\" \/><\/a>\n\t\t\t<\/dt>\n\t\t\t\t<dd class='wp-caption-text gallery-caption' id='gallery-1-613'>\n\t\t\t\tBallade au pied des murs de la coll\u00e9giale de Picquigny\n\t\t\t\t<\/dd><\/dl><br style=\"clear: both\" \/>\n\t\t<\/div>\n\n<h3>Costumes sur le th\u00e8me \u00ab\u00a0Chaperon\u00a0\u00bb<\/h3>\n<p>Costume de chaperon rouge chasseur : Sur cette tenue, la capeline r\u00e9versible rouge\/noire, la jupe rouge et les bijoux sont faits main par mes soins (printemps 2017).<\/p>\n\n\t\t<style type=\"text\/css\">\n\t\t\t#gallery-2 {\n\t\t\t\tmargin: auto;\n\t\t\t}\n\t\t\t#gallery-2 .gallery-item {\n\t\t\t\tfloat: left;\n\t\t\t\tmargin-top: 10px;\n\t\t\t\ttext-align: center;\n\t\t\t\twidth: 20%;\n\t\t\t}\n\t\t\t#gallery-2 img {\n\t\t\t\tborder: 2px solid #cfcfcf;\n\t\t\t}\n\t\t\t#gallery-2 .gallery-caption {\n\t\t\t\tmargin-left: 0;\n\t\t\t}\n\t\t\t\/* see gallery_shortcode() in wp-includes\/media.php *\/\n\t\t<\/style>\n\t\t<div id='gallery-2' class='gallery galleryid-509 gallery-columns-5 gallery-size-thumbnail'><dl class='gallery-item'>\n\t\t\t<dt class='gallery-icon portrait'>\n\t\t\t\t<a href='http:\/\/imaginailes.fr\/automne\/matieres-et-vivant\/couture-bijoux-et-costumes-2\/chaperon2\/'><img loading=\"lazy\" decoding=\"async\" width=\"150\" height=\"150\" src=\"http:\/\/imaginailes.fr\/automne\/wp-content\/uploads\/2018\/10\/Chaperon2-150x150.jpg\" class=\"attachment-thumbnail size-thumbnail\" alt=\"\" \/><\/a>\n\t\t\t<\/dt><\/dl><dl class='gallery-item'>\n\t\t\t<dt class='gallery-icon portrait'>\n\t\t\t\t<a href='http:\/\/imaginailes.fr\/automne\/matieres-et-vivant\/couture-bijoux-et-costumes-2\/chaperon1\/'><img loading=\"lazy\" decoding=\"async\" width=\"150\" height=\"150\" src=\"http:\/\/imaginailes.fr\/automne\/wp-content\/uploads\/2018\/10\/Chaperon1-150x150.jpg\" class=\"attachment-thumbnail size-thumbnail\" alt=\"\" \/><\/a>\n\t\t\t<\/dt><\/dl><dl class='gallery-item'>\n\t\t\t<dt class='gallery-icon portrait'>\n\t\t\t\t<a href='http:\/\/imaginailes.fr\/automne\/matieres-et-vivant\/couture-bijoux-et-costumes-2\/chaperon3\/'><img loading=\"lazy\" decoding=\"async\" width=\"150\" height=\"150\" src=\"http:\/\/imaginailes.fr\/automne\/wp-content\/uploads\/2018\/10\/Chaperon3-150x150.jpg\" class=\"attachment-thumbnail size-thumbnail\" alt=\"\" \/><\/a>\n\t\t\t<\/dt><\/dl><dl class='gallery-item'>\n\t\t\t<dt class='gallery-icon portrait'>\n\t\t\t\t<a href='http:\/\/imaginailes.fr\/automne\/matieres-et-vivant\/couture-bijoux-et-costumes-2\/chaperon4\/'><img loading=\"lazy\" decoding=\"async\" width=\"150\" height=\"150\" src=\"http:\/\/imaginailes.fr\/automne\/wp-content\/uploads\/2018\/10\/Chaperon4-150x150.jpg\" class=\"attachment-thumbnail size-thumbnail\" alt=\"\" \/><\/a>\n\t\t\t<\/dt><\/dl><dl class='gallery-item'>\n\t\t\t<dt class='gallery-icon landscape'>\n\t\t\t\t<a href='http:\/\/imaginailes.fr\/automne\/matieres-et-vivant\/couture-bijoux-et-costumes-2\/chaperons1\/'><img loading=\"lazy\" decoding=\"async\" width=\"150\" height=\"150\" src=\"http:\/\/imaginailes.fr\/automne\/wp-content\/uploads\/2018\/10\/Chaperons1-150x150.jpg\" class=\"attachment-thumbnail size-thumbnail\" alt=\"\" \/><\/a>\n\t\t\t<\/dt><\/dl><br style=\"clear: both\" \/>\n\t\t<\/div>\n\n<p>Costume de sorci\u00e8re : Sur cette tenue, la capeline r\u00e9versible rouge\/noire et les bijoux sont faits main par mes soins (printemps 2017).<\/p>\n\n\t\t<style type=\"text\/css\">\n\t\t\t#gallery-3 {\n\t\t\t\tmargin: auto;\n\t\t\t}\n\t\t\t#gallery-3 .gallery-item {\n\t\t\t\tfloat: left;\n\t\t\t\tmargin-top: 10px;\n\t\t\t\ttext-align: center;\n\t\t\t\twidth: 25%;\n\t\t\t}\n\t\t\t#gallery-3 img {\n\t\t\t\tborder: 2px solid #cfcfcf;\n\t\t\t}\n\t\t\t#gallery-3 .gallery-caption {\n\t\t\t\tmargin-left: 0;\n\t\t\t}\n\t\t\t\/* see gallery_shortcode() in wp-includes\/media.php *\/\n\t\t<\/style>\n\t\t<div id='gallery-3' class='gallery galleryid-509 gallery-columns-4 gallery-size-thumbnail'><dl class='gallery-item'>\n\t\t\t<dt class='gallery-icon portrait'>\n\t\t\t\t<a href='http:\/\/imaginailes.fr\/automne\/matieres-et-vivant\/couture-bijoux-et-costumes-2\/sorciere-4\/'><img loading=\"lazy\" decoding=\"async\" width=\"150\" height=\"150\" src=\"http:\/\/imaginailes.fr\/automne\/wp-content\/uploads\/2018\/10\/sorci\u00e8re-4-150x150.jpg\" class=\"attachment-thumbnail size-thumbnail\" alt=\"\" \/><\/a>\n\t\t\t<\/dt><\/dl><dl class='gallery-item'>\n\t\t\t<dt class='gallery-icon portrait'>\n\t\t\t\t<a href='http:\/\/imaginailes.fr\/automne\/matieres-et-vivant\/couture-bijoux-et-costumes-2\/sorciere-3\/'><img loading=\"lazy\" decoding=\"async\" width=\"150\" height=\"150\" src=\"http:\/\/imaginailes.fr\/automne\/wp-content\/uploads\/2018\/10\/sorci\u00e8re-3-150x150.jpg\" class=\"attachment-thumbnail size-thumbnail\" alt=\"\" \/><\/a>\n\t\t\t<\/dt><\/dl><dl class='gallery-item'>\n\t\t\t<dt class='gallery-icon portrait'>\n\t\t\t\t<a href='http:\/\/imaginailes.fr\/automne\/matieres-et-vivant\/couture-bijoux-et-costumes-2\/sorciere-1\/'><img loading=\"lazy\" decoding=\"async\" width=\"150\" height=\"150\" src=\"http:\/\/imaginailes.fr\/automne\/wp-content\/uploads\/2018\/10\/sorci\u00e8re-1-150x150.jpg\" class=\"attachment-thumbnail size-thumbnail\" alt=\"\" \/><\/a>\n\t\t\t<\/dt><\/dl><dl class='gallery-item'>\n\t\t\t<dt class='gallery-icon portrait'>\n\t\t\t\t<a href='http:\/\/imaginailes.fr\/automne\/matieres-et-vivant\/couture-bijoux-et-costumes-2\/sorciere-2\/'><img loading=\"lazy\" decoding=\"async\" width=\"150\" height=\"150\" src=\"http:\/\/imaginailes.fr\/automne\/wp-content\/uploads\/2018\/10\/sorci\u00e8re-2-150x150.jpg\" class=\"attachment-thumbnail size-thumbnail\" alt=\"\" \/><\/a>\n\t\t\t<\/dt><\/dl><br style=\"clear: both\" \/>\n\t\t<\/div>\n\n<h3>Bijoux en tout genre.<\/h3>\n\n\t\t<style type=\"text\/css\">\n\t\t\t#gallery-4 {\n\t\t\t\tmargin: auto;\n\t\t\t}\n\t\t\t#gallery-4 .gallery-item {\n\t\t\t\tfloat: left;\n\t\t\t\tmargin-top: 10px;\n\t\t\t\ttext-align: center;\n\t\t\t\twidth: 25%;\n\t\t\t}\n\t\t\t#gallery-4 img {\n\t\t\t\tborder: 2px solid #cfcfcf;\n\t\t\t}\n\t\t\t#gallery-4 .gallery-caption {\n\t\t\t\tmargin-left: 0;\n\t\t\t}\n\t\t\t\/* see gallery_shortcode() in wp-includes\/media.php *\/\n\t\t<\/style>\n\t\t<div id='gallery-4' class='gallery galleryid-509 gallery-columns-4 gallery-size-thumbnail'><dl class='gallery-item'>\n\t\t\t<dt class='gallery-icon portrait'>\n\t\t\t\t<a href='http:\/\/imaginailes.fr\/automne\/matieres-et-vivant\/couture-bijoux-et-costumes-2\/bijou1\/'><img loading=\"lazy\" decoding=\"async\" width=\"150\" height=\"150\" src=\"http:\/\/imaginailes.fr\/automne\/wp-content\/uploads\/2018\/10\/bijou1-150x150.jpg\" class=\"attachment-thumbnail size-thumbnail\" alt=\"\" aria-describedby=\"gallery-4-852\" \/><\/a>\n\t\t\t<\/dt>\n\t\t\t\t<dd class='wp-caption-text gallery-caption' id='gallery-4-852'>\n\t\t\t\tColier de cuir d\u00e9coup\u00e9 au laser\n\t\t\t\t<\/dd><\/dl><dl class='gallery-item'>\n\t\t\t<dt class='gallery-icon portrait'>\n\t\t\t\t<a href='http:\/\/imaginailes.fr\/automne\/matieres-et-vivant\/couture-bijoux-et-costumes-2\/bijou2\/'><img loading=\"lazy\" decoding=\"async\" width=\"150\" height=\"150\" src=\"http:\/\/imaginailes.fr\/automne\/wp-content\/uploads\/2018\/10\/bijou2-150x150.jpg\" class=\"attachment-thumbnail size-thumbnail\" alt=\"\" aria-describedby=\"gallery-4-853\" \/><\/a>\n\t\t\t<\/dt>\n\t\t\t\t<dd class='wp-caption-text gallery-caption' id='gallery-4-853'>\n\t\t\t\tCollier et boucles d&rsquo;oreilles en quartz rose et argent.\n\t\t\t\t<\/dd><\/dl><dl class='gallery-item'>\n\t\t\t<dt class='gallery-icon landscape'>\n\t\t\t\t<a href='http:\/\/imaginailes.fr\/automne\/matieres-et-vivant\/couture-bijoux-et-costumes-2\/bijou3\/'><img loading=\"lazy\" decoding=\"async\" width=\"150\" height=\"150\" src=\"http:\/\/imaginailes.fr\/automne\/wp-content\/uploads\/2018\/10\/bijou3-150x150.jpg\" class=\"attachment-thumbnail size-thumbnail\" alt=\"\" aria-describedby=\"gallery-4-854\" \/><\/a>\n\t\t\t<\/dt>\n\t\t\t\t<dd class='wp-caption-text gallery-caption' id='gallery-4-854'>\n\t\t\t\tdeux bracelets en quartz rose et argent.\n\t\t\t\t<\/dd><\/dl><dl class='gallery-item'>\n\t\t\t<dt class='gallery-icon landscape'>\n\t\t\t\t<a href='http:\/\/imaginailes.fr\/automne\/matieres-et-vivant\/couture-bijoux-et-costumes-2\/bijou4\/'><img loading=\"lazy\" decoding=\"async\" width=\"150\" height=\"150\" src=\"http:\/\/imaginailes.fr\/automne\/wp-content\/uploads\/2018\/10\/bijou4-150x150.jpg\" class=\"attachment-thumbnail size-thumbnail\" alt=\"\" aria-describedby=\"gallery-4-855\" \/><\/a>\n\t\t\t<\/dt>\n\t\t\t\t<dd class='wp-caption-text gallery-caption' id='gallery-4-855'>\n\t\t\t\tPince \u00e0 cheveux en tissu, perles et plumes\n\t\t\t\t<\/dd><\/dl><br style=\"clear: both\" \/><dl class='gallery-item'>\n\t\t\t<dt class='gallery-icon portrait'>\n\t\t\t\t<a href='http:\/\/imaginailes.fr\/automne\/matieres-et-vivant\/couture-bijoux-et-costumes-2\/img_4432\/'><img loading=\"lazy\" decoding=\"async\" width=\"150\" height=\"150\" src=\"http:\/\/imaginailes.fr\/automne\/wp-content\/uploads\/2018\/10\/IMG_4432-150x150.jpg\" class=\"attachment-thumbnail size-thumbnail\" alt=\"\" aria-describedby=\"gallery-4-857\" \/><\/a>\n\t\t\t<\/dt>\n\t\t\t\t<dd class='wp-caption-text gallery-caption' id='gallery-4-857'>\n\t\t\t\tCollier \u00ab\u00a0givre\u00a0\u00bb en cristal swarovsky\n\t\t\t\t<\/dd><\/dl><dl class='gallery-item'>\n\t\t\t<dt class='gallery-icon portrait'>\n\t\t\t\t<a href='http:\/\/imaginailes.fr\/automne\/matieres-et-vivant\/couture-bijoux-et-costumes-2\/img_4076\/'><img loading=\"lazy\" decoding=\"async\" width=\"150\" height=\"150\" src=\"http:\/\/imaginailes.fr\/automne\/wp-content\/uploads\/2018\/10\/IMG_4076-150x150.jpg\" class=\"attachment-thumbnail size-thumbnail\" alt=\"\" aria-describedby=\"gallery-4-858\" \/><\/a>\n\t\t\t<\/dt>\n\t\t\t\t<dd class='wp-caption-text gallery-caption' id='gallery-4-858'>\n\t\t\t\tBracelet \u00ab\u00a0nuit\u00a0\u00bb en cristal swarovsky\n\t\t\t\t<\/dd><\/dl><dl class='gallery-item'>\n\t\t\t<dt class='gallery-icon landscape'>\n\t\t\t\t<a href='http:\/\/imaginailes.fr\/automne\/matieres-et-vivant\/couture-bijoux-et-costumes-2\/img_4077\/'><img loading=\"lazy\" decoding=\"async\" width=\"150\" height=\"150\" src=\"http:\/\/imaginailes.fr\/automne\/wp-content\/uploads\/2018\/10\/IMG_4077-150x150.jpg\" class=\"attachment-thumbnail size-thumbnail\" alt=\"\" aria-describedby=\"gallery-4-856\" \/><\/a>\n\t\t\t<\/dt>\n\t\t\t\t<dd class='wp-caption-text gallery-caption' id='gallery-4-856'>\n\t\t\t\tCollier \u00ab\u00a0nuit\u00a0\u00bb en cristal swarovsky\n\t\t\t\t<\/dd><\/dl>\n\t\t\t<br style='clear: both' \/>\n\t\t<\/div>\n\n","protected":false},"excerpt":{"rendered":"<p>Reconstitution historique Tenue m\u00e9di\u00e9vale du XIIe si\u00e8cle faite main (printemps 2017). Costumes sur le th\u00e8me \u00ab\u00a0Chaperon\u00a0\u00bb Costume de chaperon rouge chasseur : Sur cette tenue, la capeline r\u00e9versible rouge\/noire, la jupe rouge et les bijoux sont faits main par mes soins (printemps 2017). Costume de sorci\u00e8re : Sur cette tenue, \u2026 <a class=\"continue-reading-link\" href=\"http:\/\/imaginailes.fr\/automne\/matieres-et-vivant\/couture-bijoux-et-costumes-2\/\"> Continue reading <span class=\"meta-nav\">&rarr; <\/span><\/a><\/p>\n","protected":false},"author":1,"featured_media":0,"parent":268,"menu_order":0,"comment_status":"closed","ping_status":"closed","template":"","meta":{"footnotes":""},"class_list":["post-509","page","type-page","status-publish","hentry"],"_links":{"self":[{"href":"http:\/\/imaginailes.fr\/automne\/wp-json\/wp\/v2\/pages\/509","targetHints":{"allow":["GET"]}}],"collection":[{"href":"http:\/\/imaginailes.fr\/automne\/wp-json\/wp\/v2\/pages"}],"about":[{"href":"http:\/\/imaginailes.fr\/automne\/wp-json\/wp\/v2\/types\/page"}],"author":[{"embeddable":true,"href":"http:\/\/imaginailes.fr\/automne\/wp-json\/wp\/v2\/users\/1"}],"replies":[{"embeddable":true,"href":"http:\/\/imaginailes.fr\/automne\/wp-json\/wp\/v2\/comments?post=509"}],"version-history":[{"count":17,"href":"http:\/\/imaginailes.fr\/automne\/wp-json\/wp\/v2\/pages\/509\/revisions"}],"predecessor-version":[{"id":1001,"href":"http:\/\/imaginailes.fr\/automne\/wp-json\/wp\/v2\/pages\/509\/revisions\/1001"}],"up":[{"embeddable":true,"href":"http:\/\/imaginailes.fr\/automne\/wp-json\/wp\/v2\/pages\/268"}],"wp:attachment":[{"href":"http:\/\/imaginailes.fr\/automne\/wp-json\/wp\/v2\/media?parent=509"}],"curies":[{"name":"wp","href":"https:\/\/api.w.org\/{rel}","templated":true}]}}