{"id":515,"date":"2018-07-24T13:38:25","date_gmt":"2018-07-24T12:38:25","guid":{"rendered":"http:\/\/imaginailes.fr\/automne\/?page_id=515"},"modified":"2020-02-02T08:54:11","modified_gmt":"2020-02-02T07:54:11","slug":"poupees-dart","status":"publish","type":"page","link":"http:\/\/imaginailes.fr\/automne\/matieres-et-vivant\/poupees-dart\/","title":{"rendered":"Poup\u00e9es d&rsquo;art"},"content":{"rendered":"<p>Depuis 2009, j&rsquo;ai beaucoup travaill\u00e9 sur la cr\u00e9ation de poup\u00e9es d&rsquo;art en r\u00e9sine : les BJD. Vous pouvez trouver tout au sujet de la cr\u00e9ation et l&rsquo;univers de ces poup\u00e9es sur leur site :<\/p>\n<p><a href=\"http:\/\/galatees.imaginailes.fr\/\"><img loading=\"lazy\" decoding=\"async\" class=\"aligncenter wp-image-815\" src=\"http:\/\/imaginailes.fr\/automne\/wp-content\/uploads\/2018\/10\/visuel-galatees.png\" alt=\"\" width=\"500\" height=\"335\" srcset=\"http:\/\/imaginailes.fr\/automne\/wp-content\/uploads\/2018\/10\/visuel-galatees.png 880w, http:\/\/imaginailes.fr\/automne\/wp-content\/uploads\/2018\/10\/visuel-galatees-300x201.png 300w, http:\/\/imaginailes.fr\/automne\/wp-content\/uploads\/2018\/10\/visuel-galatees-768x515.png 768w, http:\/\/imaginailes.fr\/automne\/wp-content\/uploads\/2018\/10\/visuel-galatees-150x101.png 150w, http:\/\/imaginailes.fr\/automne\/wp-content\/uploads\/2018\/10\/visuel-galatees-224x150.png 224w\" sizes=\"auto, (max-width: 500px) 100vw, 500px\" \/><\/a><\/p>\n<p>Et dans un autre registre, je me suis attel\u00e9e depuis 2007 \u00e0 la cr\u00e9ation d&rsquo;autres types de poup\u00e9es d&rsquo;art: des animaux semi rigides en fausse fourrure.<\/p>\n<p><a href=\"http:\/\/imaginailes.fr\/automne\/matieres-et-vivant\/poupees-dart\/creatures-de-fourrure\/\"><img loading=\"lazy\" decoding=\"async\" class=\"aligncenter wp-image-803\" src=\"http:\/\/imaginailes.fr\/automne\/wp-content\/uploads\/2018\/10\/26198014_1189562244509584_2391804721235269362_o-300x221.jpg\" alt=\"\" width=\"500\" height=\"368\" srcset=\"http:\/\/imaginailes.fr\/automne\/wp-content\/uploads\/2018\/10\/26198014_1189562244509584_2391804721235269362_o-300x221.jpg 300w, http:\/\/imaginailes.fr\/automne\/wp-content\/uploads\/2018\/10\/26198014_1189562244509584_2391804721235269362_o-768x565.jpg 768w, http:\/\/imaginailes.fr\/automne\/wp-content\/uploads\/2018\/10\/26198014_1189562244509584_2391804721235269362_o-150x110.jpg 150w, http:\/\/imaginailes.fr\/automne\/wp-content\/uploads\/2018\/10\/26198014_1189562244509584_2391804721235269362_o-204x150.jpg 204w, http:\/\/imaginailes.fr\/automne\/wp-content\/uploads\/2018\/10\/26198014_1189562244509584_2391804721235269362_o.jpg 1000w\" sizes=\"auto, (max-width: 500px) 100vw, 500px\" \/><\/a><\/p>\n","protected":false},"excerpt":{"rendered":"<p>Depuis 2009, j&rsquo;ai beaucoup travaill\u00e9 sur la cr\u00e9ation de poup\u00e9es d&rsquo;art en r\u00e9sine : les BJD. Vous pouvez trouver tout au sujet de la cr\u00e9ation et l&rsquo;univers de ces poup\u00e9es sur leur site : Et dans un autre registre, je me suis attel\u00e9e depuis 2007 \u00e0 la cr\u00e9ation d&rsquo;autres types \u2026 <a class=\"continue-reading-link\" href=\"http:\/\/imaginailes.fr\/automne\/matieres-et-vivant\/poupees-dart\/\"> Continue reading <span class=\"meta-nav\">&rarr; <\/span><\/a><\/p>\n","protected":false},"author":1,"featured_media":0,"parent":268,"menu_order":0,"comment_status":"closed","ping_status":"closed","template":"","meta":{"footnotes":""},"class_list":["post-515","page","type-page","status-publish","hentry"],"_links":{"self":[{"href":"http:\/\/imaginailes.fr\/automne\/wp-json\/wp\/v2\/pages\/515","targetHints":{"allow":["GET"]}}],"collection":[{"href":"http:\/\/imaginailes.fr\/automne\/wp-json\/wp\/v2\/pages"}],"about":[{"href":"http:\/\/imaginailes.fr\/automne\/wp-json\/wp\/v2\/types\/page"}],"author":[{"embeddable":true,"href":"http:\/\/imaginailes.fr\/automne\/wp-json\/wp\/v2\/users\/1"}],"replies":[{"embeddable":true,"href":"http:\/\/imaginailes.fr\/automne\/wp-json\/wp\/v2\/comments?post=515"}],"version-history":[{"count":6,"href":"http:\/\/imaginailes.fr\/automne\/wp-json\/wp\/v2\/pages\/515\/revisions"}],"predecessor-version":[{"id":1080,"href":"http:\/\/imaginailes.fr\/automne\/wp-json\/wp\/v2\/pages\/515\/revisions\/1080"}],"up":[{"embeddable":true,"href":"http:\/\/imaginailes.fr\/automne\/wp-json\/wp\/v2\/pages\/268"}],"wp:attachment":[{"href":"http:\/\/imaginailes.fr\/automne\/wp-json\/wp\/v2\/media?parent=515"}],"curies":[{"name":"wp","href":"https:\/\/api.w.org\/{rel}","templated":true}]}}