{"id":538,"date":"2018-07-30T12:42:01","date_gmt":"2018-07-30T11:42:01","guid":{"rendered":"http:\/\/imaginailes.fr\/automne\/?page_id=538"},"modified":"2019-06-03T19:58:40","modified_gmt":"2019-06-03T18:58:40","slug":"nourriture-et-festivites","status":"publish","type":"page","link":"http:\/\/imaginailes.fr\/automne\/matieres-et-vivant\/nourriture-et-festivites\/","title":{"rendered":"Nourriture et festivit\u00e9s"},"content":{"rendered":"<h3>Emballages cadeau en tissus faits main.<\/h3>\n<div class=\"text_exposed_show\">\n<p>On conna\u00eet tous la sempiternelle \u00ab\u00a0boule de papier cadeau g\u00e9ante du 25 d\u00e9cembre\u00a0\u00bb qui fini par remplir un, voire deux sacs poubelle entiers le lendemain. Les papier cadeaux sont souvent plastifi\u00e9s, paillet\u00e9s, brillants, et donc partiellement non biod\u00e9gradables. Le paquet en tissu est une alternative \u00e9cologique. Il a vocation a \u00eatre r\u00e9utilis\u00e9, transmis de main en main. Celui qui se le fait offrir l&rsquo;utilise \u00e0 son tour et ainsi de suite. C&rsquo;est un bon moyen de r\u00e9duire la production de d\u00e9chets.<\/p>\n<\/div>\n\n\t\t<style type=\"text\/css\">\n\t\t\t#gallery-1 {\n\t\t\t\tmargin: auto;\n\t\t\t}\n\t\t\t#gallery-1 .gallery-item {\n\t\t\t\tfloat: left;\n\t\t\t\tmargin-top: 10px;\n\t\t\t\ttext-align: center;\n\t\t\t\twidth: 33%;\n\t\t\t}\n\t\t\t#gallery-1 img {\n\t\t\t\tborder: 2px solid #cfcfcf;\n\t\t\t}\n\t\t\t#gallery-1 .gallery-caption {\n\t\t\t\tmargin-left: 0;\n\t\t\t}\n\t\t\t\/* see gallery_shortcode() in wp-includes\/media.php *\/\n\t\t<\/style>\n\t\t<div id='gallery-1' class='gallery galleryid-538 gallery-columns-3 gallery-size-thumbnail'><dl class='gallery-item'>\n\t\t\t<dt class='gallery-icon portrait'>\n\t\t\t\t<a href='http:\/\/imaginailes.fr\/automne\/matieres-et-vivant\/nourriture-et-festivites\/pochette-3\/'><img loading=\"lazy\" decoding=\"async\" width=\"150\" height=\"150\" src=\"http:\/\/imaginailes.fr\/automne\/wp-content\/uploads\/2019\/06\/pochette-3-150x150.jpg\" class=\"attachment-thumbnail size-thumbnail\" alt=\"\" \/><\/a>\n\t\t\t<\/dt><\/dl><dl class='gallery-item'>\n\t\t\t<dt class='gallery-icon landscape'>\n\t\t\t\t<a href='http:\/\/imaginailes.fr\/automne\/matieres-et-vivant\/nourriture-et-festivites\/pochette-4\/'><img loading=\"lazy\" decoding=\"async\" width=\"150\" height=\"150\" src=\"http:\/\/imaginailes.fr\/automne\/wp-content\/uploads\/2019\/06\/pochette-4-150x150.jpg\" class=\"attachment-thumbnail size-thumbnail\" alt=\"\" \/><\/a>\n\t\t\t<\/dt><\/dl><dl class='gallery-item'>\n\t\t\t<dt class='gallery-icon landscape'>\n\t\t\t\t<a href='http:\/\/imaginailes.fr\/automne\/matieres-et-vivant\/nourriture-et-festivites\/hiboux-1\/'><img loading=\"lazy\" decoding=\"async\" width=\"150\" height=\"150\" src=\"http:\/\/imaginailes.fr\/automne\/wp-content\/uploads\/2019\/06\/hiboux-1-150x150.jpg\" class=\"attachment-thumbnail size-thumbnail\" alt=\"\" \/><\/a>\n\t\t\t<\/dt><\/dl><br style=\"clear: both\" \/><dl class='gallery-item'>\n\t\t\t<dt class='gallery-icon portrait'>\n\t\t\t\t<a href='http:\/\/imaginailes.fr\/automne\/matieres-et-vivant\/nourriture-et-festivites\/hiboux-2\/'><img loading=\"lazy\" decoding=\"async\" width=\"150\" height=\"150\" src=\"http:\/\/imaginailes.fr\/automne\/wp-content\/uploads\/2019\/06\/hiboux-2-150x150.jpg\" class=\"attachment-thumbnail size-thumbnail\" alt=\"\" \/><\/a>\n\t\t\t<\/dt><\/dl><dl class='gallery-item'>\n\t\t\t<dt class='gallery-icon portrait'>\n\t\t\t\t<a href='http:\/\/imaginailes.fr\/automne\/matieres-et-vivant\/nourriture-et-festivites\/pochette-1\/'><img loading=\"lazy\" decoding=\"async\" width=\"150\" height=\"150\" src=\"http:\/\/imaginailes.fr\/automne\/wp-content\/uploads\/2019\/06\/pochette-1-150x150.jpg\" class=\"attachment-thumbnail size-thumbnail\" alt=\"\" \/><\/a>\n\t\t\t<\/dt><\/dl><dl class='gallery-item'>\n\t\t\t<dt class='gallery-icon landscape'>\n\t\t\t\t<a href='http:\/\/imaginailes.fr\/automne\/matieres-et-vivant\/nourriture-et-festivites\/pochette-2\/'><img loading=\"lazy\" decoding=\"async\" width=\"150\" height=\"150\" src=\"http:\/\/imaginailes.fr\/automne\/wp-content\/uploads\/2019\/06\/pochette-2-150x150.jpg\" class=\"attachment-thumbnail size-thumbnail\" alt=\"\" \/><\/a>\n\t\t\t<\/dt><\/dl><br style=\"clear: both\" \/>\n\t\t<\/div>\n\n<h3>Boules de no\u00ebl pour de chocolat chaud faites maison.<\/h3>\n<p>Kits chocolat chaud individuels pour d\u00e9corer le sapin. (no\u00ebl 2017)<\/p>\n\n\t\t<style type=\"text\/css\">\n\t\t\t#gallery-2 {\n\t\t\t\tmargin: auto;\n\t\t\t}\n\t\t\t#gallery-2 .gallery-item {\n\t\t\t\tfloat: left;\n\t\t\t\tmargin-top: 10px;\n\t\t\t\ttext-align: center;\n\t\t\t\twidth: 33%;\n\t\t\t}\n\t\t\t#gallery-2 img {\n\t\t\t\tborder: 2px solid #cfcfcf;\n\t\t\t}\n\t\t\t#gallery-2 .gallery-caption {\n\t\t\t\tmargin-left: 0;\n\t\t\t}\n\t\t\t\/* see gallery_shortcode() in wp-includes\/media.php *\/\n\t\t<\/style>\n\t\t<div id='gallery-2' class='gallery galleryid-538 gallery-columns-3 gallery-size-thumbnail'><dl class='gallery-item'>\n\t\t\t<dt class='gallery-icon portrait'>\n\t\t\t\t<a href='http:\/\/imaginailes.fr\/automne\/matieres-et-vivant\/nourriture-et-festivites\/boules-noel\/'><img loading=\"lazy\" decoding=\"async\" width=\"150\" height=\"150\" src=\"http:\/\/imaginailes.fr\/automne\/wp-content\/uploads\/2018\/10\/boules-noel-150x150.jpg\" class=\"attachment-thumbnail size-thumbnail\" alt=\"\" \/><\/a>\n\t\t\t<\/dt><\/dl>\n\t\t\t<br style='clear: both' \/>\n\t\t<\/div>\n\n<h3>Fioles de chocolat chaud faites maison.<\/h3>\n<p>Kits chocolat chaud individuels \u00e0 l&rsquo;occasion du 1er mai. (2017)<\/p>\n\n\t\t<style type=\"text\/css\">\n\t\t\t#gallery-3 {\n\t\t\t\tmargin: auto;\n\t\t\t}\n\t\t\t#gallery-3 .gallery-item {\n\t\t\t\tfloat: left;\n\t\t\t\tmargin-top: 10px;\n\t\t\t\ttext-align: center;\n\t\t\t\twidth: 33%;\n\t\t\t}\n\t\t\t#gallery-3 img {\n\t\t\t\tborder: 2px solid #cfcfcf;\n\t\t\t}\n\t\t\t#gallery-3 .gallery-caption {\n\t\t\t\tmargin-left: 0;\n\t\t\t}\n\t\t\t\/* see gallery_shortcode() in wp-includes\/media.php *\/\n\t\t<\/style>\n\t\t<div id='gallery-3' class='gallery galleryid-538 gallery-columns-3 gallery-size-thumbnail'><dl class='gallery-item'>\n\t\t\t<dt class='gallery-icon portrait'>\n\t\t\t\t<a href='http:\/\/imaginailes.fr\/automne\/matieres-et-vivant\/nourriture-et-festivites\/fiole-chocolat-1\/'><img loading=\"lazy\" decoding=\"async\" width=\"150\" height=\"150\" src=\"http:\/\/imaginailes.fr\/automne\/wp-content\/uploads\/2018\/08\/fiole-chocolat-1-150x150.jpg\" class=\"attachment-thumbnail size-thumbnail\" alt=\"\" \/><\/a>\n\t\t\t<\/dt><\/dl><dl class='gallery-item'>\n\t\t\t<dt class='gallery-icon portrait'>\n\t\t\t\t<a href='http:\/\/imaginailes.fr\/automne\/matieres-et-vivant\/nourriture-et-festivites\/fiole-chocolat-2\/'><img loading=\"lazy\" decoding=\"async\" width=\"150\" height=\"150\" src=\"http:\/\/imaginailes.fr\/automne\/wp-content\/uploads\/2018\/08\/fiole-chocolat-2-150x150.jpg\" class=\"attachment-thumbnail size-thumbnail\" alt=\"\" \/><\/a>\n\t\t\t<\/dt><\/dl><dl class='gallery-item'>\n\t\t\t<dt class='gallery-icon portrait'>\n\t\t\t\t<a href='http:\/\/imaginailes.fr\/automne\/matieres-et-vivant\/nourriture-et-festivites\/fiole-chocolat-3\/'><img loading=\"lazy\" decoding=\"async\" width=\"150\" height=\"150\" src=\"http:\/\/imaginailes.fr\/automne\/wp-content\/uploads\/2018\/08\/fiole-chocolat-3-150x150.jpg\" class=\"attachment-thumbnail size-thumbnail\" alt=\"\" \/><\/a>\n\t\t\t<\/dt><\/dl><br style=\"clear: both\" \/>\n\t\t<\/div>\n\n<h3>Kit pour chocolat chaud chaud fait maison.<\/h3>\n<p>Avec la recette au dos de l&rsquo;\u00e9tiquette dessin\u00e9e pour l&rsquo;occasion, et une petite cuill\u00e8re remplie de chocolat \u00e0 faire fondre dans le lait chaud.(no\u00ebl 2016)<\/p>\n\n\t\t<style type=\"text\/css\">\n\t\t\t#gallery-4 {\n\t\t\t\tmargin: auto;\n\t\t\t}\n\t\t\t#gallery-4 .gallery-item {\n\t\t\t\tfloat: left;\n\t\t\t\tmargin-top: 10px;\n\t\t\t\ttext-align: center;\n\t\t\t\twidth: 33%;\n\t\t\t}\n\t\t\t#gallery-4 img {\n\t\t\t\tborder: 2px solid #cfcfcf;\n\t\t\t}\n\t\t\t#gallery-4 .gallery-caption {\n\t\t\t\tmargin-left: 0;\n\t\t\t}\n\t\t\t\/* see gallery_shortcode() in wp-includes\/media.php *\/\n\t\t<\/style>\n\t\t<div id='gallery-4' class='gallery galleryid-538 gallery-columns-3 gallery-size-thumbnail'><dl class='gallery-item'>\n\t\t\t<dt class='gallery-icon portrait'>\n\t\t\t\t<a href='http:\/\/imaginailes.fr\/automne\/matieres-et-vivant\/nourriture-et-festivites\/kit-chocolat-chaud-noel-2016\/'><img loading=\"lazy\" decoding=\"async\" width=\"150\" height=\"150\" src=\"http:\/\/imaginailes.fr\/automne\/wp-content\/uploads\/2018\/10\/kit-chocolat-chaud-noel-2016-150x150.jpg\" class=\"attachment-thumbnail size-thumbnail\" alt=\"\" \/><\/a>\n\t\t\t<\/dt><\/dl><dl class='gallery-item'>\n\t\t\t<dt class='gallery-icon portrait'>\n\t\t\t\t<a href='http:\/\/imaginailes.fr\/automne\/matieres-et-vivant\/nourriture-et-festivites\/kit-chocolat-chaud-noel-2016-2\/'><img loading=\"lazy\" decoding=\"async\" width=\"150\" height=\"150\" src=\"http:\/\/imaginailes.fr\/automne\/wp-content\/uploads\/2018\/10\/kit-chocolat-chaud-noel-2016-2-150x150.jpg\" class=\"attachment-thumbnail size-thumbnail\" alt=\"\" \/><\/a>\n\t\t\t<\/dt><\/dl><dl class='gallery-item'>\n\t\t\t<dt class='gallery-icon landscape'>\n\t\t\t\t<a href='http:\/\/imaginailes.fr\/automne\/matieres-et-vivant\/nourriture-et-festivites\/kit-chocolat-chaud-noel-2016-3\/'><img loading=\"lazy\" decoding=\"async\" width=\"150\" height=\"150\" src=\"http:\/\/imaginailes.fr\/automne\/wp-content\/uploads\/2018\/10\/kit-chocolat-chaud-noel-2016-3-150x150.jpg\" class=\"attachment-thumbnail size-thumbnail\" alt=\"\" \/><\/a>\n\t\t\t<\/dt><\/dl><br style=\"clear: both\" \/>\n\t\t<\/div>\n\n<h3>Kit pour cookies fait maison.<\/h3>\n<p>Avec la recette au dos de l&rsquo;\u00e9tiquette dessin\u00e9e pour l&rsquo;occasion et un petit chapeau brod\u00e9 de perles.(no\u00ebl 2016)<\/p>\n\n\t\t<style type=\"text\/css\">\n\t\t\t#gallery-5 {\n\t\t\t\tmargin: auto;\n\t\t\t}\n\t\t\t#gallery-5 .gallery-item {\n\t\t\t\tfloat: left;\n\t\t\t\tmargin-top: 10px;\n\t\t\t\ttext-align: center;\n\t\t\t\twidth: 33%;\n\t\t\t}\n\t\t\t#gallery-5 img {\n\t\t\t\tborder: 2px solid #cfcfcf;\n\t\t\t}\n\t\t\t#gallery-5 .gallery-caption {\n\t\t\t\tmargin-left: 0;\n\t\t\t}\n\t\t\t\/* see gallery_shortcode() in wp-includes\/media.php *\/\n\t\t<\/style>\n\t\t<div id='gallery-5' class='gallery galleryid-538 gallery-columns-3 gallery-size-thumbnail'><dl class='gallery-item'>\n\t\t\t<dt class='gallery-icon portrait'>\n\t\t\t\t<a href='http:\/\/imaginailes.fr\/automne\/matieres-et-vivant\/nourriture-et-festivites\/kit-cookies-2\/'><img loading=\"lazy\" decoding=\"async\" width=\"150\" height=\"150\" src=\"http:\/\/imaginailes.fr\/automne\/wp-content\/uploads\/2018\/10\/kit-cookies-2-150x150.jpg\" class=\"attachment-thumbnail size-thumbnail\" alt=\"\" \/><\/a>\n\t\t\t<\/dt><\/dl><dl class='gallery-item'>\n\t\t\t<dt class='gallery-icon portrait'>\n\t\t\t\t<a href='http:\/\/imaginailes.fr\/automne\/matieres-et-vivant\/nourriture-et-festivites\/kit-cookies\/'><img loading=\"lazy\" decoding=\"async\" width=\"150\" height=\"150\" src=\"http:\/\/imaginailes.fr\/automne\/wp-content\/uploads\/2018\/10\/kit-cookies-150x150.jpg\" class=\"attachment-thumbnail size-thumbnail\" alt=\"\" \/><\/a>\n\t\t\t<\/dt><\/dl>\n\t\t\t<br style='clear: both' \/>\n\t\t<\/div>\n\n<h3>Kit pour vin chaud fait maison.<\/h3>\n<p>Avec la recette au dos de l&rsquo;\u00e9tiquette dessin\u00e9e pour l&rsquo;occasion. La d\u00e9coration du couvercle est faite de bois grav\u00e9 au laser.(no\u00ebl 2016)<\/p>\n\n\t\t<style type=\"text\/css\">\n\t\t\t#gallery-6 {\n\t\t\t\tmargin: auto;\n\t\t\t}\n\t\t\t#gallery-6 .gallery-item {\n\t\t\t\tfloat: left;\n\t\t\t\tmargin-top: 10px;\n\t\t\t\ttext-align: center;\n\t\t\t\twidth: 33%;\n\t\t\t}\n\t\t\t#gallery-6 img {\n\t\t\t\tborder: 2px solid #cfcfcf;\n\t\t\t}\n\t\t\t#gallery-6 .gallery-caption {\n\t\t\t\tmargin-left: 0;\n\t\t\t}\n\t\t\t\/* see gallery_shortcode() in wp-includes\/media.php *\/\n\t\t<\/style>\n\t\t<div id='gallery-6' class='gallery galleryid-538 gallery-columns-3 gallery-size-thumbnail'><dl class='gallery-item'>\n\t\t\t<dt class='gallery-icon landscape'>\n\t\t\t\t<a href='http:\/\/imaginailes.fr\/automne\/matieres-et-vivant\/nourriture-et-festivites\/kit-vin-chaud-1\/'><img loading=\"lazy\" decoding=\"async\" width=\"150\" height=\"150\" src=\"http:\/\/imaginailes.fr\/automne\/wp-content\/uploads\/2018\/08\/Kit-vin-chaud-1-150x150.jpg\" class=\"attachment-thumbnail size-thumbnail\" alt=\"\" \/><\/a>\n\t\t\t<\/dt><\/dl><dl class='gallery-item'>\n\t\t\t<dt class='gallery-icon portrait'>\n\t\t\t\t<a href='http:\/\/imaginailes.fr\/automne\/matieres-et-vivant\/nourriture-et-festivites\/kit-vin-chaud-2\/'><img loading=\"lazy\" decoding=\"async\" width=\"150\" height=\"150\" src=\"http:\/\/imaginailes.fr\/automne\/wp-content\/uploads\/2018\/08\/Kit-vin-chaud-2-150x150.jpg\" class=\"attachment-thumbnail size-thumbnail\" alt=\"\" \/><\/a>\n\t\t\t<\/dt><\/dl><dl class='gallery-item'>\n\t\t\t<dt class='gallery-icon portrait'>\n\t\t\t\t<a href='http:\/\/imaginailes.fr\/automne\/matieres-et-vivant\/nourriture-et-festivites\/kit-vin-chaud-3\/'><img loading=\"lazy\" decoding=\"async\" width=\"150\" height=\"150\" src=\"http:\/\/imaginailes.fr\/automne\/wp-content\/uploads\/2018\/08\/Kit-vin-chaud-3-150x150.jpg\" class=\"attachment-thumbnail size-thumbnail\" alt=\"\" \/><\/a>\n\t\t\t<\/dt><\/dl><br style=\"clear: both\" \/>\n\t\t<\/div>\n\n<h3 class=\"_5xz-\"><span class=\"_3xgd\">D\u00e9coration \u00ab\u00a0Poudlard\u00a0\u00bb pour repas de f\u00eate<\/span><\/h3>\n<p><span class=\" _2iem\" role=\"heading\" aria-level=\"4\">Quand je d\u00e9cide que j&rsquo;en ai marre de d\u00e9corer toujours de la m\u00eame fa\u00e7on pour les repas de f\u00eate, \u00e7a donne une escapade voie 9 3\/4 (c&rsquo;est pas parce qu&rsquo;on est des moldus qu&rsquo;on ne sait pas recevoir) ( no\u00ebl 2016)<br \/>\n<\/span><\/p>\n\n\t\t<style type=\"text\/css\">\n\t\t\t#gallery-7 {\n\t\t\t\tmargin: auto;\n\t\t\t}\n\t\t\t#gallery-7 .gallery-item {\n\t\t\t\tfloat: left;\n\t\t\t\tmargin-top: 10px;\n\t\t\t\ttext-align: center;\n\t\t\t\twidth: 20%;\n\t\t\t}\n\t\t\t#gallery-7 img {\n\t\t\t\tborder: 2px solid #cfcfcf;\n\t\t\t}\n\t\t\t#gallery-7 .gallery-caption {\n\t\t\t\tmargin-left: 0;\n\t\t\t}\n\t\t\t\/* see gallery_shortcode() in wp-includes\/media.php *\/\n\t\t<\/style>\n\t\t<div id='gallery-7' class='gallery galleryid-538 gallery-columns-5 gallery-size-thumbnail'><dl class='gallery-item'>\n\t\t\t<dt class='gallery-icon portrait'>\n\t\t\t\t<a href='http:\/\/imaginailes.fr\/automne\/matieres-et-vivant\/nourriture-et-festivites\/poudlard-1\/'><img loading=\"lazy\" decoding=\"async\" width=\"150\" height=\"150\" src=\"http:\/\/imaginailes.fr\/automne\/wp-content\/uploads\/2018\/08\/Poudlard-1-150x150.jpg\" class=\"attachment-thumbnail size-thumbnail\" alt=\"\" \/><\/a>\n\t\t\t<\/dt><\/dl><dl class='gallery-item'>\n\t\t\t<dt class='gallery-icon landscape'>\n\t\t\t\t<a href='http:\/\/imaginailes.fr\/automne\/matieres-et-vivant\/nourriture-et-festivites\/poudlard-9\/'><img loading=\"lazy\" decoding=\"async\" width=\"150\" height=\"150\" src=\"http:\/\/imaginailes.fr\/automne\/wp-content\/uploads\/2018\/08\/Poudlard-9-150x150.jpg\" class=\"attachment-thumbnail size-thumbnail\" alt=\"\" aria-describedby=\"gallery-7-625\" \/><\/a>\n\t\t\t<\/dt>\n\t\t\t\t<dd class='wp-caption-text gallery-caption' id='gallery-7-625'>\n\t\t\t\tBlasons des 4 maisons sur le mur.\n\t\t\t\t<\/dd><\/dl><dl class='gallery-item'>\n\t\t\t<dt class='gallery-icon landscape'>\n\t\t\t\t<a href='http:\/\/imaginailes.fr\/automne\/matieres-et-vivant\/nourriture-et-festivites\/poudlard-8\/'><img loading=\"lazy\" decoding=\"async\" width=\"150\" height=\"150\" src=\"http:\/\/imaginailes.fr\/automne\/wp-content\/uploads\/2018\/08\/Poudlard-8-150x150.jpg\" class=\"attachment-thumbnail size-thumbnail\" alt=\"\" aria-describedby=\"gallery-7-624\" \/><\/a>\n\t\t\t<\/dt>\n\t\t\t\t<dd class='wp-caption-text gallery-caption' id='gallery-7-624'>\n\t\t\t\tBlasons de Poudlard et ses quatre maisons (gravure et d\u00e9coupe laser).\n\t\t\t\t<\/dd><\/dl><dl class='gallery-item'>\n\t\t\t<dt class='gallery-icon landscape'>\n\t\t\t\t<a href='http:\/\/imaginailes.fr\/automne\/matieres-et-vivant\/nourriture-et-festivites\/poudlard-7\/'><img loading=\"lazy\" decoding=\"async\" width=\"150\" height=\"150\" src=\"http:\/\/imaginailes.fr\/automne\/wp-content\/uploads\/2018\/08\/Poudlard-7-150x150.jpg\" class=\"attachment-thumbnail size-thumbnail\" alt=\"\" aria-describedby=\"gallery-7-623\" \/><\/a>\n\t\t\t<\/dt>\n\t\t\t\t<dd class='wp-caption-text gallery-caption' id='gallery-7-623'>\n\t\t\t\tsuspensions \u00ab\u00a0hibou\u00a0\u00bb (gravure et d\u00e9coupe laser), dessin\u00e9 par mes soins.\n\t\t\t\t<\/dd><\/dl><dl class='gallery-item'>\n\t\t\t<dt class='gallery-icon portrait'>\n\t\t\t\t<a href='http:\/\/imaginailes.fr\/automne\/matieres-et-vivant\/nourriture-et-festivites\/poudlard-6\/'><img loading=\"lazy\" decoding=\"async\" width=\"150\" height=\"150\" src=\"http:\/\/imaginailes.fr\/automne\/wp-content\/uploads\/2018\/08\/Poudlard-6-150x150.jpg\" class=\"attachment-thumbnail size-thumbnail\" alt=\"\" aria-describedby=\"gallery-7-622\" \/><\/a>\n\t\t\t<\/dt>\n\t\t\t\t<dd class='wp-caption-text gallery-caption' id='gallery-7-622'>\n\t\t\t\tDiverses potions.\n\t\t\t\t<\/dd><\/dl><br style=\"clear: both\" \/><dl class='gallery-item'>\n\t\t\t<dt class='gallery-icon portrait'>\n\t\t\t\t<a href='http:\/\/imaginailes.fr\/automne\/matieres-et-vivant\/nourriture-et-festivites\/poudlard-5\/'><img loading=\"lazy\" decoding=\"async\" width=\"150\" height=\"150\" src=\"http:\/\/imaginailes.fr\/automne\/wp-content\/uploads\/2018\/08\/Poudlard-5-150x150.jpg\" class=\"attachment-thumbnail size-thumbnail\" alt=\"\" aria-describedby=\"gallery-7-621\" \/><\/a>\n\t\t\t<\/dt>\n\t\t\t\t<dd class='wp-caption-text gallery-caption' id='gallery-7-621'>\n\t\t\t\tDrag\u00e9es surprises. (j&rsquo;avais pas go\u00fbt crottes de nez, alors j&rsquo;ai mis des dragibus)\n\t\t\t\t<\/dd><\/dl><dl class='gallery-item'>\n\t\t\t<dt class='gallery-icon landscape'>\n\t\t\t\t<a href='http:\/\/imaginailes.fr\/automne\/matieres-et-vivant\/nourriture-et-festivites\/poudlard-4\/'><img loading=\"lazy\" decoding=\"async\" width=\"150\" height=\"150\" src=\"http:\/\/imaginailes.fr\/automne\/wp-content\/uploads\/2018\/08\/Poudlard-4-150x150.jpg\" class=\"attachment-thumbnail size-thumbnail\" alt=\"\" aria-describedby=\"gallery-7-620\" \/><\/a>\n\t\t\t<\/dt>\n\t\t\t\t<dd class='wp-caption-text gallery-caption' id='gallery-7-620'>\n\t\t\t\tCl\u00e9s volantes (d\u00e9coupe laser) et vifs d&rsquo;or (boulles de no\u00ebl)\n\n\t\t\t\t<\/dd><\/dl><dl class='gallery-item'>\n\t\t\t<dt class='gallery-icon landscape'>\n\t\t\t\t<a href='http:\/\/imaginailes.fr\/automne\/matieres-et-vivant\/nourriture-et-festivites\/poudlard-3\/'><img loading=\"lazy\" decoding=\"async\" width=\"150\" height=\"150\" src=\"http:\/\/imaginailes.fr\/automne\/wp-content\/uploads\/2018\/08\/Poudlard-3-150x150.jpg\" class=\"attachment-thumbnail size-thumbnail\" alt=\"\" aria-describedby=\"gallery-7-619\" \/><\/a>\n\t\t\t<\/dt>\n\t\t\t\t<dd class='wp-caption-text gallery-caption' id='gallery-7-619'>\n\t\t\t\tServiette origami hibou.\n\t\t\t\t<\/dd><\/dl><dl class='gallery-item'>\n\t\t\t<dt class='gallery-icon portrait'>\n\t\t\t\t<a href='http:\/\/imaginailes.fr\/automne\/matieres-et-vivant\/nourriture-et-festivites\/poudlard-2\/'><img loading=\"lazy\" decoding=\"async\" width=\"150\" height=\"150\" src=\"http:\/\/imaginailes.fr\/automne\/wp-content\/uploads\/2018\/08\/Poudlard-2-150x150.jpg\" class=\"attachment-thumbnail size-thumbnail\" alt=\"\" aria-describedby=\"gallery-7-618\" \/><\/a>\n\t\t\t<\/dt>\n\t\t\t\t<dd class='wp-caption-text gallery-caption' id='gallery-7-618'>\n\t\t\t\tl&rsquo;indispensable.\n(baguettes de cuinine asiatique + colle chaude et peinture)\n\t\t\t\t<\/dd><\/dl><dl class='gallery-item'>\n\t\t\t<dt class='gallery-icon landscape'>\n\t\t\t\t<a href='http:\/\/imaginailes.fr\/automne\/matieres-et-vivant\/nourriture-et-festivites\/poudlard-10\/'><img loading=\"lazy\" decoding=\"async\" width=\"150\" height=\"150\" src=\"http:\/\/imaginailes.fr\/automne\/wp-content\/uploads\/2018\/08\/Poudlard-10-150x150.jpg\" class=\"attachment-thumbnail size-thumbnail\" alt=\"\" aria-describedby=\"gallery-7-626\" \/><\/a>\n\t\t\t<\/dt>\n\t\t\t\t<dd class='wp-caption-text gallery-caption' id='gallery-7-626'>\n\t\t\t\tChouettes et hiboux.\n\t\t\t\t<\/dd><\/dl><br style=\"clear: both\" \/><dl class='gallery-item'>\n\t\t\t<dt class='gallery-icon portrait'>\n\t\t\t\t<a href='http:\/\/imaginailes.fr\/automne\/matieres-et-vivant\/nourriture-et-festivites\/poudlard-11\/'><img loading=\"lazy\" decoding=\"async\" width=\"150\" height=\"150\" src=\"http:\/\/imaginailes.fr\/automne\/wp-content\/uploads\/2018\/08\/Poudlard-11-150x150.jpg\" class=\"attachment-thumbnail size-thumbnail\" alt=\"\" aria-describedby=\"gallery-7-627\" \/><\/a>\n\t\t\t<\/dt>\n\t\t\t\t<dd class='wp-caption-text gallery-caption' id='gallery-7-627'>\n\t\t\t\tUne bonne bierraubeurre.\n\t\t\t\t<\/dd><\/dl>\n\t\t\t<br style='clear: both' \/>\n\t\t<\/div>\n\n","protected":false},"excerpt":{"rendered":"<p>Emballages cadeau en tissus faits main. On conna\u00eet tous la sempiternelle \u00ab\u00a0boule de papier cadeau g\u00e9ante du 25 d\u00e9cembre\u00a0\u00bb qui fini par remplir un, voire deux sacs poubelle entiers le lendemain. Les papier cadeaux sont souvent plastifi\u00e9s, paillet\u00e9s, brillants, et donc partiellement non biod\u00e9gradables. Le paquet en tissu est une \u2026 <a class=\"continue-reading-link\" href=\"http:\/\/imaginailes.fr\/automne\/matieres-et-vivant\/nourriture-et-festivites\/\"> Continue reading <span class=\"meta-nav\">&rarr; <\/span><\/a><\/p>\n","protected":false},"author":1,"featured_media":0,"parent":268,"menu_order":0,"comment_status":"closed","ping_status":"closed","template":"","meta":{"footnotes":""},"class_list":["post-538","page","type-page","status-publish","hentry"],"_links":{"self":[{"href":"http:\/\/imaginailes.fr\/automne\/wp-json\/wp\/v2\/pages\/538","targetHints":{"allow":["GET"]}}],"collection":[{"href":"http:\/\/imaginailes.fr\/automne\/wp-json\/wp\/v2\/pages"}],"about":[{"href":"http:\/\/imaginailes.fr\/automne\/wp-json\/wp\/v2\/types\/page"}],"author":[{"embeddable":true,"href":"http:\/\/imaginailes.fr\/automne\/wp-json\/wp\/v2\/users\/1"}],"replies":[{"embeddable":true,"href":"http:\/\/imaginailes.fr\/automne\/wp-json\/wp\/v2\/comments?post=538"}],"version-history":[{"count":11,"href":"http:\/\/imaginailes.fr\/automne\/wp-json\/wp\/v2\/pages\/538\/revisions"}],"predecessor-version":[{"id":882,"href":"http:\/\/imaginailes.fr\/automne\/wp-json\/wp\/v2\/pages\/538\/revisions\/882"}],"up":[{"embeddable":true,"href":"http:\/\/imaginailes.fr\/automne\/wp-json\/wp\/v2\/pages\/268"}],"wp:attachment":[{"href":"http:\/\/imaginailes.fr\/automne\/wp-json\/wp\/v2\/media?parent=538"}],"curies":[{"name":"wp","href":"https:\/\/api.w.org\/{rel}","templated":true}]}}