{"id":56,"date":"2016-01-08T13:33:36","date_gmt":"2016-01-08T12:33:36","guid":{"rendered":"http:\/\/imaginailes.fr\/onirismes\/?page_id=56"},"modified":"2020-09-10T10:28:54","modified_gmt":"2020-09-10T09:28:54","slug":"i-comme-icare","status":"publish","type":"page","link":"http:\/\/imaginailes.fr\/automne\/musee-des-archives\/i-comme-icare\/","title":{"rendered":"I comme Icare"},"content":{"rendered":"<p>Travaux de sculpture et gravure de l&rsquo;ann\u00e9e 2014 \u00e0 l&rsquo;\u00e9cole d&rsquo;art de Denain. Expos\u00e9s en juin 2014 dans l&rsquo;\u00e9cole et la galerie Picasso.<\/p>\n<h1>L&rsquo;envol d&rsquo;Icare.<\/h1>\n<p><em>De la lumi\u00e8re nait l&rsquo;ombre. Le soleil vers lequel Icare s&rsquo;envole projette derri\u00e8re lui\u00a0ses r\u00eaves de libert\u00e9s. Icare se change alors en faucon.<\/em><\/p>\n<p><img loading=\"lazy\" decoding=\"async\" class=\"alignnone wp-image-130 size-full aligncenter\" src=\"http:\/\/imaginailes.fr\/onirismes\/wp-content\/uploads\/2016\/01\/envol-Icare-1.jpg\" alt=\"envol-Icare-1\" width=\"600\" height=\"456\" srcset=\"http:\/\/imaginailes.fr\/automne\/wp-content\/uploads\/2016\/01\/envol-Icare-1.jpg 600w, http:\/\/imaginailes.fr\/automne\/wp-content\/uploads\/2016\/01\/envol-Icare-1-300x228.jpg 300w, http:\/\/imaginailes.fr\/automne\/wp-content\/uploads\/2016\/01\/envol-Icare-1-197x150.jpg 197w, http:\/\/imaginailes.fr\/automne\/wp-content\/uploads\/2016\/01\/envol-Icare-1-150x114.jpg 150w\" sizes=\"auto, (max-width: 600px) 100vw, 600px\" \/><\/p>\n<p>Travail de sculpture et projection d&rsquo;ombre port\u00e9e.<\/p>\n<p>Mat\u00e9riaux utilis\u00e9s : Argile rouge et\u00a0patine \u00e0 la cire.<\/p>\n\n\t\t<style type=\"text\/css\">\n\t\t\t#gallery-1 {\n\t\t\t\tmargin: auto;\n\t\t\t}\n\t\t\t#gallery-1 .gallery-item {\n\t\t\t\tfloat: left;\n\t\t\t\tmargin-top: 10px;\n\t\t\t\ttext-align: center;\n\t\t\t\twidth: 20%;\n\t\t\t}\n\t\t\t#gallery-1 img {\n\t\t\t\tborder: 2px solid #cfcfcf;\n\t\t\t}\n\t\t\t#gallery-1 .gallery-caption {\n\t\t\t\tmargin-left: 0;\n\t\t\t}\n\t\t\t\/* see gallery_shortcode() in wp-includes\/media.php *\/\n\t\t<\/style>\n\t\t<div id='gallery-1' class='gallery galleryid-56 gallery-columns-5 gallery-size-thumbnail'><dl class='gallery-item'>\n\t\t\t<dt class='gallery-icon portrait'>\n\t\t\t\t<a href='http:\/\/imaginailes.fr\/automne\/envol-icare-10\/'><img loading=\"lazy\" decoding=\"async\" width=\"150\" height=\"150\" src=\"http:\/\/imaginailes.fr\/automne\/wp-content\/uploads\/2016\/01\/envol-Icare-10-150x150.jpg\" class=\"attachment-thumbnail size-thumbnail\" alt=\"\" \/><\/a>\n\t\t\t<\/dt><\/dl><dl class='gallery-item'>\n\t\t\t<dt class='gallery-icon portrait'>\n\t\t\t\t<a href='http:\/\/imaginailes.fr\/automne\/envol-icare-9\/'><img loading=\"lazy\" decoding=\"async\" width=\"150\" height=\"150\" src=\"http:\/\/imaginailes.fr\/automne\/wp-content\/uploads\/2016\/01\/envol-Icare-9-150x150.jpg\" class=\"attachment-thumbnail size-thumbnail\" alt=\"\" \/><\/a>\n\t\t\t<\/dt><\/dl><dl class='gallery-item'>\n\t\t\t<dt class='gallery-icon portrait'>\n\t\t\t\t<a href='http:\/\/imaginailes.fr\/automne\/envol-icare-7\/'><img loading=\"lazy\" decoding=\"async\" width=\"150\" height=\"150\" src=\"http:\/\/imaginailes.fr\/automne\/wp-content\/uploads\/2016\/01\/envol-Icare-7-150x150.jpg\" class=\"attachment-thumbnail size-thumbnail\" alt=\"\" \/><\/a>\n\t\t\t<\/dt><\/dl><dl class='gallery-item'>\n\t\t\t<dt class='gallery-icon portrait'>\n\t\t\t\t<a href='http:\/\/imaginailes.fr\/automne\/envol-icare-8\/'><img loading=\"lazy\" decoding=\"async\" width=\"150\" height=\"150\" src=\"http:\/\/imaginailes.fr\/automne\/wp-content\/uploads\/2016\/01\/envol-Icare-8-150x150.jpg\" class=\"attachment-thumbnail size-thumbnail\" alt=\"\" \/><\/a>\n\t\t\t<\/dt><\/dl><dl class='gallery-item'>\n\t\t\t<dt class='gallery-icon portrait'>\n\t\t\t\t<a href='http:\/\/imaginailes.fr\/automne\/envol-icare-6\/'><img loading=\"lazy\" decoding=\"async\" width=\"150\" height=\"150\" src=\"http:\/\/imaginailes.fr\/automne\/wp-content\/uploads\/2016\/01\/envol-Icare-6-150x150.jpg\" class=\"attachment-thumbnail size-thumbnail\" alt=\"\" \/><\/a>\n\t\t\t<\/dt><\/dl><br style=\"clear: both\" \/><dl class='gallery-item'>\n\t\t\t<dt class='gallery-icon portrait'>\n\t\t\t\t<a href='http:\/\/imaginailes.fr\/automne\/envol-icare-5\/'><img loading=\"lazy\" decoding=\"async\" width=\"150\" height=\"150\" src=\"http:\/\/imaginailes.fr\/automne\/wp-content\/uploads\/2016\/01\/envol-Icare-5-150x150.jpg\" class=\"attachment-thumbnail size-thumbnail\" alt=\"\" \/><\/a>\n\t\t\t<\/dt><\/dl><dl class='gallery-item'>\n\t\t\t<dt class='gallery-icon landscape'>\n\t\t\t\t<a href='http:\/\/imaginailes.fr\/automne\/envol-icare-3\/'><img loading=\"lazy\" decoding=\"async\" width=\"150\" height=\"150\" src=\"http:\/\/imaginailes.fr\/automne\/wp-content\/uploads\/2016\/01\/envol-Icare-3-150x150.jpg\" class=\"attachment-thumbnail size-thumbnail\" alt=\"\" \/><\/a>\n\t\t\t<\/dt><\/dl><dl class='gallery-item'>\n\t\t\t<dt class='gallery-icon portrait'>\n\t\t\t\t<a href='http:\/\/imaginailes.fr\/automne\/envol-icare-4\/'><img loading=\"lazy\" decoding=\"async\" width=\"150\" height=\"150\" src=\"http:\/\/imaginailes.fr\/automne\/wp-content\/uploads\/2016\/01\/envol-Icare-4-150x150.jpg\" class=\"attachment-thumbnail size-thumbnail\" alt=\"\" \/><\/a>\n\t\t\t<\/dt><\/dl><dl class='gallery-item'>\n\t\t\t<dt class='gallery-icon portrait'>\n\t\t\t\t<a href='http:\/\/imaginailes.fr\/automne\/envol-icare-2\/'><img loading=\"lazy\" decoding=\"async\" width=\"150\" height=\"150\" src=\"http:\/\/imaginailes.fr\/automne\/wp-content\/uploads\/2016\/01\/envol-Icare-2-150x150.jpg\" class=\"attachment-thumbnail size-thumbnail\" alt=\"\" \/><\/a>\n\t\t\t<\/dt><\/dl>\n\t\t\t<br style='clear: both' \/>\n\t\t<\/div>\n\n<h1>La chute\u00a0d&rsquo;Icare.<\/h1>\n<p><em>Le soleil est un traitre \u00e0 celui qui l&rsquo;adule. Sa lumi\u00e8re nous aveugle et sa chaleur nous br\u00fble.<\/em><\/p>\n<p>&nbsp;<\/p>\n<p><a href=\"http:\/\/imaginailes.fr\/onirismes\/wp-content\/uploads\/2016\/01\/chute-Icare-1.jpg\" rel=\"attachment wp-att-119\"><img loading=\"lazy\" decoding=\"async\" class=\"aligncenter wp-image-119 size-full\" src=\"http:\/\/imaginailes.fr\/onirismes\/wp-content\/uploads\/2016\/01\/chute-Icare-1.jpg\" alt=\"chute-Icare-1\" width=\"509\" height=\"700\" srcset=\"http:\/\/imaginailes.fr\/automne\/wp-content\/uploads\/2016\/01\/chute-Icare-1.jpg 509w, http:\/\/imaginailes.fr\/automne\/wp-content\/uploads\/2016\/01\/chute-Icare-1-218x300.jpg 218w, http:\/\/imaginailes.fr\/automne\/wp-content\/uploads\/2016\/01\/chute-Icare-1-109x150.jpg 109w\" sizes=\"auto, (max-width: 509px) 100vw, 509px\" \/><\/a><\/p>\n<p>Travail de gravure accompagn\u00e9e d&rsquo;un sonnet.<br \/>\nTechniques utilis\u00e9s : mani\u00e8re noire, aquateinte, eau forte.<\/p>\n<blockquote><p>Icare, deux chemins sont ouverts devant toi.<br \/>\nArpenter, comme moi, l&rsquo;incertitude et crainte<br \/>\nDes sinuosit\u00e9s de l&rsquo;obscur labyrinthe,<br \/>\nOu suivre le soleil qui te montre la voie.<\/p>\n<p>\u00ab\u00a0L&rsquo;unique v\u00e9rit\u00e9, elle est dans la lumi\u00e8re !\u00a0\u00bb<br \/>\nTout comme un papillon, l&rsquo;homme y est attir\u00e9,<br \/>\nFut-elle du soleil ou bien d&rsquo;un lampadaire.<br \/>\nC\u2019est en allant tout droit que tu t&rsquo;es \u00e9gar\u00e9.<\/p>\n<p>Le soleil est un tra\u00eetre \u00e0 celui qui l&rsquo;adule.<br \/>\nSa lumi\u00e8re t&rsquo;aveugle et sa chaleur te br\u00fble.<br \/>\nL&rsquo;ab\u00eeme o\u00f9 il te plonge est noir, sans lendemain.<\/p>\n<p>Moi je marche dans l&rsquo;ombre et ma route serpente.<br \/>\nBien que ma flamme soit si faible et vacillante,<br \/>\nJe d\u00e9roule le fil de mon propre chemin.<\/p><\/blockquote>\n\n\t\t<style type=\"text\/css\">\n\t\t\t#gallery-2 {\n\t\t\t\tmargin: auto;\n\t\t\t}\n\t\t\t#gallery-2 .gallery-item {\n\t\t\t\tfloat: left;\n\t\t\t\tmargin-top: 10px;\n\t\t\t\ttext-align: center;\n\t\t\t\twidth: 20%;\n\t\t\t}\n\t\t\t#gallery-2 img {\n\t\t\t\tborder: 2px solid #cfcfcf;\n\t\t\t}\n\t\t\t#gallery-2 .gallery-caption {\n\t\t\t\tmargin-left: 0;\n\t\t\t}\n\t\t\t\/* see gallery_shortcode() in wp-includes\/media.php *\/\n\t\t<\/style>\n\t\t<div id='gallery-2' class='gallery galleryid-56 gallery-columns-5 gallery-size-thumbnail'><dl class='gallery-item'>\n\t\t\t<dt class='gallery-icon landscape'>\n\t\t\t\t<a href='http:\/\/imaginailes.fr\/automne\/chute-icare-4-1024x482\/'><img loading=\"lazy\" decoding=\"async\" width=\"150\" height=\"150\" src=\"http:\/\/imaginailes.fr\/automne\/wp-content\/uploads\/2016\/01\/chute-Icare-4-1024x482-150x150.jpg\" class=\"attachment-thumbnail size-thumbnail\" alt=\"\" \/><\/a>\n\t\t\t<\/dt><\/dl><dl class='gallery-item'>\n\t\t\t<dt class='gallery-icon portrait'>\n\t\t\t\t<a href='http:\/\/imaginailes.fr\/automne\/plaques-cuivre\/'><img loading=\"lazy\" decoding=\"async\" width=\"150\" height=\"150\" src=\"http:\/\/imaginailes.fr\/automne\/wp-content\/uploads\/2016\/01\/plaques-cuivre-150x150.jpg\" class=\"attachment-thumbnail size-thumbnail\" alt=\"\" \/><\/a>\n\t\t\t<\/dt><\/dl><dl class='gallery-item'>\n\t\t\t<dt class='gallery-icon landscape'>\n\t\t\t\t<a href='http:\/\/imaginailes.fr\/automne\/wip-main\/'><img loading=\"lazy\" decoding=\"async\" width=\"150\" height=\"150\" src=\"http:\/\/imaginailes.fr\/automne\/wp-content\/uploads\/2016\/01\/WIP-main-150x150.jpg\" class=\"attachment-thumbnail size-thumbnail\" alt=\"\" \/><\/a>\n\t\t\t<\/dt><\/dl><dl class='gallery-item'>\n\t\t\t<dt class='gallery-icon landscape'>\n\t\t\t\t<a href='http:\/\/imaginailes.fr\/automne\/chute-icare-2\/'><img loading=\"lazy\" decoding=\"async\" width=\"150\" height=\"150\" src=\"http:\/\/imaginailes.fr\/automne\/wp-content\/uploads\/2016\/01\/chute-Icare-2-150x150.jpg\" class=\"attachment-thumbnail size-thumbnail\" alt=\"\" \/><\/a>\n\t\t\t<\/dt><\/dl><dl class='gallery-item'>\n\t\t\t<dt class='gallery-icon landscape'>\n\t\t\t\t<a href='http:\/\/imaginailes.fr\/automne\/chute-icare-3\/'><img loading=\"lazy\" decoding=\"async\" width=\"150\" height=\"150\" src=\"http:\/\/imaginailes.fr\/automne\/wp-content\/uploads\/2016\/01\/chute-Icare-3-150x150.jpg\" class=\"attachment-thumbnail size-thumbnail\" alt=\"\" \/><\/a>\n\t\t\t<\/dt><\/dl><br style=\"clear: both\" \/>\n\t\t<\/div>\n\n","protected":false},"excerpt":{"rendered":"<p>Travaux de sculpture et gravure de l&rsquo;ann\u00e9e 2014 \u00e0 l&rsquo;\u00e9cole d&rsquo;art de Denain. Expos\u00e9s en juin 2014 dans l&rsquo;\u00e9cole et la galerie Picasso. L&rsquo;envol d&rsquo;Icare. De la lumi\u00e8re nait l&rsquo;ombre. Le soleil vers lequel Icare s&rsquo;envole projette derri\u00e8re lui\u00a0ses r\u00eaves de libert\u00e9s. Icare se change alors en faucon. Travail de \u2026 <a class=\"continue-reading-link\" href=\"http:\/\/imaginailes.fr\/automne\/musee-des-archives\/i-comme-icare\/\"> Continue reading <span class=\"meta-nav\">&rarr; <\/span><\/a><\/p>\n","protected":false},"author":1,"featured_media":0,"parent":936,"menu_order":0,"comment_status":"closed","ping_status":"closed","template":"","meta":{"footnotes":""},"class_list":["post-56","page","type-page","status-publish","hentry"],"_links":{"self":[{"href":"http:\/\/imaginailes.fr\/automne\/wp-json\/wp\/v2\/pages\/56","targetHints":{"allow":["GET"]}}],"collection":[{"href":"http:\/\/imaginailes.fr\/automne\/wp-json\/wp\/v2\/pages"}],"about":[{"href":"http:\/\/imaginailes.fr\/automne\/wp-json\/wp\/v2\/types\/page"}],"author":[{"embeddable":true,"href":"http:\/\/imaginailes.fr\/automne\/wp-json\/wp\/v2\/users\/1"}],"replies":[{"embeddable":true,"href":"http:\/\/imaginailes.fr\/automne\/wp-json\/wp\/v2\/comments?post=56"}],"version-history":[{"count":8,"href":"http:\/\/imaginailes.fr\/automne\/wp-json\/wp\/v2\/pages\/56\/revisions"}],"predecessor-version":[{"id":454,"href":"http:\/\/imaginailes.fr\/automne\/wp-json\/wp\/v2\/pages\/56\/revisions\/454"}],"up":[{"embeddable":true,"href":"http:\/\/imaginailes.fr\/automne\/wp-json\/wp\/v2\/pages\/936"}],"wp:attachment":[{"href":"http:\/\/imaginailes.fr\/automne\/wp-json\/wp\/v2\/media?parent=56"}],"curies":[{"name":"wp","href":"https:\/\/api.w.org\/{rel}","templated":true}]}}