{"id":565,"date":"2018-07-31T10:27:06","date_gmt":"2018-07-31T09:27:06","guid":{"rendered":"http:\/\/imaginailes.fr\/automne\/?page_id=565"},"modified":"2020-08-26T08:29:37","modified_gmt":"2020-08-26T07:29:37","slug":"effraie","status":"publish","type":"page","link":"http:\/\/imaginailes.fr\/automne\/mots-et-images\/sombres-sonnets\/effraie\/","title":{"rendered":"Effraie"},"content":{"rendered":"\n<div class=\"wp-block-columns is-layout-flex wp-container-core-columns-is-layout-9d6595d7 wp-block-columns-is-layout-flex\">\n<div class=\"wp-block-column is-layout-flow wp-block-column-is-layout-flow\">\n<figure class=\"wp-block-image size-large\"><img loading=\"lazy\" decoding=\"async\" width=\"362\" height=\"404\" src=\"http:\/\/imaginailes.fr\/automne\/wp-content\/uploads\/2020\/08\/effraie.png\" alt=\"\" class=\"wp-image-1165\" srcset=\"http:\/\/imaginailes.fr\/automne\/wp-content\/uploads\/2020\/08\/effraie.png 362w, http:\/\/imaginailes.fr\/automne\/wp-content\/uploads\/2020\/08\/effraie-269x300.png 269w, http:\/\/imaginailes.fr\/automne\/wp-content\/uploads\/2020\/08\/effraie-134x150.png 134w\" sizes=\"auto, (max-width: 362px) 100vw, 362px\" \/><\/figure>\n<\/div>\n\n\n\n<div class=\"wp-block-column is-layout-flow wp-block-column-is-layout-flow\">\n<p>Moi la blancheur du soir, plane \u00e0 l&rsquo;heure du crime.<br>Je suis le songe blanc qui hante vos for\u00eats,<br>la diaphane \u00e9g\u00e9rie, noble nymphe \u00e9th\u00e9r\u00e9e,<br>fant\u00f4me immacul\u00e9 fl\u00e2nant entre les cimes.<\/p>\n\n\n\n<p><br>Craignez l&rsquo;ange nocturne au dos tach\u00e9 de roux,<br>au plumage empruntant la p\u00e2leur de la lune.<br>Je suis de l&rsquo;imprudent la mauvaise fortune,<br>des bois la majest\u00e9, de la nuit le courroux.<\/p>\n\n\n\n<p><br>Mais farouche indompt\u00e9e, d\u00e8s lors que je vous vois,<br>Je me change aussit\u00f4t en un oiseau de proie<br>Et jamais ne permet qu&rsquo;on m\u2019approche de pr\u00e8s.<\/p>\n\n\n\n<p>Sous les traits de la chouette opaline je passe<br>Les yeux braqu\u00e9s sur vous, je guette, je vous chasse<br>et de mon regard noir, dans la nuit vous effraie.<\/p>\n<\/div>\n<\/div>\n\n\n\n<p><\/p>\n","protected":false},"excerpt":{"rendered":"<p>Moi la blancheur du soir, plane \u00e0 l&rsquo;heure du crime.Je suis le songe blanc qui hante vos for\u00eats,la diaphane \u00e9g\u00e9rie, noble nymphe \u00e9th\u00e9r\u00e9e,fant\u00f4me immacul\u00e9 fl\u00e2nant entre les cimes. Craignez l&rsquo;ange nocturne au dos tach\u00e9 de roux,au plumage empruntant la p\u00e2leur de la lune.Je suis de l&rsquo;imprudent la mauvaise fortune,des bois \u2026 <a class=\"continue-reading-link\" href=\"http:\/\/imaginailes.fr\/automne\/mots-et-images\/sombres-sonnets\/effraie\/\"> Continue reading <span class=\"meta-nav\">&rarr; <\/span><\/a><\/p>\n","protected":false},"author":1,"featured_media":0,"parent":69,"menu_order":0,"comment_status":"closed","ping_status":"closed","template":"","meta":{"footnotes":""},"class_list":["post-565","page","type-page","status-publish","hentry"],"_links":{"self":[{"href":"http:\/\/imaginailes.fr\/automne\/wp-json\/wp\/v2\/pages\/565","targetHints":{"allow":["GET"]}}],"collection":[{"href":"http:\/\/imaginailes.fr\/automne\/wp-json\/wp\/v2\/pages"}],"about":[{"href":"http:\/\/imaginailes.fr\/automne\/wp-json\/wp\/v2\/types\/page"}],"author":[{"embeddable":true,"href":"http:\/\/imaginailes.fr\/automne\/wp-json\/wp\/v2\/users\/1"}],"replies":[{"embeddable":true,"href":"http:\/\/imaginailes.fr\/automne\/wp-json\/wp\/v2\/comments?post=565"}],"version-history":[{"count":5,"href":"http:\/\/imaginailes.fr\/automne\/wp-json\/wp\/v2\/pages\/565\/revisions"}],"predecessor-version":[{"id":1166,"href":"http:\/\/imaginailes.fr\/automne\/wp-json\/wp\/v2\/pages\/565\/revisions\/1166"}],"up":[{"embeddable":true,"href":"http:\/\/imaginailes.fr\/automne\/wp-json\/wp\/v2\/pages\/69"}],"wp:attachment":[{"href":"http:\/\/imaginailes.fr\/automne\/wp-json\/wp\/v2\/media?parent=565"}],"curies":[{"name":"wp","href":"https:\/\/api.w.org\/{rel}","templated":true}]}}