{"id":567,"date":"2018-07-31T10:27:24","date_gmt":"2018-07-31T09:27:24","guid":{"rendered":"http:\/\/imaginailes.fr\/automne\/?page_id=567"},"modified":"2020-01-31T21:24:46","modified_gmt":"2020-01-31T20:24:46","slug":"heros","status":"publish","type":"page","link":"http:\/\/imaginailes.fr\/automne\/mots-et-images\/sombres-sonnets\/heros\/","title":{"rendered":"H\u00e9ros"},"content":{"rendered":"\n<div class=\"wp-block-columns is-layout-flex wp-container-core-columns-is-layout-9d6595d7 wp-block-columns-is-layout-flex\">\n<div class=\"wp-block-column is-layout-flow wp-block-column-is-layout-flow\">\n<figure class=\"wp-block-image size-large\"><img loading=\"lazy\" decoding=\"async\" width=\"362\" height=\"400\" src=\"http:\/\/imaginailes.fr\/automne\/wp-content\/uploads\/2020\/01\/h\u00e9ros.png\" alt=\"\" class=\"wp-image-1065\" srcset=\"http:\/\/imaginailes.fr\/automne\/wp-content\/uploads\/2020\/01\/h\u00e9ros.png 362w, http:\/\/imaginailes.fr\/automne\/wp-content\/uploads\/2020\/01\/h\u00e9ros-272x300.png 272w, http:\/\/imaginailes.fr\/automne\/wp-content\/uploads\/2020\/01\/h\u00e9ros-136x150.png 136w\" sizes=\"auto, (max-width: 362px) 100vw, 362px\" \/><\/figure>\n<\/div>\n\n\n\n<div class=\"wp-block-column is-layout-flow wp-block-column-is-layout-flow\">\n<p>\nJ&rsquo;avance fi\u00e8rement, conqu\u00e9rant, grand seigneur.<br>Je suis un ambitieux chevalier au c\u0153ur pur.<br>Lorsque tu es cach\u00e9 derri\u00e8re mon armure,<br>Spontan\u00e9 et vaillant, tu ne crains nulle peur.Soudain le jeu s&rsquo;arr\u00eate et mon corps se dissout.<br>Tu retires le heaume et l&rsquo;habit de m\u00e9tal,<br>Redevenant cet \u00eatre insipide et banal.<br>Le retour \u00e0 la vie a un bien triste go\u00fbt.\n\n<\/p>\n\n\n\n<p>Si ce monde est le vrai, ton r\u00f4le en ses rouages<br>Te fais porter un masque en guise de visage<br>Plus encor que lorsque tu joues \u00e0 \u00eatre moi.<\/p>\n\n\n\n<p>Qu&rsquo;importe ton habit&nbsp;! Mon courage est le tien.<br>Sans ton manque de foi, nous ne serions plus qu&rsquo;un.<br>Je suis le vrai h\u00e9ros qui dort au fond de toi.<\/p>\n<\/div>\n<\/div>\n","protected":false},"excerpt":{"rendered":"<p>J&rsquo;avance fi\u00e8rement, conqu\u00e9rant, grand seigneur.Je suis un ambitieux chevalier au c\u0153ur pur.Lorsque tu es cach\u00e9 derri\u00e8re mon armure,Spontan\u00e9 et vaillant, tu ne crains nulle peur.Soudain le jeu s&rsquo;arr\u00eate et mon corps se dissout.Tu retires le heaume et l&rsquo;habit de m\u00e9tal,Redevenant cet \u00eatre insipide et banal.Le retour \u00e0 la vie a \u2026 <a class=\"continue-reading-link\" href=\"http:\/\/imaginailes.fr\/automne\/mots-et-images\/sombres-sonnets\/heros\/\"> Continue reading <span class=\"meta-nav\">&rarr; <\/span><\/a><\/p>\n","protected":false},"author":1,"featured_media":0,"parent":69,"menu_order":0,"comment_status":"closed","ping_status":"closed","template":"","meta":{"footnotes":""},"class_list":["post-567","page","type-page","status-publish","hentry"],"_links":{"self":[{"href":"http:\/\/imaginailes.fr\/automne\/wp-json\/wp\/v2\/pages\/567","targetHints":{"allow":["GET"]}}],"collection":[{"href":"http:\/\/imaginailes.fr\/automne\/wp-json\/wp\/v2\/pages"}],"about":[{"href":"http:\/\/imaginailes.fr\/automne\/wp-json\/wp\/v2\/types\/page"}],"author":[{"embeddable":true,"href":"http:\/\/imaginailes.fr\/automne\/wp-json\/wp\/v2\/users\/1"}],"replies":[{"embeddable":true,"href":"http:\/\/imaginailes.fr\/automne\/wp-json\/wp\/v2\/comments?post=567"}],"version-history":[{"count":6,"href":"http:\/\/imaginailes.fr\/automne\/wp-json\/wp\/v2\/pages\/567\/revisions"}],"predecessor-version":[{"id":1067,"href":"http:\/\/imaginailes.fr\/automne\/wp-json\/wp\/v2\/pages\/567\/revisions\/1067"}],"up":[{"embeddable":true,"href":"http:\/\/imaginailes.fr\/automne\/wp-json\/wp\/v2\/pages\/69"}],"wp:attachment":[{"href":"http:\/\/imaginailes.fr\/automne\/wp-json\/wp\/v2\/media?parent=567"}],"curies":[{"name":"wp","href":"https:\/\/api.w.org\/{rel}","templated":true}]}}