{"id":58,"date":"2016-01-08T13:36:35","date_gmt":"2016-01-08T12:36:35","guid":{"rendered":"http:\/\/imaginailes.fr\/onirismes\/?page_id=58"},"modified":"2018-08-18T18:17:09","modified_gmt":"2018-08-18T17:17:09","slug":"fanzine-le-sanctuaire","status":"publish","type":"page","link":"http:\/\/imaginailes.fr\/automne\/musee-des-archives\/fanzines\/fanzine-le-sanctuaire\/","title":{"rendered":"Le sanctuaire"},"content":{"rendered":"<p>Fanzine de bandes dessin\u00e9es et illustrations.<\/p>\n<blockquote><p><em><span style=\"font-size: 12px;\">Poussez les portes du sanctuaire et entrez dans l&rsquo;univers du fantastique.<br \/>\nAnges et d\u00e9mons, f\u00e9es et sorci\u00e8res, vampires et autres monstres s&rsquo;y c\u00f4toient dans le chaos le plus total. De la trag\u00e9die \u00e0 l&rsquo;humour, du f\u00e9\u00e9rique au gothisme, nos BD et nos illustrations sont l\u00e0 pour le plaisir des yeux et pour vous entrainer dans le monde de l&rsquo;imaginaire. Bienvenue dans notre sanctuaire &#8230;<\/span><\/em><\/p><\/blockquote>\n<p style=\"text-align: center;\"><img loading=\"lazy\" decoding=\"async\" class=\"aligncenter\" src=\"http:\/\/www.imaginailes.fr\/blog\/wp-content\/uploads\/2014\/01\/visuel.jpg\" alt=\"visuel\" width=\"274\" height=\"470\" \/><\/p>\n<p><strong>Historique du fanzine Sanctuaire :<\/strong><br \/>\nEn 2009, nous \u00e9tions 5 amies aimant dessiner qui d\u00e9cident de cr\u00e9er notre propre fanzine. Chacune dessinait pour le contenu de la publication, tandis que je me chargeais de tout le reste.<\/p>\n<p>J&rsquo;ai cr\u00e9\u00e9 et anim\u00e9 un site web et un forum, aujourd&rsquo;hui disparus.\u00a0Il s&rsquo;agissait d&rsquo;un site dynamique comportant des galeries d&rsquo;images (que j&rsquo;avais vaillamment programm\u00e9es toute seule de mes petites mains), et un forum sur base phpBB.<\/p>\n\n\t\t<style type=\"text\/css\">\n\t\t\t#gallery-1 {\n\t\t\t\tmargin: auto;\n\t\t\t}\n\t\t\t#gallery-1 .gallery-item {\n\t\t\t\tfloat: left;\n\t\t\t\tmargin-top: 10px;\n\t\t\t\ttext-align: center;\n\t\t\t\twidth: 33%;\n\t\t\t}\n\t\t\t#gallery-1 img {\n\t\t\t\tborder: 2px solid #cfcfcf;\n\t\t\t}\n\t\t\t#gallery-1 .gallery-caption {\n\t\t\t\tmargin-left: 0;\n\t\t\t}\n\t\t\t\/* see gallery_shortcode() in wp-includes\/media.php *\/\n\t\t<\/style>\n\t\t<div id='gallery-1' class='gallery galleryid-58 gallery-columns-3 gallery-size-thumbnail'><dl class='gallery-item'>\n\t\t\t<dt class='gallery-icon landscape'>\n\t\t\t\t<a href='http:\/\/imaginailes.fr\/automne\/galerie\/'><img loading=\"lazy\" decoding=\"async\" width=\"150\" height=\"150\" src=\"http:\/\/imaginailes.fr\/automne\/wp-content\/uploads\/2016\/01\/galerie-150x150.jpg\" class=\"attachment-thumbnail size-thumbnail\" alt=\"\" \/><\/a>\n\t\t\t<\/dt><\/dl><dl class='gallery-item'>\n\t\t\t<dt class='gallery-icon landscape'>\n\t\t\t\t<a href='http:\/\/imaginailes.fr\/automne\/musee-des-archives\/fanzines\/fanzine-le-sanctuaire\/detail1\/'><img loading=\"lazy\" decoding=\"async\" width=\"150\" height=\"150\" src=\"http:\/\/imaginailes.fr\/automne\/wp-content\/uploads\/2016\/01\/d\u00e9tail1-150x150.png\" class=\"attachment-thumbnail size-thumbnail\" alt=\"\" \/><\/a>\n\t\t\t<\/dt><\/dl><dl class='gallery-item'>\n\t\t\t<dt class='gallery-icon portrait'>\n\t\t\t\t<a href='http:\/\/imaginailes.fr\/automne\/musee-des-archives\/fanzines\/fanzine-le-sanctuaire\/detail2\/'><img loading=\"lazy\" decoding=\"async\" width=\"150\" height=\"150\" src=\"http:\/\/imaginailes.fr\/automne\/wp-content\/uploads\/2016\/01\/d\u00e9tail2-150x150.png\" class=\"attachment-thumbnail size-thumbnail\" alt=\"\" \/><\/a>\n\t\t\t<\/dt><\/dl><br style=\"clear: both\" \/>\n\t\t<\/div>\n\n<p>J&rsquo;ai \u00e9galement men\u00e9 tout le travail d&rsquo;\u00e9dition : mettre en page la maquette du fanzine, d\u00e9marcher aupr\u00e8s des imprimeurs, etc.<br \/>\nLe premier num\u00e9ro a \u00e9t\u00e9 tir\u00e9 en 25 exemplaires,\u00a0accompagn\u00e9s d&rsquo;une s\u00e9rie de cartes et de posters associ\u00e9s.<\/p>\n\n\t\t<style type=\"text\/css\">\n\t\t\t#gallery-2 {\n\t\t\t\tmargin: auto;\n\t\t\t}\n\t\t\t#gallery-2 .gallery-item {\n\t\t\t\tfloat: left;\n\t\t\t\tmargin-top: 10px;\n\t\t\t\ttext-align: center;\n\t\t\t\twidth: 33%;\n\t\t\t}\n\t\t\t#gallery-2 img {\n\t\t\t\tborder: 2px solid #cfcfcf;\n\t\t\t}\n\t\t\t#gallery-2 .gallery-caption {\n\t\t\t\tmargin-left: 0;\n\t\t\t}\n\t\t\t\/* see gallery_shortcode() in wp-includes\/media.php *\/\n\t\t<\/style>\n\t\t<div id='gallery-2' class='gallery galleryid-58 gallery-columns-3 gallery-size-thumbnail'><dl class='gallery-item'>\n\t\t\t<dt class='gallery-icon landscape'>\n\t\t\t\t<a href='http:\/\/imaginailes.fr\/automne\/musee-des-archives\/fanzines\/fanzine-le-sanctuaire\/cartes\/'><img loading=\"lazy\" decoding=\"async\" width=\"150\" height=\"150\" src=\"http:\/\/imaginailes.fr\/automne\/wp-content\/uploads\/2016\/01\/cartes-150x150.png\" class=\"attachment-thumbnail size-thumbnail\" alt=\"\" \/><\/a>\n\t\t\t<\/dt><\/dl><dl class='gallery-item'>\n\t\t\t<dt class='gallery-icon portrait'>\n\t\t\t\t<a href='http:\/\/imaginailes.fr\/automne\/musee-des-archives\/bande-dessinee\/couv_fanzine\/'><img loading=\"lazy\" decoding=\"async\" width=\"150\" height=\"150\" src=\"http:\/\/imaginailes.fr\/automne\/wp-content\/uploads\/2016\/01\/couv_fanzine-150x150.png\" class=\"attachment-thumbnail size-thumbnail\" alt=\"\" aria-describedby=\"gallery-2-125\" \/><\/a>\n\t\t\t<\/dt>\n\t\t\t\t<dd class='wp-caption-text gallery-caption' id='gallery-2-125'>\n\t\t\t\tJardins miniatures\n\t\t\t\t<\/dd><\/dl><dl class='gallery-item'>\n\t\t\t<dt class='gallery-icon landscape'>\n\t\t\t\t<a href='http:\/\/imaginailes.fr\/automne\/musee-des-archives\/fanzines\/fanzine-le-sanctuaire\/posters\/'><img loading=\"lazy\" decoding=\"async\" width=\"150\" height=\"150\" src=\"http:\/\/imaginailes.fr\/automne\/wp-content\/uploads\/2016\/01\/posters-150x150.png\" class=\"attachment-thumbnail size-thumbnail\" alt=\"\" \/><\/a>\n\t\t\t<\/dt><\/dl><br style=\"clear: both\" \/>\n\t\t<\/div>\n\n<p>Nous avons pr\u00e9sent\u00e9 notre travail au festival de la BD d&rsquo;Amiens en juin 2009 : <em>le 14e rendez-vous de la bande dessin\u00e9e d&rsquo;Amiens<\/em>, avant que les membres du groupe ne se s\u00e9parent pour suivre leur propre route. Ne pouvant m&rsquo;occuper toute seule de toute la gestion d&rsquo;un fanzine, l&rsquo;aventure s&rsquo;est arr\u00eat\u00e9e \u00e0 ce premier num\u00e9ro.<\/p>\n","protected":false},"excerpt":{"rendered":"<p>Fanzine de bandes dessin\u00e9es et illustrations. Poussez les portes du sanctuaire et entrez dans l&rsquo;univers du fantastique. Anges et d\u00e9mons, f\u00e9es et sorci\u00e8res, vampires et autres monstres s&rsquo;y c\u00f4toient dans le chaos le plus total. De la trag\u00e9die \u00e0 l&rsquo;humour, du f\u00e9\u00e9rique au gothisme, nos BD et nos illustrations sont \u2026 <a class=\"continue-reading-link\" href=\"http:\/\/imaginailes.fr\/automne\/musee-des-archives\/fanzines\/fanzine-le-sanctuaire\/\"> Continue reading <span class=\"meta-nav\">&rarr; <\/span><\/a><\/p>\n","protected":false},"author":1,"featured_media":0,"parent":484,"menu_order":0,"comment_status":"closed","ping_status":"closed","template":"","meta":{"footnotes":""},"class_list":["post-58","page","type-page","status-publish","hentry"],"_links":{"self":[{"href":"http:\/\/imaginailes.fr\/automne\/wp-json\/wp\/v2\/pages\/58","targetHints":{"allow":["GET"]}}],"collection":[{"href":"http:\/\/imaginailes.fr\/automne\/wp-json\/wp\/v2\/pages"}],"about":[{"href":"http:\/\/imaginailes.fr\/automne\/wp-json\/wp\/v2\/types\/page"}],"author":[{"embeddable":true,"href":"http:\/\/imaginailes.fr\/automne\/wp-json\/wp\/v2\/users\/1"}],"replies":[{"embeddable":true,"href":"http:\/\/imaginailes.fr\/automne\/wp-json\/wp\/v2\/comments?post=58"}],"version-history":[{"count":6,"href":"http:\/\/imaginailes.fr\/automne\/wp-json\/wp\/v2\/pages\/58\/revisions"}],"predecessor-version":[{"id":420,"href":"http:\/\/imaginailes.fr\/automne\/wp-json\/wp\/v2\/pages\/58\/revisions\/420"}],"up":[{"embeddable":true,"href":"http:\/\/imaginailes.fr\/automne\/wp-json\/wp\/v2\/pages\/484"}],"wp:attachment":[{"href":"http:\/\/imaginailes.fr\/automne\/wp-json\/wp\/v2\/media?parent=58"}],"curies":[{"name":"wp","href":"https:\/\/api.w.org\/{rel}","templated":true}]}}