{"id":61,"date":"2016-01-08T13:41:54","date_gmt":"2016-01-08T12:41:54","guid":{"rendered":"http:\/\/imaginailes.fr\/onirismes\/?page_id=61"},"modified":"2020-09-02T10:28:21","modified_gmt":"2020-09-02T09:28:21","slug":"projet-transition","status":"publish","type":"page","link":"http:\/\/imaginailes.fr\/automne\/musee-des-archives\/fanzines\/projet-transition\/","title":{"rendered":"Projet Transition"},"content":{"rendered":"<p>Association litt\u00e9raire majoritairement de nouvelles illustr\u00e9es, le projet Transition avait pour but de promouvoir les \u00e9crits de l&rsquo;entre-deux. Il s\u2019agissait d\u2019un projet d\u2019\u00e9dition qui se proposait de faire (re)d\u00e9couvrir notre quotidien au travers de deux courants : \u00c9veil et P\u00e9nombres. Les \u0153uvres textuelles et picturales propos\u00e9es appartenant principalement au domaine de l\u2019Imaginaire.<\/p>\n<p><strong>Les archives de l&rsquo;ancien site du projet Transition :<\/strong><\/p>\n<p style=\"text-align: center;\"><a href=\"http:\/\/imaginailes.fr\/automne\/musee-des-archives\/fanzines\/projet-transition\/les-archives-du-projet-transition\/\"><strong>Visitez les archives du projet :\u00a0<\/strong><br \/>\n<img loading=\"lazy\" decoding=\"async\" class=\"alignnone wp-image-734 size-full aligncenter\" src=\"http:\/\/imaginailes.fr\/automne\/wp-content\/uploads\/2018\/09\/diapo-transition.jpg\" alt=\"\" width=\"864\" height=\"250\" srcset=\"http:\/\/imaginailes.fr\/automne\/wp-content\/uploads\/2018\/09\/diapo-transition.jpg 864w, http:\/\/imaginailes.fr\/automne\/wp-content\/uploads\/2018\/09\/diapo-transition-300x87.jpg 300w, http:\/\/imaginailes.fr\/automne\/wp-content\/uploads\/2018\/09\/diapo-transition-768x222.jpg 768w, http:\/\/imaginailes.fr\/automne\/wp-content\/uploads\/2018\/09\/diapo-transition-150x43.jpg 150w, http:\/\/imaginailes.fr\/automne\/wp-content\/uploads\/2018\/09\/diapo-transition-250x72.jpg 250w\" sizes=\"auto, (max-width: 864px) 100vw, 864px\" \/><\/a><\/p>\n<p><strong>Historique du projet Transition :<\/strong><br \/>\nL&rsquo;association Transition fut fond\u00e9e en 2009 par Yohan Vasse, Arnaud et Vanessa Terral .<\/p>\n<p>J&rsquo;ai rejoint l&rsquo;association en 2010 en tant qu&rsquo;illustratrice, puis en tant que webmaster et webdesigner, reprenant en main la gestion du blog et du forum. J&rsquo;y ai \u00e9galement publi\u00e9 quelques sonnets et une poign\u00e9e d&rsquo;illustrations.<\/p>\n<p>En 2013, apr\u00e8s une mise en sommeil d&rsquo;un an, l\u2019association est reprise et restructur\u00e9e par Ma\u00eblle et C\u00e9line. Les publication devinrent\u00a0 num\u00e9riques.<\/p>\n<p>J\u2019apportais mon soutien pour relancer\u00a0la machine\u00a0en recr\u00e9ant de zero le site associatif. Mes nouvelles t\u00e2ches comprennaient notamment la gestion de l&rsquo;h\u00e9bergement, la mise en place des diverses fonctionnalit\u00e9s du site, le design graphique, la configuration des bases de donn\u00e9es, l&rsquo;administration des diverses applications. En plus de r\u00e9installer un blog et un forum semblables \u00e0 ceux d&rsquo;origine, j&rsquo;y ajoutai un cloud (pour servir d&rsquo;outil de gestion interne utile au travail \u00e9ditorial) et une boutique en ligne.<\/p>\n<div id=\"attachment_113\" style=\"width: 310px\" class=\"wp-caption alignnone\"><a href=\"http:\/\/imaginailes.fr\/onirismes\/wp-content\/uploads\/2016\/01\/accueil_transition.png\" rel=\"attachment wp-att-113\"><img loading=\"lazy\" decoding=\"async\" aria-describedby=\"caption-attachment-113\" class=\"wp-image-113 size-medium\" src=\"http:\/\/imaginailes.fr\/automne\/wp-content\/uploads\/2016\/01\/accueil_transition-300x113.png\" alt=\"Page d'accueil, enti\u00e8rement design\u00e9e et programm\u00e9e \u00e0 la main.\" width=\"300\" height=\"113\" srcset=\"http:\/\/imaginailes.fr\/automne\/wp-content\/uploads\/2016\/01\/accueil_transition-300x113.png 300w, http:\/\/imaginailes.fr\/automne\/wp-content\/uploads\/2016\/01\/accueil_transition-250x94.png 250w, http:\/\/imaginailes.fr\/automne\/wp-content\/uploads\/2016\/01\/accueil_transition-150x56.png 150w, http:\/\/imaginailes.fr\/automne\/wp-content\/uploads\/2016\/01\/accueil_transition.png 400w\" sizes=\"auto, (max-width: 300px) 100vw, 300px\" \/><\/a><p id=\"caption-attachment-113\" class=\"wp-caption-text\">Page d&rsquo;accueil, enti\u00e8rement design\u00e9e et programm\u00e9e \u00e0 la main.<\/p><\/div>\n<div id=\"attachment_116\" style=\"width: 310px\" class=\"wp-caption alignnone\"><a href=\"http:\/\/imaginailes.fr\/onirismes\/wp-content\/uploads\/2016\/01\/blog_transition.png\" rel=\"attachment wp-att-116\"><img loading=\"lazy\" decoding=\"async\" aria-describedby=\"caption-attachment-116\" class=\"wp-image-116 size-medium\" src=\"http:\/\/imaginailes.fr\/automne\/wp-content\/uploads\/2016\/01\/blog_transition-300x113.png\" alt=\"Site web, cr\u00e9\u00e9 \u00e0 partir d'une base WordPress\" width=\"300\" height=\"113\" srcset=\"http:\/\/imaginailes.fr\/automne\/wp-content\/uploads\/2016\/01\/blog_transition-300x113.png 300w, http:\/\/imaginailes.fr\/automne\/wp-content\/uploads\/2016\/01\/blog_transition-250x94.png 250w, http:\/\/imaginailes.fr\/automne\/wp-content\/uploads\/2016\/01\/blog_transition-150x56.png 150w, http:\/\/imaginailes.fr\/automne\/wp-content\/uploads\/2016\/01\/blog_transition.png 400w\" sizes=\"auto, (max-width: 300px) 100vw, 300px\" \/><\/a><p id=\"caption-attachment-116\" class=\"wp-caption-text\">Site web, cr\u00e9\u00e9 \u00e0 partir d&rsquo;une base WordPress. Contient toutes les informations pour apprendre \u00e0 connaitre le projet Transition.<\/p><\/div>\n<div id=\"attachment_117\" style=\"width: 310px\" class=\"wp-caption alignnone\"><a href=\"http:\/\/imaginailes.fr\/onirismes\/wp-content\/uploads\/2016\/01\/boutique_transition.png\" rel=\"attachment wp-att-117\"><img loading=\"lazy\" decoding=\"async\" aria-describedby=\"caption-attachment-117\" class=\"wp-image-117 size-medium\" src=\"http:\/\/imaginailes.fr\/automne\/wp-content\/uploads\/2016\/01\/boutique_transition-300x113.png\" alt=\"Boutique, cr\u00e9\u00e9e \u00e0 partir d'une base prestashop. Pour commander en un clic toutes les publications et goodies cr\u00e9\u00e9s par l'association.\" width=\"300\" height=\"113\" srcset=\"http:\/\/imaginailes.fr\/automne\/wp-content\/uploads\/2016\/01\/boutique_transition-300x113.png 300w, http:\/\/imaginailes.fr\/automne\/wp-content\/uploads\/2016\/01\/boutique_transition-250x94.png 250w, http:\/\/imaginailes.fr\/automne\/wp-content\/uploads\/2016\/01\/boutique_transition-150x56.png 150w, http:\/\/imaginailes.fr\/automne\/wp-content\/uploads\/2016\/01\/boutique_transition.png 400w\" sizes=\"auto, (max-width: 300px) 100vw, 300px\" \/><\/a><p id=\"caption-attachment-117\" class=\"wp-caption-text\">Boutique, cr\u00e9\u00e9e \u00e0 partir d&rsquo;une base prestashop. Pour commander en un clic toutes les publications et goodies cr\u00e9\u00e9s par l&rsquo;association.<\/p><\/div>\n<div id=\"attachment_145\" style=\"width: 310px\" class=\"wp-caption alignnone\"><a href=\"http:\/\/imaginailes.fr\/onirismes\/wp-content\/uploads\/2016\/01\/forum2_transition.png\" rel=\"attachment wp-att-145\"><img loading=\"lazy\" decoding=\"async\" aria-describedby=\"caption-attachment-145\" class=\"wp-image-145 size-medium\" src=\"http:\/\/imaginailes.fr\/automne\/wp-content\/uploads\/2016\/01\/forum2_transition-300x113.png\" alt=\"Forum, cr\u00e9e \u00e0 partir d'une base ... Sert \u00e0 la communication interne des membres de l'association et la gestion des projets.\" width=\"300\" height=\"113\" srcset=\"http:\/\/imaginailes.fr\/automne\/wp-content\/uploads\/2016\/01\/forum2_transition-300x113.png 300w, http:\/\/imaginailes.fr\/automne\/wp-content\/uploads\/2016\/01\/forum2_transition-250x94.png 250w, http:\/\/imaginailes.fr\/automne\/wp-content\/uploads\/2016\/01\/forum2_transition-150x56.png 150w, http:\/\/imaginailes.fr\/automne\/wp-content\/uploads\/2016\/01\/forum2_transition.png 400w\" sizes=\"auto, (max-width: 300px) 100vw, 300px\" \/><\/a><p id=\"caption-attachment-145\" class=\"wp-caption-text\">Forum, cr\u00e9\u00e9 \u00e0 partir d&rsquo;une base IPBoard<br \/>Sert \u00e0 la communication interne des membres de l&rsquo;association et la gestion des projets.<\/p><\/div>\n<div id=\"attachment_123\" style=\"width: 310px\" class=\"wp-caption alignnone\"><a href=\"http:\/\/imaginailes.fr\/onirismes\/wp-content\/uploads\/2016\/01\/cloud_transition.png\" rel=\"attachment wp-att-123\"><img loading=\"lazy\" decoding=\"async\" aria-describedby=\"caption-attachment-123\" class=\"wp-image-123 size-medium\" src=\"http:\/\/imaginailes.fr\/automne\/wp-content\/uploads\/2016\/01\/cloud_transition-300x113.png\" alt=\"Cloud, cr\u00e9\u00e9 \u00e0 partir d'un base Owncloud. Un outil interne qui permet le partage des documents et ressources entre les membres de l'association.\" width=\"300\" height=\"113\" srcset=\"http:\/\/imaginailes.fr\/automne\/wp-content\/uploads\/2016\/01\/cloud_transition-300x113.png 300w, http:\/\/imaginailes.fr\/automne\/wp-content\/uploads\/2016\/01\/cloud_transition-250x94.png 250w, http:\/\/imaginailes.fr\/automne\/wp-content\/uploads\/2016\/01\/cloud_transition-150x56.png 150w, http:\/\/imaginailes.fr\/automne\/wp-content\/uploads\/2016\/01\/cloud_transition.png 400w\" sizes=\"auto, (max-width: 300px) 100vw, 300px\" \/><\/a><p id=\"caption-attachment-123\" class=\"wp-caption-text\">Cloud, cr\u00e9\u00e9 \u00e0 partir d&rsquo;un base Owncloud. Un outil interne qui permet le partage des documents et ressources entre les membres de l&rsquo;association.<\/p><\/div>\n<p>Le projet fut arr\u00eat\u00e9 en 2016 et l&rsquo;association dissoute en 2017.<\/p>\n","protected":false},"excerpt":{"rendered":"<p>Association litt\u00e9raire majoritairement de nouvelles illustr\u00e9es, le projet Transition avait pour but de promouvoir les \u00e9crits de l&rsquo;entre-deux. Il s\u2019agissait d\u2019un projet d\u2019\u00e9dition qui se proposait de faire (re)d\u00e9couvrir notre quotidien au travers de deux courants : \u00c9veil et P\u00e9nombres. Les \u0153uvres textuelles et picturales propos\u00e9es appartenant principalement au domaine \u2026 <a class=\"continue-reading-link\" href=\"http:\/\/imaginailes.fr\/automne\/musee-des-archives\/fanzines\/projet-transition\/\"> Continue reading <span class=\"meta-nav\">&rarr; <\/span><\/a><\/p>\n","protected":false},"author":1,"featured_media":0,"parent":484,"menu_order":0,"comment_status":"closed","ping_status":"closed","template":"","meta":{"footnotes":""},"class_list":["post-61","page","type-page","status-publish","hentry"],"_links":{"self":[{"href":"http:\/\/imaginailes.fr\/automne\/wp-json\/wp\/v2\/pages\/61","targetHints":{"allow":["GET"]}}],"collection":[{"href":"http:\/\/imaginailes.fr\/automne\/wp-json\/wp\/v2\/pages"}],"about":[{"href":"http:\/\/imaginailes.fr\/automne\/wp-json\/wp\/v2\/types\/page"}],"author":[{"embeddable":true,"href":"http:\/\/imaginailes.fr\/automne\/wp-json\/wp\/v2\/users\/1"}],"replies":[{"embeddable":true,"href":"http:\/\/imaginailes.fr\/automne\/wp-json\/wp\/v2\/comments?post=61"}],"version-history":[{"count":15,"href":"http:\/\/imaginailes.fr\/automne\/wp-json\/wp\/v2\/pages\/61\/revisions"}],"predecessor-version":[{"id":1187,"href":"http:\/\/imaginailes.fr\/automne\/wp-json\/wp\/v2\/pages\/61\/revisions\/1187"}],"up":[{"embeddable":true,"href":"http:\/\/imaginailes.fr\/automne\/wp-json\/wp\/v2\/pages\/484"}],"wp:attachment":[{"href":"http:\/\/imaginailes.fr\/automne\/wp-json\/wp\/v2\/media?parent=61"}],"curies":[{"name":"wp","href":"https:\/\/api.w.org\/{rel}","templated":true}]}}