{"id":64,"date":"2016-01-08T13:44:39","date_gmt":"2016-01-08T12:44:39","guid":{"rendered":"http:\/\/imaginailes.fr\/onirismes\/?page_id=64"},"modified":"2018-07-23T14:08:47","modified_gmt":"2018-07-23T13:08:47","slug":"il-etait-une-fee","status":"publish","type":"page","link":"http:\/\/imaginailes.fr\/automne\/mots-et-images\/il-etait-une-fee\/","title":{"rendered":"Il \u00e9tait une f\u00e9e"},"content":{"rendered":"<p style=\"text-align: center;\">Il est des histoires qui ne se racontent pas.<br \/>\nDes histoires que l&rsquo;on oublie trop vite, ou \u00e0 c\u00f4t\u00e9 desquelles on passe, sans les voir.<br \/>\nIl existe en ce monde des choses trop petites, des vies trop insignifiantes, des secrets trop bien dissimul\u00e9s pour qu&rsquo;on les remarque.<\/p>\n<p class=\"mceTemp mceIEcenter\" style=\"text-align: center;\">\u00a0Invisibles, et pourtant sous nos yeux &#8230;.<\/p>\n<div id=\"attachment_212\" style=\"width: 236px\" class=\"wp-caption aligncenter\"><a href=\"http:\/\/imaginailes.fr\/onirismes\/wp-content\/uploads\/2016\/01\/perch\u00e9e2.jpg\" rel=\"attachment wp-att-212\"><img loading=\"lazy\" decoding=\"async\" aria-describedby=\"caption-attachment-212\" class=\"wp-image-212 size-medium\" src=\"http:\/\/imaginailes.fr\/onirismes\/wp-content\/uploads\/2016\/01\/perch\u00e9e2-226x300.jpg\" alt=\"perch\u00e9e\" width=\"226\" height=\"300\" srcset=\"http:\/\/imaginailes.fr\/automne\/wp-content\/uploads\/2016\/01\/perch\u00e9e2-226x300.jpg 226w, http:\/\/imaginailes.fr\/automne\/wp-content\/uploads\/2016\/01\/perch\u00e9e2-113x150.jpg 113w, http:\/\/imaginailes.fr\/automne\/wp-content\/uploads\/2016\/01\/perch\u00e9e2.jpg 376w\" sizes=\"auto, (max-width: 226px) 100vw, 226px\" \/><\/a><p id=\"caption-attachment-212\" class=\"wp-caption-text\">Il \u00e9tait une fois, il \u00e9tait une f\u00e9e &#8230;<\/p><\/div>\n<p>Suivez le destin de la f\u00e9e\u00a0Nymph\u00e9a au fil des illustrations et des\u00a0600 vers de ce r\u00e9cit, tout en alexandrins rim\u00e9s. Une histoire entrant dans les registres du fantastique et du merveilleux, un univers onirique d\u00e9di\u00e9 \u00e0 la beaut\u00e9 et la m\u00e9lancolie.<\/p>\n<h3><a href=\"http:\/\/imaginailes.fr\/onirismes\/wp-content\/uploads\/2016\/01\/banierre-f\u00e9es.jpg\" rel=\"attachment wp-att-115\"><img loading=\"lazy\" decoding=\"async\" class=\"aligncenter wp-image-115 size-full\" src=\"http:\/\/imaginailes.fr\/onirismes\/wp-content\/uploads\/2016\/01\/banierre-f\u00e9es.jpg\" alt=\"banierre-f\u00e9es\" width=\"1000\" height=\"220\" srcset=\"http:\/\/imaginailes.fr\/automne\/wp-content\/uploads\/2016\/01\/banierre-f\u00e9es.jpg 1000w, http:\/\/imaginailes.fr\/automne\/wp-content\/uploads\/2016\/01\/banierre-f\u00e9es-300x66.jpg 300w, http:\/\/imaginailes.fr\/automne\/wp-content\/uploads\/2016\/01\/banierre-f\u00e9es-768x169.jpg 768w, http:\/\/imaginailes.fr\/automne\/wp-content\/uploads\/2016\/01\/banierre-f\u00e9es-250x55.jpg 250w, http:\/\/imaginailes.fr\/automne\/wp-content\/uploads\/2016\/01\/banierre-f\u00e9es-150x33.jpg 150w\" sizes=\"auto, (max-width: 1000px) 100vw, 1000px\" \/><\/a><\/h3>\n<h3>Extrait du premier chapitre :<\/h3>\n<blockquote><p>Il \u00e9tait une fois, il \u00e9tait une f\u00e9e<br \/>\nqui naquit au milieu d&rsquo;un d\u00e9cor enchanteur,<br \/>\nsur un paisible \u00e9tang, au centre de la fleur<br \/>\nd&rsquo;un p\u00e2le n\u00e9nuphar. Hors des bras de Morph\u00e9e,<br \/>\nelle \u00e9tira les siens, et s\u2019\u00e9veilla l\u2019ondine.<br \/>\nPeau d\u2019azur, cheveux bleus, et ailes cristallines,<br \/>\nla belle \u00e9tait v\u00eatue d&rsquo;une robe opaline.<\/p>\n<p>La f\u00e9e se redressa et puis ouvrit les yeux,<br \/>\npour rester sans voix face \u00e0 la beaut\u00e9 du monde<br \/>\noffert \u00e0 son regard. Et, pos\u00e9e sur les ondes,<br \/>\nd\u00e9couvrit son jardin dessin\u00e9 par les dieux.<\/p>\n<p>Au-del\u00e0 de l&rsquo;\u00e9tang s&rsquo;\u00e9tendait la clairi\u00e8re<br \/>\nceintur\u00e9e par les bois\u00a0: une prairie fertile,<br \/>\n\u00e9tendue v\u00e9g\u00e9tale \u00e0 l&rsquo;harmonie fragile<br \/>\npeupl\u00e9 de papillons butinant la bruy\u00e8re.<br \/>\nLa verdure abondait en ce lieu providence,<br \/>\nParadis color\u00e9 de hautes herbes folles,<br \/>\nfleurs des champs en bouton, en grappe ou en corolle,<br \/>\nqui r\u00e9pandaient ici mille et unes fragrances.<\/p><\/blockquote>\n\n\t\t<style type=\"text\/css\">\n\t\t\t#gallery-1 {\n\t\t\t\tmargin: auto;\n\t\t\t}\n\t\t\t#gallery-1 .gallery-item {\n\t\t\t\tfloat: left;\n\t\t\t\tmargin-top: 10px;\n\t\t\t\ttext-align: center;\n\t\t\t\twidth: 20%;\n\t\t\t}\n\t\t\t#gallery-1 img {\n\t\t\t\tborder: 2px solid #cfcfcf;\n\t\t\t}\n\t\t\t#gallery-1 .gallery-caption {\n\t\t\t\tmargin-left: 0;\n\t\t\t}\n\t\t\t\/* see gallery_shortcode() in wp-includes\/media.php *\/\n\t\t<\/style>\n\t\t<div id='gallery-1' class='gallery galleryid-64 gallery-columns-5 gallery-size-thumbnail'><dl class='gallery-item'>\n\t\t\t<dt class='gallery-icon portrait'>\n\t\t\t\t<a href='http:\/\/imaginailes.fr\/automne\/portrait\/'><img loading=\"lazy\" decoding=\"async\" width=\"150\" height=\"150\" src=\"http:\/\/imaginailes.fr\/automne\/wp-content\/uploads\/2016\/01\/portrait-150x150.jpg\" class=\"attachment-thumbnail size-thumbnail\" alt=\"\" \/><\/a>\n\t\t\t<\/dt><\/dl><dl class='gallery-item'>\n\t\t\t<dt class='gallery-icon portrait'>\n\t\t\t\t<a href='http:\/\/imaginailes.fr\/automne\/rose\/'><img loading=\"lazy\" decoding=\"async\" width=\"150\" height=\"150\" src=\"http:\/\/imaginailes.fr\/automne\/wp-content\/uploads\/2016\/01\/rose-150x150.jpg\" class=\"attachment-thumbnail size-thumbnail\" alt=\"\" aria-describedby=\"gallery-1-155\" \/><\/a>\n\t\t\t<\/dt>\n\t\t\t\t<dd class='wp-caption-text gallery-caption' id='gallery-1-155'>\n\t\t\t\twattpad\n\t\t\t\t<\/dd><\/dl><dl class='gallery-item'>\n\t\t\t<dt class='gallery-icon landscape'>\n\t\t\t\t<a href='http:\/\/imaginailes.fr\/automne\/nenuphar\/'><img loading=\"lazy\" decoding=\"async\" width=\"150\" height=\"150\" src=\"http:\/\/imaginailes.fr\/automne\/wp-content\/uploads\/2016\/01\/nenuphar-150x150.jpg\" class=\"attachment-thumbnail size-thumbnail\" alt=\"\" \/><\/a>\n\t\t\t<\/dt><\/dl><dl class='gallery-item'>\n\t\t\t<dt class='gallery-icon portrait'>\n\t\t\t\t<a href='http:\/\/imaginailes.fr\/automne\/naissance_seerosen\/'><img loading=\"lazy\" decoding=\"async\" width=\"150\" height=\"150\" src=\"http:\/\/imaginailes.fr\/automne\/wp-content\/uploads\/2016\/01\/naissance_Seerosen-150x150.jpg\" class=\"attachment-thumbnail size-thumbnail\" alt=\"\" aria-describedby=\"gallery-1-150\" \/><\/a>\n\t\t\t<\/dt>\n\t\t\t\t<dd class='wp-caption-text gallery-caption' id='gallery-1-150'>\n\t\t\t\tSombres sonnets\n\t\t\t\t<\/dd><\/dl><dl class='gallery-item'>\n\t\t\t<dt class='gallery-icon portrait'>\n\t\t\t\t<a href='http:\/\/imaginailes.fr\/automne\/heure_bleue\/'><img loading=\"lazy\" decoding=\"async\" width=\"150\" height=\"150\" src=\"http:\/\/imaginailes.fr\/automne\/wp-content\/uploads\/2016\/01\/heure_bleue-150x150.jpg\" class=\"attachment-thumbnail size-thumbnail\" alt=\"\" aria-describedby=\"gallery-1-148\" \/><\/a>\n\t\t\t<\/dt>\n\t\t\t\t<dd class='wp-caption-text gallery-caption' id='gallery-1-148'>\n\t\t\t\tIcare\n\t\t\t\t<\/dd><\/dl><br style=\"clear: both\" \/><dl class='gallery-item'>\n\t\t\t<dt class='gallery-icon portrait'>\n\t\t\t\t<a href='http:\/\/imaginailes.fr\/automne\/fleur\/'><img loading=\"lazy\" decoding=\"async\" width=\"150\" height=\"150\" src=\"http:\/\/imaginailes.fr\/automne\/wp-content\/uploads\/2016\/01\/fleur-150x150.jpg\" class=\"attachment-thumbnail size-thumbnail\" alt=\"\" \/><\/a>\n\t\t\t<\/dt><\/dl><dl class='gallery-item'>\n\t\t\t<dt class='gallery-icon landscape'>\n\t\t\t\t<a href='http:\/\/imaginailes.fr\/automne\/gourmandise\/'><img loading=\"lazy\" decoding=\"async\" width=\"150\" height=\"150\" src=\"http:\/\/imaginailes.fr\/automne\/wp-content\/uploads\/2016\/01\/gourmandise-150x150.jpg\" class=\"attachment-thumbnail size-thumbnail\" alt=\"\" \/><\/a>\n\t\t\t<\/dt><\/dl><dl class='gallery-item'>\n\t\t\t<dt class='gallery-icon landscape'>\n\t\t\t\t<a href='http:\/\/imaginailes.fr\/automne\/fil\/'><img loading=\"lazy\" decoding=\"async\" width=\"150\" height=\"150\" src=\"http:\/\/imaginailes.fr\/automne\/wp-content\/uploads\/2016\/01\/fil-150x150.jpg\" class=\"attachment-thumbnail size-thumbnail\" alt=\"\" srcset=\"http:\/\/imaginailes.fr\/automne\/wp-content\/uploads\/2016\/01\/fil-150x150.jpg 150w, http:\/\/imaginailes.fr\/automne\/wp-content\/uploads\/2016\/01\/fil-300x300.jpg 300w, http:\/\/imaginailes.fr\/automne\/wp-content\/uploads\/2016\/01\/fil.jpg 700w\" sizes=\"auto, (max-width: 150px) 100vw, 150px\" \/><\/a>\n\t\t\t<\/dt><\/dl><dl class='gallery-item'>\n\t\t\t<dt class='gallery-icon portrait'>\n\t\t\t\t<a href='http:\/\/imaginailes.fr\/automne\/envol-794x1024\/'><img loading=\"lazy\" decoding=\"async\" width=\"150\" height=\"150\" src=\"http:\/\/imaginailes.fr\/automne\/wp-content\/uploads\/2016\/01\/envol-794x1024-150x150.jpg\" class=\"attachment-thumbnail size-thumbnail\" alt=\"\" aria-describedby=\"gallery-1-129\" \/><\/a>\n\t\t\t<\/dt>\n\t\t\t\t<dd class='wp-caption-text gallery-caption' id='gallery-1-129'>\n\t\t\t\tIEUF\n\t\t\t\t<\/dd><\/dl><dl class='gallery-item'>\n\t\t\t<dt class='gallery-icon portrait'>\n\t\t\t\t<a href='http:\/\/imaginailes.fr\/automne\/coiffure\/'><img loading=\"lazy\" decoding=\"async\" width=\"150\" height=\"150\" src=\"http:\/\/imaginailes.fr\/automne\/wp-content\/uploads\/2016\/01\/coiffure-150x150.jpg\" class=\"attachment-thumbnail size-thumbnail\" alt=\"\" aria-describedby=\"gallery-1-124\" \/><\/a>\n\t\t\t<\/dt>\n\t\t\t\t<dd class='wp-caption-text gallery-caption' id='gallery-1-124'>\n\t\t\t\tcouture\n\t\t\t\t<\/dd><\/dl><br style=\"clear: both\" \/><dl class='gallery-item'>\n\t\t\t<dt class='gallery-icon portrait'>\n\t\t\t\t<a href='http:\/\/imaginailes.fr\/automne\/assise\/'><img loading=\"lazy\" decoding=\"async\" width=\"150\" height=\"150\" src=\"http:\/\/imaginailes.fr\/automne\/wp-content\/uploads\/2016\/01\/assise-150x150.jpg\" class=\"attachment-thumbnail size-thumbnail\" alt=\"\" aria-describedby=\"gallery-1-114\" \/><\/a>\n\t\t\t<\/dt>\n\t\t\t\t<dd class='wp-caption-text gallery-caption' id='gallery-1-114'>\n\t\t\t\tbijoux\n\t\t\t\t<\/dd><\/dl>\n\t\t\t<br style='clear: both' \/>\n\t\t<\/div>\n\n<h2><strong>\u00a0Le projet :<\/strong><\/h2>\n<p>Il \u00e9tait une f\u00e9e est un projet de livre illustr\u00e9 sur lequel je travaille depuis 2010. Inspir\u00e9e par les livres de Sandrine Gestin et Victoria Frances, j&rsquo;avais moi aussi envie de me lancer dans ce format : tr\u00e8s peu de texte et beaucoup de belles illustrations. Ma motivation \u00e0 travailler sur ce format vient de deux choses :<\/p>\n<ul>\n<li>Mon attirance visuelle pour les magnifiques illustrations qu&rsquo;on peut voir\u00a0dans ces livres<\/li>\n<li>Ma frustration de trouver en ces livres des textes pauvres, aussi bien sur le fond que sur la forme.<\/li>\n<\/ul>\n<p>Car oui, dans ces livres, si chaque illustration est accompagn\u00e9e d&rsquo;un court texte de narration pour situer le contexte de celle-ci, souvent le texte est n\u00e9glig\u00e9. Certes, ce ne sont que quelques lignes par pages, mais un texte de mauvaise qualit\u00e9 fait baisser la qualit\u00e9 globale de la publication.<\/p>\n<ul>\n<li>Le fond :<br \/>\nL&rsquo;histoire narr\u00e9e dans ces livre est souvent plate, sans surprise, et ne constitue en tout et pour tout qu&rsquo;une suite de rencontres et de situations servant tout juste de pr\u00e9texte \u00e0 caser un joli dessin. De belles illustrations n&rsquo;excusent pas une histoire mal travaill\u00e9e. Et le fait qu&rsquo;un texte soit court n&rsquo;implique pas qu&rsquo;il soit vide.<br \/>\nHabitu\u00e9e \u00e0 la lecture de nouvelles, j&rsquo;attends d&rsquo;un texte bref qu&rsquo;il soit vif et percutant. C&rsquo;est par r\u00e9action \u00e0 cela que j&rsquo;ai commenc\u00e9 \u00e0 travailler le texte en premier, de la m\u00eame mani\u00e8re que j&rsquo;aurais travaill\u00e9 une nouvelle\u00a0: Sur un r\u00e9cit construit, avec un synopsis pouss\u00e9, quelques rebondissements et o\u00f9 les personnages ont une personnalit\u00e9 et un d\u00e9veloppement.<\/li>\n<\/ul>\n<ul>\n<li>\u00a0la forme :<br \/>\nSouvent aussi, dans ce genre de livre, le texte est n\u00e9glig\u00e9 sur la forme. La syntaxe est simpliste, les expressions clich\u00e9es. Parfois, le texte comporte des fautes d&rsquo;orthographe. D&rsquo;autres encore sont horriblement mal traduits (comme la version fran\u00e7aise des \u0153uvres de Victoria Frances). Dommage, car justement, un texte court peut se permettre d\u2019\u00eatre plus pouss\u00e9 sur la forme qu&rsquo;un long roman, de proposer un challenge pour l\u2019auteur. Il permet une plus grande complexit\u00e9 dans le style, une mise en forme plus os\u00e9e. J\u2019ai voulu profiter de cette opportunit\u00e9 pour me lancer mon plus gros d\u00e9fi d&rsquo;\u00e9criture \u00e0 ce jour : \u00e9crie \u00ab\u00a0Il \u00e9tait une f\u00e9e\u00a0\u00bb en alexandrins. Depuis longtemps, j\u2019avais envie d&rsquo;exp\u00e9rimenter des m\u00e9langes de genres et des combinaisons contradictoires : ici le fond et la forme, comme un certain nombre d&rsquo;aspects de ce livre, sont en opposition.<\/li>\n<\/ul>\n<h2>Historique du projet :<\/h2>\n<p><strong>Premi\u00e8re version 2010-2012<\/strong>:<br \/>\nTexte de plus de 800 vers, illustrations en collaboration avec <a href=\"http:\/\/www.luminart.fr\/\">Lumina<\/a>.<\/p>\n<p>Le texte de cette premi\u00e8re version\u00a0s&rsquo;est av\u00e9r\u00e9 trop long, r\u00e9p\u00e9titif,\u00a0et maladroit. Les illustrations ont \u00e9t\u00e9 faite sans respecter de plan ou de maquette, sans style pr\u00e9d\u00e9fini.<br \/>\nLe tout \u00e9tait trop h\u00e9t\u00e9rog\u00e8ne pour \u00eatre exploitable.<\/p>\n<p><strong>Seconde version 2013-2014:<\/strong><br \/>\ntexte de 610 vers, modification dans les noms des personnages.<br \/>\nMaquette et illustrations non termin\u00e9es.<\/p>\n<p><strong>Le projet est actuellement en standby.<\/strong><\/p>\n<h2>Fanart :<\/h2>\n<p>Un joli fanart de Terryjil. Merci Terry !<br \/>\n<a href=\"http:\/\/imaginailes.fr\/onirismes\/wp-content\/uploads\/2016\/01\/fanart.jpg\" rel=\"attachment wp-att-140\"><img loading=\"lazy\" decoding=\"async\" class=\"aligncenter wp-image-140 size-full\" src=\"http:\/\/imaginailes.fr\/onirismes\/wp-content\/uploads\/2016\/01\/fanart.jpg\" alt=\"fanart\" width=\"600\" height=\"417\" srcset=\"http:\/\/imaginailes.fr\/automne\/wp-content\/uploads\/2016\/01\/fanart.jpg 600w, http:\/\/imaginailes.fr\/automne\/wp-content\/uploads\/2016\/01\/fanart-300x209.jpg 300w, http:\/\/imaginailes.fr\/automne\/wp-content\/uploads\/2016\/01\/fanart-216x150.jpg 216w, http:\/\/imaginailes.fr\/automne\/wp-content\/uploads\/2016\/01\/fanart-150x104.jpg 150w\" sizes=\"auto, (max-width: 600px) 100vw, 600px\" \/><\/a><\/p>\n","protected":false},"excerpt":{"rendered":"<p>Il est des histoires qui ne se racontent pas. Des histoires que l&rsquo;on oublie trop vite, ou \u00e0 c\u00f4t\u00e9 desquelles on passe, sans les voir. Il existe en ce monde des choses trop petites, des vies trop insignifiantes, des secrets trop bien dissimul\u00e9s pour qu&rsquo;on les remarque. \u00a0Invisibles, et pourtant \u2026 <a class=\"continue-reading-link\" href=\"http:\/\/imaginailes.fr\/automne\/mots-et-images\/il-etait-une-fee\/\"> Continue reading <span class=\"meta-nav\">&rarr; <\/span><\/a><\/p>\n","protected":false},"author":1,"featured_media":0,"parent":321,"menu_order":0,"comment_status":"closed","ping_status":"closed","template":"","meta":{"footnotes":""},"class_list":["post-64","page","type-page","status-publish","hentry"],"_links":{"self":[{"href":"http:\/\/imaginailes.fr\/automne\/wp-json\/wp\/v2\/pages\/64","targetHints":{"allow":["GET"]}}],"collection":[{"href":"http:\/\/imaginailes.fr\/automne\/wp-json\/wp\/v2\/pages"}],"about":[{"href":"http:\/\/imaginailes.fr\/automne\/wp-json\/wp\/v2\/types\/page"}],"author":[{"embeddable":true,"href":"http:\/\/imaginailes.fr\/automne\/wp-json\/wp\/v2\/users\/1"}],"replies":[{"embeddable":true,"href":"http:\/\/imaginailes.fr\/automne\/wp-json\/wp\/v2\/comments?post=64"}],"version-history":[{"count":8,"href":"http:\/\/imaginailes.fr\/automne\/wp-json\/wp\/v2\/pages\/64\/revisions"}],"predecessor-version":[{"id":416,"href":"http:\/\/imaginailes.fr\/automne\/wp-json\/wp\/v2\/pages\/64\/revisions\/416"}],"up":[{"embeddable":true,"href":"http:\/\/imaginailes.fr\/automne\/wp-json\/wp\/v2\/pages\/321"}],"wp:attachment":[{"href":"http:\/\/imaginailes.fr\/automne\/wp-json\/wp\/v2\/media?parent=64"}],"curies":[{"name":"wp","href":"https:\/\/api.w.org\/{rel}","templated":true}]}}