{"id":648,"date":"2018-08-18T19:28:09","date_gmt":"2018-08-18T18:28:09","guid":{"rendered":"http:\/\/imaginailes.fr\/automne\/?page_id=648"},"modified":"2020-09-10T10:44:22","modified_gmt":"2020-09-10T09:44:22","slug":"quest-ce-que-le-projet-transition","status":"publish","type":"page","link":"http:\/\/imaginailes.fr\/automne\/musee-des-archives\/fanzines\/projet-transition\/les-archives-du-projet-transition\/quest-ce-que-le-projet-transition\/","title":{"rendered":"Qu&rsquo;est-ce que le projet transition ?"},"content":{"rendered":"<h1 style=\"text-align: justify;\"><\/h1>\n<p><img loading=\"lazy\" decoding=\"async\" class=\"alignnone size-full wp-image-734 aligncenter\" src=\"http:\/\/imaginailes.fr\/automne\/wp-content\/uploads\/2018\/09\/diapo-transition.jpg\" alt=\"\" width=\"864\" height=\"250\" srcset=\"http:\/\/imaginailes.fr\/automne\/wp-content\/uploads\/2018\/09\/diapo-transition.jpg 864w, http:\/\/imaginailes.fr\/automne\/wp-content\/uploads\/2018\/09\/diapo-transition-300x87.jpg 300w, http:\/\/imaginailes.fr\/automne\/wp-content\/uploads\/2018\/09\/diapo-transition-768x222.jpg 768w, http:\/\/imaginailes.fr\/automne\/wp-content\/uploads\/2018\/09\/diapo-transition-150x43.jpg 150w, http:\/\/imaginailes.fr\/automne\/wp-content\/uploads\/2018\/09\/diapo-transition-250x72.jpg 250w\" sizes=\"auto, (max-width: 864px) 100vw, 864px\" \/><\/p>\n<p style=\"text-align: justify;\"><span style=\"font-weight: bold;\">Transition<\/span> est une association loi 1901 qui s&rsquo;inscrit dans la promotion d&rsquo;\u0153uvres textuelles et picturales appartenant principalement au domaine de l&rsquo;Imaginaire : il s&rsquo;agit d&rsquo;un projet d\u2019\u00e9dition qui se propose de faire (re)d\u00e9couvrir notre quotidien au travers de kal\u00e9idoscopes que nous nommons \u00ab courants \u00bb: <a href=\"http:\/\/imaginailes.fr\/automne\/musee-des-archives\/fanzines\/projet-transition\/les-archives-du-projet-transition\/quest-ce-que-le-projet-transition\/courant-eveil\/\"><em>\u00c9veil<\/em><\/a> et <a title=\"Pr\u00e9sentation courant P\u00e9nombres\" href=\"http:\/\/imaginailes.fr\/automne\/musee-des-archives\/fanzines\/projet-transition\/les-archives-du-projet-transition\/quest-ce-que-le-projet-transition\/courant-penombre\/\"><span style=\"font-style: italic;\">P\u00e9nombres<\/span><\/a>.<\/p>\n<h2 style=\"text-align: justify;\">Historique<\/h2>\n<p style=\"text-align: justify;\">Si l&rsquo;id\u00e9e de <strong>Transition<\/strong> \u00e9merge fin 2008, c&rsquo;est le 04 f\u00e9vrier 2010 que Yohan Vasse, Arnaud et Vanessa Terral fondent officiellement l&rsquo;association. Ils sont aid\u00e9s entre autres par Olivier et R\u00e9mi, membres du comit\u00e9 de lecture. L&rsquo;objectif est de mettre en place des moyens d&rsquo;expression et de partage divers autour d&rsquo;une vision particuli\u00e8re du domaine de l&rsquo;Imaginaire : publication de deux fanzines, cr\u00e9ation de petits objets du quotidien (lettres, miroir) mais aussi mise en place des \u00ab rendez-vous transitionnels \u00bb, moments de rencontre et de discussion. Cependant, apr\u00e8s quelques ann\u00e9es, des projets plus personnels r\u00e9clament toute l&rsquo;attention des diff\u00e9rents acteurs du projet et <strong>Transition<\/strong> se met en sommeil.<\/p>\n<p style=\"text-align: justify;\">Le gel des activit\u00e9s dure un an et demi. Finalement, l&rsquo;association se r\u00e9veille \u00e0 l&rsquo;\u00e9t\u00e9 2013 : <strong>Transition<\/strong> repart pour une nouvelle saison ! Ma\u00eblle et C\u00e9line, second\u00e9es par Anne-So, prennent en charge le projet pour que se poursuive son approche si originale de notre r\u00e9alit\u00e9 et notre quotidien. Elles tiennent d&rsquo;ailleurs \u00e0 remercier tr\u00e8s chaleureusement l&rsquo;\u00e9quipe fondatrice pour le travail effectu\u00e9, son investissement \u2013 et surtout pour sa confiance. Merci !<\/p>\n<h2 style=\"text-align: justify;\">La ligne \u00e9ditoriale<\/h2>\n<p style=\"text-align: justify;\"><span style=\"font-weight: bold;\">Transition <\/span>est un projet visionnaire, en ce sens qu\u2019il se veut constitutif d\u2019un point de vue particulier. Il ne se r\u00e9f\u00e8re pas \u00e0 un genre, ni \u00e0 un style litt\u00e9raire. Il s\u2019agit d\u2019une fa\u00e7on d\u2019appr\u00e9hender le monde dans un subtil d\u00e9calage par rapport notre r\u00e9ceptivit\u00e9 quotidienne. En cela, la d\u00e9finition de \u00ab visionnaire \u00bb se retrouve : en effet, il est question de visions et de r\u00e9v\u00e9lations comme d\u2019id\u00e9es folles, extravagantes et chim\u00e9riques.<\/p>\n<p style=\"text-align: justify;\">Nous proposons des \u0153uvres \u00e0 mi-chemin entre notre normalit\u00e9 et une sensibilit\u00e9 singuli\u00e8re, un \u00e9tat \u00e9th\u00e9r\u00e9 car un peu d\u00e9tach\u00e9 des r\u00e9alit\u00e9s mornes. Les cr\u00e9ations issues de ce projet se posent comme des translations du r\u00e9el, des transitions entre l\u2019univers commun\u00e9ment admis et des mondes personnels. Deux courants d\u00e9coulent de ce projet : <em>\u00c9veil<\/em> et <span style=\"font-style: italic;\">P\u00e9nombres<\/span>. Nous utilisons le terme \u00ab courant \u00bb pour d\u00e9signer une cr\u00e9ation de m\u00eame couleur, qui se dirige dans un m\u00eame sens, vers un but partag\u00e9, mais qui traverse des genres d\u2019habitude cloisonn\u00e9s.<\/p>\n<h2>Les genres litt\u00e9raires accept\u00e9s<\/h2>\n<p style=\"text-align: justify;\">\u00ab Courant \u00bb signifie aussi que nous voulons offrir un portail f\u00e9d\u00e9rateur \u00e0 une ambiance, une teinte particuli\u00e8re en rassemblant les projets et les id\u00e9es \u00e9parses qui flottent d\u00e9j\u00e0 dans les eaux o\u00f9 nous nous naviguons :<\/p>\n<ul style=\"text-align: justify;\">\n<li>aussi, nous envisageons de nombreux supports narratifs : anthologies, recueils et nouvelles (illustr\u00e9s ou non), bandes dessin\u00e9es, photographies, illustrations, po\u00e8mes et sayn\u00e8tes ;<\/li>\n<li>quant aux genres (science-fiction, fantasy, fantastique, horreur, anticipation, steampunk, cyberpunk, contes, litt\u00e9rature blanche, etc.), m\u00eame si certains sont favoris\u00e9s, nous ne souhaitons nous priver d\u2019aucun.<\/li>\n<\/ul>\n<p>Nous appr\u00e9cions les \u00e9crits qui sortent des sentiers battus.<\/p>\n<h2>Les supports et publications<\/h2>\n<p>\u00c0 l&rsquo;origine, <strong>Transition<\/strong> proposait essentiellement des publications papier, notamment les deux fanzines <em>\u00c9veil<\/em> et <em>P\u00e9nombres<\/em>. Nous avons cependant d\u00e9cid\u00e9 de privil\u00e9gier d\u00e9sormais le num\u00e9rique, pour des questions pratiques. Cela ne signifie pas que nous abandonnons tout \u00e0 fait l&rsquo;impression, simplement que nous n&rsquo;envisageons pas d&rsquo;y avoir recours pour nos projets actuels.<br \/>\nChaque courant se d\u00e9cline sur plusieurs supports \u2013 dont certains gratuits, pour permettre \u00e0 tous de d\u00e9couvrir la ligne \u00e9ditoriale bien particuli\u00e8re de <strong>Transition<\/strong>. Pour plus d&rsquo;informations : <a title=\"Pr\u00e9sentation courant \u00c9veil\" href=\"http:\/\/imaginailes.fr\/automne\/musee-des-archives\/fanzines\/projet-transition\/les-archives-du-projet-transition\/quest-ce-que-le-projet-transition\/courant-eveil\/\"><em>\u00c9veil<\/em><\/a> et <a title=\"Pr\u00e9sentation courant P\u00e9nombres\" href=\"http:\/\/imaginailes.fr\/automne\/musee-des-archives\/fanzines\/projet-transition\/les-archives-du-projet-transition\/quest-ce-que-le-projet-transition\/courant-penombre\/\"><span style=\"font-style: italic;\">P\u00e9nombres<\/span><\/a>.<\/p>\n<h2>Particularit\u00e9 transitionnelle<\/h2>\n<p style=\"text-align: justify;\"><span style=\"font-weight: bold;\">Transition<\/span> est compos\u00e9 de \u00ab courants \u00bb, avec pour but de proposer un portail f\u00e9d\u00e9rateur aux \u0153uvres et projets pouvant se reconna\u00eetre dans <span style=\"font-style: italic;\">\u00c9veil<\/span> et <span style=\"font-style: italic;\">P\u00e9nombres<\/span>.<br \/>\nAussi, nous souhaitons offrir sur nos blog et forum, au sein m\u00eame des sections \u00ab Le courant<em> \u00c9veil<\/em> \u00bb et \u00ab Le courant<em> P\u00e9nombres<\/em> \u00bb, un espace de visibilit\u00e9 des cr\u00e9ations <span style=\"font-style: italic;\">via<\/span> nos articles et nos r\u00e9f\u00e9rencements, qu&rsquo;il s&rsquo;agisse de fanzines, de BD, de romans, de musique, de films ou s\u00e9ries TV, etc., mais aussi <span style=\"font-style: italic;\">via<\/span> l&rsquo;implication et l&rsquo;auto-promotion de visiteurs et de membres du forum.<\/p>\n","protected":false},"excerpt":{"rendered":"<p>Transition est une association loi 1901 qui s&rsquo;inscrit dans la promotion d&rsquo;\u0153uvres textuelles et picturales appartenant principalement au domaine de l&rsquo;Imaginaire : il s&rsquo;agit d&rsquo;un projet d\u2019\u00e9dition qui se propose de faire (re)d\u00e9couvrir notre quotidien au travers de kal\u00e9idoscopes que nous nommons \u00ab courants \u00bb: \u00c9veil et P\u00e9nombres. Historique Si \u2026 <a class=\"continue-reading-link\" href=\"http:\/\/imaginailes.fr\/automne\/musee-des-archives\/fanzines\/projet-transition\/les-archives-du-projet-transition\/quest-ce-que-le-projet-transition\/\"> Continue reading <span class=\"meta-nav\">&rarr; <\/span><\/a><\/p>\n","protected":false},"author":1,"featured_media":0,"parent":725,"menu_order":0,"comment_status":"closed","ping_status":"closed","template":"","meta":{"footnotes":""},"class_list":["post-648","page","type-page","status-publish","hentry"],"_links":{"self":[{"href":"http:\/\/imaginailes.fr\/automne\/wp-json\/wp\/v2\/pages\/648","targetHints":{"allow":["GET"]}}],"collection":[{"href":"http:\/\/imaginailes.fr\/automne\/wp-json\/wp\/v2\/pages"}],"about":[{"href":"http:\/\/imaginailes.fr\/automne\/wp-json\/wp\/v2\/types\/page"}],"author":[{"embeddable":true,"href":"http:\/\/imaginailes.fr\/automne\/wp-json\/wp\/v2\/users\/1"}],"replies":[{"embeddable":true,"href":"http:\/\/imaginailes.fr\/automne\/wp-json\/wp\/v2\/comments?post=648"}],"version-history":[{"count":4,"href":"http:\/\/imaginailes.fr\/automne\/wp-json\/wp\/v2\/pages\/648\/revisions"}],"predecessor-version":[{"id":1198,"href":"http:\/\/imaginailes.fr\/automne\/wp-json\/wp\/v2\/pages\/648\/revisions\/1198"}],"up":[{"embeddable":true,"href":"http:\/\/imaginailes.fr\/automne\/wp-json\/wp\/v2\/pages\/725"}],"wp:attachment":[{"href":"http:\/\/imaginailes.fr\/automne\/wp-json\/wp\/v2\/media?parent=648"}],"curies":[{"name":"wp","href":"https:\/\/api.w.org\/{rel}","templated":true}]}}