{"id":650,"date":"2018-08-18T19:28:56","date_gmt":"2018-08-18T18:28:56","guid":{"rendered":"http:\/\/imaginailes.fr\/automne\/?page_id=650"},"modified":"2020-09-10T10:55:28","modified_gmt":"2020-09-10T09:55:28","slug":"courant-eveil","status":"publish","type":"page","link":"http:\/\/imaginailes.fr\/automne\/musee-des-archives\/fanzines\/projet-transition\/les-archives-du-projet-transition\/quest-ce-que-le-projet-transition\/courant-eveil\/","title":{"rendered":"Courant \u00e9veil"},"content":{"rendered":"<h1><\/h1>\n<div style=\"text-align: justify;\">\n<p><img loading=\"lazy\" decoding=\"async\" class=\"alignnone size-full wp-image-737 aligncenter\" src=\"http:\/\/imaginailes.fr\/automne\/wp-content\/uploads\/2018\/09\/diapo-eveil.jpg\" alt=\"\" width=\"569\" height=\"250\" srcset=\"http:\/\/imaginailes.fr\/automne\/wp-content\/uploads\/2018\/09\/diapo-eveil.jpg 569w, http:\/\/imaginailes.fr\/automne\/wp-content\/uploads\/2018\/09\/diapo-eveil-300x132.jpg 300w, http:\/\/imaginailes.fr\/automne\/wp-content\/uploads\/2018\/09\/diapo-eveil-150x66.jpg 150w, http:\/\/imaginailes.fr\/automne\/wp-content\/uploads\/2018\/09\/diapo-eveil-250x110.jpg 250w\" sizes=\"auto, (max-width: 569px) 100vw, 569px\" \/><\/p>\n<p>Transition, Libert\u00e9, Exaltation!<\/p>\n<h2>Le concept<\/h2>\n<p>Le courant <em>\u00c9veil<\/em> tourne autour d\u2019un instant lumineux, d\u2019un point de bascule. On y respire la libert\u00e9 de la chute, la fra\u00eecheur de l\u2019avenir empli de promesses et de possibilit\u00e9s. C\u2019est un ciel bleu d\u2019adolescence ou le rugissement puissant d\u2019une r\u00e9v\u00e9lation. On y marche comme dans un r\u00eave, sans limite, exalt\u00e9 par la vie, par soi-m\u00eame, par l\u2019Autre.<br \/>\nL\u2019exaltation subite que diffuse <em>\u00c9veil<\/em> se veut n\u00e9e de l\u2019affranchissement des limites et de la d\u00e9couverte des possibilit\u00e9s offertes par l\u2019infini du n\u00e9buleux, du flou, de l\u2019entre-deux. On peut avec aisance retrouver le th\u00e8me de l\u2019\u00e9tranget\u00e9 \u00e0 soi-m\u00eame et \u00e0 autrui qui na\u00eet du passage, de l\u2019instant de doute quant \u00e0 la r\u00e9alit\u00e9 de l\u2019acquis. L\u2019exaltation peut \u00eatre pr\u00e9c\u00e9d\u00e9e d\u2019une grande p\u00e9riode de calme, un temps de maturation et d\u2019appr\u00e9ciation \u2013 ou non, auquel cas peut appara\u00eetre la m\u00e9lancolie, le \u00ab spleen \u00bb \u2013 de l\u2019acquis. De cet \u00e9tat latent, une entit\u00e9 se d\u00e9veloppe dont le destin sera de brutalement muter, d\u2019\u00eatre arrach\u00e9e \u00e0 son quotidien pour devenir \u00abautre chose\u00bb et poursuivre ailleurs, autrement, son existence. Cette transition peut prendre diverses importances et amplitudes (une v\u00e9ritable \u00e9piphanie ou une compr\u00e9hension insignifiante: d\u00e9couvrir que certaines pommes ont des saveurs de raisin, que le caillou commun devient un arc-en-ciel de couleurs plong\u00e9 dans l\u2019eau du ruisseau), mais on doit retrouver l\u2019id\u00e9e de changement, de transition. Cette sensation d\u2019affranchissement de la r\u00e9alit\u00e9 recherch\u00e9e par le courant <em>\u00c9veil<\/em> nous vient parfois les soirs doux en \u00e9t\u00e9, quand les couleurs changent, que la nuit ti\u00e8de s\u2019\u00e9tend et avec elle les r\u00eaveries\u2026<\/p>\n<h2>Quelques exemples<\/h2>\n<blockquote>\n<p style=\"text-align: justify;\">\u00ab Je cherchais \u00e0 devenir chaman avec l\u2019aide d\u2019autres chamans, mais je n\u2019y r\u00e9ussis pas. Alors, je me r\u00e9fugiai dans la solitude et je devins tr\u00e8s m\u00e9lancolique. Je tombais en larmes, je me sentais malheureux sans savoir pourquoi. Puis un jour, tout, brusquement, se transforma et je ressentis une grande joie inexplicable, une joie si puissante que je ne pouvais la r\u00e9fr\u00e9ner. Il fallait que je l\u2019exprime par un chant, un chant grandiose qui tenait en un seul mot: joie. Et ce chant me poussait \u00e0 le chanter \u00e0 pleine voix. C\u2019est ainsi que je devins chaman. Je devins chaman de ce ravissement irr\u00e9sistible et myst\u00e9rieux, sans savoir comment cela m\u2019\u00e9tait arriv\u00e9. J\u2019\u00e9tais chaman. [Les esprits] venaient \u00e0 pr\u00e9sent vers moi et devenaient mes alli\u00e9s de pouvoir. \u00bb<br \/>\n<span style=\"text-decoration: underline;\">Chaman eskimo iglulik<\/span><\/p>\n<\/blockquote>\n<\/div>\n<p style=\"text-align: justify;\"><strong>Bandes dessin\u00e9es<\/strong> : Les cycles <em>Aria<\/em> et <em>Aqua<\/em>, de Kozue Amano, \u00e9d. Kami; <em>Barcelona<\/em>, de Kenny-Sola, \u00e9d. Paquet; les \u0153uvres de Kazuya Minekura et de Mari Okazaki, en g\u00e9n\u00e9ral\u2026<br \/>\n<strong>Films et animations<\/strong> : <em>Au-Del\u00e0<\/em>, court-m\u00e9trage issu du projet Animatrix ; <em>Zettai Sh\u00f4nen<\/em>, premi\u00e8re saison\u2026<br \/>\n<strong>Musique<\/strong> : Dido, Dolly, Maple Bee, Loreena McKennitt, Superbus\u2026<br \/>\n<strong>Livres<\/strong> : <em>Lullaby<\/em>, de J.M.G. Le Cl\u00e9zio; <em>Appel du pied<\/em>, de Risa Wataya;<em> La Perle d\u2019\u00e9ternit\u00e9<\/em>, de C\u00e9line Guillaume<\/p>\n<h2 style=\"text-align: justify;\">Nos publications<\/h2>\n<h3>Fanzine num\u00e9rique <em>\u00c9veil<\/em><\/h3>\n<p>Quelquefois, la vie nous adresse des signes, et nous y r\u00e9agissons.<br \/>\nPourquoi ? Comment ?<br \/>\nC&rsquo;est \u00e0 ces questions que le fanzine num\u00e9rique<em> \u00c9veil<\/em> se propose de r\u00e9pondre. Une fois par an, retrouvez cette revue num\u00e9rique qui r\u00e9unit des textes et illustrations autour d&rsquo;un th\u00e8me particulier.<\/p>\n<div id=\"attachment_757\" style=\"width: 272px\" class=\"wp-caption alignnone\"><img loading=\"lazy\" decoding=\"async\" aria-describedby=\"caption-attachment-757\" class=\"size-full wp-image-757\" src=\"http:\/\/imaginailes.fr\/automne\/wp-content\/uploads\/2018\/09\/smallcouv_eveil04.jpg\" alt=\"\" width=\"262\" height=\"350\" srcset=\"http:\/\/imaginailes.fr\/automne\/wp-content\/uploads\/2018\/09\/smallcouv_eveil04.jpg 262w, http:\/\/imaginailes.fr\/automne\/wp-content\/uploads\/2018\/09\/smallcouv_eveil04-225x300.jpg 225w, http:\/\/imaginailes.fr\/automne\/wp-content\/uploads\/2018\/09\/smallcouv_eveil04-112x150.jpg 112w\" sizes=\"auto, (max-width: 262px) 100vw, 262px\" \/><p id=\"caption-attachment-757\" class=\"wp-caption-text\">\u00e9veil 4<\/p><\/div>\n<h3>Fanzine papier \u00c9veil (publication arr\u00eat\u00e9e)<\/h3>\n<p>Fanzine papier qui se d\u00e9cline en 3 num\u00e9ros, il appartient \u00e0 la \u00ab\u00a0premi\u00e8re saison\u00a0\u00bb de Transition.<\/p>\n\n\t\t<style type=\"text\/css\">\n\t\t\t#gallery-1 {\n\t\t\t\tmargin: auto;\n\t\t\t}\n\t\t\t#gallery-1 .gallery-item {\n\t\t\t\tfloat: left;\n\t\t\t\tmargin-top: 10px;\n\t\t\t\ttext-align: center;\n\t\t\t\twidth: 33%;\n\t\t\t}\n\t\t\t#gallery-1 img {\n\t\t\t\tborder: 2px solid #cfcfcf;\n\t\t\t}\n\t\t\t#gallery-1 .gallery-caption {\n\t\t\t\tmargin-left: 0;\n\t\t\t}\n\t\t\t\/* see gallery_shortcode() in wp-includes\/media.php *\/\n\t\t<\/style>\n\t\t<div id='gallery-1' class='gallery galleryid-650 gallery-columns-3 gallery-size-full'><dl class='gallery-item'>\n\t\t\t<dt class='gallery-icon portrait'>\n\t\t\t\t<a href='http:\/\/imaginailes.fr\/automne\/musee-des-archives\/fanzines\/projet-transition\/les-archives-du-projet-transition\/quest-ce-que-le-projet-transition\/courant-eveil\/smallcouv_eveil01\/'><img loading=\"lazy\" decoding=\"async\" width=\"245\" height=\"348\" src=\"http:\/\/imaginailes.fr\/automne\/wp-content\/uploads\/2018\/09\/smallcouv_eveil01.jpg\" class=\"attachment-full size-full\" alt=\"\" aria-describedby=\"gallery-1-740\" srcset=\"http:\/\/imaginailes.fr\/automne\/wp-content\/uploads\/2018\/09\/smallcouv_eveil01.jpg 245w, http:\/\/imaginailes.fr\/automne\/wp-content\/uploads\/2018\/09\/smallcouv_eveil01-211x300.jpg 211w, http:\/\/imaginailes.fr\/automne\/wp-content\/uploads\/2018\/09\/smallcouv_eveil01-106x150.jpg 106w\" sizes=\"auto, (max-width: 245px) 100vw, 245px\" \/><\/a>\n\t\t\t<\/dt>\n\t\t\t\t<dd class='wp-caption-text gallery-caption' id='gallery-1-740'>\n\t\t\t\t\u00e9veil1\n\t\t\t\t<\/dd><\/dl><dl class='gallery-item'>\n\t\t\t<dt class='gallery-icon portrait'>\n\t\t\t\t<a href='http:\/\/imaginailes.fr\/automne\/musee-des-archives\/fanzines\/projet-transition\/les-archives-du-projet-transition\/quest-ce-que-le-projet-transition\/courant-eveil\/smallcouv_eveil02\/'><img loading=\"lazy\" decoding=\"async\" width=\"246\" height=\"349\" src=\"http:\/\/imaginailes.fr\/automne\/wp-content\/uploads\/2018\/09\/smallcouv_eveil02.jpg\" class=\"attachment-full size-full\" alt=\"\" aria-describedby=\"gallery-1-741\" srcset=\"http:\/\/imaginailes.fr\/automne\/wp-content\/uploads\/2018\/09\/smallcouv_eveil02.jpg 246w, http:\/\/imaginailes.fr\/automne\/wp-content\/uploads\/2018\/09\/smallcouv_eveil02-211x300.jpg 211w, http:\/\/imaginailes.fr\/automne\/wp-content\/uploads\/2018\/09\/smallcouv_eveil02-106x150.jpg 106w\" sizes=\"auto, (max-width: 246px) 100vw, 246px\" \/><\/a>\n\t\t\t<\/dt>\n\t\t\t\t<dd class='wp-caption-text gallery-caption' id='gallery-1-741'>\n\t\t\t\t\u00e9veil 2\n\t\t\t\t<\/dd><\/dl><dl class='gallery-item'>\n\t\t\t<dt class='gallery-icon portrait'>\n\t\t\t\t<a href='http:\/\/imaginailes.fr\/automne\/musee-des-archives\/fanzines\/projet-transition\/les-archives-du-projet-transition\/quest-ce-que-le-projet-transition\/courant-eveil\/smallcouv_eveil03\/'><img loading=\"lazy\" decoding=\"async\" width=\"246\" height=\"348\" src=\"http:\/\/imaginailes.fr\/automne\/wp-content\/uploads\/2018\/09\/smallcouv_eveil03.jpg\" class=\"attachment-full size-full\" alt=\"\" aria-describedby=\"gallery-1-742\" srcset=\"http:\/\/imaginailes.fr\/automne\/wp-content\/uploads\/2018\/09\/smallcouv_eveil03.jpg 246w, http:\/\/imaginailes.fr\/automne\/wp-content\/uploads\/2018\/09\/smallcouv_eveil03-212x300.jpg 212w, http:\/\/imaginailes.fr\/automne\/wp-content\/uploads\/2018\/09\/smallcouv_eveil03-106x150.jpg 106w\" sizes=\"auto, (max-width: 246px) 100vw, 246px\" \/><\/a>\n\t\t\t<\/dt>\n\t\t\t\t<dd class='wp-caption-text gallery-caption' id='gallery-1-742'>\n\t\t\t\t\u00e9veil 3\n\t\t\t\t<\/dd><\/dl><br style=\"clear: both\" \/>\n\t\t<\/div>\n\n<h3>La Sacoche du facteur (publication arr\u00eat\u00e9e)<\/h3>\n<p>Le facteur a \u00e9gar\u00e9 certaines missives, mais <strong>Transition<\/strong> veille\u2026 D\u00e9couvrez chaque mois (ou peu s&rsquo;en faut) une de ces lettres perdues et \u00e9veillez-vous \u00e0 sa lecture\u2026<br \/>\nCette petite publication est diffus\u00e9e sur un support num\u00e9rique.<\/p>\n","protected":false},"excerpt":{"rendered":"<p>Transition, Libert\u00e9, Exaltation! Le concept Le courant \u00c9veil tourne autour d\u2019un instant lumineux, d\u2019un point de bascule. On y respire la libert\u00e9 de la chute, la fra\u00eecheur de l\u2019avenir empli de promesses et de possibilit\u00e9s. C\u2019est un ciel bleu d\u2019adolescence ou le rugissement puissant d\u2019une r\u00e9v\u00e9lation. On y marche comme \u2026 <a class=\"continue-reading-link\" href=\"http:\/\/imaginailes.fr\/automne\/musee-des-archives\/fanzines\/projet-transition\/les-archives-du-projet-transition\/quest-ce-que-le-projet-transition\/courant-eveil\/\"> Continue reading <span class=\"meta-nav\">&rarr; <\/span><\/a><\/p>\n","protected":false},"author":1,"featured_media":0,"parent":648,"menu_order":0,"comment_status":"closed","ping_status":"closed","template":"","meta":{"footnotes":""},"class_list":["post-650","page","type-page","status-publish","hentry"],"_links":{"self":[{"href":"http:\/\/imaginailes.fr\/automne\/wp-json\/wp\/v2\/pages\/650","targetHints":{"allow":["GET"]}}],"collection":[{"href":"http:\/\/imaginailes.fr\/automne\/wp-json\/wp\/v2\/pages"}],"about":[{"href":"http:\/\/imaginailes.fr\/automne\/wp-json\/wp\/v2\/types\/page"}],"author":[{"embeddable":true,"href":"http:\/\/imaginailes.fr\/automne\/wp-json\/wp\/v2\/users\/1"}],"replies":[{"embeddable":true,"href":"http:\/\/imaginailes.fr\/automne\/wp-json\/wp\/v2\/comments?post=650"}],"version-history":[{"count":9,"href":"http:\/\/imaginailes.fr\/automne\/wp-json\/wp\/v2\/pages\/650\/revisions"}],"predecessor-version":[{"id":1206,"href":"http:\/\/imaginailes.fr\/automne\/wp-json\/wp\/v2\/pages\/650\/revisions\/1206"}],"up":[{"embeddable":true,"href":"http:\/\/imaginailes.fr\/automne\/wp-json\/wp\/v2\/pages\/648"}],"wp:attachment":[{"href":"http:\/\/imaginailes.fr\/automne\/wp-json\/wp\/v2\/media?parent=650"}],"curies":[{"name":"wp","href":"https:\/\/api.w.org\/{rel}","templated":true}]}}