{"id":652,"date":"2018-08-18T19:29:31","date_gmt":"2018-08-18T18:29:31","guid":{"rendered":"http:\/\/imaginailes.fr\/automne\/?page_id=652"},"modified":"2020-09-10T10:56:31","modified_gmt":"2020-09-10T09:56:31","slug":"courant-penombre","status":"publish","type":"page","link":"http:\/\/imaginailes.fr\/automne\/musee-des-archives\/fanzines\/projet-transition\/les-archives-du-projet-transition\/quest-ce-que-le-projet-transition\/courant-penombre\/","title":{"rendered":"Courant P\u00e9nombre"},"content":{"rendered":"<h1><\/h1>\n<p><img loading=\"lazy\" decoding=\"async\" class=\"alignnone size-full wp-image-754 aligncenter\" src=\"http:\/\/imaginailes.fr\/automne\/wp-content\/uploads\/2018\/09\/diapo-penombres.jpg\" alt=\"\" width=\"569\" height=\"250\" srcset=\"http:\/\/imaginailes.fr\/automne\/wp-content\/uploads\/2018\/09\/diapo-penombres.jpg 569w, http:\/\/imaginailes.fr\/automne\/wp-content\/uploads\/2018\/09\/diapo-penombres-300x132.jpg 300w, http:\/\/imaginailes.fr\/automne\/wp-content\/uploads\/2018\/09\/diapo-penombres-150x66.jpg 150w, http:\/\/imaginailes.fr\/automne\/wp-content\/uploads\/2018\/09\/diapo-penombres-250x110.jpg 250w\" sizes=\"auto, (max-width: 569px) 100vw, 569px\" \/><\/p>\n<p>La transition entre deux rues, entre deux mondes<br \/>\nUne transition dans le doute de brume, la splendeur obscure et la cit\u00e9 d\u00e9peupl\u00e9e<\/p>\n<h2>Le concept<\/h2>\n<p>Notre monde d\u2019aujourd\u2019hui a oubli\u00e9 ses myst\u00e8res, ses ombres secr\u00e8tes. Le courant P\u00e9nombres se propose d\u2019ouvrir les portes de l\u2019indicible, du merveilleux des goutti\u00e8res, de l\u2019angoisse des ruelles et des gargouilles qui se cachent, la nuit, derri\u00e8re les lampadaires.<br \/>\nLe courant, que nous qualifions d\u2019<strong>occulte contemporain<\/strong> et qui souhaite enchanter notre quotidien, se destine avant tout \u00e0 parler de notre \u00e9poque. Toutefois, les \u0153uvres prenant place dans notre pass\u00e9 pas trop lointain ou dans un futur proche* ont droit de cit\u00e9.<br \/>\nNous appr\u00e9cions fortement les r\u00e9cits et illustrations inscrits de mani\u00e8re explicite dans notre r\u00e9alit\u00e9, dans notre monde: par exemple, que le passage clout\u00e9 soit celui de N\u00eemes ou de Nancy, ou que le pont abritant le troll soit l\u2019immense enjambement bordelais. Dans l\u2019id\u00e9al, une personne qui habiterait la ville ou le village d\u00e9crit(e) saurait reconna\u00eetre l\u2019endroit \u00e0 la description <strong>(il ne s\u2019agit pas de tomber dans la description exhaustive et ennuyeuse; plut\u00f4t de parvenir \u00e0 rendre l\u2019esprit particulier \u00e0 un endroit)<\/strong>.<br \/>\nL\u2019ambiance peut \u00eatre romantique \u00e0 souhait, surann\u00e9e comme les romans noirs ou gothiques ou, au contraire, brute de violence \u00e0 \u00e9touffer le lecteur. Dans tous les cas, nous appr\u00e9cierons le \u201cpunch\u201d du r\u00e9cit. Les cr\u00e9atures habituelles (vampires et loups-garous), mais aussi, plus largement, <strong>tout type de cr\u00e9atures l\u00e9gendaires, mythologiques identifiables<\/strong> (banshies, red caps, dryades, Baba Yaga, oiseaux-tonnerre, minotaure\u2026) sont invit\u00e9es, sous la condition qu\u2019elles ne s\u2019avilissent pas dans le clich\u00e9.<br \/>\nTr\u00e8s ouvertement, notre but est de \u00abremystifier\u00bb le r\u00e9el, notre quotidien de carton-p\u00e2te, pour que vienne l\u2019envie de gratter le pl\u00e2tre des murs ou, au contraire, la crainte que quelque chose ne s\u2019\u00e9chappe de l\u2019angle d\u2019une pi\u00e8ce\u2026<br \/>\n* Id\u00e9alement, dans une p\u00e9riode comprise entre le d\u00e9but du XIXe si\u00e8cle et une l\u00e9g\u00e8re anticipation.<\/p>\n<h2>Quelques exemples<\/h2>\n<ul>\n<li>Vous pouvez vous inspirer des ma\u00eetres du fantastique comme E.T.A. Hoffmann, Edgar Allan Poe, S.T. Coleridge, Guy de Maupassant, Th\u00e9ophile Gautier, H.P. Lovecraft, mais aussi Neil Gaiman, Poppy Z. Brite, Roger Zelazny\u2026 ou encore la trilogie Wielstadt, <em>Les Enchantements d\u2019Ambremer<\/em>, le Club Van Helsing, etc.<\/li>\n<li>Autrement, vous pouvez aussi vous faire une id\u00e9e du style gr\u00e2ce aux romans d\u2019urban fairy ou de \u201cbit-lit\u201d, aux comics Fables, <em>Sandman<\/em> et <em>Magic of Aria<\/em>, ou encore au jeu de r\u00f4le <em>Le Monde des T\u00e9n\u00e8bres II<\/em> (\u00e9d. White Wolf).<\/li>\n<\/ul>\n<h2>Nos publications<\/h2>\n<h3>Fanzine num\u00e9rique <em>P\u00e9nombres<\/em><\/h3>\n<p>Vous pensiez tout savoir du monde dans lequel vous vivez ? C&rsquo;\u00e9tait sans compter les cr\u00e9atures merveilleuses qui l&rsquo;habitent \u2013 ou le hantent\u2026<br \/>\nLe fanzine <em>P\u00e9nombres<\/em> se propose d&rsquo;explorer cette autre r\u00e9alit\u00e9. Une fois par an, retrouvez cette revue num\u00e9rique qui r\u00e9unit des textes et illustrations autour d\u2019un th\u00e8me particulier.<\/p>\n\n\t\t<style type=\"text\/css\">\n\t\t\t#gallery-1 {\n\t\t\t\tmargin: auto;\n\t\t\t}\n\t\t\t#gallery-1 .gallery-item {\n\t\t\t\tfloat: left;\n\t\t\t\tmargin-top: 10px;\n\t\t\t\ttext-align: center;\n\t\t\t\twidth: 33%;\n\t\t\t}\n\t\t\t#gallery-1 img {\n\t\t\t\tborder: 2px solid #cfcfcf;\n\t\t\t}\n\t\t\t#gallery-1 .gallery-caption {\n\t\t\t\tmargin-left: 0;\n\t\t\t}\n\t\t\t\/* see gallery_shortcode() in wp-includes\/media.php *\/\n\t\t<\/style>\n\t\t<div id='gallery-1' class='gallery galleryid-652 gallery-columns-3 gallery-size-full'><dl class='gallery-item'>\n\t\t\t<dt class='gallery-icon portrait'>\n\t\t\t\t<a href='http:\/\/imaginailes.fr\/automne\/musee-des-archives\/fanzines\/projet-transition\/les-archives-du-projet-transition\/quest-ce-que-le-projet-transition\/courant-penombre\/smallcouv_penombres06\/'><img loading=\"lazy\" decoding=\"async\" width=\"259\" height=\"350\" src=\"http:\/\/imaginailes.fr\/automne\/wp-content\/uploads\/2018\/09\/smallcouv_penombres06.jpg\" class=\"attachment-full size-full\" alt=\"\" aria-describedby=\"gallery-1-756\" srcset=\"http:\/\/imaginailes.fr\/automne\/wp-content\/uploads\/2018\/09\/smallcouv_penombres06.jpg 259w, http:\/\/imaginailes.fr\/automne\/wp-content\/uploads\/2018\/09\/smallcouv_penombres06-222x300.jpg 222w, http:\/\/imaginailes.fr\/automne\/wp-content\/uploads\/2018\/09\/smallcouv_penombres06-111x150.jpg 111w\" sizes=\"auto, (max-width: 259px) 100vw, 259px\" \/><\/a>\n\t\t\t<\/dt>\n\t\t\t\t<dd class='wp-caption-text gallery-caption' id='gallery-1-756'>\n\t\t\t\tp\u00e9nombres 6\n\t\t\t\t<\/dd><\/dl><dl class='gallery-item'>\n\t\t\t<dt class='gallery-icon portrait'>\n\t\t\t\t<a href='http:\/\/imaginailes.fr\/automne\/musee-des-archives\/fanzines\/projet-transition\/les-archives-du-projet-transition\/quest-ce-que-le-projet-transition\/courant-penombre\/smallcouv_penombres07\/'><img loading=\"lazy\" decoding=\"async\" width=\"262\" height=\"350\" src=\"http:\/\/imaginailes.fr\/automne\/wp-content\/uploads\/2018\/09\/smallcouv_penombres07.jpg\" class=\"attachment-full size-full\" alt=\"\" aria-describedby=\"gallery-1-758\" srcset=\"http:\/\/imaginailes.fr\/automne\/wp-content\/uploads\/2018\/09\/smallcouv_penombres07.jpg 262w, http:\/\/imaginailes.fr\/automne\/wp-content\/uploads\/2018\/09\/smallcouv_penombres07-225x300.jpg 225w, http:\/\/imaginailes.fr\/automne\/wp-content\/uploads\/2018\/09\/smallcouv_penombres07-112x150.jpg 112w\" sizes=\"auto, (max-width: 262px) 100vw, 262px\" \/><\/a>\n\t\t\t<\/dt>\n\t\t\t\t<dd class='wp-caption-text gallery-caption' id='gallery-1-758'>\n\t\t\t\tp\u00e9nombres 7\n\t\t\t\t<\/dd><\/dl>\n\t\t\t<br style='clear: both' \/>\n\t\t<\/div>\n\n<h3>Fanzine papier P\u00e9nombres (publication arr\u00eat\u00e9e)<\/h3>\n<p>Fanzine papier qui se d\u00e9cline en 5 num\u00e9ros, il appartient \u00e0 la \u00ab premi\u00e8re saison \u00bb de Transition.<\/p>\n\n\t\t<style type=\"text\/css\">\n\t\t\t#gallery-2 {\n\t\t\t\tmargin: auto;\n\t\t\t}\n\t\t\t#gallery-2 .gallery-item {\n\t\t\t\tfloat: left;\n\t\t\t\tmargin-top: 10px;\n\t\t\t\ttext-align: center;\n\t\t\t\twidth: 33%;\n\t\t\t}\n\t\t\t#gallery-2 img {\n\t\t\t\tborder: 2px solid #cfcfcf;\n\t\t\t}\n\t\t\t#gallery-2 .gallery-caption {\n\t\t\t\tmargin-left: 0;\n\t\t\t}\n\t\t\t\/* see gallery_shortcode() in wp-includes\/media.php *\/\n\t\t<\/style>\n\t\t<div id='gallery-2' class='gallery galleryid-652 gallery-columns-3 gallery-size-full'><dl class='gallery-item'>\n\t\t\t<dt class='gallery-icon portrait'>\n\t\t\t\t<a href='http:\/\/imaginailes.fr\/automne\/musee-des-archives\/fanzines\/projet-transition\/les-archives-du-projet-transition\/toutes-nos-publications\/smallcouv_penombres01\/'><img loading=\"lazy\" decoding=\"async\" width=\"245\" height=\"347\" src=\"http:\/\/imaginailes.fr\/automne\/wp-content\/uploads\/2018\/09\/smallcouv_penombres01.jpg\" class=\"attachment-full size-full\" alt=\"\" aria-describedby=\"gallery-2-743\" srcset=\"http:\/\/imaginailes.fr\/automne\/wp-content\/uploads\/2018\/09\/smallcouv_penombres01.jpg 245w, http:\/\/imaginailes.fr\/automne\/wp-content\/uploads\/2018\/09\/smallcouv_penombres01-212x300.jpg 212w, http:\/\/imaginailes.fr\/automne\/wp-content\/uploads\/2018\/09\/smallcouv_penombres01-106x150.jpg 106w\" sizes=\"auto, (max-width: 245px) 100vw, 245px\" \/><\/a>\n\t\t\t<\/dt>\n\t\t\t\t<dd class='wp-caption-text gallery-caption' id='gallery-2-743'>\n\t\t\t\tp\u00e9nombres 1\n\t\t\t\t<\/dd><\/dl><dl class='gallery-item'>\n\t\t\t<dt class='gallery-icon portrait'>\n\t\t\t\t<a href='http:\/\/imaginailes.fr\/automne\/musee-des-archives\/fanzines\/projet-transition\/les-archives-du-projet-transition\/toutes-nos-publications\/smallcouv_penombres02\/'><img loading=\"lazy\" decoding=\"async\" width=\"244\" height=\"351\" src=\"http:\/\/imaginailes.fr\/automne\/wp-content\/uploads\/2018\/09\/smallcouv_penombres02.jpg\" class=\"attachment-full size-full\" alt=\"\" aria-describedby=\"gallery-2-744\" srcset=\"http:\/\/imaginailes.fr\/automne\/wp-content\/uploads\/2018\/09\/smallcouv_penombres02.jpg 244w, http:\/\/imaginailes.fr\/automne\/wp-content\/uploads\/2018\/09\/smallcouv_penombres02-209x300.jpg 209w, http:\/\/imaginailes.fr\/automne\/wp-content\/uploads\/2018\/09\/smallcouv_penombres02-104x150.jpg 104w\" sizes=\"auto, (max-width: 244px) 100vw, 244px\" \/><\/a>\n\t\t\t<\/dt>\n\t\t\t\t<dd class='wp-caption-text gallery-caption' id='gallery-2-744'>\n\t\t\t\tp\u00e9nombres 2\n\t\t\t\t<\/dd><\/dl><dl class='gallery-item'>\n\t\t\t<dt class='gallery-icon portrait'>\n\t\t\t\t<a href='http:\/\/imaginailes.fr\/automne\/musee-des-archives\/fanzines\/projet-transition\/les-archives-du-projet-transition\/toutes-nos-publications\/smallcouv_penombres03\/'><img loading=\"lazy\" decoding=\"async\" width=\"248\" height=\"351\" src=\"http:\/\/imaginailes.fr\/automne\/wp-content\/uploads\/2018\/09\/smallcouv_penombres03.jpg\" class=\"attachment-full size-full\" alt=\"\" aria-describedby=\"gallery-2-745\" srcset=\"http:\/\/imaginailes.fr\/automne\/wp-content\/uploads\/2018\/09\/smallcouv_penombres03.jpg 248w, http:\/\/imaginailes.fr\/automne\/wp-content\/uploads\/2018\/09\/smallcouv_penombres03-212x300.jpg 212w, http:\/\/imaginailes.fr\/automne\/wp-content\/uploads\/2018\/09\/smallcouv_penombres03-106x150.jpg 106w\" sizes=\"auto, (max-width: 248px) 100vw, 248px\" \/><\/a>\n\t\t\t<\/dt>\n\t\t\t\t<dd class='wp-caption-text gallery-caption' id='gallery-2-745'>\n\t\t\t\tp\u00e9nombres 3\n\t\t\t\t<\/dd><\/dl><br style=\"clear: both\" \/><dl class='gallery-item'>\n\t\t\t<dt class='gallery-icon portrait'>\n\t\t\t\t<a href='http:\/\/imaginailes.fr\/automne\/musee-des-archives\/fanzines\/projet-transition\/les-archives-du-projet-transition\/toutes-nos-publications\/smallcouv_penombres04\/'><img loading=\"lazy\" decoding=\"async\" width=\"247\" height=\"350\" src=\"http:\/\/imaginailes.fr\/automne\/wp-content\/uploads\/2018\/09\/smallcouv_penombres04.jpg\" class=\"attachment-full size-full\" alt=\"\" aria-describedby=\"gallery-2-746\" srcset=\"http:\/\/imaginailes.fr\/automne\/wp-content\/uploads\/2018\/09\/smallcouv_penombres04.jpg 247w, http:\/\/imaginailes.fr\/automne\/wp-content\/uploads\/2018\/09\/smallcouv_penombres04-212x300.jpg 212w, http:\/\/imaginailes.fr\/automne\/wp-content\/uploads\/2018\/09\/smallcouv_penombres04-106x150.jpg 106w\" sizes=\"auto, (max-width: 247px) 100vw, 247px\" \/><\/a>\n\t\t\t<\/dt>\n\t\t\t\t<dd class='wp-caption-text gallery-caption' id='gallery-2-746'>\n\t\t\t\tp\u00e9nombres 4\n\t\t\t\t<\/dd><\/dl><dl class='gallery-item'>\n\t\t\t<dt class='gallery-icon portrait'>\n\t\t\t\t<a href='http:\/\/imaginailes.fr\/automne\/musee-des-archives\/fanzines\/projet-transition\/les-archives-du-projet-transition\/toutes-nos-publications\/smallcouv_penombres05\/'><img loading=\"lazy\" decoding=\"async\" width=\"247\" height=\"350\" src=\"http:\/\/imaginailes.fr\/automne\/wp-content\/uploads\/2018\/09\/smallcouv_penombres05.jpg\" class=\"attachment-full size-full\" alt=\"\" aria-describedby=\"gallery-2-747\" srcset=\"http:\/\/imaginailes.fr\/automne\/wp-content\/uploads\/2018\/09\/smallcouv_penombres05.jpg 247w, http:\/\/imaginailes.fr\/automne\/wp-content\/uploads\/2018\/09\/smallcouv_penombres05-212x300.jpg 212w, http:\/\/imaginailes.fr\/automne\/wp-content\/uploads\/2018\/09\/smallcouv_penombres05-106x150.jpg 106w\" sizes=\"auto, (max-width: 247px) 100vw, 247px\" \/><\/a>\n\t\t\t<\/dt>\n\t\t\t\t<dd class='wp-caption-text gallery-caption' id='gallery-2-747'>\n\t\t\t\tp\u00e9nombres 5\n\t\t\t\t<\/dd><\/dl>\n\t\t\t<br style='clear: both' \/>\n\t\t<\/div>\n\n<h3>Gazette du Clair-Obscur (publication arr\u00eat\u00e9e)<\/h3>\n<p><em>La Gazette du Clair-Obscur<\/em> est un bulletin d&rsquo;actualit\u00e9 destin\u00e9 \u00e0 distiller en petites touches des ambiances et des th\u00e8mes du courant <em>P\u00e9nombres<\/em>, sous la forme d&rsquo;articles de journaux o\u00f9 l&rsquo;occulte est parfois r\u00e9v\u00e9l\u00e9, parfois sugg\u00e9r\u00e9\u2026<br \/>\nIl s&rsquo;agit d&rsquo;une publication num\u00e9rique. Le premier num\u00e9ro est pr\u00e9vu pour le 1er novembre 2013 ; vous pourrez ensuite retrouver la gazette annuellement, \u00e0 l&rsquo;occasion d&rsquo;Halloween.<br \/>\n<span style=\"text-decoration: underline;\">Note<\/span> : il existe une pr\u00e9c\u00e9dente version de cette gazette, cr\u00e9\u00e9e par l&rsquo;ancienne \u00e9quipe et dont la parution \u00e9tait irr\u00e9guli\u00e8re.<\/p>\n","protected":false},"excerpt":{"rendered":"<p>La transition entre deux rues, entre deux mondes Une transition dans le doute de brume, la splendeur obscure et la cit\u00e9 d\u00e9peupl\u00e9e Le concept Notre monde d\u2019aujourd\u2019hui a oubli\u00e9 ses myst\u00e8res, ses ombres secr\u00e8tes. Le courant P\u00e9nombres se propose d\u2019ouvrir les portes de l\u2019indicible, du merveilleux des goutti\u00e8res, de l\u2019angoisse \u2026 <a class=\"continue-reading-link\" href=\"http:\/\/imaginailes.fr\/automne\/musee-des-archives\/fanzines\/projet-transition\/les-archives-du-projet-transition\/quest-ce-que-le-projet-transition\/courant-penombre\/\"> Continue reading <span class=\"meta-nav\">&rarr; <\/span><\/a><\/p>\n","protected":false},"author":1,"featured_media":0,"parent":648,"menu_order":0,"comment_status":"closed","ping_status":"closed","template":"","meta":{"footnotes":""},"class_list":["post-652","page","type-page","status-publish","hentry"],"_links":{"self":[{"href":"http:\/\/imaginailes.fr\/automne\/wp-json\/wp\/v2\/pages\/652","targetHints":{"allow":["GET"]}}],"collection":[{"href":"http:\/\/imaginailes.fr\/automne\/wp-json\/wp\/v2\/pages"}],"about":[{"href":"http:\/\/imaginailes.fr\/automne\/wp-json\/wp\/v2\/types\/page"}],"author":[{"embeddable":true,"href":"http:\/\/imaginailes.fr\/automne\/wp-json\/wp\/v2\/users\/1"}],"replies":[{"embeddable":true,"href":"http:\/\/imaginailes.fr\/automne\/wp-json\/wp\/v2\/comments?post=652"}],"version-history":[{"count":3,"href":"http:\/\/imaginailes.fr\/automne\/wp-json\/wp\/v2\/pages\/652\/revisions"}],"predecessor-version":[{"id":1207,"href":"http:\/\/imaginailes.fr\/automne\/wp-json\/wp\/v2\/pages\/652\/revisions\/1207"}],"up":[{"embeddable":true,"href":"http:\/\/imaginailes.fr\/automne\/wp-json\/wp\/v2\/pages\/648"}],"wp:attachment":[{"href":"http:\/\/imaginailes.fr\/automne\/wp-json\/wp\/v2\/media?parent=652"}],"curies":[{"name":"wp","href":"https:\/\/api.w.org\/{rel}","templated":true}]}}