{"id":664,"date":"2018-08-18T19:40:18","date_gmt":"2018-08-18T18:40:18","guid":{"rendered":"http:\/\/imaginailes.fr\/automne\/?page_id=664"},"modified":"2020-09-10T10:57:55","modified_gmt":"2020-09-10T09:57:55","slug":"fanzine-eveil-n2-avril-2010","status":"publish","type":"page","link":"http:\/\/imaginailes.fr\/automne\/musee-des-archives\/fanzines\/projet-transition\/les-archives-du-projet-transition\/toutes-nos-publications\/fanzine-eveil-n2-avril-2010\/","title":{"rendered":"Fanzine \u00c9veil n\u00b02 \u2013 avril 2010"},"content":{"rendered":"<div id=\"attachment_741\" style=\"width: 221px\" class=\"wp-caption aligncenter\"><img loading=\"lazy\" decoding=\"async\" aria-describedby=\"caption-attachment-741\" class=\"size-medium wp-image-741\" src=\"http:\/\/imaginailes.fr\/automne\/wp-content\/uploads\/2018\/09\/smallcouv_eveil02-211x300.jpg\" alt=\"\" width=\"211\" height=\"300\" srcset=\"http:\/\/imaginailes.fr\/automne\/wp-content\/uploads\/2018\/09\/smallcouv_eveil02-211x300.jpg 211w, http:\/\/imaginailes.fr\/automne\/wp-content\/uploads\/2018\/09\/smallcouv_eveil02-106x150.jpg 106w, http:\/\/imaginailes.fr\/automne\/wp-content\/uploads\/2018\/09\/smallcouv_eveil02.jpg 246w\" sizes=\"auto, (max-width: 211px) 100vw, 211px\" \/><p id=\"caption-attachment-741\" class=\"wp-caption-text\"><\/span> <span style=\"color: #ffffff;\">\u00e9veil 2<\/span><\/p><\/div>\n<p style=\"color: #444444;\"><span style=\"color: #ffffff;\">Le <em>Fanzine \u00c9veil<\/em> est une ancienne publication sur support papier \u00e0 parution annuelle, \u00e9dit\u00e9e par l&rsquo;association Transition. Il rassemble des nouvelles, des po\u00e8mes et des illustrations, libres pour certains, \u00e0 th\u00e9matique pour d&rsquo;autres.<\/span><\/p>\n<p style=\"color: #444444;\"><span style=\"color: #ffffff;\"><strong>Le n\u00b02 est toujours disponible, mais il reste tr\u00e8s peu d&rsquo;exemplaires !<\/strong><\/span><\/p>\n<p style=\"color: #444444;\"><span style=\"color: #ffffff;\">Dans ce num\u00e9ro, les \u0153uvres se suivent <strong>Au fil de l&rsquo;eau<\/strong>\u2026<\/span><\/p>\n<p style=\"color: #444444;\"><span style=\"color: #ffffff;\">Dans la partie th\u00e9matique :<\/span><\/p>\n<ul style=\"color: #444444;\">\n<li><span style=\"color: #ffffff;\">Avec<em>Cela ne me regarde pas<\/em>, Magali Couzigou ouvre ce num\u00e9ro par la magie en demi-teinte d&rsquo;un conte amer sur l&rsquo;indiff\u00e9rence.<\/span><\/li>\n<li><span style=\"color: #ffffff;\">Puis L\u00e9a Silva nous invite \u00e0 suivre l&rsquo;hommage \u00e0 son enfance que m\u00e8ne une jeune femme. Que reste-t-il de cette grand-m\u00e8re aimante qui l&rsquo;appelait<em>Souricette<\/em> et qui s&rsquo;effraya si fort, le jour o\u00f9 sa petite-fille s&#8217;emporta contre une vieille dame qui tordait son linge au lavoir?<\/span><\/li>\n<li><span style=\"color: #ffffff;\">L&rsquo;eau emporte les d\u00e9funts, les \u00e2mes d\u00e9charn\u00e9es. Et quand, lyc\u00e9en, on a toujours v\u00e9cu pr\u00e8s de la rive des Morts, comment se d\u00e9fendre contre l&rsquo;engourdissement que provoque le Styx ? R\u00e9mi Billoir donne un d\u00e9but de r\u00e9ponse dans<em>Bridge over Troubled Water<\/em>.<\/span><\/li>\n<li><span style=\"color: #ffffff;\">Vanessa Terral nous propose une petite pause po\u00e9tique:<em>Edwine Au-fil-de-l&rsquo;eau<\/em>, qui guette aupr\u00e8s de l&rsquo;onde, court rejoindre son \u00e9poux un soir de Samain.<\/span><\/li>\n<li><span style=\"color: #ffffff;\">Si \u00e0 premi\u00e8re vue, Tuip n&rsquo;est qu&rsquo;un oiseau \u00e0 peine tomb\u00e9 du nid, sa volont\u00e9 et son culot en font<em>Un fauve poids-plume<\/em> ! Marie-Anne Cleden conte l&rsquo;amiti\u00e9 insolite entre la paruline et son animal-totem, inattendu.<\/span><\/li>\n<li><span style=\"color: #ffffff;\">Marco est un gamin adorable, aux petits soins pour sa grand-m\u00e8re qui s&rsquo;occupe de lui depuis le d\u00e9c\u00e8s de ses parents. Nona est une peu sorci\u00e8re, toutefois, elle reste une vieille dame qui ne peut rien contre un coup de chaud pris en pleine canicule\u2026 St\u00e9phane Pihen, avec son<em>Il Benedante<\/em>, nous emporte le temps d&rsquo;une belle histoire dans la campagne italienne.<\/span><\/li>\n<li><span style=\"color: #ffffff;\">Une vieille femme scrute le cours d&rsquo;eau qui a accompagn\u00e9 son enfance. Durant des ann\u00e9es, elle lui a confi\u00e9 ses souvenirs douloureux. Mais d\u00e9sormais, elle souhaite se retrouver<em>In Memoriam<\/em>. Alice Louyot signe un r\u00e9cit qui file entre les doigts, comme le sable du temps pour la vieillesse qui contemple un pass\u00e9 inconsistant.<\/span><\/li>\n<\/ul>\n<p style=\"color: #444444;\"><span style=\"color: #ffffff;\">Et en prose libre:<\/span><\/p>\n<ul style=\"color: #444444;\">\n<li><span style=\"color: #ffffff;\">Hans Delrue nous m\u00e8ne dans le doux \u00e9t\u00e9 d&rsquo;un amour fou et aveugle, quand un vieillard adore<em>Une femme de lettres<\/em> \u00e0 ne plus pouvoir vivre sans elle.<\/span><\/li>\n<\/ul>\n<p style=\"color: #444444;\"><span style=\"color: #ffffff;\">D\u00e9couvrez aussi les illustrations et les photos de C\u00e9cile Guillot, Kal\u00e9a, Lady Yvi, Nemo, Amandine Petit, Alice Ramelet, Yohan Vasse.<\/span><\/p>\n<p style=\"color: #444444;\">\n","protected":false},"excerpt":{"rendered":"<p>Le Fanzine \u00c9veil est une ancienne publication sur support papier \u00e0 parution annuelle, \u00e9dit\u00e9e par l&rsquo;association Transition. Il rassemble des nouvelles, des po\u00e8mes et des illustrations, libres pour certains, \u00e0 th\u00e9matique pour d&rsquo;autres. Le n\u00b02 est toujours disponible, mais il reste tr\u00e8s peu d&rsquo;exemplaires ! Dans ce num\u00e9ro, les \u0153uvres \u2026 <a class=\"continue-reading-link\" href=\"http:\/\/imaginailes.fr\/automne\/musee-des-archives\/fanzines\/projet-transition\/les-archives-du-projet-transition\/toutes-nos-publications\/fanzine-eveil-n2-avril-2010\/\"> Continue reading <span class=\"meta-nav\">&rarr; <\/span><\/a><\/p>\n","protected":false},"author":1,"featured_media":0,"parent":656,"menu_order":0,"comment_status":"closed","ping_status":"closed","template":"","meta":{"footnotes":""},"class_list":["post-664","page","type-page","status-publish","hentry"],"_links":{"self":[{"href":"http:\/\/imaginailes.fr\/automne\/wp-json\/wp\/v2\/pages\/664","targetHints":{"allow":["GET"]}}],"collection":[{"href":"http:\/\/imaginailes.fr\/automne\/wp-json\/wp\/v2\/pages"}],"about":[{"href":"http:\/\/imaginailes.fr\/automne\/wp-json\/wp\/v2\/types\/page"}],"author":[{"embeddable":true,"href":"http:\/\/imaginailes.fr\/automne\/wp-json\/wp\/v2\/users\/1"}],"replies":[{"embeddable":true,"href":"http:\/\/imaginailes.fr\/automne\/wp-json\/wp\/v2\/comments?post=664"}],"version-history":[{"count":3,"href":"http:\/\/imaginailes.fr\/automne\/wp-json\/wp\/v2\/pages\/664\/revisions"}],"predecessor-version":[{"id":1210,"href":"http:\/\/imaginailes.fr\/automne\/wp-json\/wp\/v2\/pages\/664\/revisions\/1210"}],"up":[{"embeddable":true,"href":"http:\/\/imaginailes.fr\/automne\/wp-json\/wp\/v2\/pages\/656"}],"wp:attachment":[{"href":"http:\/\/imaginailes.fr\/automne\/wp-json\/wp\/v2\/media?parent=664"}],"curies":[{"name":"wp","href":"https:\/\/api.w.org\/{rel}","templated":true}]}}