{"id":666,"date":"2018-08-18T19:40:44","date_gmt":"2018-08-18T18:40:44","guid":{"rendered":"http:\/\/imaginailes.fr\/automne\/?page_id=666"},"modified":"2020-09-10T10:57:08","modified_gmt":"2020-09-10T09:57:08","slug":"fanzine-eveil-n3-septembre-2011","status":"publish","type":"page","link":"http:\/\/imaginailes.fr\/automne\/musee-des-archives\/fanzines\/projet-transition\/les-archives-du-projet-transition\/toutes-nos-publications\/fanzine-eveil-n3-septembre-2011\/","title":{"rendered":"Fanzine \u00c9veil n\u00b03 \u2013 septembre 2011"},"content":{"rendered":"<p style=\"color: #444444;\">\n<div id=\"attachment_742\" style=\"width: 222px\" class=\"wp-caption aligncenter\"><img loading=\"lazy\" decoding=\"async\" aria-describedby=\"caption-attachment-742\" class=\"size-medium wp-image-742\" src=\"http:\/\/imaginailes.fr\/automne\/wp-content\/uploads\/2018\/09\/smallcouv_eveil03-212x300.jpg\" alt=\"\" width=\"212\" height=\"300\" srcset=\"http:\/\/imaginailes.fr\/automne\/wp-content\/uploads\/2018\/09\/smallcouv_eveil03-212x300.jpg 212w, http:\/\/imaginailes.fr\/automne\/wp-content\/uploads\/2018\/09\/smallcouv_eveil03-106x150.jpg 106w, http:\/\/imaginailes.fr\/automne\/wp-content\/uploads\/2018\/09\/smallcouv_eveil03.jpg 246w\" sizes=\"auto, (max-width: 212px) 100vw, 212px\" \/><p id=\"caption-attachment-742\" class=\"wp-caption-text\"><\/span> <span style=\"color: #ffffff;\">\u00e9veil 3<\/span><\/p><\/div>\n<p style=\"color: #444444;\"><span style=\"color: #ffffff;\">Le <em>Fanzine \u00c9veil<\/em> est une ancienne publication sur support papier \u00e0 parution annuelle, \u00e9dit\u00e9e par l&rsquo;association Transition. Il rassemble des nouvelles, des po\u00e8mes et des illustrations, libres pour certains, \u00e0 th\u00e9matique pour d&rsquo;autres.<\/span><\/p>\n<p style=\"color: #444444;\"><span style=\"color: #ffffff;\"><strong>Le n\u00b03 est toujours disponible !<\/strong><\/span><\/p>\n<p style=\"color: #444444;\"><span style=\"color: #ffffff;\">Dans ce num\u00e9ro, le lecteur se retrouvera \u00e0 vagabonder <strong>Sur les rails\u2026<\/strong> !<\/span><\/p>\n<p style=\"color: #444444;\"><span style=\"color: #ffffff;\">Dans la partie th\u00e9matique :<\/span><\/p>\n<ul style=\"color: #444444;\">\n<li><span style=\"color: #ffffff;\">L\u00e9a Silva nous emm\u00e8ne dans un voyage doux-amer<em>En direction d&rsquo;Oyonnax<\/em>. Ou quand un fils se souvient de son enfance, alors que les cahots du train bercent sa m\u00e9moire\u2026<\/span><\/li>\n<li><span style=\"color: #ffffff;\">Anne-So Deligny nous offre une respiration, le temps d&rsquo;un sonnet. Une dryade a \u00e9t\u00e9 chass\u00e9e de ses bois. Pourtant, elle conserve ses espoirs<em>Sous le bitume<\/em>.<\/span><\/li>\n<li><span style=\"color: #ffffff;\"><em>L&rsquo;Arr\u00eat \u00c9ragny Neuville<\/em>d\u00e9tient un myst\u00e8re bien agr\u00e9able. En effet, quelle que soit l&rsquo;heure \u00e0 laquelle on d\u00e9barque sur le quai, on ne manque jamais le train qui nous am\u00e8ne au travail. Fini les cernes sous les yeux, vive les grasses matin\u00e9es tous les jours! Sauf que Mathilde Gervaisot nous fait t\u00f4t comprendre que ce cadeau demandera une contrepartie\u2026<\/span><\/li>\n<li><span style=\"color: #ffffff;\">Nous rejoignons ensuite une fillette qui subit<em>L\u2019Initiation des Passe-Mondes<\/em> ! Mais que l&rsquo;on se rassure, Blanche Saint-Roch n&rsquo;a pas \u00e9t\u00e9 trop m\u00e9chante et Isadora, qui m\u00e8ne l&rsquo;\u00e9preuve en compagnie de son partenaire, saura calmer l&rsquo;enfant. Car, sauter d&rsquo;un monde \u00e0 l&rsquo;autre par la seule force de sa m\u00e9moire et de sa volont\u00e9, et que toujours le train doive retomber sur ses rails, \u00e9prouverait n&rsquo;importe qui !<\/span><\/li>\n<li><span style=\"color: #ffffff;\">En parlant de retomber sur ses rails, justement, l&rsquo;h\u00e9ro\u00efne d&rsquo;Anthony Boulanger ne souhaite rien tant que d\u00e9railler, elle!<em>Terminus, une seule descend<\/em> nous plonge dans un monde post-apocalyptique o\u00f9 les humains vivent dans le m\u00e9tro parisien, devenu fronti\u00e8re de leur univers car l&rsquo;ext\u00e9rieur est, lui, bien trop dangereux.<\/span><\/li>\n<\/ul>\n<p style=\"color: #444444;\"><span style=\"color: #ffffff;\">Et en prose libre:<\/span><\/p>\n<ul style=\"color: #444444;\">\n<li><span style=\"color: #ffffff;\">Zarak nous am\u00e8ne en Chine ancienne le temps d&rsquo;un petit conte, o\u00f9 l&rsquo;on suit les aventures de deux paysans,<em>Xhuong Gi et Pi Xiang<\/em>\u2026 enfin, surtout de l&rsquo;un d&rsquo;entre eux!<\/span><\/li>\n<\/ul>\n<p style=\"color: #444444;\"><span style=\"color: #ffffff;\">D\u00e9couvrez aussi les illustrations d&rsquo;Anne-So Deligny, Fay&rsquo;Raya, Delphine Gueniffey, Kal\u00e9a, Miss Gizmo et Yohan Vasse.<\/span><\/p>\n","protected":false},"excerpt":{"rendered":"<p>Le Fanzine \u00c9veil est une ancienne publication sur support papier \u00e0 parution annuelle, \u00e9dit\u00e9e par l&rsquo;association Transition. Il rassemble des nouvelles, des po\u00e8mes et des illustrations, libres pour certains, \u00e0 th\u00e9matique pour d&rsquo;autres. Le n\u00b03 est toujours disponible ! Dans ce num\u00e9ro, le lecteur se retrouvera \u00e0 vagabonder Sur les \u2026 <a class=\"continue-reading-link\" href=\"http:\/\/imaginailes.fr\/automne\/musee-des-archives\/fanzines\/projet-transition\/les-archives-du-projet-transition\/toutes-nos-publications\/fanzine-eveil-n3-septembre-2011\/\"> Continue reading <span class=\"meta-nav\">&rarr; <\/span><\/a><\/p>\n","protected":false},"author":1,"featured_media":0,"parent":656,"menu_order":0,"comment_status":"closed","ping_status":"closed","template":"","meta":{"footnotes":""},"class_list":["post-666","page","type-page","status-publish","hentry"],"_links":{"self":[{"href":"http:\/\/imaginailes.fr\/automne\/wp-json\/wp\/v2\/pages\/666","targetHints":{"allow":["GET"]}}],"collection":[{"href":"http:\/\/imaginailes.fr\/automne\/wp-json\/wp\/v2\/pages"}],"about":[{"href":"http:\/\/imaginailes.fr\/automne\/wp-json\/wp\/v2\/types\/page"}],"author":[{"embeddable":true,"href":"http:\/\/imaginailes.fr\/automne\/wp-json\/wp\/v2\/users\/1"}],"replies":[{"embeddable":true,"href":"http:\/\/imaginailes.fr\/automne\/wp-json\/wp\/v2\/comments?post=666"}],"version-history":[{"count":3,"href":"http:\/\/imaginailes.fr\/automne\/wp-json\/wp\/v2\/pages\/666\/revisions"}],"predecessor-version":[{"id":1209,"href":"http:\/\/imaginailes.fr\/automne\/wp-json\/wp\/v2\/pages\/666\/revisions\/1209"}],"up":[{"embeddable":true,"href":"http:\/\/imaginailes.fr\/automne\/wp-json\/wp\/v2\/pages\/656"}],"wp:attachment":[{"href":"http:\/\/imaginailes.fr\/automne\/wp-json\/wp\/v2\/media?parent=666"}],"curies":[{"name":"wp","href":"https:\/\/api.w.org\/{rel}","templated":true}]}}