{"id":668,"date":"2018-08-18T19:41:19","date_gmt":"2018-08-18T18:41:19","guid":{"rendered":"http:\/\/imaginailes.fr\/automne\/?page_id=668"},"modified":"2020-09-10T10:56:50","modified_gmt":"2020-09-10T09:56:50","slug":"fanzine-eveil-n4-novembre-2015","status":"publish","type":"page","link":"http:\/\/imaginailes.fr\/automne\/musee-des-archives\/fanzines\/projet-transition\/les-archives-du-projet-transition\/toutes-nos-publications\/fanzine-eveil-n4-novembre-2015\/","title":{"rendered":"Fanzine \u00c9veil n\u00b04 \u2013 novembre 2015"},"content":{"rendered":"<p style=\"color: #444444;\">\n<div id=\"attachment_757\" style=\"width: 235px\" class=\"wp-caption aligncenter\"><img loading=\"lazy\" decoding=\"async\" aria-describedby=\"caption-attachment-757\" class=\"size-medium wp-image-757\" src=\"http:\/\/imaginailes.fr\/automne\/wp-content\/uploads\/2018\/09\/smallcouv_eveil04-225x300.jpg\" alt=\"\" width=\"225\" height=\"300\" srcset=\"http:\/\/imaginailes.fr\/automne\/wp-content\/uploads\/2018\/09\/smallcouv_eveil04-225x300.jpg 225w, http:\/\/imaginailes.fr\/automne\/wp-content\/uploads\/2018\/09\/smallcouv_eveil04-112x150.jpg 112w, http:\/\/imaginailes.fr\/automne\/wp-content\/uploads\/2018\/09\/smallcouv_eveil04.jpg 262w\" sizes=\"auto, (max-width: 225px) 100vw, 225px\" \/><p id=\"caption-attachment-757\" class=\"wp-caption-text\"><\/span> <span style=\"color: #ffffff;\">\u00e9veil 4<\/span><\/p><\/div>\n<p style=\"color: #444444;\"><span style=\"color: #ffffff;\">Le recueil <em>\u00c9veil<\/em> est une publication num\u00e9rique \u00e9dit\u00e9e par l\u2019association Transition, qui rassemble des nouvelles, des po\u00e8mes et des illustrations.<\/span><\/p>\n<p style=\"color: #444444;\"><span style=\"color: #ffffff;\">Pour profitez de ce quatri\u00e8me opus, respirez l&rsquo;air frais de la douce arri\u00e8re-saison et imaginez-vous au printemps ! Les boutons qui s&rsquo;ouvrent et les p\u00e9tales qui se d\u00e9ploient, les coquilles qui se brisent et les cocons qui se d\u00e9chirent : tout n&rsquo;est qu&rsquo;<strong>\u00c9closion<\/strong> en ces pages\u2026<\/span><\/p>\n<ul style=\"color: #444444;\">\n<li><span style=\"color: #ffffff;\">\u00c9milie Querbalec vous fait partager le quotidien de Paul qui, au d\u00e9tour d&rsquo;une balade en for\u00eat, pourrait bien voir surgir un <em>Souvenir d&rsquo;\u00e9t\u00e9<\/em>\u2026<\/span><\/li>\n<li><span style=\"color: #ffffff;\">Prenez de la hauteur aux c\u00f4t\u00e9s de Manon Bousquet et atteignez les plus hautes sph\u00e8res. Avec un peu de chance, peut-\u00eatre pourrez-vous entendre <em>La Symphonie des dragons<\/em> ?<\/span><\/li>\n<li><span style=\"color: #ffffff;\">Si, comme Sandra, vous aimez les beaux jardins et les go\u00fbters d\u00e9licieux, accompagnez-la avec Anne Goulard chez sa grand-m\u00e8re ! Il y a tout l\u00e0-bas \u2013 et m\u00eame de belles <em>Fleurs de mensonge<\/em>.<\/span><\/li>\n<li><span style=\"color: #ffffff;\">Attention, myst\u00e8re en vue ! Laurent Pendarias vous propose de d\u00e9couvrir une <em>Esp\u00e8ce inconnue<\/em>\u2026<\/span><\/li>\n<li><span style=\"color: #ffffff;\"><em>Ainsi vint le printemps<\/em>, finit par nous dire Violette Paquet \u2013 et Sirine s&rsquo;engage dans une qu\u00eate initiatique pleine de couleurs et de po\u00e9sie.<\/span><\/li>\n<\/ul>\n<p style=\"color: #444444;\"><span style=\"color: #ffffff;\">Et d\u00e9couvrez au fil des pages les illustrations d\u2019Anne-So Deligny, Epicta, Delphine Gueniffey, Saphir et Terryjil !<\/span><\/p>\n","protected":false},"excerpt":{"rendered":"<p>Le recueil \u00c9veil est une publication num\u00e9rique \u00e9dit\u00e9e par l\u2019association Transition, qui rassemble des nouvelles, des po\u00e8mes et des illustrations. Pour profitez de ce quatri\u00e8me opus, respirez l&rsquo;air frais de la douce arri\u00e8re-saison et imaginez-vous au printemps ! Les boutons qui s&rsquo;ouvrent et les p\u00e9tales qui se d\u00e9ploient, les coquilles \u2026 <a class=\"continue-reading-link\" href=\"http:\/\/imaginailes.fr\/automne\/musee-des-archives\/fanzines\/projet-transition\/les-archives-du-projet-transition\/toutes-nos-publications\/fanzine-eveil-n4-novembre-2015\/\"> Continue reading <span class=\"meta-nav\">&rarr; <\/span><\/a><\/p>\n","protected":false},"author":1,"featured_media":0,"parent":656,"menu_order":0,"comment_status":"closed","ping_status":"closed","template":"","meta":{"footnotes":""},"class_list":["post-668","page","type-page","status-publish","hentry"],"_links":{"self":[{"href":"http:\/\/imaginailes.fr\/automne\/wp-json\/wp\/v2\/pages\/668","targetHints":{"allow":["GET"]}}],"collection":[{"href":"http:\/\/imaginailes.fr\/automne\/wp-json\/wp\/v2\/pages"}],"about":[{"href":"http:\/\/imaginailes.fr\/automne\/wp-json\/wp\/v2\/types\/page"}],"author":[{"embeddable":true,"href":"http:\/\/imaginailes.fr\/automne\/wp-json\/wp\/v2\/users\/1"}],"replies":[{"embeddable":true,"href":"http:\/\/imaginailes.fr\/automne\/wp-json\/wp\/v2\/comments?post=668"}],"version-history":[{"count":3,"href":"http:\/\/imaginailes.fr\/automne\/wp-json\/wp\/v2\/pages\/668\/revisions"}],"predecessor-version":[{"id":1208,"href":"http:\/\/imaginailes.fr\/automne\/wp-json\/wp\/v2\/pages\/668\/revisions\/1208"}],"up":[{"embeddable":true,"href":"http:\/\/imaginailes.fr\/automne\/wp-json\/wp\/v2\/pages\/656"}],"wp:attachment":[{"href":"http:\/\/imaginailes.fr\/automne\/wp-json\/wp\/v2\/media?parent=668"}],"curies":[{"name":"wp","href":"https:\/\/api.w.org\/{rel}","templated":true}]}}