{"id":670,"date":"2018-08-18T19:41:58","date_gmt":"2018-08-18T18:41:58","guid":{"rendered":"http:\/\/imaginailes.fr\/automne\/?page_id=670"},"modified":"2020-09-10T11:07:43","modified_gmt":"2020-09-10T10:07:43","slug":"fanzine-penombres-n1-decembre-2009","status":"publish","type":"page","link":"http:\/\/imaginailes.fr\/automne\/musee-des-archives\/fanzines\/projet-transition\/les-archives-du-projet-transition\/toutes-nos-publications\/fanzine-penombres-n1-decembre-2009\/","title":{"rendered":"Fanzine P\u00e9nombres n\u00b01 &#8211; d\u00e9cembre 2009"},"content":{"rendered":"<div id=\"attachment_743\" style=\"width: 222px\" class=\"wp-caption aligncenter\"><img loading=\"lazy\" decoding=\"async\" aria-describedby=\"caption-attachment-743\" class=\"size-medium wp-image-743\" src=\"http:\/\/imaginailes.fr\/automne\/wp-content\/uploads\/2018\/09\/smallcouv_penombres01-212x300.jpg\" alt=\"\" width=\"212\" height=\"300\" srcset=\"http:\/\/imaginailes.fr\/automne\/wp-content\/uploads\/2018\/09\/smallcouv_penombres01-212x300.jpg 212w, http:\/\/imaginailes.fr\/automne\/wp-content\/uploads\/2018\/09\/smallcouv_penombres01-106x150.jpg 106w, http:\/\/imaginailes.fr\/automne\/wp-content\/uploads\/2018\/09\/smallcouv_penombres01.jpg 245w\" sizes=\"auto, (max-width: 212px) 100vw, 212px\" \/><p id=\"caption-attachment-743\" class=\"wp-caption-text\"><\/span> <span style=\"color: #ffffff;\">p\u00e9nombres 1<\/span><\/p><\/div>\n<p style=\"color: #444444;\"><span style=\"color: #ffffff;\">Le <em>Fanzine P\u00e9nombre<\/em> est une ancienne publication sur support papier, \u00e9dit\u00e9e par l&rsquo;association Transition. Il rassemble des nouvelles, des po\u00e8mes et des illustrations, libres pour certains, \u00e0 th\u00e9matique pour d&rsquo;autres.<\/span><\/p>\n<p style=\"color: #444444;\"><span style=\"color: #ffffff;\"><strong>Le n\u00b01 est toujours disponible !<\/strong><\/span><\/p>\n<p style=\"color: #444444;\"><span style=\"color: #ffffff;\">Dans ce num\u00e9ro, nous vous proposons de vous aventurer sur des <strong>Passages clout\u00e9s<\/strong> qui ne sont pas de tout repos\u2026<\/span><\/p>\n<ul style=\"color: #444444;\">\n<li><span style=\"color: #ffffff;\">Afin de bien commencer votre lecture, Anthony Boulanger vous parlera d&rsquo;<em>Un sourire \u00e9clatant<\/em>qui ne vous laissera pas de marbre!<\/span><\/li>\n<li><span style=\"color: #ffffff;\">Fr\u00e9d\u00e9ric Vasseur entra\u00eene son jeune h\u00e9ros dans une<em>Initiation<\/em> au parfum d&rsquo;outre-tombe, ou quand un jeu d&rsquo;enfants devient le catalyseur d&rsquo;un sombre fait occulte.<\/span><\/li>\n<li><span style=\"color: #ffffff;\">David B. nous ouvre le chemin de<em>La Voie du changement<\/em>, un endroit \u00e9trange et brumeux o\u00f9 les destins se jouent et o\u00f9 les faveurs ne vont qu&rsquo;\u00e0 ceux qui se ma\u00eetrisent suffisamment pour ne pas sombrer dans une folle panique face aux horreurs que rec\u00e8le le lieu.<\/span><\/li>\n<li><span style=\"color: #ffffff;\">Petit interm\u00e8de po\u00e9tique avec<em>Ammout-sous-N\u00eemes<\/em>, de Vanessa Terral.<\/span><\/li>\n<li><span style=\"color: #ffffff;\"><em>L&rsquo;Ensorceleuse des ruelles<\/em>ne se contente pas des petits passages tranquilles, non! Quand Ella Witzler lui donne un passage pi\u00e9ton situ\u00e9 devant une \u00e9cole comme terrain de jeu, sa magie en profite pour scintiller encore plus sous le feu tricolore.<\/span><\/li>\n<li><span style=\"color: #ffffff;\"><em>Un grain de sable dans la m\u00e9canique<\/em>bien huil\u00e9e de David Osmay, et c&rsquo;est une rencontre improbable que fait un motard au d\u00e9tour d&rsquo;un virage. Que sont ces \u00ab\u00a0repoussoirs\u00a0\u00bb sur lesquels d\u00e9lire cette mamie qu&rsquo;il aide \u00e0 se relever? B\u00e9bert aurait mieux agi en renfourchant dare-dare sa b\u00e9cane.<\/span><\/li>\n<\/ul>\n<p style=\"color: #444444;\"><span style=\"color: #ffffff;\">Et en prose libre:<\/span><\/p>\n<ul style=\"color: #444444;\">\n<li><span style=\"color: #ffffff;\">Avec l&rsquo;<em>\u00c9cho(s)<\/em>d&rsquo;une nuit \u00e9trange et froide, Yohan Vasse nous narre le quotidien d&rsquo;une vampire.<\/span><\/li>\n<li><span style=\"color: #ffffff;\">Naya Bi\u00e9 nous conduit le long d&rsquo;enqu\u00eates parall\u00e8les que m\u00e8nent un \u00e9tudiant en sciences et une gargouille, tous deux plong\u00e9s dans le d\u00e9sarroi de l&rsquo;existence de l&rsquo;autre. Leurs<em>Notes crois\u00e9es<\/em> leur permettront-elles de faire la lumi\u00e8re sur leur histoire?<\/span><\/li>\n<li><span style=\"color: #ffffff;\"><em>Loup-garou, Magicien et Araign\u00e9e<\/em>nous donne par son titre un menu sans \u00e9quivoque. Pourtant, l&rsquo;\u00e9quivoque, justement, baigne ce r\u00e9cit plein de nostalgie et d&rsquo;espoirs, ondulant sous la plume de Sophie Percevault.<\/span><\/li>\n<\/ul>\n<p style=\"color: #444444;\"><span style=\"color: #ffffff;\">D\u00e9couvrez aussi les illustrations de Lionel Barth\u00e9lemy, Ottavia Chesneau, Samuel Desche, Kal\u00e9a, Kirira, Laurence P\u00e9guy, Flore Pipari, Terryjil et Yohan Vasse.<\/span><\/p>\n<p style=\"color: #444444;\">\n","protected":false},"excerpt":{"rendered":"<p>Le Fanzine P\u00e9nombre est une ancienne publication sur support papier, \u00e9dit\u00e9e par l&rsquo;association Transition. Il rassemble des nouvelles, des po\u00e8mes et des illustrations, libres pour certains, \u00e0 th\u00e9matique pour d&rsquo;autres. Le n\u00b01 est toujours disponible ! Dans ce num\u00e9ro, nous vous proposons de vous aventurer sur des Passages clout\u00e9s qui \u2026 <a class=\"continue-reading-link\" href=\"http:\/\/imaginailes.fr\/automne\/musee-des-archives\/fanzines\/projet-transition\/les-archives-du-projet-transition\/toutes-nos-publications\/fanzine-penombres-n1-decembre-2009\/\"> Continue reading <span class=\"meta-nav\">&rarr; <\/span><\/a><\/p>\n","protected":false},"author":1,"featured_media":0,"parent":656,"menu_order":0,"comment_status":"closed","ping_status":"closed","template":"","meta":{"footnotes":""},"class_list":["post-670","page","type-page","status-publish","hentry"],"_links":{"self":[{"href":"http:\/\/imaginailes.fr\/automne\/wp-json\/wp\/v2\/pages\/670","targetHints":{"allow":["GET"]}}],"collection":[{"href":"http:\/\/imaginailes.fr\/automne\/wp-json\/wp\/v2\/pages"}],"about":[{"href":"http:\/\/imaginailes.fr\/automne\/wp-json\/wp\/v2\/types\/page"}],"author":[{"embeddable":true,"href":"http:\/\/imaginailes.fr\/automne\/wp-json\/wp\/v2\/users\/1"}],"replies":[{"embeddable":true,"href":"http:\/\/imaginailes.fr\/automne\/wp-json\/wp\/v2\/comments?post=670"}],"version-history":[{"count":3,"href":"http:\/\/imaginailes.fr\/automne\/wp-json\/wp\/v2\/pages\/670\/revisions"}],"predecessor-version":[{"id":1219,"href":"http:\/\/imaginailes.fr\/automne\/wp-json\/wp\/v2\/pages\/670\/revisions\/1219"}],"up":[{"embeddable":true,"href":"http:\/\/imaginailes.fr\/automne\/wp-json\/wp\/v2\/pages\/656"}],"wp:attachment":[{"href":"http:\/\/imaginailes.fr\/automne\/wp-json\/wp\/v2\/media?parent=670"}],"curies":[{"name":"wp","href":"https:\/\/api.w.org\/{rel}","templated":true}]}}