{"id":672,"date":"2018-08-18T19:42:44","date_gmt":"2018-08-18T18:42:44","guid":{"rendered":"http:\/\/imaginailes.fr\/automne\/?page_id=672"},"modified":"2020-09-10T11:08:26","modified_gmt":"2020-09-10T10:08:26","slug":"fanzine-penombres-n2-fevrier-2010","status":"publish","type":"page","link":"http:\/\/imaginailes.fr\/automne\/musee-des-archives\/fanzines\/projet-transition\/les-archives-du-projet-transition\/toutes-nos-publications\/fanzine-penombres-n2-fevrier-2010\/","title":{"rendered":"Fanzine P\u00e9nombres n\u00b02 &#8211; f\u00e9vrier 2010"},"content":{"rendered":"<div id=\"attachment_744\" style=\"width: 219px\" class=\"wp-caption aligncenter\"><img loading=\"lazy\" decoding=\"async\" aria-describedby=\"caption-attachment-744\" class=\"size-medium wp-image-744\" src=\"http:\/\/imaginailes.fr\/automne\/wp-content\/uploads\/2018\/09\/smallcouv_penombres02-209x300.jpg\" alt=\"\" width=\"209\" height=\"300\" srcset=\"http:\/\/imaginailes.fr\/automne\/wp-content\/uploads\/2018\/09\/smallcouv_penombres02-209x300.jpg 209w, http:\/\/imaginailes.fr\/automne\/wp-content\/uploads\/2018\/09\/smallcouv_penombres02-104x150.jpg 104w, http:\/\/imaginailes.fr\/automne\/wp-content\/uploads\/2018\/09\/smallcouv_penombres02.jpg 244w\" sizes=\"auto, (max-width: 209px) 100vw, 209px\" \/><p id=\"caption-attachment-744\" class=\"wp-caption-text\"><\/span> <span style=\"color: #ffffff;\">p\u00e9nombres 2<\/span><\/p><\/div>\n<p style=\"color: #444444;\"><span style=\"color: #ffffff;\">Le <em>Fanzine P\u00e9nombres<\/em> est une ancienne publication sur support papier, \u00e9dit\u00e9e par l&rsquo;association Transition. Il rassemble des nouvelles, des po\u00e8mes et des illustrations, libres pour certains, \u00e0 th\u00e9matique pour d&rsquo;autres.<\/span><\/p>\n<p style=\"color: #444444;\"><span style=\"color: #ffffff;\"><strong>Le n\u00b02 est encore disponible, mais en si peu d&rsquo;exemplaires qu&rsquo;il vaut mieux nous contacter avant toute commande !<\/strong><\/span><\/p>\n<p style=\"color: #444444;\"><span style=\"color: #ffffff;\">Ce deuxi\u00e8me opus a pris de la hauteur pour mieux explorer <strong>Goutti\u00e8res, toits et greniers (et autres \u00ab\u00a0fays\u00a0\u00bb qui se passent en haut\u2026)<\/strong> !<\/span><\/p>\n<ul style=\"color: #444444;\">\n<li><span style=\"color: #ffffff;\">Nous entamons notre premi\u00e8re balade<em>Sur les toits de Paris<\/em> d&rsquo;Elisabeth Swanston, en suivant les pas d&rsquo;une jeune fugueuse et de son lutin porte-bonheur en chiffons. La vie noctambule sur les plaques de zinc rec\u00e8lent bien des dangers, mais aucun aussi terrible qu&rsquo;une amiti\u00e9 bris\u00e9e\u2026<\/span><\/li>\n<li><span style=\"color: #ffffff;\">Vous ne regarderez plus les chats du m\u00eame \u0153il gr\u00e2ce \u00e0 Fr\u00e9d\u00e9ric Vasseur! Quand un Veilleur f\u00e9lin d\u00e9couvre son immeuble et sa tranquillit\u00e9 menac\u00e9s par<em>Le Protecteur<\/em> qu&rsquo;un stupide humain a invoqu\u00e9, ses moustaches font des \u00e9tincelles!<\/span><\/li>\n<li><span style=\"color: #ffffff;\">L&rsquo;ange a vu passer les si\u00e8cles. Il a vu les guerres et les usines. D\u00e9sormais, il cherche sa place. Peut-\u00eatre, s&rsquo;il devenait<em>L&rsquo;Ange de l&rsquo;arche<\/em>\u2026? Anne Goulard raconte les p\u00e9r\u00e9grinations de ce tendre observateur des \u00eatres humains en une \u00ab\u00a0ballade\u00a0\u00bb dans le temps.<\/span><\/li>\n<li><span style=\"color: #ffffff;\">Marie-Anne Cleden nous am\u00e8ne<em>Sur une pente glissante<\/em> que suit Mary, une adolescente d\u00e9pressive recluse chez elle. Elle ne tol\u00e8re que la compagnie d&rsquo;un ondin, Riv. Comme ceux de son peuple, il souhaite aider les humains et tente de sortir Mary de sa coquille. Peut-\u00eatre le r\u00e9cit des \u00e9preuves de l&rsquo;une de ses anciennes prot\u00e9g\u00e9es, l\u00e0 seule pour laquelle il ressentit des sentiments interdits, va l&rsquo;y aider?<\/span><\/li>\n<li><span style=\"color: #ffffff;\">De<em>Petites Dents effil\u00e9es<\/em> grincent au grenier\u2026 St\u00e9phane Pihen donne dans l&rsquo;horreur enfantine en une narration entrecoup\u00e9e d&rsquo;onomatop\u00e9es pour mieux rendre la simplicit\u00e9 de nos terreurs.<\/span><\/li>\n<li><span style=\"color: #ffffff;\">\u00ab\u00a0<em>Samarobrivam Tectum<\/em>\u00ab\u00a0: une formule magique? Presque! Maxime Bernard nous entra\u00eene dans un Amiens fantastique et nocturne, aux gargouilles puissantes et aux ondines agiles. Mais ces promenades sont avant tout l&rsquo;expression d&rsquo;une belle amiti\u00e9 entre un chat de goutti\u00e8re et un \u00e9tudiant agoraphobe.<\/span><\/li>\n<\/ul>\n<p style=\"color: #444444;\"><span style=\"color: #ffffff;\">Et en prose libre:<\/span><\/p>\n<ul style=\"color: #444444;\">\n<li><span style=\"color: #ffffff;\">H\u00e9lianthe Palis\u00e8de est conseill\u00e8re occulte ind\u00e9pendante. Toutefois, la police a pris l&rsquo;habitude de sortir sa carte \u00e0 chaque fois qu&rsquo;une cr\u00e9ature de F\u00e9erie est soup\u00e7onn\u00e9e dans une enqu\u00eate criminelle. Lors de cette affaire, H\u00e9lianthe va devoir arpenter les tunnels du m\u00e9tro parisien \u00e0 la recherche de b\u00eates puissantes et anciennes qu&rsquo;on pense responsables de la mort de tagueurs. Il va y avoir de l&rsquo;<em>Orage dans le m\u00e9tro<\/em>, c&rsquo;est Vanessa Terral qui vous le dit!<\/span><\/li>\n<\/ul>\n<p style=\"color: #444444;\"><span style=\"color: #ffffff;\">D\u00e9couvrez les illustrations d&rsquo;ABeardyMan, C\u00e9cile Guillot (Azylis \u2013 notre couverture!), Kal\u00e9a, Ma\u00eft\u00e9 Nicolas, Miss Gizmo, Nemo, Amandine Petit et Yohan Vasse!<\/span><\/p>\n<p style=\"color: #444444;\"><span style=\"color: #ffffff;\">Et, pour la premi\u00e8re fois dans <em>P\u00e9nombres<\/em>, une bande dessin\u00e9e par Nemo et un article sign\u00e9 Yohan Vasse sur<em>L&rsquo;Encyclop\u00e9die amoureuse des vampires<\/em>!<\/span><\/p>\n","protected":false},"excerpt":{"rendered":"<p>Le Fanzine P\u00e9nombres est une ancienne publication sur support papier, \u00e9dit\u00e9e par l&rsquo;association Transition. Il rassemble des nouvelles, des po\u00e8mes et des illustrations, libres pour certains, \u00e0 th\u00e9matique pour d&rsquo;autres. Le n\u00b02 est encore disponible, mais en si peu d&rsquo;exemplaires qu&rsquo;il vaut mieux nous contacter avant toute commande ! Ce \u2026 <a class=\"continue-reading-link\" href=\"http:\/\/imaginailes.fr\/automne\/musee-des-archives\/fanzines\/projet-transition\/les-archives-du-projet-transition\/toutes-nos-publications\/fanzine-penombres-n2-fevrier-2010\/\"> Continue reading <span class=\"meta-nav\">&rarr; <\/span><\/a><\/p>\n","protected":false},"author":1,"featured_media":0,"parent":656,"menu_order":0,"comment_status":"closed","ping_status":"closed","template":"","meta":{"footnotes":""},"class_list":["post-672","page","type-page","status-publish","hentry"],"_links":{"self":[{"href":"http:\/\/imaginailes.fr\/automne\/wp-json\/wp\/v2\/pages\/672","targetHints":{"allow":["GET"]}}],"collection":[{"href":"http:\/\/imaginailes.fr\/automne\/wp-json\/wp\/v2\/pages"}],"about":[{"href":"http:\/\/imaginailes.fr\/automne\/wp-json\/wp\/v2\/types\/page"}],"author":[{"embeddable":true,"href":"http:\/\/imaginailes.fr\/automne\/wp-json\/wp\/v2\/users\/1"}],"replies":[{"embeddable":true,"href":"http:\/\/imaginailes.fr\/automne\/wp-json\/wp\/v2\/comments?post=672"}],"version-history":[{"count":4,"href":"http:\/\/imaginailes.fr\/automne\/wp-json\/wp\/v2\/pages\/672\/revisions"}],"predecessor-version":[{"id":1221,"href":"http:\/\/imaginailes.fr\/automne\/wp-json\/wp\/v2\/pages\/672\/revisions\/1221"}],"up":[{"embeddable":true,"href":"http:\/\/imaginailes.fr\/automne\/wp-json\/wp\/v2\/pages\/656"}],"wp:attachment":[{"href":"http:\/\/imaginailes.fr\/automne\/wp-json\/wp\/v2\/media?parent=672"}],"curies":[{"name":"wp","href":"https:\/\/api.w.org\/{rel}","templated":true}]}}