{"id":674,"date":"2018-08-18T19:43:30","date_gmt":"2018-08-18T18:43:30","guid":{"rendered":"http:\/\/imaginailes.fr\/automne\/?page_id=674"},"modified":"2020-09-10T11:08:46","modified_gmt":"2020-09-10T10:08:46","slug":"fanzine-penombres-n3-septembre-2010","status":"publish","type":"page","link":"http:\/\/imaginailes.fr\/automne\/musee-des-archives\/fanzines\/projet-transition\/les-archives-du-projet-transition\/toutes-nos-publications\/fanzine-penombres-n3-septembre-2010\/","title":{"rendered":"Fanzine P\u00e9nombres n\u00b03 &#8211; septembre 2010"},"content":{"rendered":"<div id=\"attachment_745\" style=\"width: 222px\" class=\"wp-caption aligncenter\"><img loading=\"lazy\" decoding=\"async\" aria-describedby=\"caption-attachment-745\" class=\"size-medium wp-image-745\" src=\"http:\/\/imaginailes.fr\/automne\/wp-content\/uploads\/2018\/09\/smallcouv_penombres03-212x300.jpg\" alt=\"\" width=\"212\" height=\"300\" srcset=\"http:\/\/imaginailes.fr\/automne\/wp-content\/uploads\/2018\/09\/smallcouv_penombres03-212x300.jpg 212w, http:\/\/imaginailes.fr\/automne\/wp-content\/uploads\/2018\/09\/smallcouv_penombres03-106x150.jpg 106w, http:\/\/imaginailes.fr\/automne\/wp-content\/uploads\/2018\/09\/smallcouv_penombres03.jpg 248w\" sizes=\"auto, (max-width: 212px) 100vw, 212px\" \/><p id=\"caption-attachment-745\" class=\"wp-caption-text\"><\/span> <span style=\"color: #ffffff;\">p\u00e9nombres 3<\/span><\/p><\/div>\n<p style=\"color: #444444;\"><span style=\"color: #ffffff;\">Le <em>Fanzine P\u00e9nombres<\/em> est une ancienne publication sur support papier, \u00e9dit\u00e9e par l&rsquo;association Transition. Il rassemble des nouvelles, des po\u00e8mes et des illustrations, libres pour certains, \u00e0 th\u00e9matique pour d&rsquo;autres.<\/span><\/p>\n<p style=\"color: #444444;\"><span style=\"color: #ffffff;\"><strong>Le n\u00b03 est toujours disponible !<\/strong><\/span><\/p>\n<p style=\"color: #444444;\"><span style=\"color: #ffffff;\">Ce troisi\u00e8me opus a enfil\u00e9 son gilet pare-balles et sorti sa bombe lacrymog\u00e8ne anti-\u00e9meute pour vous emmener au c\u0153ur de <strong>La Foule<\/strong>, de ses secrets et de sa violence extr\u00eame, ou insidieuse\u2026<\/span><\/p>\n<ul style=\"color: #444444;\">\n<li><span style=\"color: #ffffff;\">\u00ab\u00a0<em>Suis-je?<\/em>\u00ab\u00a0, telle est la question que se pose ce personnage anonyme qui constate sans cesse que son identit\u00e9 se r\u00e9sume \u00e0 une donn\u00e9e, un tas de chiffres\u2026 Comment \u00e9chapper de ce cauchemar qui nie votre particularit\u00e9? Anthony Boulanger y r\u00e9pond d&rsquo;une fa\u00e7on peu ordinaire.<\/span><\/li>\n<li><span style=\"color: #ffffff;\">Le h\u00e9ros de Thomas Spok doit affronter chaque jour avec la m\u00eame frustration: se sentir un individu insignifiant. Une r\u00e9elle<em>Transperrance<\/em> qui laisse peu de place \u00e0 l&rsquo;espoir au sein d&rsquo;une foule abrutie par sa propre inertie.<\/span><\/li>\n<li><span style=\"color: #ffffff;\">Anne Goulard nous emm\u00e8ne au sein d&rsquo;une foule plus extravagante qui voyage de monde en monde par<em>Le Passage \u00e9ph\u00e9m\u00e8re<\/em>. Mais voil\u00e0, une adolescente humaine s&rsquo;y est \u00e9gar\u00e9e et devra d\u00e9couvrir les secrets de cette ruelle merveilleuse afin de rentrer chez elle. Et cela passe par l&rsquo;acceptation et la compr\u00e9hension que les cr\u00e9atures des multi-plans sont bien r\u00e9elles!<\/span><\/li>\n<li><span style=\"color: #ffffff;\">Nous cl\u00f4turons cette partie th\u00e9matique avec une nouvelle aventure de Jacquemards. Confront\u00e9 au<em>P\u00e9ch\u00e9 capital<\/em> de la foule en col\u00e8re, saura-t-il r\u00e9sister \u00e0 ce monstre si humain, qui grignote petit \u00e0 petit sa volont\u00e9? Micha\u00ebl Moslonka nous propose un r\u00e9cit plein de fureur et de violence, \u00e0 la suite de ce \u00ab\u00a0m\u00e9decin de la vie\u00a0\u00bb.<\/span><\/li>\n<\/ul>\n<p style=\"color: #444444;\"><span style=\"color: #ffffff;\">Et en prose libre:<\/span><\/p>\n<ul style=\"color: #444444;\">\n<li><span style=\"color: #ffffff;\"><em>En sc\u00e8ne et en coulisse<\/em>, un homme politique doit toujours montrer son meilleur visage. Oui, mais si celui-ci se fendille? Si l&rsquo;\u00e9nergie s&rsquo;\u00e9chappe par la f\u00ealure du ras-le-bol? R\u00e9mi Billoir nous entra\u00eene dans un \u00e9trange r\u00e9cit de doppelganger, o\u00f9 cette cr\u00e9ature est bien loin d&rsquo;entra\u00eener le malheur dans la vie de son alter!<\/span><\/li>\n<li><span style=\"color: #ffffff;\">Jacques Fuentealba suit la descente aux Enfers de quatre anciens amis, un petit cercle d&rsquo;\u00e9crivains qui ne font que survivre depuis qu&rsquo;ils ont offert leur existence en pat\u00fbre au Mal, qu&rsquo;ils d\u00e9crivent dans leurs \u0153uvres. Et les visages se succ\u00e8dent, car le vrai, l&rsquo;unique, est et demeure<em>Indicible!<\/em><\/span><\/li>\n<\/ul>\n<p style=\"color: #444444;\"><span style=\"color: #ffffff;\">D\u00e9couvrez les illustrations de Lionel Barth\u00e9lemy, Didizuka, Kal\u00e9a, Ladyyvi, Ma\u00eft\u00e9 Nicolas, Nemo, Terryjil, \u00c9lo\u00efse Vanhouteghem et Yohan Vasse!<\/span><\/p>\n<p style=\"color: #444444;\">\n","protected":false},"excerpt":{"rendered":"<p>Le Fanzine P\u00e9nombres est une ancienne publication sur support papier, \u00e9dit\u00e9e par l&rsquo;association Transition. Il rassemble des nouvelles, des po\u00e8mes et des illustrations, libres pour certains, \u00e0 th\u00e9matique pour d&rsquo;autres. Le n\u00b03 est toujours disponible ! Ce troisi\u00e8me opus a enfil\u00e9 son gilet pare-balles et sorti sa bombe lacrymog\u00e8ne anti-\u00e9meute \u2026 <a class=\"continue-reading-link\" href=\"http:\/\/imaginailes.fr\/automne\/musee-des-archives\/fanzines\/projet-transition\/les-archives-du-projet-transition\/toutes-nos-publications\/fanzine-penombres-n3-septembre-2010\/\"> Continue reading <span class=\"meta-nav\">&rarr; <\/span><\/a><\/p>\n","protected":false},"author":1,"featured_media":0,"parent":656,"menu_order":0,"comment_status":"closed","ping_status":"closed","template":"","meta":{"footnotes":""},"class_list":["post-674","page","type-page","status-publish","hentry"],"_links":{"self":[{"href":"http:\/\/imaginailes.fr\/automne\/wp-json\/wp\/v2\/pages\/674","targetHints":{"allow":["GET"]}}],"collection":[{"href":"http:\/\/imaginailes.fr\/automne\/wp-json\/wp\/v2\/pages"}],"about":[{"href":"http:\/\/imaginailes.fr\/automne\/wp-json\/wp\/v2\/types\/page"}],"author":[{"embeddable":true,"href":"http:\/\/imaginailes.fr\/automne\/wp-json\/wp\/v2\/users\/1"}],"replies":[{"embeddable":true,"href":"http:\/\/imaginailes.fr\/automne\/wp-json\/wp\/v2\/comments?post=674"}],"version-history":[{"count":3,"href":"http:\/\/imaginailes.fr\/automne\/wp-json\/wp\/v2\/pages\/674\/revisions"}],"predecessor-version":[{"id":1222,"href":"http:\/\/imaginailes.fr\/automne\/wp-json\/wp\/v2\/pages\/674\/revisions\/1222"}],"up":[{"embeddable":true,"href":"http:\/\/imaginailes.fr\/automne\/wp-json\/wp\/v2\/pages\/656"}],"wp:attachment":[{"href":"http:\/\/imaginailes.fr\/automne\/wp-json\/wp\/v2\/media?parent=674"}],"curies":[{"name":"wp","href":"https:\/\/api.w.org\/{rel}","templated":true}]}}