{"id":676,"date":"2018-08-18T19:44:18","date_gmt":"2018-08-18T18:44:18","guid":{"rendered":"http:\/\/imaginailes.fr\/automne\/?page_id=676"},"modified":"2020-09-10T11:09:07","modified_gmt":"2020-09-10T10:09:07","slug":"fanzine-penombres-n4-mars-2011","status":"publish","type":"page","link":"http:\/\/imaginailes.fr\/automne\/musee-des-archives\/fanzines\/projet-transition\/les-archives-du-projet-transition\/toutes-nos-publications\/fanzine-penombres-n4-mars-2011\/","title":{"rendered":"Fanzine P\u00e9nombres n\u00b04 &#8211; mars 2011"},"content":{"rendered":"<div id=\"attachment_746\" style=\"width: 222px\" class=\"wp-caption aligncenter\"><img loading=\"lazy\" decoding=\"async\" aria-describedby=\"caption-attachment-746\" class=\"size-medium wp-image-746\" src=\"http:\/\/imaginailes.fr\/automne\/wp-content\/uploads\/2018\/09\/smallcouv_penombres04-212x300.jpg\" alt=\"\" width=\"212\" height=\"300\" srcset=\"http:\/\/imaginailes.fr\/automne\/wp-content\/uploads\/2018\/09\/smallcouv_penombres04-212x300.jpg 212w, http:\/\/imaginailes.fr\/automne\/wp-content\/uploads\/2018\/09\/smallcouv_penombres04-106x150.jpg 106w, http:\/\/imaginailes.fr\/automne\/wp-content\/uploads\/2018\/09\/smallcouv_penombres04.jpg 247w\" sizes=\"auto, (max-width: 212px) 100vw, 212px\" \/><p id=\"caption-attachment-746\" class=\"wp-caption-text\"><\/span> <span style=\"color: #ffffff;\">p\u00e9nombres 4<\/span><\/p><\/div>\n<p style=\"color: #444444;\"><span style=\"color: #ffffff;\">Le <em>Fanzine P\u00e9nombre<\/em> est une ancienne publication sur support papier, \u00e9dit\u00e9e par l&rsquo;association Transition. Il rassemble des nouvelles, des po\u00e8mes et des illustrations, libres pour certains, \u00e0 th\u00e9matique pour d&rsquo;autres.<\/span><\/p>\n<p style=\"color: #444444;\"><span style=\"color: #ffffff;\"><strong>Il reste tr\u00e8s peu d&rsquo;exemplaires, contactez-nous pour savoir l&rsquo;\u00e9tat exact des stocks.<\/strong><\/span><\/p>\n<p style=\"color: #444444;\"><span style=\"color: #ffffff;\">Ce quatri\u00e8me opus est \u00e0 rebours de l&rsquo;air du temps puisqu&rsquo;il vous parle de <strong>Cages, barreaux et barbel\u00e9s<\/strong>. \u00ab\u00a0\u00c0 rebours\u00a0\u00bb, vraiment? Le propre d&rsquo;une prison n&rsquo;est-elle pas d&rsquo;offrir la potentialit\u00e9 de l&rsquo;\u00e9vasion? Et cela, m\u00eame quand la cr\u00e9ature derri\u00e8re lesdits barreaux avait de bonnes raisons d&rsquo;\u00eatre enferm\u00e9e\u2026<\/span><\/p>\n<ul style=\"color: #444444;\">\n<li><span style=\"color: #ffffff;\">Alaza\u00efs Cl\u00e9ni\u00e9 nous entra\u00eene dans<em>La Cave aux mille orbes<\/em>, sur les pas de danse d&rsquo;une fillette qui virevolte au milieu de beaux globes lumineux. Jusque ce qu&rsquo;un jour, elle fr\u00f4le l&rsquo;un d&rsquo;eux par inadvertance\u2026<\/span><\/li>\n<li><span style=\"color: #ffffff;\"><em>Viviane<\/em>aussi est une enfant. Et si la vue lui fait d\u00e9faut, elle n&rsquo;en m\u00e8ne pas moins son monde \u00e0 la baguette. Mais rien ne compte plus pour elle que son fr\u00e8re, le doux et sensible Melvin. D\u00e8s lors, le drame avance \u00e0 pas d&rsquo;ours, foi de Kira Nagio!<\/span><\/li>\n<li><span style=\"color: #ffffff;\">Le temps d&rsquo;un sonnet, aussi<em>Fugace<\/em> que son titre, et d\u00e9j\u00e0 Anne-So Deligny part chasser d&rsquo;autres f\u00e9es\u2026<\/span><\/li>\n<li><span style=\"color: #ffffff;\">\u00ab\u00a0\u00c0 la campagne, la vie est dure pour les employ\u00e9s municipaux que nous sommes. Replanter ce panneau \u00ab\u00a0Toutes directions\u00a0\u00bb dans une quelconque butte, visiter la diseuse de bonne aventure \u2013 et tant pis pour les poubelles suppl\u00e9mentaires qu&rsquo;on devait apporter \u00e0 la foire\u2026 Et puis, il y a ce vieux fou, qu&rsquo;on dit rebouteux et qui m&rsquo;a serr\u00e9 si fort les poignets que j&rsquo;en ai conserv\u00e9 d&rsquo;\u00e9tranges marques.\u00a0\u00bb Dans le r\u00e9cit de Julie Conseil,<em>Le Ge\u00f4lier des plantes<\/em> ne met pas toujours de la bonne volont\u00e9 dans sa nouvelle mission.<\/span><\/li>\n<li><span style=\"color: #ffffff;\">Blanche Saint-Roch nous emm\u00e8ne \u00e0 la suite de son h\u00e9ro\u00efne Isadora visiter les catacombes de Paris. Quelle dr\u00f4le d&rsquo;id\u00e9e a eu le directeur d&rsquo;ouvrir des visites la nuit! Enfin, \u00e7a arrange bien la jeune femme qui adore faire fr\u00e9mir son public. Pour sa part, elle ne craint pas les fant\u00f4mes, puisqu&rsquo;elle peut suivre leurs moindres faits et gestes du regard! Mais elle ignore encore que ces revenants s&rsquo;av\u00e8rent aussi \u00eatre<em>Les \u00c2mes ge\u00f4li\u00e8res des catacombes<\/em>.<\/span><\/li>\n<\/ul>\n<p style=\"color: #444444;\"><span style=\"color: #ffffff;\">Et en prose libre:<\/span><\/p>\n<ul style=\"color: #444444;\">\n<li><span style=\"color: #ffffff;\">Un coin de campagne lors de vacances estivales, un adolescent qui s&rsquo;ennuie ferme et une \u00e9trange jeune fille, si s\u00fbre d&rsquo;elle et d\u00e9sinvolte\u2026 Gr\u00e2ce \u00e0 Anne Goulard, m\u00eame<em>Les Cadavres se mettent au vert<\/em>!<\/span><\/li>\n<li><span style=\"color: #ffffff;\">Marthe Machorowski cl\u00f4t ce num\u00e9ro en beaut\u00e9. Son r\u00e9cit berc\u00e9 de nostalgie nous d\u00e9voile un homme us\u00e9 par l&rsquo;existence, qui se r\u00e9fugie dans une bo\u00eete de nuit d\u00e9serte afin de dormir dans la chaleur du lieu et de ses souvenirs. Mais qui sait ce qui peut advenir, en ces heures<em>De lune et de r\u00eave<\/em>?<\/span><\/li>\n<\/ul>\n<p style=\"color: #444444;\"><span style=\"color: #ffffff;\">D\u00e9couvrez les illustrations de Lionel Barth\u00e9lemy, Anne-So Deligny, Kal\u00e9a, Ma\u00eft\u00e9 Nicolas, Miss Gizmo, Terryjil et Yohan Vasse!<\/span><br \/>\n<span style=\"color: #ffffff;\">Et embarquez vers les terres de l\u00e9gende en compagnie du t\u00e9m\u00e9raire capitaine Tsaag Valren! Un article de son cru vous pr\u00e9sentera les terribles Caballeros del Diablo.<\/span><\/p>\n<p style=\"color: #444444;\">\n<p style=\"color: #444444;\">\n","protected":false},"excerpt":{"rendered":"<p>Le Fanzine P\u00e9nombre est une ancienne publication sur support papier, \u00e9dit\u00e9e par l&rsquo;association Transition. Il rassemble des nouvelles, des po\u00e8mes et des illustrations, libres pour certains, \u00e0 th\u00e9matique pour d&rsquo;autres. Il reste tr\u00e8s peu d&rsquo;exemplaires, contactez-nous pour savoir l&rsquo;\u00e9tat exact des stocks. Ce quatri\u00e8me opus est \u00e0 rebours de l&rsquo;air \u2026 <a class=\"continue-reading-link\" href=\"http:\/\/imaginailes.fr\/automne\/musee-des-archives\/fanzines\/projet-transition\/les-archives-du-projet-transition\/toutes-nos-publications\/fanzine-penombres-n4-mars-2011\/\"> Continue reading <span class=\"meta-nav\">&rarr; <\/span><\/a><\/p>\n","protected":false},"author":1,"featured_media":0,"parent":656,"menu_order":0,"comment_status":"closed","ping_status":"closed","template":"","meta":{"footnotes":""},"class_list":["post-676","page","type-page","status-publish","hentry"],"_links":{"self":[{"href":"http:\/\/imaginailes.fr\/automne\/wp-json\/wp\/v2\/pages\/676","targetHints":{"allow":["GET"]}}],"collection":[{"href":"http:\/\/imaginailes.fr\/automne\/wp-json\/wp\/v2\/pages"}],"about":[{"href":"http:\/\/imaginailes.fr\/automne\/wp-json\/wp\/v2\/types\/page"}],"author":[{"embeddable":true,"href":"http:\/\/imaginailes.fr\/automne\/wp-json\/wp\/v2\/users\/1"}],"replies":[{"embeddable":true,"href":"http:\/\/imaginailes.fr\/automne\/wp-json\/wp\/v2\/comments?post=676"}],"version-history":[{"count":3,"href":"http:\/\/imaginailes.fr\/automne\/wp-json\/wp\/v2\/pages\/676\/revisions"}],"predecessor-version":[{"id":1223,"href":"http:\/\/imaginailes.fr\/automne\/wp-json\/wp\/v2\/pages\/676\/revisions\/1223"}],"up":[{"embeddable":true,"href":"http:\/\/imaginailes.fr\/automne\/wp-json\/wp\/v2\/pages\/656"}],"wp:attachment":[{"href":"http:\/\/imaginailes.fr\/automne\/wp-json\/wp\/v2\/media?parent=676"}],"curies":[{"name":"wp","href":"https:\/\/api.w.org\/{rel}","templated":true}]}}