{"id":678,"date":"2018-08-18T19:44:50","date_gmt":"2018-08-18T18:44:50","guid":{"rendered":"http:\/\/imaginailes.fr\/automne\/?page_id=678"},"modified":"2020-09-10T11:09:26","modified_gmt":"2020-09-10T10:09:26","slug":"fanzine-penombres-n5-decembre-2011","status":"publish","type":"page","link":"http:\/\/imaginailes.fr\/automne\/musee-des-archives\/fanzines\/projet-transition\/les-archives-du-projet-transition\/toutes-nos-publications\/fanzine-penombres-n5-decembre-2011\/","title":{"rendered":"Fanzine P\u00e9nombres n\u00b05 &#8211; d\u00e9cembre 2011"},"content":{"rendered":"<div id=\"attachment_747\" style=\"width: 222px\" class=\"wp-caption aligncenter\"><img loading=\"lazy\" decoding=\"async\" aria-describedby=\"caption-attachment-747\" class=\"size-medium wp-image-747\" src=\"http:\/\/imaginailes.fr\/automne\/wp-content\/uploads\/2018\/09\/smallcouv_penombres05-212x300.jpg\" alt=\"\" width=\"212\" height=\"300\" srcset=\"http:\/\/imaginailes.fr\/automne\/wp-content\/uploads\/2018\/09\/smallcouv_penombres05-212x300.jpg 212w, http:\/\/imaginailes.fr\/automne\/wp-content\/uploads\/2018\/09\/smallcouv_penombres05-106x150.jpg 106w, http:\/\/imaginailes.fr\/automne\/wp-content\/uploads\/2018\/09\/smallcouv_penombres05.jpg 247w\" sizes=\"auto, (max-width: 212px) 100vw, 212px\" \/><p id=\"caption-attachment-747\" class=\"wp-caption-text\"><\/span> <span style=\"color: #ffffff;\">p\u00e9nombres 5<\/span><\/p><\/div>\n<p style=\"color: #444444;\"><span style=\"color: #ffffff;\">Le <em>Fanzine P\u00e9nombre<\/em> est une ancienne publication sur support papier, \u00e9dit\u00e9e par l&rsquo;association Transition. Il rassemble des nouvelles, des po\u00e8mes et des illustrations, libres pour certains, \u00e0 th\u00e9matique pour d&rsquo;autres.<\/span><\/p>\n<p style=\"color: #444444;\"><span style=\"color: #ffffff;\"><strong>Le n\u00b05 est toujours disponible !<\/strong><\/span><\/p>\n<p style=\"color: #444444;\"><span style=\"color: #ffffff;\">Ce cinqui\u00e8me opus est rythm\u00e9 par les tic-tac angoissants du temps qui passe. Les ombres de la vieillesse, les terreurs de la mortalit\u00e9 \u2013 ce qui s\u00e9pare les femmes et les hommes de leurs divinit\u00e9s, ce qui fonde leur humanit\u00e9 \u2013 dansent sur une musique monocorde. Mettez un doigt dans ces <strong>Horloges et Engrenages<\/strong>, et vous serez tout entier entra\u00een\u00e9 dans la m\u00e9canique de ces r\u00e9cits!<\/span><\/p>\n<ul style=\"color: #444444;\">\n<li><span style=\"color: #ffffff;\">Le doute est partie prenante et tension pr\u00e9gnante de ce r\u00e9cit dans lequel Oph\u00e9lie Bruneau s\u00e8me des vis et autres rouages \u00e0 travers une maison tranquille. Rodolphe s&rsquo;interroge: pourquoi sa femme se montre-t-elle si perdue, si chang\u00e9e ces derniers temps? La r\u00e9ponse se trouvera, entre autres, gr\u00e2ce \u00e0<em>Une roue dent\u00e9e sur l&rsquo;oreiller<\/em>\u2026<\/span><\/li>\n<li><span style=\"color: #ffffff;\">Alexandre s&rsquo;ennuie ferme: ses parents l&rsquo;ont envoy\u00e9 chez sa grand-tante pour les vacances. L\u00e0-bas, ni jeux vid\u00e9o, ni Internet, le d\u00e9sert num\u00e9rique complet. Alors Alexandre s&rsquo;amuse comme il le peut, dans les rues de la bonne ville de P\u00e9rigueux, et ses p\u00e9r\u00e9grinations deviennent vite beaucoup plus int\u00e9ressantes lorsqu&rsquo;il d\u00e9gote une montre \u00e9trange qui commande au temps. Pour nous, Sylvain Lasjuilliarias cr\u00e9e<em>Une explosion de soleil bleu<\/em>!<\/span><\/li>\n<li><span style=\"color: #ffffff;\">Interm\u00e8de po\u00e9tique sur le temps qui file et que certains \u00eatres peuvent arr\u00eater pour eux-m\u00eames, mais aussi pour autrui. Le h\u00e9ros de Thomas Spok, quant \u00e0 lui, s&rsquo;interroge sur le prix \u00e0 payer dans ce myst\u00e9rieux<em>Pacte<\/em>.<\/span><\/li>\n<li><span style=\"color: #ffffff;\">La vieille horloge, majestueuse Comtoise, est au centre de l&rsquo;attention de la famille que nous peint Magali Couzigou. Ses aiguilles ne sont pas en cause: il faut chercher l&rsquo;explication de cet intense int\u00e9r\u00eat dans les cylindres de cuivre qui tournent dessous le cadran, dans un bien triste<em>Compte \u00e0 rebours<\/em>\u2026<\/span><\/li>\n<li><span style=\"color: #ffffff;\">Walter est horloger, le meilleur du pays. H\u00e9las, il se distingue du commun des mortels par une seconde exception: une maladie \u00e9trange nomm\u00e9e \u00ab\u00a0prosopagnosie\u00a0\u00bb. Philippe Deniel, \u00e0 la poursuite de ce myst\u00e9rieux<em>Successeur<\/em>, nous fait courir de r\u00e9v\u00e9lation en r\u00e9v\u00e9lation au c\u00f4t\u00e9 d&rsquo;un personnage curieux, mais moins cependant que ceux qui le poursuivent!<\/span><\/li>\n<li><span style=\"color: #ffffff;\">Dans un hangar d\u00e9saffect\u00e9, un \u00e9tudiant en cin\u00e9ma et sa s\u0153ur tentent tant bien que mal de tourner un<em>remake<\/em>de <em>Frankenstein<\/em> fa\u00e7on <em>Le R\u00e9veil du cyborg<\/em>. N\u00e9anmoins, alors que les prises s&rsquo;encha\u00eenent, les \u00e9crous et roues dent\u00e9es se placent un peu trop bien dans cette fausse m\u00e9canique. \u00ab\u00a0Fausse\u00a0\u00bb, vraiment? Blanche Saint-Roch nous pr\u00e9sente une nouvelle aventure de sa c\u00e9l\u00e8bre Isadora aux multiples identit\u00e9s.<\/span><\/li>\n<\/ul>\n<p style=\"color: #444444;\"><span style=\"color: #ffffff;\">Et en prose libre:<\/span><\/p>\n<ul style=\"color: #444444;\">\n<li><span style=\"color: #ffffff;\">Nous retrouvons avec plaisir Marthe Machorowski qui change radicalement de d\u00e9cor pour ce<em>Comme un boomerang<\/em>. Rues sans charme d&rsquo;un quartier parisien et dimension de poche sont le lot de ses deux h\u00e9ro\u00efnes, en prise avec une vitrine de petites f\u00e9es pour le moins\u2026 explosive!<\/span><\/li>\n<\/ul>\n<p style=\"color: #444444;\"><span style=\"color: #ffffff;\">D\u00e9couvrez les illustrations d&rsquo;Anne-So Deligny, Didizuka, Delphine Gueniffey, C\u00e9cile Guillot, Kal\u00e9a, Miss Gizmo, Terryjil et Yohan Vasse!<\/span><\/p>\n<p style=\"color: #444444;\"><span style=\"color: #ffffff;\">Et, de nouveau, la mythippologue Tsaag Valren vous pr\u00e9sentera l&rsquo;une de ses cr\u00e9atures de l\u00e9gende : le Tangie, d&rsquo;\u00eele et d&rsquo;\u00e9cume.<\/span><\/p>\n<p style=\"color: #444444;\">\n<p style=\"color: #444444;\">\n","protected":false},"excerpt":{"rendered":"<p>Le Fanzine P\u00e9nombre est une ancienne publication sur support papier, \u00e9dit\u00e9e par l&rsquo;association Transition. Il rassemble des nouvelles, des po\u00e8mes et des illustrations, libres pour certains, \u00e0 th\u00e9matique pour d&rsquo;autres. Le n\u00b05 est toujours disponible ! Ce cinqui\u00e8me opus est rythm\u00e9 par les tic-tac angoissants du temps qui passe. Les \u2026 <a class=\"continue-reading-link\" href=\"http:\/\/imaginailes.fr\/automne\/musee-des-archives\/fanzines\/projet-transition\/les-archives-du-projet-transition\/toutes-nos-publications\/fanzine-penombres-n5-decembre-2011\/\"> Continue reading <span class=\"meta-nav\">&rarr; <\/span><\/a><\/p>\n","protected":false},"author":1,"featured_media":0,"parent":656,"menu_order":0,"comment_status":"closed","ping_status":"closed","template":"","meta":{"footnotes":""},"class_list":["post-678","page","type-page","status-publish","hentry"],"_links":{"self":[{"href":"http:\/\/imaginailes.fr\/automne\/wp-json\/wp\/v2\/pages\/678","targetHints":{"allow":["GET"]}}],"collection":[{"href":"http:\/\/imaginailes.fr\/automne\/wp-json\/wp\/v2\/pages"}],"about":[{"href":"http:\/\/imaginailes.fr\/automne\/wp-json\/wp\/v2\/types\/page"}],"author":[{"embeddable":true,"href":"http:\/\/imaginailes.fr\/automne\/wp-json\/wp\/v2\/users\/1"}],"replies":[{"embeddable":true,"href":"http:\/\/imaginailes.fr\/automne\/wp-json\/wp\/v2\/comments?post=678"}],"version-history":[{"count":3,"href":"http:\/\/imaginailes.fr\/automne\/wp-json\/wp\/v2\/pages\/678\/revisions"}],"predecessor-version":[{"id":1224,"href":"http:\/\/imaginailes.fr\/automne\/wp-json\/wp\/v2\/pages\/678\/revisions\/1224"}],"up":[{"embeddable":true,"href":"http:\/\/imaginailes.fr\/automne\/wp-json\/wp\/v2\/pages\/656"}],"wp:attachment":[{"href":"http:\/\/imaginailes.fr\/automne\/wp-json\/wp\/v2\/media?parent=678"}],"curies":[{"name":"wp","href":"https:\/\/api.w.org\/{rel}","templated":true}]}}