{"id":680,"date":"2018-08-18T19:45:23","date_gmt":"2018-08-18T18:45:23","guid":{"rendered":"http:\/\/imaginailes.fr\/automne\/?page_id=680"},"modified":"2020-09-10T11:09:46","modified_gmt":"2020-09-10T10:09:46","slug":"fanzine-penombres-n6-mai-2015","status":"publish","type":"page","link":"http:\/\/imaginailes.fr\/automne\/musee-des-archives\/fanzines\/projet-transition\/les-archives-du-projet-transition\/toutes-nos-publications\/fanzine-penombres-n6-mai-2015\/","title":{"rendered":"Fanzine P\u00e9nombres n\u00b06 \u2013 mai 2015"},"content":{"rendered":"<p style=\"color: #444444;\">\n<div id=\"attachment_756\" style=\"width: 232px\" class=\"wp-caption aligncenter\"><img loading=\"lazy\" decoding=\"async\" aria-describedby=\"caption-attachment-756\" class=\"size-medium wp-image-756\" src=\"http:\/\/imaginailes.fr\/automne\/wp-content\/uploads\/2018\/09\/smallcouv_penombres06-222x300.jpg\" alt=\"\" width=\"222\" height=\"300\" srcset=\"http:\/\/imaginailes.fr\/automne\/wp-content\/uploads\/2018\/09\/smallcouv_penombres06-222x300.jpg 222w, http:\/\/imaginailes.fr\/automne\/wp-content\/uploads\/2018\/09\/smallcouv_penombres06-111x150.jpg 111w, http:\/\/imaginailes.fr\/automne\/wp-content\/uploads\/2018\/09\/smallcouv_penombres06.jpg 259w\" sizes=\"auto, (max-width: 222px) 100vw, 222px\" \/><p id=\"caption-attachment-756\" class=\"wp-caption-text\"><\/span> <span style=\"color: #ffffff;\">p\u00e9nombres 6<\/span><\/p><\/div>\n<p style=\"color: #444444;\"><span style=\"color: #ffffff;\">Le fanzine <em>P\u00e9nombres<\/em> est une publication num\u00e9rique \u00e9dit\u00e9e par l&rsquo;association Transition, qui rassemble des nouvelles, des po\u00e8mes et des illustrations.<\/span><\/p>\n<p style=\"color: #444444;\"><span style=\"color: #ffffff;\">Ce sixi\u00e8me opus explore les m\u00e9andres de l&rsquo;espace num\u00e9rique. Le r\u00e9seau est vaste et rec\u00e8le autant de pi\u00e8ges que de tr\u00e9sors. Entre <strong>Mondes virtuels, monde r\u00e9el<\/strong>, laissez votre esprit se d\u00e9mat\u00e9rialiser dans des terres inconnues, ou bien pr\u00e9parez-vous \u00e0 accueillir dans notre bonne vieille r\u00e9alit\u00e9 quelques cr\u00e9atures \u00e9gar\u00e9es !<\/span><\/p>\n<ul style=\"color: #444444;\">\n<li><span style=\"color: #ffffff;\">Xavier Portebois vous invite \u00e0 d\u00e9couvrir <em>Les Enfants d&rsquo;Avalon<\/em> au d\u00e9tour de la terrasse d&rsquo;un bar. Vous ne les voyez pas ? Demandez \u00e0 Gareth, il saura vous renseigner\u2026<\/span><\/li>\n<li><span style=\"color: #ffffff;\">O\u00f9 se cache le vrai courage ? Peut-\u00eatre bien dans ce <em>H\u00e9ros<\/em> qu&rsquo;Anne-So Deligny chante dans son sonnet.<\/span><\/li>\n<li><span style=\"color: #ffffff;\">Si, comme Piotr, vous avez besoin d&rsquo;une garde rapproch\u00e9e pour survivre dans le monde virtuel, rien de plus simple ! Suivez les conseils de Francis Ash et dites la formule magique : \u00ab <em>Plug in, baby<\/em> \u00bb !<\/span><\/li>\n<li><span style=\"color: #ffffff;\">Avec Luce Basseterre, vous ferez la connaissance de Lady Tamiat, \u00e9l\u00e9gant dragon et rat de virtueloth\u00e8que\u2026 Enfin, quand elle peut s&rsquo;y r\u00e9fugier au calme, parce qu&rsquo;il y a parfois du <em>Ramdam \u00e0 la Virtueloth\u00e8que<\/em> !<\/span><\/li>\n<li><span style=\"color: #ffffff;\">C&rsquo;est un MMORPG d&rsquo;exception que Fr\u00e9d\u00e9ric Gobillot vous pr\u00e9sente \u2013 mais Matthew, son cr\u00e9ateur, devrait garder \u00e0 l&rsquo;esprit qu&rsquo;il peut arriver bien des choses au d\u00e9tour d&rsquo;une <em>Allit\u00e9ration binaire<\/em>\u2026<\/span><\/li>\n<li><span style=\"color: #ffffff;\">Les cr\u00e9atures holographiques sont-elles en train de perdre la t\u00eate ? Anne Goulard et sa <em>Sorci\u00e8re du cyberespace<\/em> m\u00e8nent l&rsquo;enqu\u00eate, et sauront bien trouver la r\u00e9ponse.<\/span><\/li>\n<\/ul>\n<p style=\"color: #444444;\"><span style=\"color: #ffffff;\">Et d\u00e9couvrez au fil des pages les illustrations d&rsquo;Anne-So Deligny, Delphine Gueniffey, Epicta, Mickael Martins, Saphir et Terryjil !<\/span><\/p>\n","protected":false},"excerpt":{"rendered":"<p>Le fanzine P\u00e9nombres est une publication num\u00e9rique \u00e9dit\u00e9e par l&rsquo;association Transition, qui rassemble des nouvelles, des po\u00e8mes et des illustrations. Ce sixi\u00e8me opus explore les m\u00e9andres de l&rsquo;espace num\u00e9rique. Le r\u00e9seau est vaste et rec\u00e8le autant de pi\u00e8ges que de tr\u00e9sors. Entre Mondes virtuels, monde r\u00e9el, laissez votre esprit se \u2026 <a class=\"continue-reading-link\" href=\"http:\/\/imaginailes.fr\/automne\/musee-des-archives\/fanzines\/projet-transition\/les-archives-du-projet-transition\/toutes-nos-publications\/fanzine-penombres-n6-mai-2015\/\"> Continue reading <span class=\"meta-nav\">&rarr; <\/span><\/a><\/p>\n","protected":false},"author":1,"featured_media":0,"parent":656,"menu_order":0,"comment_status":"closed","ping_status":"closed","template":"","meta":{"footnotes":""},"class_list":["post-680","page","type-page","status-publish","hentry"],"_links":{"self":[{"href":"http:\/\/imaginailes.fr\/automne\/wp-json\/wp\/v2\/pages\/680","targetHints":{"allow":["GET"]}}],"collection":[{"href":"http:\/\/imaginailes.fr\/automne\/wp-json\/wp\/v2\/pages"}],"about":[{"href":"http:\/\/imaginailes.fr\/automne\/wp-json\/wp\/v2\/types\/page"}],"author":[{"embeddable":true,"href":"http:\/\/imaginailes.fr\/automne\/wp-json\/wp\/v2\/users\/1"}],"replies":[{"embeddable":true,"href":"http:\/\/imaginailes.fr\/automne\/wp-json\/wp\/v2\/comments?post=680"}],"version-history":[{"count":4,"href":"http:\/\/imaginailes.fr\/automne\/wp-json\/wp\/v2\/pages\/680\/revisions"}],"predecessor-version":[{"id":1225,"href":"http:\/\/imaginailes.fr\/automne\/wp-json\/wp\/v2\/pages\/680\/revisions\/1225"}],"up":[{"embeddable":true,"href":"http:\/\/imaginailes.fr\/automne\/wp-json\/wp\/v2\/pages\/656"}],"wp:attachment":[{"href":"http:\/\/imaginailes.fr\/automne\/wp-json\/wp\/v2\/media?parent=680"}],"curies":[{"name":"wp","href":"https:\/\/api.w.org\/{rel}","templated":true}]}}