{"id":686,"date":"2018-08-18T19:47:15","date_gmt":"2018-08-18T18:47:15","guid":{"rendered":"http:\/\/imaginailes.fr\/automne\/?page_id=686"},"modified":"2020-09-10T11:00:22","modified_gmt":"2020-09-10T10:00:22","slug":"la-sacoche-du-facteur","status":"publish","type":"page","link":"http:\/\/imaginailes.fr\/automne\/musee-des-archives\/fanzines\/projet-transition\/les-archives-du-projet-transition\/toutes-nos-publications\/la-sacoche-du-facteur\/","title":{"rendered":"La Sacoche du facteur"},"content":{"rendered":"<div id=\"attachment_762\" style=\"width: 310px\" class=\"wp-caption aligncenter\"><img loading=\"lazy\" decoding=\"async\" aria-describedby=\"caption-attachment-762\" class=\"size-medium wp-image-762\" src=\"http:\/\/imaginailes.fr\/automne\/wp-content\/uploads\/2018\/09\/visuel-sacoche-300x193.png\" alt=\"\" width=\"300\" height=\"193\" srcset=\"http:\/\/imaginailes.fr\/automne\/wp-content\/uploads\/2018\/09\/visuel-sacoche-300x193.png 300w, http:\/\/imaginailes.fr\/automne\/wp-content\/uploads\/2018\/09\/visuel-sacoche-150x96.png 150w, http:\/\/imaginailes.fr\/automne\/wp-content\/uploads\/2018\/09\/visuel-sacoche-233x150.png 233w, http:\/\/imaginailes.fr\/automne\/wp-content\/uploads\/2018\/09\/visuel-sacoche.png 750w\" sizes=\"auto, (max-width: 300px) 100vw, 300px\" \/><p id=\"caption-attachment-762\" class=\"wp-caption-text\">La sacoche du facteur<\/p><\/div>\n<p style=\"color: #444444;\">\n<blockquote style=\"font-style: italic; color: #444444;\"><p>La vie, c&rsquo;est le jeu des correspondances\u2026<br \/>\nNotre quotidien est fait de lettres et de mots que l&rsquo;on se dit et que l&rsquo;on s&rsquo;\u00e9crit. Chaque jour, nous recevons du courrier. Il y a les missives que l&rsquo;on guette et celles que l&rsquo;on n&rsquo;attendait pas, les cartes qui changent le monde, les enveloppes que l&rsquo;on n&rsquo;ose pas ouvrir. Tant de bouleversements, si peu de mots parfois !<br \/>\nLa sacoche du facteur renferme bien des r\u00e9v\u00e9lations\u2026<br \/>\nPartez en qu\u00eate de ces courriers, de ces lettres du quotidien qui transfigurent l&rsquo;existence et \u00e9veillent l&rsquo;\u00e2me. Peu importe la plume : ami\u00b7e, coll\u00e8gue, enfant, voisin\u00b7e taciturne, ou de tous ceux qui inscrivent dans le papier des pens\u00e9es si fortes qu&rsquo;elles ouvrent des voies \u2013 ailleurs, autrement. Si vous retrouvez quelques uns de ces mots, alors n&rsquo;h\u00e9sitez pas : envoyez-les nous.<\/p><\/blockquote>\n<p style=\"color: #444444;\"><span style=\"color: #ffffff;\"><strong>Pr\u00e9sentation <\/strong><\/span><\/p>\n<p style=\"color: #444444;\"><span style=\"color: #ffffff;\"><em>La Sacoche du facteur<\/em> rassemble de courtes lettres qui sont autant de r\u00e9v\u00e9lations, de toutes sortes. Chaque missive inspire ou \u00e9voque une compr\u00e9hension soudaine qui \u00e9veille l&rsquo;\u00e2me ou l&rsquo;esprit, et les m\u00e8ne \u00e0 autre chose.<\/span><\/p>\n<p style=\"color: #444444;\"><span style=\"color: #ffffff;\"><strong>Cette publication est d\u00e9sormais arr\u00eat\u00e9e.<\/strong> Les lettres publi\u00e9es restent bien s\u00fbr disponibles.<\/span><\/p>\n<p style=\"color: #444444;\"><span style=\"color: #ffffff;\"><strong>Les lettres de la Sacoche<\/strong><\/span><\/p>\n<ul style=\"color: #444444;\">\n<li><span style=\"color: #ffffff;\"><strong>Janvier 2014<\/strong> : <em>Va vers toi-m\u00eame<\/em> d&rsquo;Anabelle Laye Martinez<\/span><\/li>\n<li><span style=\"color: #ffffff;\"><strong>Avril 2014<\/strong> : <em>Revirement<\/em> d&rsquo;Irisyne<\/span><\/li>\n<\/ul>\n","protected":false},"excerpt":{"rendered":"<p>La vie, c&rsquo;est le jeu des correspondances\u2026 Notre quotidien est fait de lettres et de mots que l&rsquo;on se dit et que l&rsquo;on s&rsquo;\u00e9crit. Chaque jour, nous recevons du courrier. Il y a les missives que l&rsquo;on guette et celles que l&rsquo;on n&rsquo;attendait pas, les cartes qui changent le monde, \u2026 <a class=\"continue-reading-link\" href=\"http:\/\/imaginailes.fr\/automne\/musee-des-archives\/fanzines\/projet-transition\/les-archives-du-projet-transition\/toutes-nos-publications\/la-sacoche-du-facteur\/\"> Continue reading <span class=\"meta-nav\">&rarr; <\/span><\/a><\/p>\n","protected":false},"author":1,"featured_media":0,"parent":656,"menu_order":0,"comment_status":"closed","ping_status":"closed","template":"","meta":{"footnotes":""},"class_list":["post-686","page","type-page","status-publish","hentry"],"_links":{"self":[{"href":"http:\/\/imaginailes.fr\/automne\/wp-json\/wp\/v2\/pages\/686","targetHints":{"allow":["GET"]}}],"collection":[{"href":"http:\/\/imaginailes.fr\/automne\/wp-json\/wp\/v2\/pages"}],"about":[{"href":"http:\/\/imaginailes.fr\/automne\/wp-json\/wp\/v2\/types\/page"}],"author":[{"embeddable":true,"href":"http:\/\/imaginailes.fr\/automne\/wp-json\/wp\/v2\/users\/1"}],"replies":[{"embeddable":true,"href":"http:\/\/imaginailes.fr\/automne\/wp-json\/wp\/v2\/comments?post=686"}],"version-history":[{"count":3,"href":"http:\/\/imaginailes.fr\/automne\/wp-json\/wp\/v2\/pages\/686\/revisions"}],"predecessor-version":[{"id":1214,"href":"http:\/\/imaginailes.fr\/automne\/wp-json\/wp\/v2\/pages\/686\/revisions\/1214"}],"up":[{"embeddable":true,"href":"http:\/\/imaginailes.fr\/automne\/wp-json\/wp\/v2\/pages\/656"}],"wp:attachment":[{"href":"http:\/\/imaginailes.fr\/automne\/wp-json\/wp\/v2\/media?parent=686"}],"curies":[{"name":"wp","href":"https:\/\/api.w.org\/{rel}","templated":true}]}}