{"id":69,"date":"2016-01-08T13:45:33","date_gmt":"2016-01-08T12:45:33","guid":{"rendered":"http:\/\/imaginailes.fr\/onirismes\/?page_id=69"},"modified":"2020-02-02T08:59:37","modified_gmt":"2020-02-02T07:59:37","slug":"sombres-sonnets","status":"publish","type":"page","link":"http:\/\/imaginailes.fr\/automne\/mots-et-images\/sombres-sonnets\/","title":{"rendered":"Sombres sonnets"},"content":{"rendered":"\n<p> Sombres sonnets est un recueil de courts po\u00e8mes, chacun enlumin\u00e9 d&rsquo;un m\u00e9daillon monochrome. Ces fables sombres &nbsp;content le r\u00e9cit des \u00eatres de l\u00e9gende qui hantent l&rsquo;imagination, et les cruels desseins du destin. <\/p>\n\n\n\n<div class=\"wp-block-columns is-layout-flex wp-container-core-columns-is-layout-9d6595d7 wp-block-columns-is-layout-flex\">\n<div class=\"wp-block-column is-layout-flow wp-block-column-is-layout-flow\">\n<figure class=\"wp-block-image size-large\"><img loading=\"lazy\" decoding=\"async\" width=\"302\" height=\"386\" src=\"http:\/\/imaginailes.fr\/automne\/wp-content\/uploads\/2020\/01\/SombresSonnets.png\" alt=\"\" class=\"wp-image-1014\" srcset=\"http:\/\/imaginailes.fr\/automne\/wp-content\/uploads\/2020\/01\/SombresSonnets.png 302w, http:\/\/imaginailes.fr\/automne\/wp-content\/uploads\/2020\/01\/SombresSonnets-235x300.png 235w, http:\/\/imaginailes.fr\/automne\/wp-content\/uploads\/2020\/01\/SombresSonnets-117x150.png 117w\" sizes=\"auto, (max-width: 302px) 100vw, 302px\" \/><\/figure>\n<\/div>\n\n\n\n<div class=\"wp-block-column is-layout-flow wp-block-column-is-layout-flow\">\n<p><strong>Sonnets en ligne :<\/strong><\/p>\n\n\n\n<ul class=\"wp-block-list\"><li><a href=\"http:\/\/imaginailes.fr\/automne\/mots-et-images\/sombres-sonnets\/fugace\/\"><strong>Fugace.<\/strong><\/a><br>\u00e9crit en 2010.<br>publi\u00e9 en 2011 dans <em>P\u00e9nombres n\u00b04<\/em>, association Transition<\/li><li><a href=\"http:\/\/imaginailes.fr\/automne\/mots-et-images\/sombres-sonnets\/des-rails\/\"><strong>Des rails<\/strong><\/a><br>\u00e9crit en 2010.<br>publi\u00e9 en 2011 dans\u00a0\u00e9veil n\u00b03, association Transition<\/li><li><a href=\"http:\/\/imaginailes.fr\/automne\/mots-et-images\/sombres-sonnets\/gousset\/\"><strong>Gousset<\/strong><\/a><br>\u00e9crit en 2011<\/li><li><a href=\"http:\/\/imaginailes.fr\/automne\/mots-et-images\/sombres-sonnets\/felins\/\"><strong>F\u00e9lins<\/strong><\/a><br>\u00e9crit en 2012<\/li><li><strong><a href=\"http:\/\/imaginailes.fr\/automne\/mots-et-images\/sombres-sonnets\/icare\/\">Icare<\/a><br><\/strong>\u00e9crit en 2014<br><em>illustr\u00e9 par gravure dans le cadre du projet <a href=\"http:\/\/imaginailes.fr\/automne\/matieres-et-vivant\/i-comme-icare\/\">I comme Icare<\/a><\/em><\/li><li><a href=\"http:\/\/imaginailes.fr\/automne\/mots-et-images\/sombres-sonnets\/un-coeur-a-la-mer\/\"><strong>Un c\u0153ur \u00e0 la mer<\/strong><\/a><br>\u00e9crit en 2013<\/li><li><strong><a href=\"http:\/\/imaginailes.fr\/automne\/mots-et-images\/sombres-sonnets\/le-jardin\/\">Le jardin<\/a><br><\/strong>\u00e9crit en 2014<\/li><li><a href=\"http:\/\/imaginailes.fr\/automne\/mots-et-images\/sombres-sonnets\/effraie\/\"><strong>Effraie<\/strong><\/a><br>\u00e9crit en 2012<\/li><li><strong><a href=\"http:\/\/imaginailes.fr\/automne\/mots-et-images\/sombres-sonnets\/heros\/\">H\u00e9ros<\/a><br><\/strong>\u00e9crit en 2014<br>publi\u00e9 en 2015 dans\u00a0<em>P\u00e9nombres n\u00b06<\/em>, association Transition<\/li><\/ul>\n<\/div>\n<\/div>\n","protected":false},"excerpt":{"rendered":"<p>Sombres sonnets est un recueil de courts po\u00e8mes, chacun enlumin\u00e9 d&rsquo;un m\u00e9daillon monochrome. Ces fables sombres &nbsp;content le r\u00e9cit des \u00eatres de l\u00e9gende qui hantent l&rsquo;imagination, et les cruels desseins du destin. Sonnets en ligne : Fugace.\u00e9crit en 2010.publi\u00e9 en 2011 dans P\u00e9nombres n\u00b04, association Transition Des rails\u00e9crit en 2010.publi\u00e9 \u2026 <a class=\"continue-reading-link\" href=\"http:\/\/imaginailes.fr\/automne\/mots-et-images\/sombres-sonnets\/\"> Continue reading <span class=\"meta-nav\">&rarr; <\/span><\/a><\/p>\n","protected":false},"author":1,"featured_media":0,"parent":321,"menu_order":0,"comment_status":"closed","ping_status":"closed","template":"","meta":{"footnotes":""},"class_list":["post-69","page","type-page","status-publish","hentry"],"_links":{"self":[{"href":"http:\/\/imaginailes.fr\/automne\/wp-json\/wp\/v2\/pages\/69","targetHints":{"allow":["GET"]}}],"collection":[{"href":"http:\/\/imaginailes.fr\/automne\/wp-json\/wp\/v2\/pages"}],"about":[{"href":"http:\/\/imaginailes.fr\/automne\/wp-json\/wp\/v2\/types\/page"}],"author":[{"embeddable":true,"href":"http:\/\/imaginailes.fr\/automne\/wp-json\/wp\/v2\/users\/1"}],"replies":[{"embeddable":true,"href":"http:\/\/imaginailes.fr\/automne\/wp-json\/wp\/v2\/comments?post=69"}],"version-history":[{"count":15,"href":"http:\/\/imaginailes.fr\/automne\/wp-json\/wp\/v2\/pages\/69\/revisions"}],"predecessor-version":[{"id":1081,"href":"http:\/\/imaginailes.fr\/automne\/wp-json\/wp\/v2\/pages\/69\/revisions\/1081"}],"up":[{"embeddable":true,"href":"http:\/\/imaginailes.fr\/automne\/wp-json\/wp\/v2\/pages\/321"}],"wp:attachment":[{"href":"http:\/\/imaginailes.fr\/automne\/wp-json\/wp\/v2\/media?parent=69"}],"curies":[{"name":"wp","href":"https:\/\/api.w.org\/{rel}","templated":true}]}}