{"id":936,"date":"2020-01-20T07:05:51","date_gmt":"2020-01-20T06:05:51","guid":{"rendered":"http:\/\/imaginailes.fr\/automne\/?page_id=936"},"modified":"2020-09-10T10:33:19","modified_gmt":"2020-09-10T09:33:19","slug":"musee-des-archives","status":"publish","type":"page","link":"http:\/\/imaginailes.fr\/automne\/musee-des-archives\/","title":{"rendered":"Mus\u00e9e des archives"},"content":{"rendered":"\n<p>Des vieux projets achev\u00e9s ou abandonn\u00e9s.<\/p>\n\n\n\n<div class=\"wp-block-columns is-layout-flex wp-container-core-columns-is-layout-9d6595d7 wp-block-columns-is-layout-flex\">\n<div class=\"wp-block-column is-layout-flow wp-block-column-is-layout-flow\">\n<figure class=\"wp-block-image size-large is-resized\"><a href=\"http:\/\/imaginailes.fr\/automne\/mots-et-images\/publications\/\"><img decoding=\"async\" src=\"http:\/\/imaginailes.fr\/automne\/wp-content\/uploads\/2020\/01\/medaille-publications.png\" alt=\"\" class=\"wp-image-1035\" width=\"200\" srcset=\"http:\/\/imaginailes.fr\/automne\/wp-content\/uploads\/2020\/01\/medaille-publications.png 369w, http:\/\/imaginailes.fr\/automne\/wp-content\/uploads\/2020\/01\/medaille-publications-269x300.png 269w, http:\/\/imaginailes.fr\/automne\/wp-content\/uploads\/2020\/01\/medaille-publications-134x150.png 134w\" sizes=\"(max-width: 369px) 100vw, 369px\" \/><\/a><\/figure>\n<\/div>\n\n\n\n<div class=\"wp-block-column is-layout-flow wp-block-column-is-layout-flow\">\n<div class=\"wp-block-image\"><figure class=\"aligncenter size-large is-resized\"><a href=\"http:\/\/imaginailes.fr\/automne\/musee-des-archives\/i-comme-icare\/\"><img decoding=\"async\" src=\"http:\/\/imaginailes.fr\/automne\/wp-content\/uploads\/2020\/01\/medaille-icare.png\" alt=\"\" class=\"wp-image-1033\" width=\"200\" srcset=\"http:\/\/imaginailes.fr\/automne\/wp-content\/uploads\/2020\/01\/medaille-icare.png 369w, http:\/\/imaginailes.fr\/automne\/wp-content\/uploads\/2020\/01\/medaille-icare-269x300.png 269w, http:\/\/imaginailes.fr\/automne\/wp-content\/uploads\/2020\/01\/medaille-icare-134x150.png 134w\" sizes=\"(max-width: 369px) 100vw, 369px\" \/><\/a><\/figure><\/div>\n\n\n\n<p class=\"has-text-align-center\"> Sculpture et gravure <\/p>\n<\/div>\n\n\n\n<div class=\"wp-block-column is-layout-flow wp-block-column-is-layout-flow\">\n<div class=\"wp-block-image\"><figure class=\"aligncenter size-large is-resized\"><a href=\"http:\/\/imaginailes.fr\/automne\/mots-et-images\/les-etranges\/\"><img decoding=\"async\" src=\"http:\/\/imaginailes.fr\/automne\/wp-content\/uploads\/2020\/01\/medaille-etranges.png\" alt=\"\" class=\"wp-image-1032\" width=\"200\" srcset=\"http:\/\/imaginailes.fr\/automne\/wp-content\/uploads\/2020\/01\/medaille-etranges.png 369w, http:\/\/imaginailes.fr\/automne\/wp-content\/uploads\/2020\/01\/medaille-etranges-269x300.png 269w, http:\/\/imaginailes.fr\/automne\/wp-content\/uploads\/2020\/01\/medaille-etranges-134x150.png 134w\" sizes=\"(max-width: 369px) 100vw, 369px\" \/><\/a><\/figure><\/div>\n\n\n\n<p class=\"has-text-align-center\">Roman fantastique<\/p>\n<\/div>\n\n\n\n<div class=\"wp-block-column is-layout-flow wp-block-column-is-layout-flow\">\n<div class=\"wp-block-image\"><figure class=\"aligncenter size-large is-resized\"><a href=\"http:\/\/imaginailes.fr\/automne\/musee-des-archives\/fanzines\/fanzine-le-sanctuaire\/\"><img decoding=\"async\" src=\"http:\/\/imaginailes.fr\/automne\/wp-content\/uploads\/2020\/01\/medaille-sanctuaire.png\" alt=\"\" class=\"wp-image-1036\" width=\"200\" srcset=\"http:\/\/imaginailes.fr\/automne\/wp-content\/uploads\/2020\/01\/medaille-sanctuaire.png 369w, http:\/\/imaginailes.fr\/automne\/wp-content\/uploads\/2020\/01\/medaille-sanctuaire-269x300.png 269w, http:\/\/imaginailes.fr\/automne\/wp-content\/uploads\/2020\/01\/medaille-sanctuaire-134x150.png 134w\" sizes=\"(max-width: 369px) 100vw, 369px\" \/><\/a><\/figure><\/div>\n\n\n\n<p class=\"has-text-align-center\">Fanzine BD<\/p>\n<\/div>\n\n\n\n<div class=\"wp-block-column is-layout-flow wp-block-column-is-layout-flow\">\n<div class=\"wp-block-image\"><figure class=\"aligncenter size-large is-resized\"><a href=\"http:\/\/imaginailes.fr\/automne\/musee-des-archives\/fanzines\/projet-transition\/\"><img decoding=\"async\" src=\"http:\/\/imaginailes.fr\/automne\/wp-content\/uploads\/2020\/01\/medaille-transition.png\" alt=\"\" class=\"wp-image-1037\" width=\"200\" srcset=\"http:\/\/imaginailes.fr\/automne\/wp-content\/uploads\/2020\/01\/medaille-transition.png 369w, http:\/\/imaginailes.fr\/automne\/wp-content\/uploads\/2020\/01\/medaille-transition-269x300.png 269w, http:\/\/imaginailes.fr\/automne\/wp-content\/uploads\/2020\/01\/medaille-transition-134x150.png 134w\" sizes=\"(max-width: 369px) 100vw, 369px\" \/><\/a><\/figure><\/div>\n\n\n\n<p class=\"has-text-align-center\">Fanzine litt\u00e9raire<\/p>\n<\/div>\n<\/div>\n\n\n\n<div class=\"wp-block-columns is-layout-flex wp-container-core-columns-is-layout-9d6595d7 wp-block-columns-is-layout-flex\">\n<div class=\"wp-block-column is-layout-flow wp-block-column-is-layout-flow\"><\/div>\n\n\n\n<div class=\"wp-block-column is-layout-flow wp-block-column-is-layout-flow\"><\/div>\n\n\n\n<div class=\"wp-block-column is-layout-flow wp-block-column-is-layout-flow\">\n<div class=\"wp-block-image\"><figure class=\"aligncenter size-large is-resized\"><a href=\"http:\/\/imaginailes.fr\/automne\/mots-et-images\/bande-dessinee\/\"><img decoding=\"async\" src=\"http:\/\/imaginailes.fr\/automne\/wp-content\/uploads\/2020\/01\/medaille-BD.png\" alt=\"\" class=\"wp-image-1031\" width=\"200\" srcset=\"http:\/\/imaginailes.fr\/automne\/wp-content\/uploads\/2020\/01\/medaille-BD.png 369w, http:\/\/imaginailes.fr\/automne\/wp-content\/uploads\/2020\/01\/medaille-BD-269x300.png 269w, http:\/\/imaginailes.fr\/automne\/wp-content\/uploads\/2020\/01\/medaille-BD-134x150.png 134w\" sizes=\"(max-width: 369px) 100vw, 369px\" \/><\/a><\/figure><\/div>\n<\/div>\n\n\n\n<div class=\"wp-block-column is-layout-flow wp-block-column-is-layout-flow\"><\/div>\n\n\n\n<div class=\"wp-block-column is-layout-flow wp-block-column-is-layout-flow\"><\/div>\n<\/div>\n\n\n\n<p><\/p>\n","protected":false},"excerpt":{"rendered":"<p>Des vieux projets achev\u00e9s ou abandonn\u00e9s. Sculpture et gravure Roman fantastique Fanzine BD Fanzine litt\u00e9raire<\/p>\n","protected":false},"author":1,"featured_media":0,"parent":0,"menu_order":0,"comment_status":"closed","ping_status":"closed","template":"","meta":{"footnotes":""},"class_list":["post-936","page","type-page","status-publish","hentry"],"_links":{"self":[{"href":"http:\/\/imaginailes.fr\/automne\/wp-json\/wp\/v2\/pages\/936","targetHints":{"allow":["GET"]}}],"collection":[{"href":"http:\/\/imaginailes.fr\/automne\/wp-json\/wp\/v2\/pages"}],"about":[{"href":"http:\/\/imaginailes.fr\/automne\/wp-json\/wp\/v2\/types\/page"}],"author":[{"embeddable":true,"href":"http:\/\/imaginailes.fr\/automne\/wp-json\/wp\/v2\/users\/1"}],"replies":[{"embeddable":true,"href":"http:\/\/imaginailes.fr\/automne\/wp-json\/wp\/v2\/comments?post=936"}],"version-history":[{"count":13,"href":"http:\/\/imaginailes.fr\/automne\/wp-json\/wp\/v2\/pages\/936\/revisions"}],"predecessor-version":[{"id":1192,"href":"http:\/\/imaginailes.fr\/automne\/wp-json\/wp\/v2\/pages\/936\/revisions\/1192"}],"wp:attachment":[{"href":"http:\/\/imaginailes.fr\/automne\/wp-json\/wp\/v2\/media?parent=936"}],"curies":[{"name":"wp","href":"https:\/\/api.w.org\/{rel}","templated":true}]}}