{"id":175,"date":"2025-12-30T17:31:22","date_gmt":"2025-12-30T16:31:22","guid":{"rendered":"https:\/\/imaginailes.fr\/site\/?page_id=175"},"modified":"2026-01-05T20:22:45","modified_gmt":"2026-01-05T19:22:45","slug":"a-propos","status":"publish","type":"page","link":"http:\/\/imaginailes.fr\/site\/a-propos\/","title":{"rendered":"\u00e0 propos"},"content":{"rendered":"\n<p>Automne, artisane de l&rsquo;imaginaire.<\/p>\n\n\n\n<p>Petit cabinet de curiosit\u00e9s de cr\u00e9ations en tout genre.<br>Une ode \u00e0 l\u2019imaginaire, au myst\u00e9rieux et \u00e0 l\u2019\u00e9trange, sombres ou lumineux, par une artiste autodidacte.<\/p>\n\n\n\n<figure class=\"wp-block-image size-large\"><img loading=\"lazy\" decoding=\"async\" width=\"1024\" height=\"802\" src=\"https:\/\/imaginailes.fr\/site\/wp-content\/uploads\/2025\/12\/stand-1-1024x802.jpg\" alt=\"\" class=\"wp-image-222\" srcset=\"http:\/\/imaginailes.fr\/site\/wp-content\/uploads\/2025\/12\/stand-1-1024x802.jpg 1024w, http:\/\/imaginailes.fr\/site\/wp-content\/uploads\/2025\/12\/stand-1-300x235.jpg 300w, http:\/\/imaginailes.fr\/site\/wp-content\/uploads\/2025\/12\/stand-1-768x602.jpg 768w, http:\/\/imaginailes.fr\/site\/wp-content\/uploads\/2025\/12\/stand-1-1536x1204.jpg 1536w, http:\/\/imaginailes.fr\/site\/wp-content\/uploads\/2025\/12\/stand-1.jpg 1710w\" sizes=\"auto, (max-width: 1024px) 100vw, 1024px\" \/><\/figure>\n","protected":false},"excerpt":{"rendered":"<p>Automne, artisane de l&rsquo;imaginaire. Petit cabinet&#8230;<\/p>\n<div class=\"more-link-wrapper\"><a class=\"more-link\" href=\"http:\/\/imaginailes.fr\/site\/a-propos\/\"> <span class=\"screen-reader-text\">\u00e0 propos<\/span><\/a><\/div>\n","protected":false},"author":1,"featured_media":0,"parent":0,"menu_order":0,"comment_status":"closed","ping_status":"closed","template":"","meta":{"footnotes":""},"class_list":["post-175","page","type-page","status-publish","hentry","excerpt","zoom","even","excerpt-0"],"_links":{"self":[{"href":"http:\/\/imaginailes.fr\/site\/wp-json\/wp\/v2\/pages\/175","targetHints":{"allow":["GET"]}}],"collection":[{"href":"http:\/\/imaginailes.fr\/site\/wp-json\/wp\/v2\/pages"}],"about":[{"href":"http:\/\/imaginailes.fr\/site\/wp-json\/wp\/v2\/types\/page"}],"author":[{"embeddable":true,"href":"http:\/\/imaginailes.fr\/site\/wp-json\/wp\/v2\/users\/1"}],"replies":[{"embeddable":true,"href":"http:\/\/imaginailes.fr\/site\/wp-json\/wp\/v2\/comments?post=175"}],"version-history":[{"count":5,"href":"http:\/\/imaginailes.fr\/site\/wp-json\/wp\/v2\/pages\/175\/revisions"}],"predecessor-version":[{"id":223,"href":"http:\/\/imaginailes.fr\/site\/wp-json\/wp\/v2\/pages\/175\/revisions\/223"}],"wp:attachment":[{"href":"http:\/\/imaginailes.fr\/site\/wp-json\/wp\/v2\/media?parent=175"}],"curies":[{"name":"wp","href":"https:\/\/api.w.org\/{rel}","templated":true}]}}